{"id":17,"date":"2018-05-25T09:16:35","date_gmt":"2018-05-25T09:16:35","guid":{"rendered":"http:\/\/www.ull.es\/eventos\/crue-gerencia\/?page_id=2"},"modified":"2022-05-04T13:50:24","modified_gmt":"2022-05-04T13:50:24","slug":"inicio","status":"publish","type":"page","link":"https:\/\/www.ull.es\/eventos\/cruetic\/","title":{"rendered":"Presentaci\u00f3n &#8211; Bienvenida"},"content":{"rendered":"<p>[vc_row full_width=\u00bbstretch_row_content_no_spaces\u00bb][vc_column]\n<div id=\"rev_slider_1_1_wrapper\" class=\"rev_slider_wrapper fullwidthbanner-container\" data-source=\"gallery\" style=\"margin:0px auto;background:transparent;padding:0px;margin-top:0px;margin-bottom:0px;\">\n<!-- START REVOLUTION SLIDER 5.4.7.3 auto mode -->\n\t<div id=\"rev_slider_1_1\" class=\"rev_slider fullwidthabanner\" style=\"display:none;\" data-version=\"5.4.7.3\">\n<ul>\t<!-- SLIDE  -->\n\t<li data-index=\"rs-2\" data-transition=\"fade\" data-slotamount=\"default\" data-hideafterloop=\"0\" data-hideslideonmobile=\"off\"  data-easein=\"default\" data-easeout=\"default\" data-masterspeed=\"300\"  data-thumb=\"https:\/\/www.ull.es\/eventos\/cruetic\/wp-content\/uploads\/sites\/46\/2022\/03\/Fondo-SliderCRUE-100x50.jpg\"  data-delay=\"4520\"  data-rotate=\"0\"  data-saveperformance=\"off\"  data-title=\"Slide\" data-param1=\"\" data-param2=\"\" data-param3=\"\" data-param4=\"\" data-param5=\"\" data-param6=\"\" data-param7=\"\" data-param8=\"\" data-param9=\"\" data-param10=\"\" data-description=\"\">\n\t\t<!-- MAIN IMAGE -->\n\t\t<img loading=\"lazy\" decoding=\"async\" src=\"https:\/\/www.ull.es\/eventos\/cruetic\/wp-content\/uploads\/sites\/46\/2022\/03\/Fondo-SliderCRUE.jpg\"  alt=\"\" title=\"Fondo-SliderCRUE\"  width=\"1661\" height=\"601\" data-bgposition=\"center center\" data-bgfit=\"cover\" data-bgrepeat=\"no-repeat\" class=\"rev-slidebg\" data-no-retina>\n\t\t<!-- LAYERS -->\n\n\t\t<!-- LAYER NR. 1 -->\n\t\t<div class=\"tp-caption   tp-resizeme\" \n\t\t\t id=\"slide-2-layer-1\" \n\t\t\t data-x=\"97\" \n\t\t\t data-y=\"10\" \n\t\t\t\t\t\tdata-width=\"['none','none','none','none']\"\n\t\t\tdata-height=\"['none','none','none','none']\"\n \n\t\t\tdata-type=\"image\" \n\t\t\tdata-responsive_offset=\"on\" \n\n\t\t\tdata-frames='[{\"delay\":620,\"speed\":300,\"frame\":\"0\",\"from\":\"opacity:0;\",\"to\":\"o:1;\",\"ease\":\"Power3.easeInOut\"},{\"delay\":\"+3080\",\"speed\":300,\"frame\":\"999\",\"to\":\"opacity:0;\",\"ease\":\"Power3.easeInOut\"}]'\n\t\t\tdata-textAlign=\"['inherit','inherit','inherit','inherit']\"\n\t\t\tdata-paddingtop=\"[0,0,0,0]\"\n\t\t\tdata-paddingright=\"[0,0,0,0]\"\n\t\t\tdata-paddingbottom=\"[0,0,0,0]\"\n\t\t\tdata-paddingleft=\"[0,0,0,0]\"\n\n\t\t\tstyle=\"z-index: 5;\"><img loading=\"lazy\" decoding=\"async\" src=\"https:\/\/www.ull.es\/eventos\/cruetic\/wp-content\/uploads\/sites\/46\/2022\/03\/Texto-slider.png\" alt=\"\" data-ww=\"798px\" data-hh=\"372px\" width=\"798\" height=\"372\" data-no-retina> <\/div>\n\t<\/li>\n\t<!-- SLIDE  -->\n\t<li data-index=\"rs-4\" data-transition=\"fade\" data-slotamount=\"default\" data-hideafterloop=\"0\" data-hideslideonmobile=\"off\"  data-easein=\"default\" data-easeout=\"default\" data-masterspeed=\"300\"  data-thumb=\"https:\/\/www.ull.es\/eventos\/augac\/wp-content\/uploads\/sites\/45\/revslider\/portada-2\/central.jpg\"  data-rotate=\"0\"  data-saveperformance=\"off\"  data-title=\"Slide\" data-param1=\"\" data-param2=\"\" data-param3=\"\" data-param4=\"\" data-param5=\"\" data-param6=\"\" data-param7=\"\" data-param8=\"\" data-param9=\"\" data-param10=\"\" data-description=\"\">\n\t\t<!-- MAIN IMAGE -->\n\t\t<img decoding=\"async\" src=\"https:\/\/www.ull.es\/eventos\/augac\/wp-content\/uploads\/sites\/45\/revslider\/portada-2\/central.jpg\"  alt=\"\" title=\"Presentaci\u00f3n &#8211; Bienvenida\"  data-bgposition=\"center center\" data-bgfit=\"cover\" data-bgrepeat=\"no-repeat\" class=\"rev-slidebg\" data-no-retina>\n\t\t<!-- LAYERS -->\n\n\t\t<!-- LAYER NR. 2 -->\n\t\t<div class=\"tp-caption   tp-resizeme\" \n\t\t\t id=\"slide-4-layer-1\" \n\t\t\t data-x=\"98\" \n\t\t\t data-y=\"19\" \n\t\t\t\t\t\tdata-width=\"['none','none','none','none']\"\n\t\t\tdata-height=\"['none','none','none','none']\"\n \n\t\t\tdata-type=\"image\" \n\t\t\tdata-responsive_offset=\"on\" \n\n\t\t\tdata-frames='[{\"delay\":0,\"speed\":300,\"frame\":\"0\",\"from\":\"opacity:0;\",\"to\":\"o:1;\",\"ease\":\"Power3.easeInOut\"},{\"delay\":\"wait\",\"speed\":300,\"frame\":\"999\",\"to\":\"opacity:0;\",\"ease\":\"Power3.easeInOut\"}]'\n\t\t\tdata-textAlign=\"['inherit','inherit','inherit','inherit']\"\n\t\t\tdata-paddingtop=\"[0,0,0,0]\"\n\t\t\tdata-paddingright=\"[0,0,0,0]\"\n\t\t\tdata-paddingbottom=\"[0,0,0,0]\"\n\t\t\tdata-paddingleft=\"[0,0,0,0]\"\n\n\t\t\tstyle=\"z-index: 5;\"><img loading=\"lazy\" decoding=\"async\" src=\"https:\/\/www.ull.es\/eventos\/cruetic\/wp-content\/uploads\/sites\/46\/2022\/03\/Texto-slider.png\" alt=\"\" data-ww=\"798px\" data-hh=\"372px\" width=\"798\" height=\"372\" data-no-retina> <\/div>\n\t<\/li>\n\t<!-- SLIDE  -->\n\t<li data-index=\"rs-5\" data-transition=\"fade\" data-slotamount=\"default\" data-hideafterloop=\"0\" data-hideslideonmobile=\"off\"  data-easein=\"default\" data-easeout=\"default\" data-masterspeed=\"300\"  data-thumb=\"https:\/\/www.ull.es\/eventos\/crue-internacional\/wp-content\/uploads\/sites\/7\/2019\/02\/guajara.jpg\"  data-rotate=\"0\"  data-saveperformance=\"off\"  data-title=\"Slide\" data-param1=\"\" data-param2=\"\" data-param3=\"\" data-param4=\"\" data-param5=\"\" data-param6=\"\" data-param7=\"\" data-param8=\"\" data-param9=\"\" data-param10=\"\" data-description=\"\">\n\t\t<!-- MAIN IMAGE -->\n\t\t<img decoding=\"async\" src=\"https:\/\/www.ull.es\/eventos\/crue-internacional\/wp-content\/uploads\/sites\/7\/2019\/02\/guajara.jpg\"  alt=\"\" title=\"Presentaci\u00f3n &#8211; Bienvenida\"  data-bgposition=\"center center\" data-bgfit=\"cover\" data-bgrepeat=\"no-repeat\" class=\"rev-slidebg\" data-no-retina>\n\t\t<!-- LAYERS -->\n\n\t\t<!-- LAYER NR. 3 -->\n\t\t<div class=\"tp-caption   tp-resizeme\" \n\t\t\t id=\"slide-5-layer-1\" \n\t\t\t data-x=\"96\" \n\t\t\t data-y=\"17\" \n\t\t\t\t\t\tdata-width=\"['none','none','none','none']\"\n\t\t\tdata-height=\"['none','none','none','none']\"\n \n\t\t\tdata-type=\"image\" \n\t\t\tdata-responsive_offset=\"on\" \n\n\t\t\tdata-frames='[{\"delay\":0,\"speed\":300,\"frame\":\"0\",\"from\":\"opacity:0;\",\"to\":\"o:1;\",\"ease\":\"Power3.easeInOut\"},{\"delay\":\"wait\",\"speed\":300,\"frame\":\"999\",\"to\":\"opacity:0;\",\"ease\":\"Power3.easeInOut\"}]'\n\t\t\tdata-textAlign=\"['inherit','inherit','inherit','inherit']\"\n\t\t\tdata-paddingtop=\"[0,0,0,0]\"\n\t\t\tdata-paddingright=\"[0,0,0,0]\"\n\t\t\tdata-paddingbottom=\"[0,0,0,0]\"\n\t\t\tdata-paddingleft=\"[0,0,0,0]\"\n\n\t\t\tstyle=\"z-index: 5;\"><img loading=\"lazy\" decoding=\"async\" src=\"https:\/\/www.ull.es\/eventos\/cruetic\/wp-content\/uploads\/sites\/46\/2022\/03\/Texto-slider.png\" alt=\"\" data-ww=\"798px\" data-hh=\"372px\" width=\"798\" height=\"372\" data-no-retina> <\/div>\n\t<\/li>\n<\/ul>\n<script>var htmlDiv = document.getElementById(\"rs-plugin-settings-inline-css\"); var htmlDivCss=\"\";\r\n\t\t\t\t\t\tif(htmlDiv) {\r\n\t\t\t\t\t\t\thtmlDiv.innerHTML = htmlDiv.innerHTML + htmlDivCss;\r\n\t\t\t\t\t\t}else{\r\n\t\t\t\t\t\t\tvar htmlDiv = document.createElement(\"div\");\r\n\t\t\t\t\t\t\thtmlDiv.innerHTML = \"<style>\" + htmlDivCss + \"<\/style>\";\r\n\t\t\t\t\t\t\tdocument.getElementsByTagName(\"head\")[0].appendChild(htmlDiv.childNodes[0]);\r\n\t\t\t\t\t\t}\r\n\t\t\t\t\t<\/script>\n<div class=\"tp-bannertimer tp-bottom\" style=\"visibility: hidden !important;\"><\/div>\t<\/div>\n<script>var htmlDiv = document.getElementById(\"rs-plugin-settings-inline-css\"); var htmlDivCss=\"\";\r\n\t\t\t\tif(htmlDiv) {\r\n\t\t\t\t\thtmlDiv.innerHTML = htmlDiv.innerHTML + htmlDivCss;\r\n\t\t\t\t}else{\r\n\t\t\t\t\tvar htmlDiv = document.createElement(\"div\");\r\n\t\t\t\t\thtmlDiv.innerHTML = \"<style>\" + htmlDivCss + \"<\/style>\";\r\n\t\t\t\t\tdocument.getElementsByTagName(\"head\")[0].appendChild(htmlDiv.childNodes[0]);\r\n\t\t\t\t}\r\n\t\t\t<\/script>\n\t\t<script type=\"text\/javascript\">\r\nif (setREVStartSize!==undefined) setREVStartSize(\r\n\t{c: '#rev_slider_1_1', gridwidth: [1240], gridheight: [400], sliderLayout: 'auto'});\r\n\t\t\t\r\nvar revapi1,\r\n\ttpj;\t\r\n(function() {\t\t\t\r\n\tif (!\/loaded|interactive|complete\/.test(document.readyState)) document.addEventListener(\"DOMContentLoaded\",onLoad); else onLoad();\t\r\n\tfunction onLoad() {\t\t\t\t\r\n\t\tif (tpj===undefined) { tpj = jQuery; if(\"off\" == \"on\") tpj.noConflict();}\r\n\tif(tpj(\"#rev_slider_1_1\").revolution == undefined){\n\t\trevslider_showDoubleJqueryError(\"#rev_slider_1_1\");\n\t}else{\n\t\trevapi1 = tpj(\"#rev_slider_1_1\").show().revolution({\n\t\t\tsliderType:\"standard\",\n\t\t\tjsFileLocation:\"\/\/www.ull.es\/eventos\/cruetic\/wp-content\/plugins\/revslider\/public\/assets\/js\/\",\n\t\t\tsliderLayout:\"auto\",\n\t\t\tdottedOverlay:\"none\",\n\t\t\tdelay:9000,\n\t\t\tnavigation: {\n\t\t\t\tkeyboardNavigation:\"off\",\n\t\t\t\tkeyboard_direction: \"horizontal\",\n\t\t\t\tmouseScrollNavigation:\"off\",\n \t\t\t\t\t\t\tmouseScrollReverse:\"default\",\n\t\t\t\tonHoverStop:\"off\",\n\t\t\t\tarrows: {\n\t\t\t\t\tstyle:\"hesperiden\",\n\t\t\t\t\tenable:true,\n\t\t\t\t\thide_onmobile:false,\n\t\t\t\t\thide_onleave:true,\n\t\t\t\t\thide_delay:200,\n\t\t\t\t\thide_delay_mobile:1200,\n\t\t\t\t\ttmp:'',\n\t\t\t\t\tleft: {\n\t\t\t\t\t\th_align:\"left\",\n\t\t\t\t\t\tv_align:\"center\",\n\t\t\t\t\t\th_offset:20,\n\t\t\t\t\t\tv_offset:0\n\t\t\t\t\t},\n\t\t\t\t\tright: {\n\t\t\t\t\t\th_align:\"right\",\n\t\t\t\t\t\tv_align:\"center\",\n\t\t\t\t\t\th_offset:20,\n\t\t\t\t\t\tv_offset:0\n\t\t\t\t\t}\n\t\t\t\t}\n\t\t\t\t,\n\t\t\t\tbullets: {\n\t\t\t\t\tenable:true,\n\t\t\t\t\thide_onmobile:false,\n\t\t\t\t\tstyle:\"hephaistos\",\n\t\t\t\t\thide_onleave:false,\n\t\t\t\t\tdirection:\"horizontal\",\n\t\t\t\t\th_align:\"center\",\n\t\t\t\t\tv_align:\"bottom\",\n\t\t\t\t\th_offset:0,\n\t\t\t\t\tv_offset:20,\n\t\t\t\t\tspace:5,\n\t\t\t\t\ttmp:''\n\t\t\t\t}\n\t\t\t},\n\t\t\tvisibilityLevels:[1240,1024,778,480],\n\t\t\tgridwidth:1240,\n\t\t\tgridheight:400,\n\t\t\tlazyType:\"none\",\n\t\t\tshadow:0,\n\t\t\tspinner:\"spinner0\",\n\t\t\tstopLoop:\"off\",\n\t\t\tstopAfterLoops:-1,\n\t\t\tstopAtSlide:-1,\n\t\t\tshuffle:\"off\",\n\t\t\tautoHeight:\"off\",\n\t\t\tdisableProgressBar:\"on\",\n\t\t\thideThumbsOnMobile:\"off\",\n\t\t\thideSliderAtLimit:0,\n\t\t\thideCaptionAtLimit:0,\n\t\t\thideAllCaptionAtLilmit:0,\n\t\t\tdebugMode:false,\n\t\t\tfallbacks: {\n\t\t\t\tsimplifyAll:\"off\",\n\t\t\t\tnextSlideOnWindowFocus:\"off\",\n\t\t\t\tdisableFocusListener:false,\n\t\t\t}\n\t\t});\n\t}; \/* END OF revapi call *\/\n\t\n }; \/* END OF ON LOAD FUNCTION *\/\r\n}()); \/* END OF WRAPPING FUNCTION *\/\r\n<\/script>\r\n\t\t<script>\r\n\t\t\t\t\tvar htmlDivCss = unescape(\".hesperiden.tparrows%20%7B%0A%09cursor%3Apointer%3B%0A%09background%3Argba%280%2C0%2C0%2C0.5%29%3B%0A%09width%3A40px%3B%0A%09height%3A40px%3B%0A%09position%3Aabsolute%3B%0A%09display%3Ablock%3B%0A%09z-index%3A100%3B%0A%20%20%20%20border-radius%3A%2050%25%3B%0A%7D%0A.hesperiden.tparrows%3Ahover%20%7B%0A%09background%3Argba%280%2C%200%2C%200%2C%201%29%3B%0A%7D%0A.hesperiden.tparrows%3Abefore%20%7B%0A%09font-family%3A%20%22revicons%22%3B%0A%09font-size%3A20px%3B%0A%09color%3Argb%28255%2C%20255%2C%20255%29%3B%0A%09display%3Ablock%3B%0A%09line-height%3A%2040px%3B%0A%09text-align%3A%20center%3B%0A%7D%0A.hesperiden.tparrows.tp-leftarrow%3Abefore%20%7B%0A%09content%3A%20%22%5Ce82c%22%3B%0A%20%20%20%20margin-left%3A-3px%3B%0A%7D%0A.hesperiden.tparrows.tp-rightarrow%3Abefore%20%7B%0A%09content%3A%20%22%5Ce82d%22%3B%0A%20%20%20%20margin-right%3A-3px%3B%0A%7D%0A.hephaistos%20.tp-bullet%20%7B%0A%09width%3A12px%3B%0A%09height%3A12px%3B%0A%09position%3Aabsolute%3B%0A%09background%3Argba%28153%2C%20153%2C%20153%2C%201%29%3B%0A%09border%3A3px%20solid%20rgba%28255%2C255%2C255%2C0.9%29%3B%0A%09border-radius%3A50%25%3B%0A%09cursor%3A%20pointer%3B%0A%09box-sizing%3Acontent-box%3B%0A%20%20%20%20box-shadow%3A%200px%200px%202px%201px%20rgba%28130%2C130%2C130%2C%200.3%29%3B%0A%7D%0A.hephaistos%20.tp-bullet%3Ahover%2C%0A.hephaistos%20.tp-bullet.selected%20%7B%0A%09background%3Argba%28255%2C%20255%2C%20255%2C%201%29%3B%0A%20%20%20%20border-color%3Argba%280%2C%200%2C%200%2C%201%29%3B%0A%7D%0A\");\r\n\t\t\t\t\tvar htmlDiv = document.getElementById('rs-plugin-settings-inline-css');\r\n\t\t\t\t\tif(htmlDiv) {\r\n\t\t\t\t\t\thtmlDiv.innerHTML = htmlDiv.innerHTML + htmlDivCss;\r\n\t\t\t\t\t}\r\n\t\t\t\t\telse{\r\n\t\t\t\t\t\tvar htmlDiv = document.createElement('div');\r\n\t\t\t\t\t\thtmlDiv.innerHTML = '<style>' + htmlDivCss + '<\/style>';\r\n\t\t\t\t\t\tdocument.getElementsByTagName('head')[0].appendChild(htmlDiv.childNodes[0]);\r\n\t\t\t\t\t}\r\n\t\t\t\t  <\/script>\r\n\t\t\t\t<\/div><!-- END REVOLUTION SLIDER -->[vc_empty_space height=\u00bb50px\u00bb][\/vc_column][\/vc_row][vc_row][vc_column][vc_empty_space height=\u00bb60px\u00bb][vc_custom_heading text=\u00bbBIENVENIDA\u00bb font_container=\u00bbtag:h1|font_size:50px|text_align:left|color:%23000000|line_height:75px\u00bb google_fonts=\u00bbfont_family:Roboto%20Condensed%3A300%2C300italic%2Cregular%2Citalic%2C700%2C700italic|font_style:700%20bold%20regular%3A700%3Anormal\u00bb link=\u00bburl:https%3A%2F%2Fwww.ull.es%2Feventos%2Fcrue-gerencia%2Fpresentacion%2F|||\u00bb][\/vc_column][\/vc_row][vc_row][vc_column][vc_column_text]<span style=\"font-weight: 400\">Los pr\u00f3ximos 19 y 20 de mayo de 2022 se celebran en la Universidad de La Laguna, las 44\u00aa Jornadas de la Sectorial TIC de Crue Universidades Espa\u00f1olas, que tratar\u00e1n sobre <\/span><b>El reto de la Ciberseguridad en la universidad.<\/b><\/p>\n<p><span style=\"font-weight: 400\">Durante las jornadas se tratar\u00e1n la prevenci\u00f3n y vigilancia, gesti\u00f3n de incidentes, recuperaci\u00f3n post-incidente, organizaci\u00f3n y cumplimiento normativo, cultura y formaci\u00f3n, entre otros temas. Adem\u00e1s, el programa vendr\u00e1 acompa\u00f1ado de actividades de ocio y tiempo libre que permitir\u00e1n a los y las participantes conocer la ciudad Patrimonio de la Humanidad de San Crist\u00f3bal de La Laguna.\u00a0<\/span>[\/vc_column_text][vc_empty_space height=\u00bb80px\u00bb][vc_row_inner][vc_column_inner width=\u00bb5\/6&#8243;][vc_custom_heading text=\u00bbCrue-TIC &#8211; Comisi\u00f3n sectorial de Tecnolog\u00edas de la Informaci\u00f3n y las Comunicaciones de la Crue Universidades Espa\u00f1olas.\u00bb font_container=\u00bbtag:h4|font_size:25px|text_align:right|color:%23000000|line_height:45px\u00bb google_fonts=\u00bbfont_family:Roboto%20Condensed%3A300%2C300italic%2Cregular%2Citalic%2C700%2C700italic|font_style:700%20bold%20regular%3A700%3Anormal\u00bb css_animation=\u00bbbounceInLeft\u00bb link=\u00bburl:https%3A%2F%2Fwww.augac.es%2F|title:Asociaci%C3%B3n%20de%20Profesionales%20de%20Gabinetes%20de%20Comunicaci%C3%B3n%20de%20Universidades%20y%20Centros%20de%20Investigaci%C3%B3n%20del%20Estado%20Espa%C3%B1ol%20(AUGAC)\u00bb][\/vc_column_inner][vc_column_inner width=\u00bb1\/6&#8243;][vc_empty_space height=\u00bb25px\u00bb][vc_single_image image=\u00bb1068&#8243; img_size=\u00bblarge\u00bb style=\u00bbvc_box_shadow\u00bb onclick=\u00bbcustom_link\u00bb css_animation=\u00bbbounceInRight\u00bb link=\u00bbhttps:\/\/www.augac.es\/\u00bb][\/vc_column_inner][\/vc_row_inner][\/vc_column][\/vc_row][vc_row gap=\u00bb20&#8243; disable_element=\u00bbyes\u00bb css=\u00bb.vc_custom_1529589688711{margin-top: 0px !important;margin-bottom: 0px !important;border-top-width: 0px !important;border-bottom-width: 0px !important;padding-top: 0px !important;padding-bottom: 0px !important;}\u00bb][vc_column width=\u00bb1\/4&#8243; css=\u00bb.vc_custom_1528808420322{margin: 0px !important;border-width: 0px !important;padding: 0px !important;background-color: #eaeaea !important;}\u00bb][vc_empty_space height=\u00bb30px\u00bb][vc_custom_heading text=\u00bbPresentaci\u00f3n\u00bb font_container=\u00bbtag:h3|font_size:40px|text_align:center|color:%23000000|line_height:75px\u00bb google_fonts=\u00bbfont_family:Roboto%20Condensed%3A300%2C300italic%2Cregular%2Citalic%2C700%2C700italic|font_style:700%20bold%20regular%3A700%3Anormal\u00bb css_animation=\u00bbbounceInLeft\u00bb link=\u00bburl:https%3A%2F%2Fwww.ull.es%2Feventos%2Fcrue-gerencia%2Fpresentacion%2F|||\u00bb][vc_empty_space height=\u00bb30px\u00bb][\/vc_column][vc_column width=\u00bb1\/4&#8243; css=\u00bb.vc_custom_1528808430362{margin: 0px !important;border-width: 0px !important;padding: 0px !important;background-color: #eaeaea !important;}\u00bb][vc_empty_space height=\u00bb30px\u00bb][vc_custom_heading text=\u00bbPrograma\u00bb font_container=\u00bbtag:h3|font_size:40px|text_align:center|color:%23000000|line_height:75px\u00bb google_fonts=\u00bbfont_family:Roboto%20Condensed%3A300%2C300italic%2Cregular%2Citalic%2C700%2C700italic|font_style:700%20bold%20regular%3A700%3Anormal\u00bb css_animation=\u00bbbounceInUp\u00bb link=\u00bburl:https%3A%2F%2Fwww.ull.es%2Feventos%2Fcrue-gerencia%2Fprograma%2F|||\u00bb][vc_empty_space height=\u00bb30px\u00bb][\/vc_column][vc_column width=\u00bb1\/4&#8243; css=\u00bb.vc_custom_1528808442755{margin: 0px !important;border-width: 0px !important;padding: 0px !important;background-color: #eaeaea !important;}\u00bb][vc_empty_space height=\u00bb30px\u00bb][vc_custom_heading text=\u00bbInscripci\u00f3n\u00bb font_container=\u00bbtag:h3|font_size:40px|text_align:center|color:%23000000|line_height:75px\u00bb google_fonts=\u00bbfont_family:Roboto%20Condensed%3A300%2C300italic%2Cregular%2Citalic%2C700%2C700italic|font_style:700%20bold%20regular%3A700%3Anormal\u00bb css_animation=\u00bbbounceInUp\u00bb link=\u00bburl:https%3A%2F%2Fwww.ull.es%2Feventos%2Fcrue-gerencia%2Finscripcion%2F|||\u00bb][vc_empty_space height=\u00bb30px\u00bb][\/vc_column][vc_column width=\u00bb1\/4&#8243; css=\u00bb.vc_custom_1528808450815{margin: 0px !important;border-width: 0px !important;padding: 0px !important;background-color: #eaeaea !important;}\u00bb][vc_empty_space height=\u00bb30px\u00bb][vc_custom_heading text=\u00bbLa Laguna\u00bb font_container=\u00bbtag:h3|font_size:40px|text_align:center|color:%23000000|line_height:75px\u00bb google_fonts=\u00bbfont_family:Roboto%20Condensed%3A300%2C300italic%2Cregular%2Citalic%2C700%2C700italic|font_style:700%20bold%20regular%3A700%3Anormal\u00bb css_animation=\u00bbbounceInRight\u00bb link=\u00bburl:https%3A%2F%2Fwww.ull.es%2Feventos%2Fcrue-gerencia%2Fconozca-la-laguna%2F|title:Conoce%20la%20Laguna%20-%20Sede%20del%20evento||\u00bb][vc_empty_space height=\u00bb30px\u00bb][\/vc_column][\/vc_row][vc_row][vc_column][vc_empty_space height=\u00bb80px\u00bb][\/vc_column][\/vc_row][vc_row][vc_column][vc_separator][\/vc_column][\/vc_row][vc_row][vc_column width=\u00bb1\/6&#8243;][\/vc_column][vc_column width=\u00bb1\/6&#8243;][\/vc_column][vc_column width=\u00bb2\/6&#8243;][vc_custom_heading text=\u00bb#CRUETICTenerife\u00bb font_container=\u00bbtag:h3|font_size:3rem|text_align:center|color:%23000000&#8243; google_fonts=\u00bbfont_family:Roboto%20Condensed%3A300%2C300italic%2Cregular%2Citalic%2C700%2C700italic|font_style:700%20bold%20regular%3A700%3Anormal\u00bb css_animation=\u00bbbounceInLeft\u00bb][\/vc_column][vc_column width=\u00bb1\/6&#8243;][\/vc_column][vc_column width=\u00bb1\/6&#8243;][vc_icon icon_fontawesome=\u00bbfab fa-twitter\u00bb color=\u00bbblack\u00bb align=\u00bbcenter\u00bb css_animation=\u00bbbounceIn\u00bb link=\u00bburl:https%3A%2F%2Ftwitter.com%2FCrueUniversidad\u00bb][\/vc_column][\/vc_row][vc_row][vc_column][vc_separator][vc_empty_space height=\u00bb80px\u00bb][\/vc_column][\/vc_row][vc_row][vc_column][vc_row_inner][vc_column_inner width=\u00bb1\/4&#8243;][vc_custom_heading text=\u00bbPatrocina:\u00bb font_container=\u00bbtag:h3|font_size:24px|text_align:left|color:%23000000|line_height:35px\u00bb google_fonts=\u00bbfont_family:Roboto%20Condensed%3A300%2C300italic%2Cregular%2Citalic%2C700%2C700italic|font_style:700%20bold%20regular%3A700%3Anormal\u00bb css_animation=\u00bbbounceInLeft\u00bb][\/vc_column_inner][vc_column_inner width=\u00bb1\/4&#8243;][\/vc_column_inner][vc_column_inner width=\u00bb1\/4&#8243;][vc_custom_heading text=\u00bbOrganiza:\u00bb font_container=\u00bbtag:h3|font_size:24px|text_align:left|color:%23000000|line_height:35px\u00bb google_fonts=\u00bbfont_family:Roboto%20Condensed%3A300%2C300italic%2Cregular%2Citalic%2C700%2C700italic|font_style:700%20bold%20regular%3A700%3Anormal\u00bb css_animation=\u00bbbounceInLeft\u00bb][\/vc_column_inner][vc_column_inner width=\u00bb1\/4&#8243;][\/vc_column_inner][\/vc_row_inner][vc_row_inner][vc_column_inner width=\u00bb1\/4&#8243;][vc_single_image image=\u00bb1071&#8243; img_size=\u00bb157&#215;88&#8243; alignment=\u00bbcenter\u00bb onclick=\u00bbcustom_link\u00bb css_animation=\u00bbbounceInUp\u00bb link=\u00bbhttps:\/\/www.telefonica.com\/es\/\u00bb][\/vc_column_inner][vc_column_inner width=\u00bb1\/4&#8243;][vc_empty_space][vc_single_image image=\u00bb1138&#8243; img_size=\u00bb228&#215;40&#8243; onclick=\u00bbcustom_link\u00bb css_animation=\u00bbbounceInUp\u00bb link=\u00bbhttps:\/\/workspace.google.com\/intl\/es\/\u00bb][\/vc_column_inner][vc_column_inner width=\u00bb1\/4&#8243;][vc_empty_space][vc_single_image image=\u00bb1068&#8243; img_size=\u00bb157&#215;110&#8243; onclick=\u00bbcustom_link\u00bb css_animation=\u00bbbounceInUp\u00bb link=\u00bbhttps:\/\/tic.crue.org\/\u00bb][\/vc_column_inner][vc_column_inner width=\u00bb1\/4&#8243;][vc_single_image image=\u00bb1072&#8243; img_size=\u00bb157&#215;157&#8243; onclick=\u00bbcustom_link\u00bb css_animation=\u00bbbounceInUp\u00bb link=\u00bbhttps:\/\/www.ull.es\/\u00bb][\/vc_column_inner][\/vc_row_inner][\/vc_column][\/vc_row][vc_row][vc_column][vc_row_inner][vc_column_inner width=\u00bb1\/4&#8243;][vc_custom_heading text=\u00bbColabora:\u00bb font_container=\u00bbtag:h3|font_size:24px|text_align:left|color:%23000000|line_height:35px\u00bb google_fonts=\u00bbfont_family:Roboto%20Condensed%3A300%2C300italic%2Cregular%2Citalic%2C700%2C700italic|font_style:700%20bold%20regular%3A700%3Anormal\u00bb css_animation=\u00bbbounceInLeft\u00bb][\/vc_column_inner][vc_column_inner width=\u00bb1\/4&#8243;][\/vc_column_inner][vc_column_inner width=\u00bb1\/4&#8243;][\/vc_column_inner][\/vc_row_inner][vc_row_inner][vc_column_inner width=\u00bb1\/4&#8243;][vc_single_image image=\u00bb1174&#8243; img_size=\u00bb157&#215;88&#8243; alignment=\u00bbcenter\u00bb onclick=\u00bbcustom_link\u00bb css_animation=\u00bbbounceInUp\u00bb link=\u00bbhttps:\/\/www.telefonica.com\/es\/\u00bb][\/vc_column_inner][\/vc_row_inner][\/vc_column][\/vc_row][vc_row][vc_column][vc_separator][\/vc_column][vc_column][vc_empty_space][vc_column_text]Si desea contactar con la secretar\u00eda t\u00e9cnica de las jornadas env\u00ede su dudas a gestioneventos@fg.ull.es.[\/vc_column_text][vc_empty_space][\/vc_column][\/vc_row]<\/p>\n","protected":false},"excerpt":{"rendered":"<p>[vc_row full_width=\u00bbstretch_row_content_no_spaces\u00bb][vc_column][vc_empty_space height=\u00bb50px\u00bb][\/vc_column][\/vc_row][vc_row][vc_column][vc_empty_space height=\u00bb60px\u00bb][vc_custom_heading text=\u00bbBIENVENIDA\u00bb font_container=\u00bbtag:h1|font_size:50px|text_align:left|color:%23000000|line_height:75px\u00bb google_fonts=\u00bbfont_family:Roboto%20Condensed%3A300%2C300italic%2Cregular%2Citalic%2C700%2C700italic|font_style:700%20bold%20regular%3A700%3Anormal\u00bb link=\u00bburl:https%3A%2F%2Fwww.ull.es%2Feventos%2Fcrue-gerencia%2Fpresentacion%2F|||\u00bb][\/vc_column][\/vc_row][vc_row][vc_column][vc_column_text]Los pr\u00f3ximos 19 y 20 de mayo de 2022 se celebran en la Universidad de La Laguna, las 44\u00aa Jornadas de la Sectorial TIC de Crue Universidades Espa\u00f1olas, que tratar\u00e1n sobre El reto de la Ciberseguridad en la universidad. Durante las jornadas se tratar\u00e1n la prevenci\u00f3n y vigilancia,&#8230;<\/p>\n","protected":false},"author":26,"featured_media":0,"parent":0,"menu_order":0,"comment_status":"closed","ping_status":"open","template":"templates\/template-frontpage.php","meta":{"footnotes":""},"class_list":["post-17","page","type-page","status-publish","hentry"],"_links":{"self":[{"href":"https:\/\/www.ull.es\/eventos\/cruetic\/wp-json\/wp\/v2\/pages\/17"}],"collection":[{"href":"https:\/\/www.ull.es\/eventos\/cruetic\/wp-json\/wp\/v2\/pages"}],"about":[{"href":"https:\/\/www.ull.es\/eventos\/cruetic\/wp-json\/wp\/v2\/types\/page"}],"author":[{"embeddable":true,"href":"https:\/\/www.ull.es\/eventos\/cruetic\/wp-json\/wp\/v2\/users\/26"}],"replies":[{"embeddable":true,"href":"https:\/\/www.ull.es\/eventos\/cruetic\/wp-json\/wp\/v2\/comments?post=17"}],"version-history":[{"count":22,"href":"https:\/\/www.ull.es\/eventos\/cruetic\/wp-json\/wp\/v2\/pages\/17\/revisions"}],"predecessor-version":[{"id":1175,"href":"https:\/\/www.ull.es\/eventos\/cruetic\/wp-json\/wp\/v2\/pages\/17\/revisions\/1175"}],"wp:attachment":[{"href":"https:\/\/www.ull.es\/eventos\/cruetic\/wp-json\/wp\/v2\/media?parent=17"}],"curies":[{"name":"wp","href":"https:\/\/api.w.org\/{rel}","templated":true}]}}