{"id":1392,"date":"2025-04-11T11:47:24","date_gmt":"2025-04-11T11:47:24","guid":{"rendered":"https:\/\/www.ull.es\/eventos\/de-cocina-a-libros\/?page_id=1392"},"modified":"2025-04-22T09:01:34","modified_gmt":"2025-04-22T09:01:34","slug":"introduccion-a-la-historia-de-la-nutricion","status":"publish","type":"page","link":"https:\/\/www.ull.es\/eventos\/de-cocina-a-libros\/introduccion-a-la-historia-de-la-nutricion\/","title":{"rendered":"Introducci\u00f3n a la historia de la nutrici\u00f3n"},"content":{"rendered":"<p>[vc_row gap=\u00bb35&#8243; equal_height=\u00bbyes\u00bb content_placement=\u00bbbottom\u00bb css=\u00bb.vc_custom_1727692271162{background-position: center !important;background-repeat: no-repeat !important;background-size: cover !important;}\u00bb][vc_column width=\u00bb1\/3&#8243;][vc_single_image image=\u00bb1312&#8243; img_size=\u00bbmedium\u00bb][\/vc_column][vc_column width=\u00bb2\/3&#8243;][\/vc_column][\/vc_row][vc_row gap=\u00bb35&#8243; content_placement=\u00bbtop\u00bb css=\u00bb.vc_custom_1727692820016{padding-right: 90px !important;padding-left: 90px !important;background-color: #ffffff !important;}\u00bb][vc_column width=\u00bb1\/3&#8243;][vc_separator][vc_custom_heading source=\u00bbpost_title\u00bb font_container=\u00bbtag:h1|font_size:1.8em|text_align:left|color:%23000000|line_height:100%25&#8243; google_fonts=\u00bbfont_family:Roboto%3A100%2C100italic%2C300%2C300italic%2Cregular%2Citalic%2C500%2C500italic%2C700%2C700italic%2C900%2C900italic|font_style:300%20light%20regular%3A300%3Anormal\u00bb][vc_column_text]<strong>N\u00e9stor Ben\u00edtez Brito<\/strong>[\/vc_column_text][\/vc_column][vc_column width=\u00bb2\/3&#8243;][vc_separator][vc_column_text]La ciencia de la nutrici\u00f3n, una disciplina relativamente reciente, comenz\u00f3 a tomar forma a finales del siglo XVIII con los estudios en calorimetr\u00eda, y se consolid\u00f3 a principios del siglo XIX con el descubrimiento de los macronutrientes [1]. M\u00e1s adelante, el siglo XX se distingui\u00f3 por un enfoque m\u00e1s minucioso, con numerosos descubrimientos relacionados con los micronutrientes, microorganismos y sustancias elementales en el campo de la nutrici\u00f3n.[\/vc_column_text][vc_empty_space][vc_media_grid element_width=\u00bb12&#8243; grid_id=\u00bbvc_gid:1745310898199-fb55ab71-51fe-8&#8243; include=\u00bb1419&#8243;][vc_empty_space][vc_column_text]En el a\u00f1o 1912, Casimir Funk acu\u00f1\u00f3 el t\u00e9rmino \u00abvitamina\u00bb por primera vez. Hasta entonces, se hab\u00edan descrito diversas enfermedades carenciales como el escorbuto, el beriberi, el raquitismo, la pelagra y la xeroftalmia, y se hab\u00eda observado que ciertos alimentos ayudaban a curarlas. Sin embargo, no fue hasta la utilizaci\u00f3n de modelos animales que se identificaron las sustancias hidrosolubles y liposolubles responsables de estos estados carenciales [2].<\/p>\n<p>Cinco a\u00f1os m\u00e1s tarde, en 1917, David John Davis reconoci\u00f3 las vitaminas como esenciales en la nutrici\u00f3n humana [1]. En la primera mitad del siglo XX, las grasas alimentarias se consideraban una fuente de energ\u00eda y de vitaminas liposolubles. Sin embargo, en 1929, George y Mildred Burr destacaron por primera vez la importancia de los \u00e1cidos grasos, demostrando que el \u00e1cido linoleico previene enfermedades por deficiencia. Para 1930, tambi\u00e9n se describi\u00f3 la funci\u00f3n del \u00e1cido \u03b1-linol\u00e9nico [3-4]. No obstante, el gran avance se dio en la d\u00e9cada de 1970, cuando se estudi\u00f3 la correlaci\u00f3n entre la baja incidencia de enfermedad coronaria ateroscler\u00f3tica en los esquimales de Groenlandia y los l\u00edpidos marinos en su dieta. Esto dio paso a la investigaci\u00f3n del EPA y el DHA y estimul\u00f3 el inter\u00e9s por la relaci\u00f3n entre la nutrici\u00f3n y la salud [5].<\/p>\n<p>Adem\u00e1s de los micronutrientes, los microorganismos tambi\u00e9n despertaban inter\u00e9s. A principios del siglo XX, el microbi\u00f3logo Elie Metchnikoff destac\u00f3 la importancia de la microbiota intestinal en la salud, la posibilidad de modificarla, y el papel de los yogures al aportar bacterias beneficiosas. Lleg\u00f3 a estas conclusiones bas\u00e1ndose en estudios de poblaciones b\u00falgaras muy longevas que consum\u00edan grandes cantidades de l\u00e1cteos fermentados. M\u00e1s adelante, con el auge de los antibi\u00f3ticos y sus consecuencias sobre los microorganismos a nivel intestinal, surgi\u00f3 el t\u00e9rmino \u00abprobi\u00f3tico\u00bb, que fue aceptado en la medicina y la veterinaria en 1980 [6].<\/p>\n<p>Otro hito de gran relevancia fue el desarrollo de la teor\u00eda de la energ\u00eda. Aunque el concepto de \u00abcalor\u00eda\u00bb ya era conocido, fue durante estas d\u00e9cadas que se comenz\u00f3 a comprender c\u00f3mo calcular las calor\u00edas de manera sistem\u00e1tica en los alimentos. El qu\u00edmico Olin Atwater y el nutricionista Francis Gano Benedict, realizaron estudios de calorimetr\u00eda que contribuyeron a la definici\u00f3n de est\u00e1ndares metab\u00f3licos individualizados y a la estimaci\u00f3n de la composici\u00f3n de los alimentos [7-8].<\/p>\n<p>Simult\u00e1neamente, en 1932, Max Rubner formul\u00f3 la ley de isodinamia, proponiendo equivalentes entre prote\u00ednas, carbohidratos y l\u00edpidos basados en su valor cal\u00f3rico. Esto llev\u00f3 a la aceptaci\u00f3n de valores de 4 kcal por cada gramo de prote\u00edna o carbohidrato y 9 kcal por cada gramo de grasa [9].<\/p>\n<p>Estos avances permitieron establecer nuevas relaciones nutricionales de inter\u00e9s para la educaci\u00f3n nutricional, la prescripci\u00f3n diet\u00e9tica y la terap\u00e9utica. A partir de entonces, se incrementaron los estudios que moldearon las nuevas tablas de composici\u00f3n de alimentos, las recomendaciones diarias seg\u00fan la edad, la creaci\u00f3n de grupos de alimentos con objetivos nutricionales espec\u00edficos y, de manera significativa, se mejor\u00f3 el consejo diet\u00e9tico para la poblaci\u00f3n con diabetes [10].<\/p>\n<p>Durante esta \u00e9poca, tambi\u00e9n se avanz\u00f3 significativamente en la difusi\u00f3n del conocimiento en materia de nutrici\u00f3n y salud m\u00e1s all\u00e1 de la comunidad cient\u00edfica hacia la poblaci\u00f3n en general. Entre 1991 y 1993, el Departamento de Agricultura de los Estados Unidos (USDA) public\u00f3 la primera pir\u00e1mide alimentaria ampliamente utilizada [11]. Este modelo inicial inspir\u00f3 a m\u00faltiples pa\u00edses y organizaciones a realizar adaptaciones seg\u00fan el pa\u00eds, la edad, el colectivo y otros factores.<\/p>\n<p>En 2005, la USDA incluy\u00f3 la importancia de la actividad f\u00edsica en sus recomendaciones y, en 2010, implement\u00f3 un nuevo modelo llamado \u00abMi Plato\u00bb. Un a\u00f1o m\u00e1s tarde, la Escuela de Salud P\u00fablica de la Universidad de Harvard corrigi\u00f3 y present\u00f3 este modelo como el conocido \u00abPlato de Harvard\u00bb. En Espa\u00f1a, estos prototipos fueron adoptados y ajustados a las caracter\u00edsticas de la poblaci\u00f3n, dando lugar a modelos como la pir\u00e1mide alimentaria de la Sociedad Espa\u00f1ola de Nutrici\u00f3n Comunitaria (2015), la pir\u00e1mide NAOS y la pir\u00e1mide de la dieta mediterr\u00e1nea.<\/p>\n<p>Adem\u00e1s de las gu\u00edas nutricionales, se fijan m\u00faltiples estrategias de salud p\u00fablica en materia de alimentaci\u00f3n. Por ejemplo, la Organizaci\u00f3n Mundial de la Salud (OMS), aprob\u00f3 la Estrategia Mundial sobre r\u00e9gimen alimentario, actividad f\u00edsica y salud, en el a\u00f1o 2004, promoviendo una dieta saludable y la realizaci\u00f3n de actividad f\u00edsica para reducir la carga de enfermedades no transmisibles (ENT)[12].<\/p>\n<p>Un a\u00f1o despu\u00e9s, en 2005, el Ministerio de Sanidad de Espa\u00f1a lanz\u00f3 la Estrategia para la Nutrici\u00f3n, Actividad F\u00edsica y Prevenci\u00f3n de la Obesidad (NAOS), que pretend\u00eda invertir la tendencia de la incidencia de obesidad y, con ello, reducir sustancialmente las altas tasas de morbilidad y mortalidad atribuibles a las ENT [13].<\/p>\n<p>El conocimiento de los consumidores ha progresado mucho en los \u00faltimos a\u00f1os; en los pa\u00edses miembros de la Uni\u00f3n Europea se han establecido normativas claves en el etiquetado de alimentos y bebidas para fomentar una elecci\u00f3n basada en garant\u00edas de calidad, salud y bienestar ambiental. As\u00ed, el Reglamento 1924\/2006, recoge por primera vez en Europa las caracter\u00edsticas que deben cumplir los alimentos y bebidas para realizar declaraciones nutricionales y comunicaciones comerciales, mientras que el Reglamento 432\/2012, ofrece una lista de alegaciones de salud positiva. Por \u00faltimo, el Reglamento 1169\/2011, actualiza la informaci\u00f3n que se debe facilitar al consumidor, especificando aspectos obligatorios y voluntarios referentes al etiquetado, presentaci\u00f3n y publicidad de los productos alimenticios [14-15].[\/vc_column_text][vc_empty_space][vc_media_grid grid_id=\u00bbvc_gid:1745310898199-8ae62c3b-f184-7&#8243; include=\u00bb1361,1417,1418&#8243;][vc_empty_space height=\u00bb64px\u00bb][vc_column_text]<\/p>\n<h2>Bibliograf\u00eda:<\/h2>\n<p>L\u00d3PEZ RODR\u00cdGUEZ G., et al. La nutrici\u00f3n y los nutrientes org\u00e1nicos, una rese\u00f1a hist\u00f3rica. Perspectivas en Nutrici\u00f3n Humana. <i>Perspectivas En Nutrici\u00f3n Humana<\/i>, 2023, 25(1), pp. 83-96, ISSN 2248-454X. Disponible en: <a href=\"https:\/\/revistas.udea.edu.co\/index.php\/nutricion\/article\/view\/349761\" target=\"_blank\" rel=\"noopener\">https:\/\/revistas.udea.edu.co\/index.php\/nutricion\/article\/view\/349761<\/a>. [Consulta: 2-4-2025]<\/p>\n<p>SEMBA, R.D. The Discovery of the Vitamins. <i>International Journal for Vitamin and Nutrition Research<\/i>, 2012, 82 (5), pp. 310-31, ISSN 1664-2821. Disponible en: <a href=\"https:\/\/www.imrpress.com\/journal\/IJVNR\/82\/5\/10.1024\/0300-9831\/a000124\" target=\"_blank\" rel=\"noopener\">https:\/\/www.imrpress.com\/journal\/IJVNR\/82\/5\/10.1024\/0300-9831\/a000124<\/a>. [Consulta: 2-4-2025]<\/p>\n<p>SPECTOR, A.A., KIM, H-Y. Discovery of essential fatty acids. <i>Journal of Lipid Research<\/i>, 2015, 56 (1), pp. 11-21, ISSN 0022-2275. Disponible en: <a href=\"https:\/\/www.sciencedirect.com\/science\/article\/pii\/S0022227520356364?via%3Dihub\" target=\"_blank\" rel=\"noopener\">https:\/\/www.sciencedirect.com\/science\/article\/pii\/S0022227520356364?via%3Dihub<\/a>. [Consulta: 4-4-2025]<\/p>\n<p>VALENZUELA, A., MORGADO, N. Fats and oils in the human nutritious: an historical overview. <i>Revista chilena de nutrici\u00f3n, <\/i>2005, 32 n.2. ISSN 0717-7518. Disponible en: <a href=\"https:\/\/www.scielo.cl\/scielo.php?script=sci_arttext&amp;pid=S0717-75182005000200002&amp;lng=es&amp;nrm=iso&amp;tlng=es\" target=\"_blank\" rel=\"noopener\">https:\/\/www.scielo.cl\/scielo.php?script=sci_arttext&amp;pid=S0717-75182005000200002&amp;lng=es&amp;nrm=iso&amp;tlng=es<\/a>. [Consulta: 4-4-2025]<\/p>\n<p>SPECTOR, A.A., KIM, H-Y. Emergence of omega-3 fatty acids in biomedical research. <i>Prostaglandins Leukot Essent Fatty Acids<\/i>, 2019, 140, pp. 47-50, ISSN 1532-2823. Disponible en: <a href=\"https:\/\/linkinghub.elsevier.com\/retrieve\/pii\/S0952327818302151\" target=\"_blank\" rel=\"noopener\">https:\/\/linkinghub.elsevier.com\/retrieve\/pii\/S0952327818302151<\/a>. [Consulta: 4-4-2025]<\/p>\n<p>RIBERA CASADO, J.M. Centenario de Elie Metchnikoff (1845-1916). <i>Educaci\u00f3n M\u00e9dica<\/i>, 2017, 18(2), pp. 136-43, ISSN 1575-1813. Disponible en: <a href=\"https:\/\/linkinghub.elsevier.com\/retrieve\/pii\/S1575181316301590\" target=\"_blank\" rel=\"noopener\">https:\/\/linkinghub.elsevier.com\/retrieve\/pii\/S1575181316301590<\/a>. [Consulta: 4-4-2025]<\/p>\n<p>BEECHER, G.R., et al. Legacy of Wilbur O. atwater: Human nutrition research expansion at the USDA\u2013interagency development of food composition research. <i>The Journal of Nutrition<\/i>, 2009, 139(1), pp. 178-84, ISSN 0022-3166. Disponible en: <a href=\"https:\/\/www.sciencedirect.com\/science\/article\/pii\/S0022316622065336?via%3Dihub\" target=\"_blank\" rel=\"noopener\">https:\/\/www.sciencedirect.com\/science\/article\/pii\/S0022316622065336?via%3Dihub<\/a>. [Consulta: 4-4-2025]<\/p>\n<p>PERTUZ CRUZ, S.L. The training of dieticians in the Universidad Nacional de Colombia within a context of curriculum reform in 2008: background, projections and curriculum challenges. <i>Revista de la Facultad de Medicina<\/i>, 2012, 60 (1), ISSN 0120-0011. Disponible en: <a href=\"http:\/\/www.scielo.org.co\/scielo.php?script=sci_arttext&amp;pid=S0120-00112012000500008\" target=\"_blank\" rel=\"noopener\">http:\/\/www.scielo.org.co\/scielo.php?script=sci_arttext&amp;pid=S0120-00112012000500008<\/a>. [Consulta: 4-4-2025]<\/p>\n<p>VARGAS DOM\u00cdNGUEZ, J. \u201cEl alcohol alimento\u201d: historias de las met\u00e1foras del motor humano y las calor\u00edas entre el siglo XIX y el XX. <i>Inter disciplina<\/i>, 2019, 7 (19), p. 139, ISSN 2448-5705. Disponible en: <a href=\"https:\/\/www.scielo.org.mx\/scielo.php?script=sci_arttext&amp;pid=S2448-57052019000300008\" target=\"_blank\" rel=\"noopener\">https:\/\/www.scielo.org.mx\/scielo.php?script=sci_arttext&amp;pid=S2448-57052019000300008<\/a>. [Consulta: 4-4-2025]<\/p>\n<p>BOATELLA, J. Relaciones nutricionales: del equivalente nutritivo a las listas de intercambio Nutritional relations: from nutritional equivalent to exchange lists. <i>Revista Espa\u00f1ola de Nutrici\u00f3n Humana y Diet\u00e9tica<\/i><b><i>,<\/i><\/b> 2017, 21 (3), pp. 300\u20139. ISSN 2174-514. Disponible en: <a href=\"https:\/\/scielo.isciii.es\/scielo.php?script=sci_arttext&amp;pid=S2174-51452017000300012\" target=\"_blank\" rel=\"noopener\">https:\/\/scielo.isciii.es\/scielo.php?script=sci_arttext&amp;pid=S2174-51452017000300012<\/a>. [Consulta: 4-4-2025]<\/p>\n<p>GOBIERNO DE ESPA\u00d1A: MINISTERIO DE SANIDAD. <i>Estilos de vida saludable &#8211; Algo de historia. Evoluci\u00f3n de la pir\u00e1mide de la alimentaci\u00f3n<\/i>. En l\u00ednea. Disponible en: <a href=\"https:\/\/estilosdevidasaludable.sanidad.gob.es\/alimentacionSaludable\/queSabemos\/comoDistribuir\/historia\/home.htm\" target=\"_blank\" rel=\"noopener\">https:\/\/estilosdevidasaludable.sanidad.gob.es\/alimentacionSaludable\/queSabemos\/comoDistribuir\/historia\/home.htm<\/a>. [Consulta: 4-4-2025]<\/p>\n<p>OMS &#8211; Organizaci\u00f3n Mundial de la Salud. <i>Estrategia mundial sobre r\u00e9gimen alimentario, actividad f\u00edsica y salud<\/i>. En l\u00ednea [2004]. Disponible en: <a href=\"https:\/\/iris.who.int\/bitstream\/handle\/10665\/43037\/924359222X_spa.pdf\" target=\"_blank\" rel=\"noopener\">https:\/\/iris.who.int\/bitstream\/handle\/10665\/43037\/924359222X_spa.pdf. <\/a>[Consulta: 4-4-2025]<\/p>\n<p>AESAN &#8211; Agencia Espa\u00f1ola de Seguridad Alimentaria y Nutrici\u00f3n. <i>Estrategia NAOS. Estrategia para la Nutrici\u00f3n, Actividad F\u00edsica y Prevenci\u00f3n de la Obesidad<\/i>. En l\u00ednea. Disponible en: <a href=\"https:\/\/www.aesan.gob.es\/AECOSAN\/web\/nutricion\/seccion\/estrategia_naos.htm\" target=\"_blank\" rel=\"noopener\">https:\/\/www.aesan.gob.es\/AECOSAN\/web\/nutricion\/seccion\/estrategia_naos.htm<\/a>. [Consulta: 4-4-2025]<\/p>\n<p>IDEPA &#8211; Instituto de Desarrollo Econ\u00f3mico del Principado de Asturias. <i>El etiquetado de productos en la Uni\u00f3n Europea<\/i>. En l\u00ednea [2007]. Disponible en: <a href=\"https:\/\/www.idepa.es\/documents\/20147\/95159\/Cuadernos-de-la-Union-n9.pdf\/a6df642d-6e2c-ad90-6d56-11f1da5097f5\" target=\"_blank\" rel=\"noopener\">https:\/\/www.idepa.es\/documents\/20147\/95159\/Cuadernos-de-la-Union-n9.pdf\/a6df642d-6e2c-ad90-6d56-11f1da5097f5<\/a>. [Consulta: 4-4-2025]<\/p>\n<p>QUOR\u00d3S-VILLEGAS, D. Evoluci\u00f3n de la informaci\u00f3n y comunicaci\u00f3n nutricional en alimentos y bebidas en los \u00faltimos 50 a\u00f1os. <i>Nutrici\u00f3n Hospitalaria<\/i>, 2017, 34 (4), pp. 19-25. ISSN 1699-5198. Disponible en: <a href=\"https:\/\/scielo.isciii.es\/scielo.php?script=sci_arttext&amp;pid=S0212-16112017001000005\" target=\"_blank\" rel=\"noopener\">https:\/\/scielo.isciii.es\/scielo.php?script=sci_arttext&amp;pid=S0212-16112017001000005<\/a>. [Consulta: 4-4-2025][\/vc_column_text][vc_empty_space][vc_row_inner][vc_column_inner width=\u00bb1\/2&#8243;][vc_btn title=\u00bbEnlace al cat\u00e1logo de la obra expuesta\u00bb style=\u00bbflat\u00bb link=\u00bburl:https%3A%2F%2Fabsysnetweb.bbtk.ull.es%2Fcgi-bin%2Fabnetopac%3FACC%3DDOSEARCH%26xsqf99%3D(2025EXPINUTRICION%20Historia%20General).t950.|target:_blank\u00bb][\/vc_column_inner][vc_column_inner width=\u00bb1\/2&#8243;][vc_btn title=\u00bbM\u00e1s informaci\u00f3n\u00bb style=\u00bbflat\u00bb link=\u00bburl:https%3A%2F%2Fabsysnetweb.bbtk.ull.es%2Fcgi-bin%2Fabnetopac%3FACC%3DDOSEARCH%26xsqf99%3DZZ0182164|target:_blank\u00bb][\/vc_column_inner][\/vc_row_inner][\/vc_column][\/vc_row][vc_row gap=\u00bb30&#8243; css=\u00bb.vc_custom_1727697933407{padding-right: 90px !important;padding-left: 90px !important;background-color: #ffffff !important;}\u00bb][vc_column width=\u00bb1\/3&#8243;][vc_separator color=\u00bbcustom\u00bb accent_color=\u00bb#8e8e8e\u00bb][\/vc_column][vc_column width=\u00bb2\/3&#8243;][vc_separator color=\u00bbcustom\u00bb accent_color=\u00bb#8e8e8e\u00bb][vc_row_inner][vc_column_inner][vc_single_image image=\u00bb1316&#8243; alignment=\u00bbcenter\u00bb onclick=\u00bbcustom_link\u00bb img_link_target=\u00bb_blank\u00bb link=\u00bbhttps:\/\/www.ull.es\u00bb][\/vc_column_inner][\/vc_row_inner][vc_row_inner][vc_column_inner width=\u00bb1\/3&#8243;][vc_single_image image=\u00bb1332&#8243; alignment=\u00bbcenter\u00bb onclick=\u00bbcustom_link\u00bb img_link_target=\u00bb_blank\u00bb link=\u00bbhttps:\/\/www.museosdetenerife.org\/mha-museo-de-historia-y-antropologia\/museo\/presentacion\/\u00bb][\/vc_column_inner][vc_column_inner width=\u00bb1\/3&#8243;][vc_single_image image=\u00bb1320&#8243; alignment=\u00bbcenter\u00bb onclick=\u00bbcustom_link\u00bb img_link_target=\u00bb_blank\u00bb link=\u00bbhttps:\/\/www.casadelamiel.org\/es\u00bb][\/vc_column_inner][vc_column_inner width=\u00bb1\/3&#8243;][vc_single_image image=\u00bb1344&#8243; alignment=\u00bbcenter\u00bb onclick=\u00bbcustom_link\u00bb img_link_target=\u00bb_blank\u00bb link=\u00bbhttp:\/\/gastronomiatlantica.com\/\u00bb][\/vc_column_inner][\/vc_row_inner][\/vc_column][\/vc_row]<\/p>\n","protected":false},"excerpt":{"rendered":"<p>[vc_row gap=\u00bb35&#8243; equal_height=\u00bbyes\u00bb content_placement=\u00bbbottom\u00bb css=\u00bb.vc_custom_1727692271162{background-position: center !important;background-repeat: no-repeat !important;background-size: cover !important;}\u00bb][vc_column width=\u00bb1\/3&#8243;][vc_single_image image=\u00bb1312&#8243; img_size=\u00bbmedium\u00bb][\/vc_column][vc_column width=\u00bb2\/3&#8243;][\/vc_column][\/vc_row][vc_row gap=\u00bb35&#8243; content_placement=\u00bbtop\u00bb css=\u00bb.vc_custom_1727692820016{padding-right: 90px !important;padding-left: 90px !important;background-color: #ffffff !important;}\u00bb][vc_column width=\u00bb1\/3&#8243;][vc_separator][vc_custom_heading source=\u00bbpost_title\u00bb font_container=\u00bbtag:h1|font_size:1.8em|text_align:left|color:%23000000|line_height:100%25&#8243; google_fonts=\u00bbfont_family:Roboto%3A100%2C100italic%2C300%2C300italic%2Cregular%2Citalic%2C500%2C500italic%2C700%2C700italic%2C900%2C900italic|font_style:300%20light%20regular%3A300%3Anormal\u00bb][vc_column_text]N\u00e9stor Ben\u00edtez Brito[\/vc_column_text][\/vc_column][vc_column width=\u00bb2\/3&#8243;][vc_separator][vc_column_text]La ciencia de la nutrici\u00f3n, una disciplina relativamente reciente, comenz\u00f3 a tomar forma a finales del siglo XVIII con los estudios en calorimetr\u00eda, y se&#8230;<\/p>\n","protected":false},"author":14,"featured_media":0,"parent":0,"menu_order":0,"comment_status":"closed","ping_status":"closed","template":"templates\/template-no-title.php","meta":{"footnotes":""},"class_list":["post-1392","page","type-page","status-publish","hentry"],"_links":{"self":[{"href":"https:\/\/www.ull.es\/eventos\/de-cocina-a-libros\/wp-json\/wp\/v2\/pages\/1392"}],"collection":[{"href":"https:\/\/www.ull.es\/eventos\/de-cocina-a-libros\/wp-json\/wp\/v2\/pages"}],"about":[{"href":"https:\/\/www.ull.es\/eventos\/de-cocina-a-libros\/wp-json\/wp\/v2\/types\/page"}],"author":[{"embeddable":true,"href":"https:\/\/www.ull.es\/eventos\/de-cocina-a-libros\/wp-json\/wp\/v2\/users\/14"}],"replies":[{"embeddable":true,"href":"https:\/\/www.ull.es\/eventos\/de-cocina-a-libros\/wp-json\/wp\/v2\/comments?post=1392"}],"version-history":[{"count":5,"href":"https:\/\/www.ull.es\/eventos\/de-cocina-a-libros\/wp-json\/wp\/v2\/pages\/1392\/revisions"}],"predecessor-version":[{"id":1559,"href":"https:\/\/www.ull.es\/eventos\/de-cocina-a-libros\/wp-json\/wp\/v2\/pages\/1392\/revisions\/1559"}],"wp:attachment":[{"href":"https:\/\/www.ull.es\/eventos\/de-cocina-a-libros\/wp-json\/wp\/v2\/media?parent=1392"}],"curies":[{"name":"wp","href":"https:\/\/api.w.org\/{rel}","templated":true}]}}