{"id":1592,"date":"2025-04-22T09:55:38","date_gmt":"2025-04-22T09:55:38","guid":{"rendered":"https:\/\/www.ull.es\/eventos\/de-cocina-a-libros\/?page_id=1592"},"modified":"2025-04-30T10:08:05","modified_gmt":"2025-04-30T10:08:05","slug":"1592-2","status":"publish","type":"page","link":"https:\/\/www.ull.es\/eventos\/de-cocina-a-libros\/1592-2\/","title":{"rendered":"Cr\u00e9ditos"},"content":{"rendered":"<p>[vc_row gap=\u00bb35&#8243; equal_height=\u00bbyes\u00bb content_placement=\u00bbbottom\u00bb css=\u00bb.vc_custom_1727692271162{background-position: center !important;background-repeat: no-repeat !important;background-size: cover !important;}\u00bb][vc_column width=\u00bb1\/3&#8243;][vc_single_image image=\u00bb1312&#8243; img_size=\u00bbmedium\u00bb][\/vc_column][vc_column width=\u00bb2\/3&#8243;][\/vc_column][\/vc_row][vc_row gap=\u00bb35&#8243; content_placement=\u00bbtop\u00bb css=\u00bb.vc_custom_1727692820016{padding-right: 90px !important;padding-left: 90px !important;background-color: #ffffff !important;}\u00bb][vc_column width=\u00bb1\/3&#8243;][vc_separator][vc_custom_heading source=\u00bbpost_title\u00bb font_container=\u00bbtag:h1|font_size:1.8em|text_align:left|color:%23000000|line_height:100%25&#8243; google_fonts=\u00bbfont_family:Roboto%3A100%2C100italic%2C300%2C300italic%2Cregular%2Citalic%2C500%2C500italic%2C700%2C700italic%2C900%2C900italic|font_style:300%20light%20regular%3A300%3Anormal\u00bb][\/vc_column][vc_column width=\u00bb2\/3&#8243;][vc_separator][vc_column_text]<\/p>\n<h5>Equipo Acad\u00e9mico<\/h5>\n<p>N\u00e9stor Ben\u00edtez Brito<br \/>\nMar\u00eda Magdalena Echezarreta L\u00f3pez<br \/>\nJes\u00fas de las Heras Roger<br \/>\nJos\u00e9 J. Pascual-Fern\u00e1ndez<br \/>\nElena M. Rodr\u00edguez-Rodr\u00edguez<\/p>\n<p>&nbsp;<\/p>\n<h5>Equipo de la Biblioteca<\/h5>\n<p>In\u00e9s Diego P\u00e9rez<br \/>\nSonia Garc\u00eda Y\u00e1nez<br \/>\nCarmen Lahuerta Hern\u00e1ndez<\/p>\n<p>&nbsp;<\/p>\n<h5>Equipo de voluntariado<\/h5>\n<p>Paz Fern\u00e1ndez Palomeque<br \/>\nAlberto Garc\u00eda Quesada<br \/>\nCarmen G\u00f3mez-Pablos Calvo<\/p>\n<p>&nbsp;<\/p>\n<h5>Dise\u00f1o gr\u00e1fico<\/h5>\n<p>Ismael Garc\u00eda<\/p>\n<p>&nbsp;<\/p>\n<h5>Colaboradores<\/h5>\n<p>Beatriz Est\u00e9vez Almeda<br \/>\nLuis Urbano Gonz\u00e1lez Gonz\u00e1lez<br \/>\nPino Quevedo Portillo<\/p>\n<p>&nbsp;<\/p>\n<h5>Entidades colaboradoras<\/h5>\n<p>Agrupaci\u00f3n de Teatro de Filolog\u00eda de la ULL<br \/>\nArtedrago<br \/>\nCasa de la Miel<br \/>\nCasa del Vino<br \/>\nCasa Museo Cayetano G\u00f3mez Felipe<br \/>\nC\u00e1tedra Atl\u00e1ntica de Gastronom\u00eda<br \/>\nCentro de Fotograf\u00eda Isla de Tenerife. TEA Tenerife Espacio de las Artes<br \/>\nConsejo Social de la ULL<br \/>\nFacultad de Farmacia<br \/>\nFondo para la Etnograf\u00eda y el Desarrollo de la Artesan\u00eda Canaria (FEDAC)<br \/>\nInstituto Canario de Investigaciones Agrarias (ICIA)<br \/>\nMuseo de Historia y Antropolog\u00eda de Tenerife (MHA)<\/p>\n<p>&nbsp;<\/p>\n<h5>Agradecimientos a donantes y personas colaboradoras<\/h5>\n<p>Mar\u00eda Fresno Baquero<br \/>\nZoa Hern\u00e1ndez Garc\u00eda<br \/>\nMag\u00fci Morales Ayala<br \/>\nGonzalo M. Pav\u00e9s<br \/>\nNina Vadell Pons[\/vc_column_text][vc_empty_space][\/vc_column][\/vc_row][vc_row gap=\u00bb30&#8243; css=\u00bb.vc_custom_1727697933407{padding-right: 90px !important;padding-left: 90px !important;background-color: #ffffff !important;}\u00bb][vc_column width=\u00bb1\/3&#8243;][vc_separator color=\u00bbcustom\u00bb accent_color=\u00bb#8e8e8e\u00bb][\/vc_column][vc_column width=\u00bb2\/3&#8243;][vc_separator color=\u00bbcustom\u00bb accent_color=\u00bb#8e8e8e\u00bb][vc_row_inner][vc_column_inner][vc_single_image image=\u00bb1316&#8243; alignment=\u00bbcenter\u00bb onclick=\u00bbcustom_link\u00bb img_link_target=\u00bb_blank\u00bb link=\u00bbhttps:\/\/www.ull.es\u00bb][\/vc_column_inner][\/vc_row_inner][vc_row_inner][vc_column_inner width=\u00bb1\/3&#8243;][vc_single_image image=\u00bb1332&#8243; alignment=\u00bbcenter\u00bb onclick=\u00bbcustom_link\u00bb img_link_target=\u00bb_blank\u00bb link=\u00bbhttps:\/\/www.museosdetenerife.org\/mha-museo-de-historia-y-antropologia\/museo\/presentacion\/\u00bb][\/vc_column_inner][vc_column_inner width=\u00bb1\/3&#8243;][vc_single_image image=\u00bb1320&#8243; alignment=\u00bbcenter\u00bb onclick=\u00bbcustom_link\u00bb img_link_target=\u00bb_blank\u00bb link=\u00bbhttps:\/\/www.casadelamiel.org\/es\u00bb][\/vc_column_inner][vc_column_inner width=\u00bb1\/3&#8243;][vc_single_image image=\u00bb1344&#8243; alignment=\u00bbcenter\u00bb onclick=\u00bbcustom_link\u00bb img_link_target=\u00bb_blank\u00bb link=\u00bbhttp:\/\/gastronomiatlantica.com\/\u00bb][\/vc_column_inner][\/vc_row_inner][\/vc_column][\/vc_row]<\/p>\n","protected":false},"excerpt":{"rendered":"<p>[vc_row gap=\u00bb35&#8243; equal_height=\u00bbyes\u00bb content_placement=\u00bbbottom\u00bb css=\u00bb.vc_custom_1727692271162{background-position: center !important;background-repeat: no-repeat !important;background-size: cover !important;}\u00bb][vc_column width=\u00bb1\/3&#8243;][vc_single_image image=\u00bb1312&#8243; img_size=\u00bbmedium\u00bb][\/vc_column][vc_column width=\u00bb2\/3&#8243;][\/vc_column][\/vc_row][vc_row gap=\u00bb35&#8243; content_placement=\u00bbtop\u00bb css=\u00bb.vc_custom_1727692820016{padding-right: 90px !important;padding-left: 90px !important;background-color: #ffffff !important;}\u00bb][vc_column width=\u00bb1\/3&#8243;][vc_separator][vc_custom_heading source=\u00bbpost_title\u00bb font_container=\u00bbtag:h1|font_size:1.8em|text_align:left|color:%23000000|line_height:100%25&#8243; google_fonts=\u00bbfont_family:Roboto%3A100%2C100italic%2C300%2C300italic%2Cregular%2Citalic%2C500%2C500italic%2C700%2C700italic%2C900%2C900italic|font_style:300%20light%20regular%3A300%3Anormal\u00bb][\/vc_column][vc_column width=\u00bb2\/3&#8243;][vc_separator][vc_column_text] Equipo Acad\u00e9mico N\u00e9stor Ben\u00edtez Brito Mar\u00eda Magdalena Echezarreta L\u00f3pez Jes\u00fas de las Heras Roger Jos\u00e9 J. Pascual-Fern\u00e1ndez Elena M. Rodr\u00edguez-Rodr\u00edguez &nbsp; Equipo de la Biblioteca In\u00e9s&#8230;<\/p>\n","protected":false},"author":14,"featured_media":0,"parent":0,"menu_order":0,"comment_status":"closed","ping_status":"closed","template":"templates\/template-no-title.php","meta":{"footnotes":""},"class_list":["post-1592","page","type-page","status-publish","hentry"],"_links":{"self":[{"href":"https:\/\/www.ull.es\/eventos\/de-cocina-a-libros\/wp-json\/wp\/v2\/pages\/1592"}],"collection":[{"href":"https:\/\/www.ull.es\/eventos\/de-cocina-a-libros\/wp-json\/wp\/v2\/pages"}],"about":[{"href":"https:\/\/www.ull.es\/eventos\/de-cocina-a-libros\/wp-json\/wp\/v2\/types\/page"}],"author":[{"embeddable":true,"href":"https:\/\/www.ull.es\/eventos\/de-cocina-a-libros\/wp-json\/wp\/v2\/users\/14"}],"replies":[{"embeddable":true,"href":"https:\/\/www.ull.es\/eventos\/de-cocina-a-libros\/wp-json\/wp\/v2\/comments?post=1592"}],"version-history":[{"count":7,"href":"https:\/\/www.ull.es\/eventos\/de-cocina-a-libros\/wp-json\/wp\/v2\/pages\/1592\/revisions"}],"predecessor-version":[{"id":1617,"href":"https:\/\/www.ull.es\/eventos\/de-cocina-a-libros\/wp-json\/wp\/v2\/pages\/1592\/revisions\/1617"}],"wp:attachment":[{"href":"https:\/\/www.ull.es\/eventos\/de-cocina-a-libros\/wp-json\/wp\/v2\/media?parent=1592"}],"curies":[{"name":"wp","href":"https:\/\/api.w.org\/{rel}","templated":true}]}}