{"id":1598,"date":"2025-04-22T10:01:38","date_gmt":"2025-04-22T10:01:38","guid":{"rendered":"https:\/\/www.ull.es\/eventos\/de-cocina-a-libros\/?page_id=1598"},"modified":"2025-04-30T10:10:56","modified_gmt":"2025-04-30T10:10:56","slug":"enlaces-de-interes","status":"publish","type":"page","link":"https:\/\/www.ull.es\/eventos\/de-cocina-a-libros\/enlaces-de-interes\/","title":{"rendered":"Enlaces de inter\u00e9s"},"content":{"rendered":"<p>[vc_row gap=\u00bb35&#8243; equal_height=\u00bbyes\u00bb content_placement=\u00bbbottom\u00bb css=\u00bb.vc_custom_1727692271162{background-position: center !important;background-repeat: no-repeat !important;background-size: cover !important;}\u00bb][vc_column width=\u00bb1\/3&#8243;][vc_single_image image=\u00bb1312&#8243; img_size=\u00bbmedium\u00bb][\/vc_column][vc_column width=\u00bb2\/3&#8243;][\/vc_column][\/vc_row][vc_row gap=\u00bb35&#8243; content_placement=\u00bbtop\u00bb css=\u00bb.vc_custom_1727692820016{padding-right: 90px !important;padding-left: 90px !important;background-color: #ffffff !important;}\u00bb][vc_column width=\u00bb1\/3&#8243;][vc_separator][vc_custom_heading source=\u00bbpost_title\u00bb font_container=\u00bbtag:h1|font_size:1.8em|text_align:left|color:%23000000|line_height:100%25&#8243; google_fonts=\u00bbfont_family:Roboto%3A100%2C100italic%2C300%2C300italic%2Cregular%2Citalic%2C500%2C500italic%2C700%2C700italic%2C900%2C900italic|font_style:300%20light%20regular%3A300%3Anormal\u00bb][\/vc_column][vc_column width=\u00bb2\/3&#8243;][vc_separator][vc_column_text]<\/p>\n<h5>Sobre gastronom\u00eda<\/h5>\n<p><a href=\"https:\/\/www.bne.es\/es\/Micrositios\/Guias\/gastronomia\/\" target=\"_blank\" rel=\"noopener\">Gastronom\u00eda espa\u00f1ola: s. XV-XIX<\/a><\/p>\n<p>&nbsp;<\/p>\n<h5>Sobre recetarios<\/h5>\n<p><a href=\"https:\/\/recetascanarias.org\/\" target=\"_blank\" rel=\"noopener\">Recetarios dom\u00e9sticos hist\u00f3ricos de Canarias<\/a><\/p>\n<p>&nbsp;<\/p>\n<h5>Sobre quesos<\/h5>\n<p><a href=\"https:\/\/www.icia.es\/icia\/download\/publicaciones\/AnalisisSensorialQuesos.pdf\" target=\"_blank\" rel=\"noopener\">An\u00e1lisis sensorial de los quesos de cabra de pasta prensada<\/a><br \/>\n<a href=\"https:\/\/www.icia.es\/icia\/download\/Publicaciones\/Queso_Majorero.pdf\" target=\"_blank\" rel=\"noopener\">Queso majorero<\/a><br \/>\n<a href=\"https:\/\/www.icia.es\/icia\/download\/Publicaciones\/Queso_Palmero.pdf\" target=\"_blank\" rel=\"noopener\">Queso palmero<\/a><\/p>\n<p>&nbsp;<\/p>\n<h5>Sobre carne<\/h5>\n<p><a href=\"https:\/\/mail-attachment.googleusercontent.com\/attachment\/u\/0\/?ui=2&amp;ik=28919758f8&amp;attid=0.1&amp;permmsgid=msg-a:r-2448493237401713511&amp;th=19685bc39bc5b921&amp;view=att&amp;disp=inline&amp;realattid=19685bc136880d2ab6e1&amp;zw&amp;saddbat=ANGjdJ_TYAzJBTR3wQJ9Xh2bToun3Ckv69qDRgQq-Eun1ThKAEEJNJ69WSYgwNlf728tW78yXqhBX6VYP6KRKSZFwv9fngRvV5qYhS4NQESkwWZfNf65WmDh07pTKcC_D2Yd4ibbl1IoOiEJDN56pwUpr7kaYK1WTK6kSs1FcHPrjLJKWw35o6vPiqx8_TlPeUqVv0LGmjJ-HMNTsTSId-Mm_V6VfFX-GZYv17N_KPHfpG8Wy1IJBNzeaXAwQYBYtsAyWNHs5UJxMGxoqUug1PL5R8PlWB-o7pWHAaiuj5DwgNGlsusvh1Vbq0WMg1tQnUjfBbQErTGedv8lIHr4v7KwGqwjBxPN-EEJvmgfT95EL8bIQMShAnSkhNQbmZzuir8VMTgnS4U7btsgEV-Wd5LGepw-G3OCbSqsXA95RLbEDzBZSDBxstHjpTFUbq7-IezzsHHlewc_dNJx8HFgssVNPm-tmVQ-Bi1AfpcMlEhr_5ogtAknyD0whqKtCShjYtraOj3aN-kwqdVBdu0SH7ueNZbcMwDLkEKxj8Rk0ATTodIuoGzBQv1s9oTmcJY93fOSWKYH41tsFWMKSShajnWe0sb0SB2VmIwOWFivBUNugRAOlumuoogDXOXXQQDHXWqsYlvhpazyXKYJoVdt-Viklu-DRY3oIz7kUEuZz693nqyFUp0KUEZdJKZVGtgPQOeIHO-1hgjwyd48Lhx124MRj2Xx7EMbEgWu_hcMBNF4v03eXDRo7BW6Dig5UG9olH0ki6dVui4PYlU3P9_jdgjawTC1olLDohpmKTQPHWv8QcN_3rxwZbhfg4XwUXminvlykBRXmfcDierGt9fAI9mGhlXpFKY7Uluet7TfC0Xk5dOx0CeC3TZ9V6e3ZL5CwQd5Vbjapfwcjxl758jGVCTv_GA_nA1mqCPo3SSFkwZusH_vizoyZFzUNWsDGNyx44YNY-cDAwQcf5PEXtL-v96dbtIcttnSCNwLz00uAWOvuDG_jJXA8mNmL_-edmo\" target=\"_blank\" rel=\"noopener\">La magia de la carne de cabra madurada: resultados de una investigaci\u00f3n cient\u00edfica pionera y su recetario<\/a><\/p>\n<p>&nbsp;<\/p>\n<h5>Otros<\/h5>\n<p>Exposici\u00f3n de la BNE <a href=\"https:\/\/www.bne.es\/es\/Micrositios\/Exposiciones\/Cocina\/Exposicion\/Seccion1\/\" target=\"_blank\" rel=\"noopener\">La cocina en su tinta<\/a>[\/vc_column_text][vc_empty_space][\/vc_column][\/vc_row][vc_row gap=\u00bb30&#8243; css=\u00bb.vc_custom_1727697933407{padding-right: 90px !important;padding-left: 90px !important;background-color: #ffffff !important;}\u00bb][vc_column width=\u00bb1\/3&#8243;][vc_separator color=\u00bbcustom\u00bb accent_color=\u00bb#8e8e8e\u00bb][\/vc_column][vc_column width=\u00bb2\/3&#8243;][vc_separator color=\u00bbcustom\u00bb accent_color=\u00bb#8e8e8e\u00bb][vc_row_inner][vc_column_inner][vc_single_image image=\u00bb1316&#8243; alignment=\u00bbcenter\u00bb onclick=\u00bbcustom_link\u00bb img_link_target=\u00bb_blank\u00bb link=\u00bbhttps:\/\/www.ull.es\u00bb][\/vc_column_inner][\/vc_row_inner][vc_row_inner][vc_column_inner width=\u00bb1\/3&#8243;][vc_single_image image=\u00bb1332&#8243; alignment=\u00bbcenter\u00bb onclick=\u00bbcustom_link\u00bb img_link_target=\u00bb_blank\u00bb link=\u00bbhttps:\/\/www.museosdetenerife.org\/mha-museo-de-historia-y-antropologia\/museo\/presentacion\/\u00bb][\/vc_column_inner][vc_column_inner width=\u00bb1\/3&#8243;][vc_single_image image=\u00bb1320&#8243; alignment=\u00bbcenter\u00bb onclick=\u00bbcustom_link\u00bb img_link_target=\u00bb_blank\u00bb link=\u00bbhttps:\/\/www.casadelamiel.org\/es\u00bb][\/vc_column_inner][vc_column_inner width=\u00bb1\/3&#8243;][vc_single_image image=\u00bb1344&#8243; alignment=\u00bbcenter\u00bb onclick=\u00bbcustom_link\u00bb img_link_target=\u00bb_blank\u00bb link=\u00bbhttp:\/\/gastronomiatlantica.com\/\u00bb][\/vc_column_inner][\/vc_row_inner][\/vc_column][\/vc_row]<\/p>\n","protected":false},"excerpt":{"rendered":"<p>[vc_row gap=\u00bb35&#8243; equal_height=\u00bbyes\u00bb content_placement=\u00bbbottom\u00bb css=\u00bb.vc_custom_1727692271162{background-position: center !important;background-repeat: no-repeat !important;background-size: cover !important;}\u00bb][vc_column width=\u00bb1\/3&#8243;][vc_single_image image=\u00bb1312&#8243; img_size=\u00bbmedium\u00bb][\/vc_column][vc_column width=\u00bb2\/3&#8243;][\/vc_column][\/vc_row][vc_row gap=\u00bb35&#8243; content_placement=\u00bbtop\u00bb css=\u00bb.vc_custom_1727692820016{padding-right: 90px !important;padding-left: 90px !important;background-color: #ffffff !important;}\u00bb][vc_column width=\u00bb1\/3&#8243;][vc_separator][vc_custom_heading source=\u00bbpost_title\u00bb font_container=\u00bbtag:h1|font_size:1.8em|text_align:left|color:%23000000|line_height:100%25&#8243; google_fonts=\u00bbfont_family:Roboto%3A100%2C100italic%2C300%2C300italic%2Cregular%2Citalic%2C500%2C500italic%2C700%2C700italic%2C900%2C900italic|font_style:300%20light%20regular%3A300%3Anormal\u00bb][\/vc_column][vc_column width=\u00bb2\/3&#8243;][vc_separator][vc_column_text] Sobre gastronom\u00eda Gastronom\u00eda espa\u00f1ola: s. XV-XIX &nbsp; Sobre recetarios Recetarios dom\u00e9sticos hist\u00f3ricos de Canarias &nbsp; Sobre quesos An\u00e1lisis sensorial de los quesos de cabra de pasta&#8230;<\/p>\n","protected":false},"author":14,"featured_media":0,"parent":0,"menu_order":0,"comment_status":"closed","ping_status":"closed","template":"templates\/template-no-title.php","meta":{"footnotes":""},"class_list":["post-1598","page","type-page","status-publish","hentry"],"_links":{"self":[{"href":"https:\/\/www.ull.es\/eventos\/de-cocina-a-libros\/wp-json\/wp\/v2\/pages\/1598"}],"collection":[{"href":"https:\/\/www.ull.es\/eventos\/de-cocina-a-libros\/wp-json\/wp\/v2\/pages"}],"about":[{"href":"https:\/\/www.ull.es\/eventos\/de-cocina-a-libros\/wp-json\/wp\/v2\/types\/page"}],"author":[{"embeddable":true,"href":"https:\/\/www.ull.es\/eventos\/de-cocina-a-libros\/wp-json\/wp\/v2\/users\/14"}],"replies":[{"embeddable":true,"href":"https:\/\/www.ull.es\/eventos\/de-cocina-a-libros\/wp-json\/wp\/v2\/comments?post=1598"}],"version-history":[{"count":4,"href":"https:\/\/www.ull.es\/eventos\/de-cocina-a-libros\/wp-json\/wp\/v2\/pages\/1598\/revisions"}],"predecessor-version":[{"id":1600,"href":"https:\/\/www.ull.es\/eventos\/de-cocina-a-libros\/wp-json\/wp\/v2\/pages\/1598\/revisions\/1600"}],"wp:attachment":[{"href":"https:\/\/www.ull.es\/eventos\/de-cocina-a-libros\/wp-json\/wp\/v2\/media?parent=1598"}],"curies":[{"name":"wp","href":"https:\/\/api.w.org\/{rel}","templated":true}]}}