{"id":118,"date":"2023-04-19T07:25:39","date_gmt":"2023-04-19T07:25:39","guid":{"rendered":"https:\/\/www.ull.es\/eventos\/de-libros-y-otras-hierbas\/?page_id=118"},"modified":"2023-04-27T11:14:46","modified_gmt":"2023-04-27T11:14:46","slug":"que-organismos-estudia-la-botanica","status":"publish","type":"page","link":"https:\/\/www.ull.es\/eventos\/de-libros-y-otras-hierbas\/que-organismos-estudia-la-botanica\/","title":{"rendered":"\u00bfQu\u00e9 organismos estudia la bot\u00e1nica?"},"content":{"rendered":"<p>[vc_row gap=\u00bb35&#8243;][vc_column width=\u00bb1\/3&#8243;][\/vc_column][vc_column width=\u00bb2\/3&#8243; css=\u00bb.vc_custom_1682593887929{margin-top: 30px !important;}\u00bb][vc_single_image image=\u00bb254&#8243; img_size=\u00bbmedium\u00bb][\/vc_column][\/vc_row][vc_row][vc_column][vc_separator][\/vc_column][\/vc_row][vc_row gap=\u00bb35&#8243;][vc_column width=\u00bb1\/3&#8243;][vc_custom_heading text=\u00bb\u00bfQu\u00e9 organismos estudia la bot\u00e1nica?\u00bb font_container=\u00bbtag:h1|font_size:1.2%20em|text_align:right\u00bb google_fonts=\u00bbfont_family:Inconsolata%3Aregular%2C700|font_style:400%20regular%3A400%3Anormal\u00bb][vc_separator][vc_row_inner css=\u00bb.vc_custom_1682594048946{background-image: url(http:\/\/www.ull.es\/eventos\/de-libros-y-otras-hierbas\/wp-content\/uploads\/sites\/53\/2023\/04\/6-scaled.jpg?id=42) !important;background-position: center !important;background-repeat: no-repeat !important;background-size: cover !important;border-radius: 10px !important;}\u00bb][vc_column_inner][vc_empty_space height=\u00bb700px\u00bb][\/vc_column_inner][\/vc_row_inner][\/vc_column][vc_column width=\u00bb2\/3&#8243;][vc_row_inner][vc_column_inner width=\u00bb3\/4&#8243;][vc_empty_space height=\u00bb50px\u00bb][vc_column_text]La Bot\u00e1nica es una rama esencial de la Biolog\u00eda que se encarga del estudio de los organismos vegetales en todas sus formas y complejidades. A lo largo de su evoluci\u00f3n hist\u00f3rica, la bot\u00e1nica ha integrado tanto el conocimiento tradicional como los avances cient\u00edficos m\u00e1s recientes, convirti\u00e9ndose en una disciplina plenamente actualizada y socialmente relevante, con m\u00faltiples campos de aplicaci\u00f3n y desarrollo.<\/p>\n<p>Los bot\u00e1nicos se dedican a una amplia gama de tareas, que incluyen desde la organizaci\u00f3n y diversidad de los vegetales en sus diferentes niveles de complejidad, hasta cuestiones m\u00e1s generales relacionadas con el papel de las plantas y hongos en los ecosistemas terrestres y acu\u00e1ticos del planeta.<\/p>\n<p>La bot\u00e1nica aborda el estudio de los organismos vegetales que abarca desde las c\u00e9lulas menos evolucionadas pertenecientes al dominio de los procariotas, como son las cianobacterias (algas verde azules), hasta aquellos pertenecientes al dominio Eucariota en los Reinos: Protozoa (hongos mixomicetos, algas del tipo <i>Euglena<\/i>), Chromista (como diatomeas, dinoflagelados, algas pardas, entre otros), Plantae (plantas terrestres: bri\u00f3fitos, helechos, plantas vasculares con semilla: gimnospermas y angiospermas, as\u00ed como las algas verdes y las algas rojas) y Fungi (hongos y hongos liquenizados).<\/p>\n<p>Las plantas y los hongos desempe\u00f1an un papel fundamental en la biosfera, como productores primarios y descomponedores, modelando gran parte de los paisajes terrestres y proporcionando refugio y nutrientes para la fauna. La bot\u00e1nica b\u00e1sica nos adentra en el estudio de este fascinante mundo, mientras que la bot\u00e1nica aplicada nos proporciona los recursos y conocimientos necesarios para el desarrollo de tecnolog\u00edas farmac\u00e9uticas, agr\u00edcolas y forestales, as\u00ed como para la gesti\u00f3n y restauraci\u00f3n del medio ambiente. Ambas facetas de la bot\u00e1nica se combinan en la investigaci\u00f3n y la ense\u00f1anza de la naturaleza, ofreciendo un campo de conocimiento y exploraci\u00f3n sin fin.[\/vc_column_text][vc_empty_space][vc_media_grid element_width=\u00bb3&#8243; gap=\u00bb3&#8243; grid_id=\u00bbvc_gid:1682593728102-15fe6b1c-a860-8&#8243; include=\u00bb214,213&#8243;][\/vc_column_inner][vc_column_inner width=\u00bb1\/4&#8243;][\/vc_column_inner][\/vc_row_inner][vc_separator][vc_row_inner gap=\u00bb35&#8243;][vc_column_inner width=\u00bb1\/2&#8243;][vc_btn title=\u00bbDos miradas excepcionales a la flora canaria\u00bb style=\u00bbflat\u00bb i_icon_fontawesome=\u00bbfas fa-arrow-left\u00bb add_icon=\u00bbtrue\u00bb link=\u00bburl:https%3A%2F%2Fwww.ull.es%2Feventos%2Fde-libros-y-otras-hierbas%2F72-2%2F|title:Dos%20miradas%20excepcionales%20a%20la%20flora%20canaria\u00bb][\/vc_column_inner][vc_column_inner width=\u00bb1\/2&#8243;][vc_btn title=\u00bbLa bot\u00e1nica y disciplinas afines\u00bb style=\u00bbflat\u00bb i_align=\u00bbright\u00bb i_icon_fontawesome=\u00bbfas fa-arrow-right\u00bb add_icon=\u00bbtrue\u00bb link=\u00bburl:https%3A%2F%2Fwww.ull.es%2Feventos%2Fde-libros-y-otras-hierbas%2Fla-botanica-y-disciplinas-afines%2F|title:La%20bot%C3%A1nica%20y%20disciplinas%20afines\u00bb][\/vc_column_inner][\/vc_row_inner][\/vc_column][\/vc_row]<\/p>\n","protected":false},"excerpt":{"rendered":"<p>[vc_row gap=\u00bb35&#8243;][vc_column width=\u00bb1\/3&#8243;][\/vc_column][vc_column width=\u00bb2\/3&#8243; css=\u00bb.vc_custom_1682593887929{margin-top: 30px !important;}\u00bb][vc_single_image image=\u00bb254&#8243; img_size=\u00bbmedium\u00bb][\/vc_column][\/vc_row][vc_row][vc_column][vc_separator][\/vc_column][\/vc_row][vc_row gap=\u00bb35&#8243;][vc_column width=\u00bb1\/3&#8243;][vc_custom_heading text=\u00bb\u00bfQu\u00e9 organismos estudia la bot\u00e1nica?\u00bb font_container=\u00bbtag:h1|font_size:1.2%20em|text_align:right\u00bb google_fonts=\u00bbfont_family:Inconsolata%3Aregular%2C700|font_style:400%20regular%3A400%3Anormal\u00bb][vc_separator][vc_row_inner css=\u00bb.vc_custom_1682594048946{background-image: url(http:\/\/www.ull.es\/eventos\/de-libros-y-otras-hierbas\/wp-content\/uploads\/sites\/53\/2023\/04\/6-scaled.jpg?id=42) !important;background-position: center !important;background-repeat: no-repeat !important;background-size: cover !important;border-radius: 10px !important;}\u00bb][vc_column_inner][vc_empty_space height=\u00bb700px\u00bb][\/vc_column_inner][\/vc_row_inner][\/vc_column][vc_column width=\u00bb2\/3&#8243;][vc_row_inner][vc_column_inner width=\u00bb3\/4&#8243;][vc_empty_space height=\u00bb50px\u00bb][vc_column_text]La Bot\u00e1nica es una rama esencial de la Biolog\u00eda que se encarga del estudio de los organismos vegetales en todas sus formas y&#8230;<\/p>\n","protected":false},"author":14,"featured_media":0,"parent":0,"menu_order":0,"comment_status":"closed","ping_status":"closed","template":"templates\/template-no-title.php","meta":{"footnotes":""},"class_list":["post-118","page","type-page","status-publish","hentry"],"_links":{"self":[{"href":"https:\/\/www.ull.es\/eventos\/de-libros-y-otras-hierbas\/wp-json\/wp\/v2\/pages\/118"}],"collection":[{"href":"https:\/\/www.ull.es\/eventos\/de-libros-y-otras-hierbas\/wp-json\/wp\/v2\/pages"}],"about":[{"href":"https:\/\/www.ull.es\/eventos\/de-libros-y-otras-hierbas\/wp-json\/wp\/v2\/types\/page"}],"author":[{"embeddable":true,"href":"https:\/\/www.ull.es\/eventos\/de-libros-y-otras-hierbas\/wp-json\/wp\/v2\/users\/14"}],"replies":[{"embeddable":true,"href":"https:\/\/www.ull.es\/eventos\/de-libros-y-otras-hierbas\/wp-json\/wp\/v2\/comments?post=118"}],"version-history":[{"count":6,"href":"https:\/\/www.ull.es\/eventos\/de-libros-y-otras-hierbas\/wp-json\/wp\/v2\/pages\/118\/revisions"}],"predecessor-version":[{"id":283,"href":"https:\/\/www.ull.es\/eventos\/de-libros-y-otras-hierbas\/wp-json\/wp\/v2\/pages\/118\/revisions\/283"}],"wp:attachment":[{"href":"https:\/\/www.ull.es\/eventos\/de-libros-y-otras-hierbas\/wp-json\/wp\/v2\/media?parent=118"}],"curies":[{"name":"wp","href":"https:\/\/api.w.org\/{rel}","templated":true}]}}