{"id":124,"date":"2023-04-19T07:28:42","date_gmt":"2023-04-19T07:28:42","guid":{"rendered":"https:\/\/www.ull.es\/eventos\/de-libros-y-otras-hierbas\/?page_id=124"},"modified":"2023-04-27T11:39:30","modified_gmt":"2023-04-27T11:39:30","slug":"124-2","status":"publish","type":"page","link":"https:\/\/www.ull.es\/eventos\/de-libros-y-otras-hierbas\/124-2\/","title":{"rendered":"Disciplinas en red"},"content":{"rendered":"<p>[vc_row gap=\u00bb35&#8243;][vc_column width=\u00bb1\/3&#8243;][\/vc_column][vc_column width=\u00bb2\/3&#8243;][vc_single_image image=\u00bb254&#8243; img_size=\u00bbmedium\u00bb css=\u00bb.vc_custom_1682595055584{padding-top: 30px !important;}\u00bb][\/vc_column][\/vc_row][vc_row][vc_column][vc_separator][\/vc_column][\/vc_row][vc_row gap=\u00bb35&#8243;][vc_column width=\u00bb1\/3&#8243;][vc_custom_heading text=\u00bbDisciplinas en red\u00bb font_container=\u00bbtag:h1|font_size:1.2%20em|text_align:right\u00bb google_fonts=\u00bbfont_family:Inconsolata%3Aregular%2C700|font_style:400%20regular%3A400%3Anormal\u00bb][vc_separator][vc_row_inner css=\u00bb.vc_custom_1682595104248{background-image: url(http:\/\/www.ull.es\/eventos\/de-libros-y-otras-hierbas\/wp-content\/uploads\/sites\/53\/2023\/04\/7-scaled.jpg?id=43) !important;background-position: center !important;background-repeat: no-repeat !important;background-size: cover !important;border-radius: 10px !important;}\u00bb][vc_column_inner][vc_empty_space height=\u00bb700px\u00bb][\/vc_column_inner][\/vc_row_inner][\/vc_column][vc_column width=\u00bb2\/3&#8243;][vc_row_inner][vc_column_inner width=\u00bb3\/4&#8243;][vc_empty_space height=\u00bb64px\u00bb][vc_column_text]La bot\u00e1nica es la ciencia que se ocupa del estudio de los vegetales bajo todos sus aspectos. Esto incluye demasiadas perspectivas inabordables en profundidad por un investigador o equipos de investigaci\u00f3n. Los bot\u00e1nicos se especializan en alg\u00fan aspecto de la <b>bot\u00e1nica especial<\/b>, que es aquella rama de la <b>bot\u00e1nica pura<\/b> (estudia a los vegetales desde el punto de vista te\u00f3rico, por el mero hecho de su existencia) que estudia los individuos en particular y las comunidades que la forman, o en algunas de sus m\u00faltiples ramas.<\/p>\n<p>Algunas de las ramas de la bot\u00e1nica especial son: 1) la<b> ecolog\u00eda vegetal<\/b>, que estudia las relaciones entre los vegetales y su ambiente o entre las comunidades vegetales y el ambiente en que se desarrollan, y que a su vez agrupa a 1.1) la corolog\u00eda vegetal, que estudia la distribuci\u00f3n geogr\u00e1fica de los vegetales y de las comunidades vegetales, a 1.2) la fitosociolog\u00eda, que estudia la vegetaci\u00f3n, y a 1.3) la geobot\u00e1nica, que estudia las leyes y causas que determinan la distribuci\u00f3n de los vegetales sobre La Tierra y su vida en com\u00fan en el espacio y en el tiempo; y 2) la <b>sistem\u00e1tica bot\u00e1nica<\/b>, que estudia las afinidades que existen entre los vegetales bas\u00e1ndose en los resultados de otras disciplinas, y que a su vez agrupa a 2.1) la taxonom\u00eda vegetal, que se encargada de la descripci\u00f3n, nomenclatura y ordenaci\u00f3n de los vegetales, y a 2.2) la filogenia vegetal, que estudia la historia evolutiva de los vegetales apoy\u00e1ndose en la paleobot\u00e1nica y en el estudio de la evoluci\u00f3n.<\/p>\n<p>Otra rama de la bot\u00e1nica pura es la bot\u00e1nica general la estudian otros especialistas como es el caso de los fisi\u00f3logos vegetales, encargados de estudiar el modo en que los vegetales desarrollan sus funciones vitales b\u00e1sicas, los morf\u00f3logos vegetales que estudian la constituci\u00f3n interna de los \u00f3rganos y estructuras vegetales, as\u00ed como la morfolog\u00eda en sentido estricto (forma externa de los \u00f3rganos vegetales).<\/p>\n<p>Menos fuertemente asociada con la bot\u00e1nica especial, se encuentra la bot\u00e1nica aplicada, que agrupa a una serie de disciplinas cient\u00edficas tan heterog\u00e9neas como la fitopatolog\u00eda, que estudia las enfermedades de las plantas, las bot\u00e1nicas agr\u00edcola y forestal, que estudia la plantas que generan cosechas y los que generan masas forestales, respectivamente, o la fitoqu\u00edmica y la farmacognosia, que estudian las sustancias qu\u00edmicas que producen los vegetales y estudian dichos compuestos para conocer la actividad de sus posibles principios activos, respectivamente.[\/vc_column_text][vc_empty_space][\/vc_column_inner][vc_column_inner width=\u00bb1\/4&#8243;][\/vc_column_inner][\/vc_row_inner][vc_separator][vc_row_inner gap=\u00bb35&#8243;][vc_column_inner width=\u00bb1\/2&#8243;][vc_btn title=\u00bbLa bot\u00e1nica y disciplinas afines\u00bb style=\u00bbflat\u00bb i_icon_fontawesome=\u00bbfas fa-arrow-left\u00bb add_icon=\u00bbtrue\u00bb link=\u00bburl:https%3A%2F%2Fwww.ull.es%2Feventos%2Fde-libros-y-otras-hierbas%2Fla-botanica-y-disciplinas-afines%2F|title:La%20bot%C3%A1nica%20y%20disciplinas%20afines\u00bb][\/vc_column_inner][vc_column_inner width=\u00bb1\/2&#8243;][vc_btn title=\u00bbInvestigaciones sobre bot\u00e1nica en la Universidad de La Laguna\u00bb style=\u00bbflat\u00bb i_align=\u00bbright\u00bb i_icon_fontawesome=\u00bbfas fa-arrow-right\u00bb add_icon=\u00bbtrue\u00bb link=\u00bburl:https%3A%2F%2Fwww.ull.es%2Feventos%2Fde-libros-y-otras-hierbas%2Finvestigaciones-sobre-botanica-en-la-universidad-de-la-laguna%2F|title:Investigaciones%20sobre%20bot%C3%A1nica%20en%20la%20Universidad%20de%20La%20Laguna\u00bb][\/vc_column_inner][\/vc_row_inner][\/vc_column][\/vc_row]<\/p>\n","protected":false},"excerpt":{"rendered":"<p>[vc_row gap=\u00bb35&#8243;][vc_column width=\u00bb1\/3&#8243;][\/vc_column][vc_column width=\u00bb2\/3&#8243;][vc_single_image image=\u00bb254&#8243; img_size=\u00bbmedium\u00bb css=\u00bb.vc_custom_1682595055584{padding-top: 30px !important;}\u00bb][\/vc_column][\/vc_row][vc_row][vc_column][vc_separator][\/vc_column][\/vc_row][vc_row gap=\u00bb35&#8243;][vc_column width=\u00bb1\/3&#8243;][vc_custom_heading text=\u00bbDisciplinas en red\u00bb font_container=\u00bbtag:h1|font_size:1.2%20em|text_align:right\u00bb google_fonts=\u00bbfont_family:Inconsolata%3Aregular%2C700|font_style:400%20regular%3A400%3Anormal\u00bb][vc_separator][vc_row_inner css=\u00bb.vc_custom_1682595104248{background-image: url(http:\/\/www.ull.es\/eventos\/de-libros-y-otras-hierbas\/wp-content\/uploads\/sites\/53\/2023\/04\/7-scaled.jpg?id=43) !important;background-position: center !important;background-repeat: no-repeat !important;background-size: cover !important;border-radius: 10px !important;}\u00bb][vc_column_inner][vc_empty_space height=\u00bb700px\u00bb][\/vc_column_inner][\/vc_row_inner][\/vc_column][vc_column width=\u00bb2\/3&#8243;][vc_row_inner][vc_column_inner width=\u00bb3\/4&#8243;][vc_empty_space height=\u00bb64px\u00bb][vc_column_text]La bot\u00e1nica es la ciencia que se ocupa del estudio de los vegetales bajo todos sus aspectos. Esto incluye demasiadas perspectivas inabordables en profundidad por&#8230;<\/p>\n","protected":false},"author":14,"featured_media":0,"parent":0,"menu_order":0,"comment_status":"closed","ping_status":"closed","template":"templates\/template-no-title.php","meta":{"footnotes":""},"class_list":["post-124","page","type-page","status-publish","hentry"],"_links":{"self":[{"href":"https:\/\/www.ull.es\/eventos\/de-libros-y-otras-hierbas\/wp-json\/wp\/v2\/pages\/124"}],"collection":[{"href":"https:\/\/www.ull.es\/eventos\/de-libros-y-otras-hierbas\/wp-json\/wp\/v2\/pages"}],"about":[{"href":"https:\/\/www.ull.es\/eventos\/de-libros-y-otras-hierbas\/wp-json\/wp\/v2\/types\/page"}],"author":[{"embeddable":true,"href":"https:\/\/www.ull.es\/eventos\/de-libros-y-otras-hierbas\/wp-json\/wp\/v2\/users\/14"}],"replies":[{"embeddable":true,"href":"https:\/\/www.ull.es\/eventos\/de-libros-y-otras-hierbas\/wp-json\/wp\/v2\/comments?post=124"}],"version-history":[{"count":10,"href":"https:\/\/www.ull.es\/eventos\/de-libros-y-otras-hierbas\/wp-json\/wp\/v2\/pages\/124\/revisions"}],"predecessor-version":[{"id":294,"href":"https:\/\/www.ull.es\/eventos\/de-libros-y-otras-hierbas\/wp-json\/wp\/v2\/pages\/124\/revisions\/294"}],"wp:attachment":[{"href":"https:\/\/www.ull.es\/eventos\/de-libros-y-otras-hierbas\/wp-json\/wp\/v2\/media?parent=124"}],"curies":[{"name":"wp","href":"https:\/\/api.w.org\/{rel}","templated":true}]}}