{"id":133,"date":"2023-04-19T07:35:40","date_gmt":"2023-04-19T07:35:40","guid":{"rendered":"https:\/\/www.ull.es\/eventos\/de-libros-y-otras-hierbas\/?page_id=133"},"modified":"2023-04-27T11:23:56","modified_gmt":"2023-04-27T11:23:56","slug":"antonio-gonzalez-y-wolfredo-wildpret-pioneros-en-los-estudios-de-la-flora-canaria","status":"publish","type":"page","link":"https:\/\/www.ull.es\/eventos\/de-libros-y-otras-hierbas\/antonio-gonzalez-y-wolfredo-wildpret-pioneros-en-los-estudios-de-la-flora-canaria\/","title":{"rendered":"Antonio Gonz\u00e1lez y Wolfredo Wildpret: pioneros en los estudios de la flora canaria"},"content":{"rendered":"<p>[vc_row gap=\u00bb35&#8243;][vc_column width=\u00bb1\/3&#8243;][\/vc_column][vc_column width=\u00bb2\/3&#8243;][vc_single_image image=\u00bb254&#8243; img_size=\u00bbmedium\u00bb css=\u00bb.vc_custom_1682594398088{padding-top: 30px !important;}\u00bb][\/vc_column][\/vc_row][vc_row][vc_column][vc_separator][\/vc_column][\/vc_row][vc_row gap=\u00bb35&#8243;][vc_column width=\u00bb1\/3&#8243;][vc_custom_heading text=\u00bbAntonio Gonz\u00e1lez y Wolfredo Wildpret: pioneros en los estudios de la flora canaria\u00bb font_container=\u00bbtag:h1|font_size:1.2%20em|text_align:right\u00bb google_fonts=\u00bbfont_family:Inconsolata%3Aregular%2C700|font_style:400%20regular%3A400%3Anormal\u00bb][vc_separator][vc_row_inner css=\u00bb.vc_custom_1682594477466{background-image: url(http:\/\/www.ull.es\/eventos\/de-libros-y-otras-hierbas\/wp-content\/uploads\/sites\/53\/2023\/04\/9-scaled.jpg?id=45) !important;background-position: center !important;background-repeat: no-repeat !important;background-size: cover !important;border-radius: 10px !important;}\u00bb][vc_column_inner][vc_empty_space height=\u00bb700px\u00bb][\/vc_column_inner][\/vc_row_inner][\/vc_column][vc_column width=\u00bb2\/3&#8243;][vc_row_inner][vc_column_inner width=\u00bb3\/4&#8243;][vc_empty_space height=\u00bb38px\u00bb][vc_column_text]<\/p>\n<h3><b>Antonio Gonz\u00e1lez Gonz\u00e1lez <\/b>\u00a0(1917 \u2013 2002), qu\u00edmico tinerfe\u00f1o<\/h3>\n<p>Sus estudios universitarios, cursados en la Universidad de La Laguna, estuvieron marcados por la Guerra Civil y la Segunda Guerra Mundial. Sin embargo, los culmin\u00f3 con magn\u00edficas notas.<\/p>\n<p>Comenz\u00f3 su doctorado en Madrid bajo la direcci\u00f3n del catedr\u00e1tico de Qu\u00edmica Org\u00e1nica, Manuel Lora-Tamayo. En 1946 defiende su tesis doctoral y oposita a la c\u00e1tedra de Qu\u00edmica Org\u00e1nica de la Universidad de La Laguna, convirti\u00e9ndose en el primer catedr\u00e1tico canario.<\/p>\n<p>Inici\u00f3 sus investigaciones con la ayuda del bot\u00e1nico sueco afincado en el Puerto de la Cruz, Eric Sventenius, centradas en los productos naturales org\u00e1nicos de plantas end\u00e9micas. El \u00e9xito de sus investigaciones favoreci\u00f3 la construcci\u00f3n del Instituto de Productos Naturales Org\u00e1nicos (IPNO), inaugurado en 1963, el mismo a\u00f1o en que asume el cargo de rector de la Universidad. Durante su \u00e9poca como rector impuls\u00f3 el desarrollo de nuevos centros y t\u00edtulos universitarios, y dinamiz\u00f3 las ense\u00f1anzas medias en el archipi\u00e9lago.<\/p>\n<p>En su primera d\u00e9cada de existencia, el IPNO se convirti\u00f3 en referente para investigadores locales e internacionales, especialmente europeos y americanos. En la d\u00e9cada de los 90, se acuerda cambiar el nombre del centro por Instituto de Bio-Org\u00e1nica \u2013 Antonio Gonz\u00e1lez (IUBO-AG), con el que se conoce en la actualidad.[\/vc_column_text][vc_empty_space][vc_btn title=\u00bbAntonio Gonz\u00e1lez en el cat\u00e1logo de la biblioteca\u00bb style=\u00bbflat\u00bb color=\u00bbchino\u00bb align=\u00bbleft\u00bb button_block=\u00bbtrue\u00bb link=\u00bburl:https%3A%2F%2Fabsysnetweb.bbtk.ull.es%2Fcgi-bin%2Fabnetopac%3FACC%3DDOSEARCH%26xsqf99%3DZZ0051211|title:Antonio%20Gonz%C3%A1lez%20en%20el%20cat%C3%A1logo%20de%20la%20biblioteca\u00bb][vc_separator][vc_empty_space][vc_media_grid element_width=\u00bb3&#8243; gap=\u00bb3&#8243; grid_id=\u00bbvc_gid:1682594621814-cabb0bca-7fa6-10&#8243; include=\u00bb136,137&#8243;][vc_separator][vc_empty_space][vc_column_text]<\/p>\n<h3><b>Wolfredo Wildpret de la Torre <\/b>(1933 -), farmac\u00e9utico tinerfe\u00f1o<\/h3>\n<p>Realiz\u00f3 sus estudios superiores en la Universidad Complutense de Madrid, donde defendi\u00f3 su tesis doctoral dirigida por el catedr\u00e1tico de bot\u00e1nica Salvador Rivas Goday.<\/p>\n<p>En 1967 entra a formar parte del profesorado de la Facultad de Ciencias de la Universidad de La Laguna. Cre\u00f3 diversas l\u00edneas de trabajo sobre el estudio taxon\u00f3mico y sintaxon\u00f3mico de la flora y vegetaci\u00f3n de Canarias y fund\u00f3 el Herbario TFC, el m\u00e1s completo en flora canaria, y la revista cient\u00edfica <i>Vieraea<\/i>.<\/p>\n<p>En su trabajo como investigador describi\u00f3 cuatro especies y m\u00e1s de 130 unidades de vegetaci\u00f3n nuevas para la ciencia; particip\u00f3 en numerosos proyectos de investigaci\u00f3n; public\u00f3 m\u00e1s de 200 art\u00edculos; escribi\u00f3 m\u00e1s de 150 ponencias para congresos nacionales e internacionales. Durante su carrera docente dirigi\u00f3 numerosas tesinas de licenciatura y tesis doctorales.<\/p>\n<p>Colabor\u00f3 con el Gobierno aut\u00f3nomo en la catalogaci\u00f3n y valoraci\u00f3n de especies amenazadas, en la Red de Espacios Naturales Protegidos de Canarias y en el estudio cartogr\u00e1fico de la vegetaci\u00f3n del archipi\u00e9lago, una herramienta fundamental para la gesti\u00f3n y conservaci\u00f3n del medio natural canario. Adem\u00e1s, particip\u00f3 en un proyecto europeo para el estudio, catalogaci\u00f3n y cartografiado de los h\u00e1bitats canarios de la Red Natura 2000.[\/vc_column_text][vc_empty_space][vc_btn title=\u00bbWolfredo Wildpret en el cat\u00e1logo de la biblioteca\u00bb style=\u00bbflat\u00bb color=\u00bbchino\u00bb align=\u00bbleft\u00bb button_block=\u00bbtrue\u00bb link=\u00bburl:https%3A%2F%2Fabsysnetweb.bbtk.ull.es%2Fcgi-bin%2Fabnetopac%3FACC%3DDOSEARCH%26xsqf99%3DZZ0134142|title:Wolfredo%20Wildpret%20en%20el%20cat%C3%A1logo%20de%20la%20biblioteca\u00bb][vc_empty_space][\/vc_column_inner][vc_column_inner width=\u00bb1\/4&#8243;][\/vc_column_inner][\/vc_row_inner][vc_separator][vc_row_inner gap=\u00bb35&#8243;][vc_column_inner width=\u00bb1\/2&#8243;][vc_btn title=\u00bbInvestigaciones sobre bot\u00e1nica en la Universidad de La Laguna\u00bb style=\u00bbflat\u00bb i_icon_fontawesome=\u00bbfas fa-arrow-left\u00bb add_icon=\u00bbtrue\u00bb link=\u00bburl:https%3A%2F%2Fwww.ull.es%2Feventos%2Fde-libros-y-otras-hierbas%2Finvestigaciones-sobre-botanica-en-la-universidad-de-la-laguna%2F|title:Investigaciones%20sobre%20bot%C3%A1nica%20en%20la%20Universidad%20de%20La%20Laguna\u00bb][\/vc_column_inner][vc_column_inner width=\u00bb1\/2&#8243;][vc_btn title=\u00bbLa otra vida de las plantas\u00bb style=\u00bbflat\u00bb i_align=\u00bbright\u00bb i_icon_fontawesome=\u00bbfas fa-arrow-right\u00bb add_icon=\u00bbtrue\u00bb link=\u00bburl:https%3A%2F%2Fwww.ull.es%2Feventos%2Fde-libros-y-otras-hierbas%2Fla-otra-vida-de-las-plantas%2F|title:La%20otra%20vida%20de%20las%20plantas\u00bb][\/vc_column_inner][\/vc_row_inner][\/vc_column][\/vc_row]<\/p>\n","protected":false},"excerpt":{"rendered":"<p>[vc_row gap=\u00bb35&#8243;][vc_column width=\u00bb1\/3&#8243;][\/vc_column][vc_column width=\u00bb2\/3&#8243;][vc_single_image image=\u00bb254&#8243; img_size=\u00bbmedium\u00bb css=\u00bb.vc_custom_1682594398088{padding-top: 30px !important;}\u00bb][\/vc_column][\/vc_row][vc_row][vc_column][vc_separator][\/vc_column][\/vc_row][vc_row gap=\u00bb35&#8243;][vc_column width=\u00bb1\/3&#8243;][vc_custom_heading text=\u00bbAntonio Gonz\u00e1lez y Wolfredo Wildpret: pioneros en los estudios de la flora canaria\u00bb font_container=\u00bbtag:h1|font_size:1.2%20em|text_align:right\u00bb google_fonts=\u00bbfont_family:Inconsolata%3Aregular%2C700|font_style:400%20regular%3A400%3Anormal\u00bb][vc_separator][vc_row_inner css=\u00bb.vc_custom_1682594477466{background-image: url(http:\/\/www.ull.es\/eventos\/de-libros-y-otras-hierbas\/wp-content\/uploads\/sites\/53\/2023\/04\/9-scaled.jpg?id=45) !important;background-position: center !important;background-repeat: no-repeat !important;background-size: cover !important;border-radius: 10px !important;}\u00bb][vc_column_inner][vc_empty_space height=\u00bb700px\u00bb][\/vc_column_inner][\/vc_row_inner][\/vc_column][vc_column width=\u00bb2\/3&#8243;][vc_row_inner][vc_column_inner width=\u00bb3\/4&#8243;][vc_empty_space height=\u00bb38px\u00bb][vc_column_text] Antonio Gonz\u00e1lez Gonz\u00e1lez \u00a0(1917 \u2013 2002), qu\u00edmico tinerfe\u00f1o Sus estudios universitarios, cursados en la&#8230;<\/p>\n","protected":false},"author":14,"featured_media":0,"parent":0,"menu_order":0,"comment_status":"closed","ping_status":"closed","template":"templates\/template-no-title.php","meta":{"footnotes":""},"class_list":["post-133","page","type-page","status-publish","hentry"],"_links":{"self":[{"href":"https:\/\/www.ull.es\/eventos\/de-libros-y-otras-hierbas\/wp-json\/wp\/v2\/pages\/133"}],"collection":[{"href":"https:\/\/www.ull.es\/eventos\/de-libros-y-otras-hierbas\/wp-json\/wp\/v2\/pages"}],"about":[{"href":"https:\/\/www.ull.es\/eventos\/de-libros-y-otras-hierbas\/wp-json\/wp\/v2\/types\/page"}],"author":[{"embeddable":true,"href":"https:\/\/www.ull.es\/eventos\/de-libros-y-otras-hierbas\/wp-json\/wp\/v2\/users\/14"}],"replies":[{"embeddable":true,"href":"https:\/\/www.ull.es\/eventos\/de-libros-y-otras-hierbas\/wp-json\/wp\/v2\/comments?post=133"}],"version-history":[{"count":12,"href":"https:\/\/www.ull.es\/eventos\/de-libros-y-otras-hierbas\/wp-json\/wp\/v2\/pages\/133\/revisions"}],"predecessor-version":[{"id":290,"href":"https:\/\/www.ull.es\/eventos\/de-libros-y-otras-hierbas\/wp-json\/wp\/v2\/pages\/133\/revisions\/290"}],"wp:attachment":[{"href":"https:\/\/www.ull.es\/eventos\/de-libros-y-otras-hierbas\/wp-json\/wp\/v2\/media?parent=133"}],"curies":[{"name":"wp","href":"https:\/\/api.w.org\/{rel}","templated":true}]}}