{"id":145,"date":"2023-04-19T10:30:34","date_gmt":"2023-04-19T10:30:34","guid":{"rendered":"https:\/\/www.ull.es\/eventos\/de-libros-y-otras-hierbas\/?page_id=145"},"modified":"2023-04-27T11:36:00","modified_gmt":"2023-04-27T11:36:00","slug":"145-2","status":"publish","type":"page","link":"https:\/\/www.ull.es\/eventos\/de-libros-y-otras-hierbas\/145-2\/","title":{"rendered":"El futuro de la bot\u00e1nica"},"content":{"rendered":"<p>[vc_row gap=\u00bb35&#8243;][vc_column width=\u00bb1\/3&#8243;][\/vc_column][vc_column width=\u00bb2\/3&#8243;][vc_single_image image=\u00bb254&#8243; img_size=\u00bbmedium\u00bb css=\u00bb.vc_custom_1682595225239{padding-top: 30px !important;}\u00bb][\/vc_column][\/vc_row][vc_row][vc_column][vc_separator][\/vc_column][\/vc_row][vc_row gap=\u00bb35&#8243;][vc_column width=\u00bb1\/3&#8243;][vc_custom_heading text=\u00bbEl futuro de la bot\u00e1nica\u00bb font_container=\u00bbtag:h1|font_size:1.2%20em|text_align:right\u00bb google_fonts=\u00bbfont_family:Inconsolata%3Aregular%2C700|font_style:400%20regular%3A400%3Anormal\u00bb][vc_separator][vc_row_inner css=\u00bb.vc_custom_1682595340493{background-image: url(http:\/\/www.ull.es\/eventos\/de-libros-y-otras-hierbas\/wp-content\/uploads\/sites\/53\/2023\/04\/12-scaled.jpg?id=48) !important;background-position: center !important;background-repeat: no-repeat !important;background-size: cover !important;border-radius: 10px !important;}\u00bb][vc_column_inner][vc_empty_space height=\u00bb700px\u00bb][\/vc_column_inner][\/vc_row_inner][\/vc_column][vc_column width=\u00bb2\/3&#8243;][vc_row_inner][vc_column_inner width=\u00bb3\/4&#8243;][vc_empty_space height=\u00bb64px\u00bb][vc_column_text]Algunas investigaciones concluyen que el n\u00famero global de especies en el planeta es de 8,7 \u00b11,3 millones, de las cuales 2,2 +0,18 millones corresponden a especies marinas. Adem\u00e1s, alrededor del 86% de las especies existentes en ambientes terrestres y el 91% de las especies marinas a\u00fan esperan descripci\u00f3n.<\/p>\n<p>Se estima que el n\u00famero de especies arb\u00f3reas en el planeta es de 73 000, de las cuales unas 9000 especies no han sido descritas para la ciencia, y establecen que el 40% de esas especies no descubiertas, muchas de ellas raras, con poblaciones de pocos ejemplares y distribuci\u00f3n reducida, se encuentran en Am\u00e9rica del Sur.<\/p>\n<p>Algunas de las especies que a\u00fan no est\u00e1n descritas para la ciencia han sido recolectadas y se encuentran conservadas en herbarios, esperando a que alg\u00fan tax\u00f3nomo las describa. Conscientes de la importancia de la informaci\u00f3n que muestra el material vegetal recolectado desde hace cientos de a\u00f1os, las pol\u00edticas de gesti\u00f3n de los herbarios se han dirigido desde hace unas d\u00e9cadas hacia la informatizaci\u00f3n de la informaci\u00f3n que aporta cada esp\u00e9cimen conservado y hacia la digitalizaci\u00f3n de los espec\u00edmenes. El futuro hacia el que se dirigen los herbarios, herramienta fundamental para el estudio de la biodiversidad de todos los organismos que estudia la bot\u00e1nica, pasa por la generaci\u00f3n de redes entre instituciones o bases de datos globales de acceso p\u00fablico, para el estudio de todo el material depositado hasta el momento en todos los herbarios del mundo.<\/p>\n<p>Por tanto, la taxonom\u00eda bot\u00e1nica seguir\u00e1 siendo indispensable para el estudio de la biodiversidad. El reto est\u00e1 en la formaci\u00f3n de tax\u00f3nomos, especialistas que escasean a nivel mundial, especialmente para grupos de organismos poco carism\u00e1ticos.<\/p>\n<p>El desarrollo de la biolog\u00eda molecular ha ido aparejado al continuo desarrollo tecnol\u00f3gico e inform\u00e1tico y as\u00ed seguir\u00e1 siendo en el futuro; esto permitir\u00e1 estudios moleculares de gran complejidad que ayudar\u00e1n a desentra\u00f1ar el pasado y presente de las plantas que habitan el planeta y sus relaciones gen\u00e9ticas, su origen biogeogr\u00e1fico, sus posibles problemas de conservaci\u00f3n, la relaci\u00f3n entre especies y un sinf\u00edn de preguntas para las que hoy no tenemos respuestas o solo contamos con resultados a\u00fan preliminares.<\/p>\n<p>Uno de los problemas ambientales m\u00e1s acuciantes que tenemos en la actualidad es la p\u00e9rdida de biodiversidad. Es probable que el desarrollo futuro de t\u00e9cnicas moleculares permita revertir esta degradaci\u00f3n mediante la desextinci\u00f3n de especies, y ser\u00e1 entonces cuando el material depositado en los herbarios adquiera una importancia crucial: semillas viables que puedan ser recuperadas de pliegos de herbario, carpotecas y seminotecas (colecciones de frutos y semillas, respectivamente) pueden suponer la v\u00eda r\u00e1pida para la desextinci\u00f3n de plantas. Por su parte, la secuenciaci\u00f3n de genomas completos de organismos extintos, tambi\u00e9n conservados en los herbarios de todo el planeta, supondr\u00e1, sin duda, un punto de partida para revertir la p\u00e9rdida de biodiversidad de especies en un futuro quiz\u00e1s no tan lejano.<\/p>\n<p>Pero no solo los cient\u00edficos contribuir\u00e1n al desarrollo de la bot\u00e1nica como disciplina cient\u00edfica: la ciencia ciudadana se est\u00e1 abriendo paso, cada vez m\u00e1s, en el estudio de la biodiversidad mundial. Bases de datos tremendamente potentes como iNaturalist o GBIF (<i>Global Biodiversity Information Facility<\/i>), inicialmente dise\u00f1adas para el uso t\u00e9cnico por parte de la comunidad cient\u00edfica, se han abierto para que cualquier usuario pueda incorporar sus observaciones e incrementar as\u00ed el conocimiento de la biodiversidad a nivel mundial.[\/vc_column_text][vc_empty_space][vc_media_grid element_width=\u00bb3&#8243; gap=\u00bb3&#8243; grid_id=\u00bbvc_gid:1682595291339-7700e21f-63d2-3&#8243; include=\u00bb149,148,147,146&#8243;][vc_empty_space][\/vc_column_inner][vc_column_inner width=\u00bb1\/4&#8243;][\/vc_column_inner][\/vc_row_inner][vc_tta_accordion style=\u00bbflat\u00bb color=\u00bbchino\u00bb active_section=\u00bb\u00bb collapsible_all=\u00bbtrue\u00bb][vc_tta_section title=\u00bbConservaci\u00f3n\u00bb tab_id=\u00bb1681900148593-ca89a966-595d\u00bb][vc_column_text]El futuro de la biodiversidad canaria depender\u00e1 del estado de conservaci\u00f3n de las especies y de los espacios. Algunos de los problemas a los que tendremos que hacer frente en las pr\u00f3ximas d\u00e9cadas son la degradaci\u00f3n de los h\u00e1bitats, la introducci\u00f3n de especies invasoras y la extinci\u00f3n de especies. En este sentido, el cumplimiento de los Objetivos de Desarrollo Sostenible 14 y 15 contribuir\u00e1 a luchar contra la p\u00e9rdida de biodiversidad.[\/vc_column_text][vc_btn title=\u00bbAcceso a las obras expuestas\u00bb color=\u00bbchino\u00bb align=\u00bbleft\u00bb button_block=\u00bbtrue\u00bb link=\u00bburl:https%3A%2F%2Fabsysnetweb.bbtk.ull.es%2Fcgi-bin%2Fabnetopac%3FACC%3DDOSEARCH%26xsqf99%3D(2023EXPIBOTANICA%20Conservacion).t950.|title:Acceso%20a%20las%20obras%20expuestas\u00bb][\/vc_tta_section][vc_tta_section title=\u00bbEcolog\u00eda\u00bb tab_id=\u00bb1681900148606-b4220ce4-bbf1&#8243;][vc_column_text]Fue Ernst H. Haeckel el cient\u00edfico que acu\u00f1\u00f3 el t\u00e9rmino ecolog\u00eda, creando as\u00ed una disciplina que podemos definir como la encargada de estudiar las relaciones de los organismos entre s\u00ed y con el medio que habitan, incluyendo el transporte de materia y energ\u00eda, y su transformaci\u00f3n por las comunidades biol\u00f3gicas.[\/vc_column_text][vc_btn title=\u00bbAcceso a las obras expuestas\u00bb color=\u00bbchino\u00bb align=\u00bbleft\u00bb button_block=\u00bbtrue\u00bb link=\u00bburl:https%3A%2F%2Fabsysnetweb.bbtk.ull.es%2Fcgi-bin%2Fabnetopac%3FACC%3DDOSEARCH%26xsqf99%3D(2023EXPIBOTANICA%20Ecologia).t950.|title:Acceso%20a%20las%20obras%20expuestas\u00bb][\/vc_tta_section][\/vc_tta_accordion][vc_empty_space][vc_separator][vc_row_inner gap=\u00bb35&#8243;][vc_column_inner width=\u00bb1\/2&#8243;][vc_btn title=\u00bbLa otra vida de las plantas\u00bb style=\u00bbflat\u00bb i_icon_fontawesome=\u00bbfas fa-arrow-left\u00bb add_icon=\u00bbtrue\u00bb link=\u00bburl:https%3A%2F%2Fwww.ull.es%2Feventos%2Fde-libros-y-otras-hierbas%2Fla-otra-vida-de-las-plantas%2F|title:La%20otra%20vida%20de%20las%20plantas\u00bb][\/vc_column_inner][vc_column_inner width=\u00bb1\/2&#8243;][\/vc_column_inner][\/vc_row_inner][\/vc_column][\/vc_row]<\/p>\n","protected":false},"excerpt":{"rendered":"<p>[vc_row gap=\u00bb35&#8243;][vc_column width=\u00bb1\/3&#8243;][\/vc_column][vc_column width=\u00bb2\/3&#8243;][vc_single_image image=\u00bb254&#8243; img_size=\u00bbmedium\u00bb css=\u00bb.vc_custom_1682595225239{padding-top: 30px !important;}\u00bb][\/vc_column][\/vc_row][vc_row][vc_column][vc_separator][\/vc_column][\/vc_row][vc_row gap=\u00bb35&#8243;][vc_column width=\u00bb1\/3&#8243;][vc_custom_heading text=\u00bbEl futuro de la bot\u00e1nica\u00bb font_container=\u00bbtag:h1|font_size:1.2%20em|text_align:right\u00bb google_fonts=\u00bbfont_family:Inconsolata%3Aregular%2C700|font_style:400%20regular%3A400%3Anormal\u00bb][vc_separator][vc_row_inner css=\u00bb.vc_custom_1682595340493{background-image: url(http:\/\/www.ull.es\/eventos\/de-libros-y-otras-hierbas\/wp-content\/uploads\/sites\/53\/2023\/04\/12-scaled.jpg?id=48) !important;background-position: center !important;background-repeat: no-repeat !important;background-size: cover !important;border-radius: 10px !important;}\u00bb][vc_column_inner][vc_empty_space height=\u00bb700px\u00bb][\/vc_column_inner][\/vc_row_inner][\/vc_column][vc_column width=\u00bb2\/3&#8243;][vc_row_inner][vc_column_inner width=\u00bb3\/4&#8243;][vc_empty_space height=\u00bb64px\u00bb][vc_column_text]Algunas investigaciones concluyen que el n\u00famero global de especies en el planeta es de 8,7 \u00b11,3 millones, de las cuales 2,2 +0,18 millones&#8230;<\/p>\n","protected":false},"author":14,"featured_media":0,"parent":0,"menu_order":0,"comment_status":"closed","ping_status":"closed","template":"templates\/template-no-title.php","meta":{"footnotes":""},"class_list":["post-145","page","type-page","status-publish","hentry"],"_links":{"self":[{"href":"https:\/\/www.ull.es\/eventos\/de-libros-y-otras-hierbas\/wp-json\/wp\/v2\/pages\/145"}],"collection":[{"href":"https:\/\/www.ull.es\/eventos\/de-libros-y-otras-hierbas\/wp-json\/wp\/v2\/pages"}],"about":[{"href":"https:\/\/www.ull.es\/eventos\/de-libros-y-otras-hierbas\/wp-json\/wp\/v2\/types\/page"}],"author":[{"embeddable":true,"href":"https:\/\/www.ull.es\/eventos\/de-libros-y-otras-hierbas\/wp-json\/wp\/v2\/users\/14"}],"replies":[{"embeddable":true,"href":"https:\/\/www.ull.es\/eventos\/de-libros-y-otras-hierbas\/wp-json\/wp\/v2\/comments?post=145"}],"version-history":[{"count":12,"href":"https:\/\/www.ull.es\/eventos\/de-libros-y-otras-hierbas\/wp-json\/wp\/v2\/pages\/145\/revisions"}],"predecessor-version":[{"id":297,"href":"https:\/\/www.ull.es\/eventos\/de-libros-y-otras-hierbas\/wp-json\/wp\/v2\/pages\/145\/revisions\/297"}],"wp:attachment":[{"href":"https:\/\/www.ull.es\/eventos\/de-libros-y-otras-hierbas\/wp-json\/wp\/v2\/media?parent=145"}],"curies":[{"name":"wp","href":"https:\/\/api.w.org\/{rel}","templated":true}]}}