{"id":154,"date":"2023-04-19T10:34:07","date_gmt":"2023-04-19T10:34:07","guid":{"rendered":"https:\/\/www.ull.es\/eventos\/de-libros-y-otras-hierbas\/?page_id=154"},"modified":"2023-04-27T13:10:06","modified_gmt":"2023-04-27T13:10:06","slug":"actividades","status":"publish","type":"page","link":"https:\/\/www.ull.es\/eventos\/de-libros-y-otras-hierbas\/actividades\/","title":{"rendered":"Actividades"},"content":{"rendered":"<p>[vc_row gap=\u00bb35&#8243;][vc_column width=\u00bb1\/3&#8243;][\/vc_column][vc_column width=\u00bb2\/3&#8243;][vc_single_image image=\u00bb254&#8243; img_size=\u00bbmedium\u00bb css=\u00bb.vc_custom_1682594307884{padding-top: 30px !important;}\u00bb][\/vc_column][\/vc_row][vc_row][vc_column][vc_separator][\/vc_column][\/vc_row][vc_row gap=\u00bb35&#8243;][vc_column width=\u00bb1\/3&#8243;][vc_custom_heading text=\u00bbActividades\u00bb font_container=\u00bbtag:h1|font_size:1.2%20em|text_align:right\u00bb google_fonts=\u00bbfont_family:Inconsolata%3Aregular%2C700|font_style:400%20regular%3A400%3Anormal\u00bb][vc_separator][vc_row_inner css=\u00bb.vc_custom_1682594338683{background-image: url(http:\/\/www.ull.es\/eventos\/de-libros-y-otras-hierbas\/wp-content\/uploads\/sites\/53\/2023\/04\/11-scaled.jpg?id=47) !important;background-position: center !important;background-repeat: no-repeat !important;background-size: cover !important;border-radius: 10px !important;}\u00bb][vc_column_inner][vc_empty_space height=\u00bb700px\u00bb][\/vc_column_inner][\/vc_row_inner][\/vc_column][vc_column width=\u00bb2\/3&#8243;][vc_row_inner][vc_column_inner width=\u00bb3\/4&#8243;][vc_empty_space height=\u00bb64px\u00bb][vc_column_text]<b>25 de abril de 2023<br \/>\n<\/b><\/p>\n<p><strong>11:30<\/strong> Firma del acta de aceptaci\u00f3n de la donaci\u00f3n de la Asociaci\u00f3n de Antiguos Alumnos y Amigos de la Universidad de La Laguna.<\/p>\n<p>&nbsp;<\/p>\n<p><strong>12:00<\/strong> Inauguraci\u00f3n de la exposici\u00f3n <i>De libros y otras hierbas. Estudios sobre bot\u00e1nica de Canarias<\/i><\/p>\n<p>&nbsp;<\/p>\n<p><strong>12:30<\/strong> Representaci\u00f3n de <i>Historia de la doncella Teodor<\/i> (cuento de las mil y una noches) a cargo de la Agrupaci\u00f3n de Teatro de Filolog\u00eda<\/p>\n<p><strong>13:00<\/strong> Mesa redonda sobre:<i> El futuro de la bot\u00e1nica<\/i> con la participaci\u00f3n de Marta Sans\u00f3n Acedo (Profesora ULL), Pedro Luis P\u00e9rez de Paz (Profesor ULL jubilado), Leticia Rodr\u00edguez Navarro (T\u00e9cnica de Impacto Ambiental), Jairo Pati\u00f1o Llorente (IPNA.CSIC) y Alfredo Reyes Betancort (ICIA). Modera: Cristina Gonzalez Montelongo (SEGAI)[\/vc_column_text][\/vc_column_inner][vc_column_inner width=\u00bb1\/4&#8243;][\/vc_column_inner][\/vc_row_inner][\/vc_column][\/vc_row]<\/p>\n","protected":false},"excerpt":{"rendered":"<p>[vc_row gap=\u00bb35&#8243;][vc_column width=\u00bb1\/3&#8243;][\/vc_column][vc_column width=\u00bb2\/3&#8243;][vc_single_image image=\u00bb254&#8243; img_size=\u00bbmedium\u00bb css=\u00bb.vc_custom_1682594307884{padding-top: 30px !important;}\u00bb][\/vc_column][\/vc_row][vc_row][vc_column][vc_separator][\/vc_column][\/vc_row][vc_row gap=\u00bb35&#8243;][vc_column width=\u00bb1\/3&#8243;][vc_custom_heading text=\u00bbActividades\u00bb font_container=\u00bbtag:h1|font_size:1.2%20em|text_align:right\u00bb google_fonts=\u00bbfont_family:Inconsolata%3Aregular%2C700|font_style:400%20regular%3A400%3Anormal\u00bb][vc_separator][vc_row_inner css=\u00bb.vc_custom_1682594338683{background-image: url(http:\/\/www.ull.es\/eventos\/de-libros-y-otras-hierbas\/wp-content\/uploads\/sites\/53\/2023\/04\/11-scaled.jpg?id=47) !important;background-position: center !important;background-repeat: no-repeat !important;background-size: cover !important;border-radius: 10px !important;}\u00bb][vc_column_inner][vc_empty_space height=\u00bb700px\u00bb][\/vc_column_inner][\/vc_row_inner][\/vc_column][vc_column width=\u00bb2\/3&#8243;][vc_row_inner][vc_column_inner width=\u00bb3\/4&#8243;][vc_empty_space height=\u00bb64px\u00bb][vc_column_text]25 de abril de 2023 11:30 Firma del acta de aceptaci\u00f3n de la donaci\u00f3n de la Asociaci\u00f3n de Antiguos Alumnos y Amigos de la Universidad de La&#8230;<\/p>\n","protected":false},"author":14,"featured_media":0,"parent":0,"menu_order":0,"comment_status":"closed","ping_status":"closed","template":"templates\/template-no-title.php","meta":{"footnotes":""},"class_list":["post-154","page","type-page","status-publish","hentry"],"_links":{"self":[{"href":"https:\/\/www.ull.es\/eventos\/de-libros-y-otras-hierbas\/wp-json\/wp\/v2\/pages\/154"}],"collection":[{"href":"https:\/\/www.ull.es\/eventos\/de-libros-y-otras-hierbas\/wp-json\/wp\/v2\/pages"}],"about":[{"href":"https:\/\/www.ull.es\/eventos\/de-libros-y-otras-hierbas\/wp-json\/wp\/v2\/types\/page"}],"author":[{"embeddable":true,"href":"https:\/\/www.ull.es\/eventos\/de-libros-y-otras-hierbas\/wp-json\/wp\/v2\/users\/14"}],"replies":[{"embeddable":true,"href":"https:\/\/www.ull.es\/eventos\/de-libros-y-otras-hierbas\/wp-json\/wp\/v2\/comments?post=154"}],"version-history":[{"count":5,"href":"https:\/\/www.ull.es\/eventos\/de-libros-y-otras-hierbas\/wp-json\/wp\/v2\/pages\/154\/revisions"}],"predecessor-version":[{"id":308,"href":"https:\/\/www.ull.es\/eventos\/de-libros-y-otras-hierbas\/wp-json\/wp\/v2\/pages\/154\/revisions\/308"}],"wp:attachment":[{"href":"https:\/\/www.ull.es\/eventos\/de-libros-y-otras-hierbas\/wp-json\/wp\/v2\/media?parent=154"}],"curies":[{"name":"wp","href":"https:\/\/api.w.org\/{rel}","templated":true}]}}