{"id":159,"date":"2023-04-19T10:37:48","date_gmt":"2023-04-19T10:37:48","guid":{"rendered":"https:\/\/www.ull.es\/eventos\/de-libros-y-otras-hierbas\/?page_id=159"},"modified":"2023-04-27T13:06:13","modified_gmt":"2023-04-27T13:06:13","slug":"multimedia","status":"publish","type":"page","link":"https:\/\/www.ull.es\/eventos\/de-libros-y-otras-hierbas\/multimedia\/","title":{"rendered":"Multimedia"},"content":{"rendered":"<p>[vc_row gap=\u00bb35&#8243;][vc_column width=\u00bb1\/3&#8243;][\/vc_column][vc_column width=\u00bb2\/3&#8243;][vc_single_image image=\u00bb254&#8243; img_size=\u00bbmedium\u00bb css=\u00bb.vc_custom_1682600343734{padding-top: 30px !important;}\u00bb][\/vc_column][\/vc_row][vc_row][vc_column][vc_separator][\/vc_column][\/vc_row][vc_row gap=\u00bb35&#8243;][vc_column width=\u00bb1\/3&#8243;][vc_custom_heading text=\u00bbMultimedia\u00bb font_container=\u00bbtag:h1|font_size:1.2%20em|text_align:right\u00bb google_fonts=\u00bbfont_family:Inconsolata%3Aregular%2C700|font_style:400%20regular%3A400%3Anormal\u00bb][vc_separator][vc_row_inner css=\u00bb.vc_custom_1682600692637{background-image: url(http:\/\/www.ull.es\/eventos\/de-libros-y-otras-hierbas\/wp-content\/uploads\/sites\/53\/2023\/04\/1-scaled.jpg?id=37) !important;background-position: center !important;background-repeat: no-repeat !important;background-size: cover !important;border-radius: 10px !important;}\u00bb][vc_column_inner][vc_empty_space height=\u00bb700px\u00bb][\/vc_column_inner][\/vc_row_inner][\/vc_column][vc_column width=\u00bb2\/3&#8243;][vc_row_inner][vc_column_inner width=\u00bb3\/4&#8243;][vc_empty_space height=\u00bb44px\u00bb][vc_custom_heading text=\u00bbV\u00eddeo\u00bb font_container=\u00bbtag:h4|font_size:14px|text_align:left\u00bb google_fonts=\u00bbfont_family:Inconsolata%3Aregular%2C700|font_style:400%20regular%3A400%3Anormal\u00bb][vc_separator][vc_column_text]<a href=\"https:\/\/www.cienciatk.csic.es\/Videos\/EL+ORACULO+DEL+REINO+JOSE+CELESTINO+MUTIS+Y+LA+EXPEDICION+BOTANICA_25088.html\" target=\"_blank\" rel=\"noopener\"><strong>El or\u00e1culo del reino. Jos\u00e9 Celestino Mutis y la expedici\u00f3n bot\u00e1nica<\/strong><\/a><br \/>\nCIENCIATK. Consejo Superior de Investigaciones Cient\u00edficas[\/vc_column_text][vc_separator][vc_column_text]<a href=\"https:\/\/www.youtube.com\/watch?v=_nALt1P7UtU\" target=\"_blank\" rel=\"noopener\"><strong>The Remarkable Miss North<\/strong><\/a><br \/>\nRoyal Botanic Gardens, Kew[\/vc_column_text][vc_separator][vc_column_text]<a href=\"https:\/\/www.youtube.com\/watch?v=OBbskY2fkVc\" target=\"_blank\" rel=\"noopener\"><strong>Virtual tour: The Marianne North Gallery<\/strong><\/a><br \/>\nRoyal Botanic Gardens, Kew[\/vc_column_text][vc_empty_space height=\u00bb44px\u00bb][vc_custom_heading text=\u00bbAudio\u00bb font_container=\u00bbtag:h4|font_size:14px|text_align:left\u00bb google_fonts=\u00bbfont_family:Inconsolata%3Aregular%2C700|font_style:400%20regular%3A400%3Anormal\u00bb][vc_separator][vc_column_text]<a href=\"https:\/\/www.rtve.es\/radio\/20090925\/documentos-rne-jose-celestino-mutis\/293954.shtml\" target=\"_blank\" rel=\"noopener\"><strong>El largo camino hacia la Expedici\u00f3n Bot\u00e1nica de Nueva Granada\u00a0<\/strong><\/a><br \/>\n<span class=\"maintitle\">Documentos RNE. Jos\u00e9 Celestino Mutis<\/span>[\/vc_column_text][vc_separator][vc_column_text]<a href=\"https:\/\/www.rtve.es\/play\/audios\/a-hombros-de-gigantes\/jose-celestino-mutis-patriarca-botanicos\/943260\/\" target=\"_blank\" rel=\"noopener\"><strong>Jos\u00e9 Celestino Mutis, &#8216;patriarca de bot\u00e1nicos&#8217;<\/strong><\/a><br \/>\nA hombros de gigantes. RNE[\/vc_column_text][vc_separator][vc_column_text]<a href=\"https:\/\/www.rtve.es\/play\/audios\/ciencia-y-tecnologia-en-rtvees\/linneo-su-sistema-clasificacion-biologica\/804725\/\" target=\"_blank\" rel=\"noopener\"><strong>Sistema de clasificaci\u00f3n biol\u00f3gica<\/strong><\/a><br \/>\nCiencia y tecnolog\u00eda en RTVE.[\/vc_column_text][vc_separator][\/vc_column_inner][vc_column_inner width=\u00bb1\/4&#8243;][\/vc_column_inner][\/vc_row_inner][\/vc_column][\/vc_row]<\/p>\n","protected":false},"excerpt":{"rendered":"<p>[vc_row gap=\u00bb35&#8243;][vc_column width=\u00bb1\/3&#8243;][\/vc_column][vc_column width=\u00bb2\/3&#8243;][vc_single_image image=\u00bb254&#8243; img_size=\u00bbmedium\u00bb css=\u00bb.vc_custom_1682600343734{padding-top: 30px !important;}\u00bb][\/vc_column][\/vc_row][vc_row][vc_column][vc_separator][\/vc_column][\/vc_row][vc_row gap=\u00bb35&#8243;][vc_column width=\u00bb1\/3&#8243;][vc_custom_heading text=\u00bbMultimedia\u00bb font_container=\u00bbtag:h1|font_size:1.2%20em|text_align:right\u00bb google_fonts=\u00bbfont_family:Inconsolata%3Aregular%2C700|font_style:400%20regular%3A400%3Anormal\u00bb][vc_separator][vc_row_inner css=\u00bb.vc_custom_1682600692637{background-image: url(http:\/\/www.ull.es\/eventos\/de-libros-y-otras-hierbas\/wp-content\/uploads\/sites\/53\/2023\/04\/1-scaled.jpg?id=37) !important;background-position: center !important;background-repeat: no-repeat !important;background-size: cover !important;border-radius: 10px !important;}\u00bb][vc_column_inner][vc_empty_space height=\u00bb700px\u00bb][\/vc_column_inner][\/vc_row_inner][\/vc_column][vc_column width=\u00bb2\/3&#8243;][vc_row_inner][vc_column_inner width=\u00bb3\/4&#8243;][vc_empty_space height=\u00bb44px\u00bb][vc_custom_heading text=\u00bbV\u00eddeo\u00bb font_container=\u00bbtag:h4|font_size:14px|text_align:left\u00bb google_fonts=\u00bbfont_family:Inconsolata%3Aregular%2C700|font_style:400%20regular%3A400%3Anormal\u00bb][vc_separator][vc_column_text]El or\u00e1culo del reino. Jos\u00e9 Celestino Mutis y la expedici\u00f3n bot\u00e1nica CIENCIATK. Consejo Superior de Investigaciones Cient\u00edficas[\/vc_column_text][vc_separator][vc_column_text]The Remarkable Miss North Royal Botanic Gardens, Kew[\/vc_column_text][vc_separator][vc_column_text]Virtual&#8230;<\/p>\n","protected":false},"author":14,"featured_media":0,"parent":0,"menu_order":0,"comment_status":"closed","ping_status":"closed","template":"templates\/template-no-title.php","meta":{"footnotes":""},"class_list":["post-159","page","type-page","status-publish","hentry"],"_links":{"self":[{"href":"https:\/\/www.ull.es\/eventos\/de-libros-y-otras-hierbas\/wp-json\/wp\/v2\/pages\/159"}],"collection":[{"href":"https:\/\/www.ull.es\/eventos\/de-libros-y-otras-hierbas\/wp-json\/wp\/v2\/pages"}],"about":[{"href":"https:\/\/www.ull.es\/eventos\/de-libros-y-otras-hierbas\/wp-json\/wp\/v2\/types\/page"}],"author":[{"embeddable":true,"href":"https:\/\/www.ull.es\/eventos\/de-libros-y-otras-hierbas\/wp-json\/wp\/v2\/users\/14"}],"replies":[{"embeddable":true,"href":"https:\/\/www.ull.es\/eventos\/de-libros-y-otras-hierbas\/wp-json\/wp\/v2\/comments?post=159"}],"version-history":[{"count":7,"href":"https:\/\/www.ull.es\/eventos\/de-libros-y-otras-hierbas\/wp-json\/wp\/v2\/pages\/159\/revisions"}],"predecessor-version":[{"id":249,"href":"https:\/\/www.ull.es\/eventos\/de-libros-y-otras-hierbas\/wp-json\/wp\/v2\/pages\/159\/revisions\/249"}],"wp:attachment":[{"href":"https:\/\/www.ull.es\/eventos\/de-libros-y-otras-hierbas\/wp-json\/wp\/v2\/media?parent=159"}],"curies":[{"name":"wp","href":"https:\/\/api.w.org\/{rel}","templated":true}]}}