{"id":169,"date":"2023-04-19T10:44:13","date_gmt":"2023-04-19T10:44:13","guid":{"rendered":"https:\/\/www.ull.es\/eventos\/de-libros-y-otras-hierbas\/?page_id=169"},"modified":"2023-04-27T11:27:05","modified_gmt":"2023-04-27T11:27:05","slug":"creditos","status":"publish","type":"page","link":"https:\/\/www.ull.es\/eventos\/de-libros-y-otras-hierbas\/creditos\/","title":{"rendered":"Cr\u00e9ditos"},"content":{"rendered":"<p>[vc_row gap=\u00bb35&#8243;][vc_column width=\u00bb1\/3&#8243;][\/vc_column][vc_column width=\u00bb2\/3&#8243;][vc_single_image image=\u00bb254&#8243; img_size=\u00bbmedium\u00bb css=\u00bb.vc_custom_1682594796569{padding-top: 30px !important;}\u00bb][\/vc_column][\/vc_row][vc_row][vc_column][vc_separator][\/vc_column][\/vc_row][vc_row gap=\u00bb35&#8243;][vc_column width=\u00bb1\/3&#8243;][vc_custom_heading text=\u00bbCr\u00e9ditos\u00bb font_container=\u00bbtag:h1|font_size:1.2%20em|text_align:right\u00bb google_fonts=\u00bbfont_family:Inconsolata%3Aregular%2C700|font_style:400%20regular%3A400%3Anormal\u00bb][vc_separator][vc_row_inner css=\u00bb.vc_custom_1682594762805{background-image: url(http:\/\/www.ull.es\/eventos\/de-libros-y-otras-hierbas\/wp-content\/uploads\/sites\/53\/2023\/04\/3-scaled.jpg?id=39) !important;background-position: center !important;background-repeat: no-repeat !important;background-size: cover !important;border-radius: 10px !important;}\u00bb][vc_column_inner][vc_empty_space height=\u00bb700px\u00bb][\/vc_column_inner][\/vc_row_inner][\/vc_column][vc_column width=\u00bb2\/3&#8243;][vc_row_inner][vc_column_inner width=\u00bb3\/4&#8243;][vc_empty_space height=\u00bb64px\u00bb][vc_column_text]<b>Comisarias<\/b><\/p>\n<p>Cristina Gonz\u00e1lez Montelongo<br \/>\nNereida Mar\u00eda Rancel Rodr\u00edguez<br \/>\nMarta Sans\u00f3n Acevedo<\/p>\n<p>&nbsp;<\/p>\n<p><b>Equipo de la Biblioteca<\/b><\/p>\n<p>Paz Fern\u00e1ndez Palomeque<br \/>\nSonia Garc\u00eda Y\u00e1nez<br \/>\nCarmen G\u00f3mez-Pablos Calvo<br \/>\nCarmen Lahuerta Hern\u00e1ndez<br \/>\nF\u00e1tima Sainz Sainz<\/p>\n<p>&nbsp;<\/p>\n<p><b>Equipo de parques y jardines<\/b><\/p>\n<p>Francisco de Borja Ariz\u00f3n Gonz\u00e1lez<br \/>\nFrancisco Oramas Gimbernat<\/p>\n<p>&nbsp;<\/p>\n<p><b>Dise\u00f1o gr\u00e1fico<\/b><\/p>\n<p>Ismael Garc\u00eda<\/p>\n<p>&nbsp;<\/p>\n<p><b>Agradecimientos<\/b><\/p>\n<p>Servicio de Parques y Jardines de la ULL<br \/>\nMuseo del IES Canarias Cabrera Pinto. Sala Agust\u00edn Cabrera \/ Teresa Juan<br \/>\nMuseo de Artesan\u00eda Iberoamericana de Tenerife \/ Milagros Amador Gonz\u00e1lez<br \/>\nCentro Ambiental La Tahonilla<br \/>\nFacultad de Ciencias de la ULL<br \/>\nIthaisa P\u00e9rez Conesa<br \/>\nEnrique Moneva<br \/>\nRosa Afonso<br \/>\nConcepci\u00f3n Gonz\u00e1lez Gil[\/vc_column_text][\/vc_column_inner][vc_column_inner width=\u00bb1\/4&#8243;][\/vc_column_inner][\/vc_row_inner][\/vc_column][\/vc_row]<\/p>\n","protected":false},"excerpt":{"rendered":"<p>[vc_row gap=\u00bb35&#8243;][vc_column width=\u00bb1\/3&#8243;][\/vc_column][vc_column width=\u00bb2\/3&#8243;][vc_single_image image=\u00bb254&#8243; img_size=\u00bbmedium\u00bb css=\u00bb.vc_custom_1682594796569{padding-top: 30px !important;}\u00bb][\/vc_column][\/vc_row][vc_row][vc_column][vc_separator][\/vc_column][\/vc_row][vc_row gap=\u00bb35&#8243;][vc_column width=\u00bb1\/3&#8243;][vc_custom_heading text=\u00bbCr\u00e9ditos\u00bb font_container=\u00bbtag:h1|font_size:1.2%20em|text_align:right\u00bb google_fonts=\u00bbfont_family:Inconsolata%3Aregular%2C700|font_style:400%20regular%3A400%3Anormal\u00bb][vc_separator][vc_row_inner css=\u00bb.vc_custom_1682594762805{background-image: url(http:\/\/www.ull.es\/eventos\/de-libros-y-otras-hierbas\/wp-content\/uploads\/sites\/53\/2023\/04\/3-scaled.jpg?id=39) !important;background-position: center !important;background-repeat: no-repeat !important;background-size: cover !important;border-radius: 10px !important;}\u00bb][vc_column_inner][vc_empty_space height=\u00bb700px\u00bb][\/vc_column_inner][\/vc_row_inner][\/vc_column][vc_column width=\u00bb2\/3&#8243;][vc_row_inner][vc_column_inner width=\u00bb3\/4&#8243;][vc_empty_space height=\u00bb64px\u00bb][vc_column_text]Comisarias Cristina Gonz\u00e1lez Montelongo Nereida Mar\u00eda Rancel Rodr\u00edguez Marta Sans\u00f3n Acevedo &nbsp; Equipo de la Biblioteca Paz Fern\u00e1ndez Palomeque Sonia Garc\u00eda Y\u00e1nez Carmen G\u00f3mez-Pablos Calvo Carmen Lahuerta&#8230;<\/p>\n","protected":false},"author":14,"featured_media":0,"parent":0,"menu_order":0,"comment_status":"closed","ping_status":"closed","template":"templates\/template-no-title.php","meta":{"footnotes":""},"class_list":["post-169","page","type-page","status-publish","hentry"],"_links":{"self":[{"href":"https:\/\/www.ull.es\/eventos\/de-libros-y-otras-hierbas\/wp-json\/wp\/v2\/pages\/169"}],"collection":[{"href":"https:\/\/www.ull.es\/eventos\/de-libros-y-otras-hierbas\/wp-json\/wp\/v2\/pages"}],"about":[{"href":"https:\/\/www.ull.es\/eventos\/de-libros-y-otras-hierbas\/wp-json\/wp\/v2\/types\/page"}],"author":[{"embeddable":true,"href":"https:\/\/www.ull.es\/eventos\/de-libros-y-otras-hierbas\/wp-json\/wp\/v2\/users\/14"}],"replies":[{"embeddable":true,"href":"https:\/\/www.ull.es\/eventos\/de-libros-y-otras-hierbas\/wp-json\/wp\/v2\/comments?post=169"}],"version-history":[{"count":5,"href":"https:\/\/www.ull.es\/eventos\/de-libros-y-otras-hierbas\/wp-json\/wp\/v2\/pages\/169\/revisions"}],"predecessor-version":[{"id":291,"href":"https:\/\/www.ull.es\/eventos\/de-libros-y-otras-hierbas\/wp-json\/wp\/v2\/pages\/169\/revisions\/291"}],"wp:attachment":[{"href":"https:\/\/www.ull.es\/eventos\/de-libros-y-otras-hierbas\/wp-json\/wp\/v2\/media?parent=169"}],"curies":[{"name":"wp","href":"https:\/\/api.w.org\/{rel}","templated":true}]}}