{"id":54,"date":"2023-04-17T10:46:54","date_gmt":"2023-04-17T10:46:54","guid":{"rendered":"https:\/\/www.ull.es\/eventos\/de-libros-y-otras-hierbas\/?page_id=54"},"modified":"2023-04-27T11:29:40","modified_gmt":"2023-04-27T11:29:40","slug":"de-naturalistas-a-cientificos-pasado-y-presente-de-la-botanica-en-las-islas","status":"publish","type":"page","link":"https:\/\/www.ull.es\/eventos\/de-libros-y-otras-hierbas\/de-naturalistas-a-cientificos-pasado-y-presente-de-la-botanica-en-las-islas\/","title":{"rendered":"De naturalistas a cient\u00edficos: pasado y presente de la bot\u00e1nica en las islas"},"content":{"rendered":"<p>[vc_row gap=\u00bb35&#8243;][vc_column width=\u00bb1\/3&#8243;][\/vc_column][vc_column width=\u00bb2\/3&#8243;][vc_single_image image=\u00bb254&#8243; img_size=\u00bbmedium\u00bb css=\u00bb.vc_custom_1682594843302{padding-top: 30px !important;}\u00bb][\/vc_column][\/vc_row][vc_row][vc_column][vc_separator][\/vc_column][\/vc_row][vc_row gap=\u00bb35&#8243;][vc_column width=\u00bb1\/3&#8243;][vc_custom_heading text=\u00bbDe naturalistas a cient\u00edficos: pasado y presente de la bot\u00e1nica en las islas\u00bb font_container=\u00bbtag:h1|font_size:1.2%20em|text_align:right\u00bb google_fonts=\u00bbfont_family:Inconsolata%3Aregular%2C700|font_style:400%20regular%3A400%3Anormal\u00bb][vc_separator][vc_row_inner css=\u00bb.vc_custom_1682594902117{background-image: url(http:\/\/www.ull.es\/eventos\/de-libros-y-otras-hierbas\/wp-content\/uploads\/sites\/53\/2023\/04\/3-scaled.jpg?id=39) !important;background-position: center !important;background-repeat: no-repeat !important;background-size: cover !important;border-radius: 10px !important;}\u00bb][vc_column_inner][vc_empty_space height=\u00bb700px\u00bb][\/vc_column_inner][\/vc_row_inner][\/vc_column][vc_column width=\u00bb2\/3&#8243;][vc_row_inner][vc_column_inner width=\u00bb3\/4&#8243;][vc_empty_space height=\u00bb64px\u00bb][vc_column_text]La relativa cercan\u00eda del archipi\u00e9lago a Europa, adem\u00e1s de su clima, historia y patrimonio natural, hacen de Canarias un reclamo de primer orden para los estudiosos de la naturaleza y especialmente para los bot\u00e1nicos desde el s. XVII hasta la actualidad.<\/p>\n<p>En sus inicios, los estudios sobre bot\u00e1nica en Canarias estaban en manos de naturalistas y bot\u00e1nicos nacionales como Antonio Jos\u00e9 de Cavanilles, director del Real Jard\u00edn Bot\u00e1nico de Madrid, que a su vez manten\u00edan contacto con ilustrados, cronistas, bot\u00e1nicos y naturalistas canarios como Viera y Clavijo. Los textos y las ilustraciones de estos y otros canarios como Manuel de Ossuna y Savi\u00f1\u00f3n, Domingo Bello y Espinosa y V\u00edctor P\u00e9rez Gonz\u00e1lez, recogen la pasi\u00f3n que muchos aficionados y especialistas sent\u00edan sobre la flora y la vegetaci\u00f3n canaria.<\/p>\n<p>Los europeos tambi\u00e9n se unieron a la exploraci\u00f3n bot\u00e1nica de Canarias, iniciada por Louis Feuill\u00e9e en 1724, realizando un inventario de m\u00e1s de 30 especies vegetales y dibujos de muchas de ellas. Posteriormente llegaron importantes ilustradores como J.J. Williams y Alfred Diston (colaboradores de la obra Historia Natural de las Islas Canarias, publicada entre 1836 y 1850) y Marianne North, y recolectores como Masson, Broussonet, Bourgeau y Oscar Burchard, algunos de ellos financiados por los principales jardines bot\u00e1nicos y herbarios europeos, donde se catalogaron y nombraron gran cantidad de plantas canarias. Los pliegos herborizados en el archipi\u00e9lago fueron tambi\u00e9n un reclamo para que otros naturalistas se acercaran a las islas atra\u00eddos por la singularidad de su flora. Incluso Linneo describi\u00f3 y dio nombre a plantas canarias sin haber visitado el archipi\u00e9lago.[\/vc_column_text][vc_empty_space][vc_media_grid element_width=\u00bb3&#8243; gap=\u00bb3&#8243; grid_id=\u00bbvc_gid:1682594810227-6086a611-4062-5&#8243; include=\u00bb60,59,58&#8243;][vc_empty_space][vc_separator][vc_column_text]Tras los pasos de naturalistas europeos ilustres como Bonpland, Bory de Saint-Vincent, Webb, Montagne o Christen Smith llegaron otros como Ram\u00f3n Masferrer y Arquimbau, Pitard, Proust, Lindinger, B\u00f8rgesen, Lid, etc. Sus contribuciones consagraron el archipi\u00e9lago como un lugar de m\u00e1ximo inter\u00e9s flor\u00edstico para los estudiosos europeos.<\/p>\n<p>Ya en el s. XX, con la creaci\u00f3n de la Facultad de Ciencias en la Universidad de La Laguna, se impulsan en mayor medida los estudios bot\u00e1nicos desarrollados por especialistas locales y se establecen l\u00edneas de investigaci\u00f3n en cada uno de los grupos que estudia la bot\u00e1nica: algas, hongos, l\u00edquenes, bri\u00f3fitos y plantas vasculares.<\/p>\n<p>En la actualidad, la bot\u00e1nica se ha establecido como una potente l\u00ednea de investigaci\u00f3n en diversas instituciones, entre las que destacan las dos universidades canarias (ULL y ULPGC), el Instituto de Investigaciones Agrarias (ICIA) del Gobierno de Canarias, donde destaca la unidad de Bot\u00e1nica y Recursos Filogen\u00e9ticos que se ubica en las instalaciones del Jard\u00edn de Aclimataci\u00f3n de La Orotava (Puerto de La Cruz); el Instituto Tecnol\u00f3gico de Canarias (ITC) del Gobierno de Canarias; el Instituto de Productos Naturales y Agrobiolog\u00eda (IPNA) del Consejo Superior de Investigaciones Cient\u00edficas (CSIC); el Jard\u00edn Bot\u00e1nico Canario \u201cViera y Clavijo\u201d del Cabildo de Gran Canaria-Unidad Asociada al CSIC; el Museo de Ciencias Naturales del Cabildo de Tenerife y el Banco Espa\u00f1ol de Algas (BEA).[\/vc_column_text][vc_empty_space][vc_btn title=\u00bbObra expuesta\u00bb style=\u00bbflat\u00bb color=\u00bbchino\u00bb align=\u00bbleft\u00bb button_block=\u00bbtrue\u00bb link=\u00bburl:https%3A%2F%2Fabsysnetweb.bbtk.ull.es%2Fcgi-bin%2Fabnetopac%3FACC%3DDOSEARCH%26xsqf99%3D(2023EXPIBOTANICA%20Canarias).t950.|target:_blank\u00bb][vc_empty_space][\/vc_column_inner][vc_column_inner width=\u00bb1\/4&#8243;][\/vc_column_inner][\/vc_row_inner][vc_separator][vc_row_inner][vc_column_inner width=\u00bb1\/2&#8243;][\/vc_column_inner][vc_column_inner width=\u00bb1\/2&#8243;][vc_btn title=\u00bbDos miradas excepcionales a la flora canaria\u00bb style=\u00bbflat\u00bb i_align=\u00bbright\u00bb i_icon_fontawesome=\u00bbfas fa-arrow-right\u00bb add_icon=\u00bbtrue\u00bb link=\u00bburl:https%3A%2F%2Fwww.ull.es%2Feventos%2Fde-libros-y-otras-hierbas%2F72-2%2F|title:Dos%20miradas%20excepcionales%20a%20la%20flora%20canaria\u00bb][\/vc_column_inner][\/vc_row_inner][\/vc_column][\/vc_row]<\/p>\n","protected":false},"excerpt":{"rendered":"<p>[vc_row gap=\u00bb35&#8243;][vc_column width=\u00bb1\/3&#8243;][\/vc_column][vc_column width=\u00bb2\/3&#8243;][vc_single_image image=\u00bb254&#8243; img_size=\u00bbmedium\u00bb css=\u00bb.vc_custom_1682594843302{padding-top: 30px !important;}\u00bb][\/vc_column][\/vc_row][vc_row][vc_column][vc_separator][\/vc_column][\/vc_row][vc_row gap=\u00bb35&#8243;][vc_column width=\u00bb1\/3&#8243;][vc_custom_heading text=\u00bbDe naturalistas a cient\u00edficos: pasado y presente de la bot\u00e1nica en las islas\u00bb font_container=\u00bbtag:h1|font_size:1.2%20em|text_align:right\u00bb google_fonts=\u00bbfont_family:Inconsolata%3Aregular%2C700|font_style:400%20regular%3A400%3Anormal\u00bb][vc_separator][vc_row_inner css=\u00bb.vc_custom_1682594902117{background-image: url(http:\/\/www.ull.es\/eventos\/de-libros-y-otras-hierbas\/wp-content\/uploads\/sites\/53\/2023\/04\/3-scaled.jpg?id=39) !important;background-position: center !important;background-repeat: no-repeat !important;background-size: cover !important;border-radius: 10px !important;}\u00bb][vc_column_inner][vc_empty_space height=\u00bb700px\u00bb][\/vc_column_inner][\/vc_row_inner][\/vc_column][vc_column width=\u00bb2\/3&#8243;][vc_row_inner][vc_column_inner width=\u00bb3\/4&#8243;][vc_empty_space height=\u00bb64px\u00bb][vc_column_text]La relativa cercan\u00eda del archipi\u00e9lago a Europa, adem\u00e1s de su clima, historia y patrimonio natural,&#8230;<\/p>\n","protected":false},"author":14,"featured_media":0,"parent":0,"menu_order":0,"comment_status":"closed","ping_status":"closed","template":"templates\/template-no-title.php","meta":{"footnotes":""},"class_list":["post-54","page","type-page","status-publish","hentry"],"_links":{"self":[{"href":"https:\/\/www.ull.es\/eventos\/de-libros-y-otras-hierbas\/wp-json\/wp\/v2\/pages\/54"}],"collection":[{"href":"https:\/\/www.ull.es\/eventos\/de-libros-y-otras-hierbas\/wp-json\/wp\/v2\/pages"}],"about":[{"href":"https:\/\/www.ull.es\/eventos\/de-libros-y-otras-hierbas\/wp-json\/wp\/v2\/types\/page"}],"author":[{"embeddable":true,"href":"https:\/\/www.ull.es\/eventos\/de-libros-y-otras-hierbas\/wp-json\/wp\/v2\/users\/14"}],"replies":[{"embeddable":true,"href":"https:\/\/www.ull.es\/eventos\/de-libros-y-otras-hierbas\/wp-json\/wp\/v2\/comments?post=54"}],"version-history":[{"count":14,"href":"https:\/\/www.ull.es\/eventos\/de-libros-y-otras-hierbas\/wp-json\/wp\/v2\/pages\/54\/revisions"}],"predecessor-version":[{"id":292,"href":"https:\/\/www.ull.es\/eventos\/de-libros-y-otras-hierbas\/wp-json\/wp\/v2\/pages\/54\/revisions\/292"}],"wp:attachment":[{"href":"https:\/\/www.ull.es\/eventos\/de-libros-y-otras-hierbas\/wp-json\/wp\/v2\/media?parent=54"}],"curies":[{"name":"wp","href":"https:\/\/api.w.org\/{rel}","templated":true}]}}