{"id":72,"date":"2023-04-17T13:08:37","date_gmt":"2023-04-17T13:08:37","guid":{"rendered":"https:\/\/www.ull.es\/eventos\/de-libros-y-otras-hierbas\/?page_id=72"},"modified":"2023-04-27T11:38:30","modified_gmt":"2023-04-27T11:38:30","slug":"72-2","status":"publish","type":"page","link":"https:\/\/www.ull.es\/eventos\/de-libros-y-otras-hierbas\/72-2\/","title":{"rendered":"Dos miradas excepcionales a la flora canaria"},"content":{"rendered":"<p>[vc_row gap=\u00bb35&#8243;][vc_column width=\u00bb1\/3&#8243;][\/vc_column][vc_column width=\u00bb2\/3&#8243;][vc_single_image image=\u00bb254&#8243; img_size=\u00bbmedium\u00bb css=\u00bb.vc_custom_1682595392128{padding-top: 30px !important;}\u00bb][\/vc_column][\/vc_row][vc_row][vc_column][vc_separator][\/vc_column][\/vc_row][vc_row gap=\u00bb35&#8243;][vc_column width=\u00bb1\/3&#8243;][vc_custom_heading text=\u00bbDos miradas excepcionales a la flora canaria\u00bb font_container=\u00bbtag:h1|font_size:1.2%20em|text_align:right\u00bb google_fonts=\u00bbfont_family:Inconsolata%3Aregular%2C700|font_style:400%20regular%3A400%3Anormal\u00bb][vc_separator][vc_row_inner css=\u00bb.vc_custom_1682595435844{background-image: url(http:\/\/www.ull.es\/eventos\/de-libros-y-otras-hierbas\/wp-content\/uploads\/sites\/53\/2023\/04\/5-scaled.jpg?id=41) !important;background-position: center !important;background-repeat: no-repeat !important;background-size: cover !important;border-radius: 10px !important;}\u00bb][vc_column_inner][vc_empty_space height=\u00bb700px\u00bb][\/vc_column_inner][\/vc_row_inner][\/vc_column][vc_column width=\u00bb2\/3&#8243;][vc_row_inner][vc_column_inner width=\u00bb3\/4&#8243;][vc_empty_space height=\u00bb50px\u00bb][vc_column_text]<\/p>\n<h4><b>Marianne North<\/b>, ilustradora bot\u00e1nica inglesa (1830 &#8211; 1890).<\/h4>\n<p>Aunque tuvo poca educaci\u00f3n formal, su familia era culta y ella mantuvo contacto con artistas y bot\u00e1nicos de renombre. Tom\u00f3 lecciones de canto, pintura de flores, bot\u00e1nica y m\u00fasica.<\/p>\n<p>Viaj\u00f3 dos veces alrededor del mundo, bajo duras condiciones, buscando plantas raras para ilustrarlas en su h\u00e1bitat natural. En 1875, permaneci\u00f3 en Tenerife dos meses durante los que pint\u00f3 26 cuadros de paisajes y flora de la isla. Una exposici\u00f3n de sus obras tuvo tanto \u00e9xito que acord\u00f3 con Sir Joseph Hooker, director de los Reales Jardines Bot\u00e1nicos de Kew, la construcci\u00f3n de una sala para mostrar su arte de forma permanente, encarg\u00e1ndose ella de los gastos derivados de dicha construcci\u00f3n.<\/p>\n<p>[\/vc_column_text][vc_empty_space][vc_media_grid element_width=\u00bb3&#8243; gap=\u00bb3&#8243; grid_id=\u00bbvc_gid:1682594660476-6831d7e2-cc39-3&#8243; include=\u00bb78,79&#8243;][vc_empty_space][vc_column_text]<\/p>\n<h4><b>Alice Carter Cook<\/b>, bot\u00e1nica estadounidense (1868 &#8211; 1943)<\/h4>\n<p>Fue la primera mujer de Estados Unidos en obtener un doctorado en Bot\u00e1nica en 1888.<\/p>\n<p>Desarroll\u00f3 un gran inter\u00e9s por la arqueolog\u00eda, la etnograf\u00eda y la flora del archipi\u00e9lago canario. Tras dos expediciones a Gran Canaria y Tenerife entre 1893 y 1897,\u00a0 recolect\u00f3 e identific\u00f3 a nivel taxon\u00f3mico una gran cantidad de espec\u00edmenes de herbario en Canarias, incluyendo faner\u00f3gamas, helechos y l\u00edquenes. Su legado bot\u00e1nico enriqueci\u00f3 las colecciones de herbario en diferentes museos de historia natural.<\/p>\n<p>A su regreso a Am\u00e9rica, escribi\u00f3 dos trabajos sobre la flora canaria. El primero se public\u00f3 en la revista de investigaci\u00f3n bot\u00e1nica m\u00e1s antigua de Estados Unidos, el <i>Bulletin of the Torrey Botanical Club, <\/i>en el a\u00f1o 1898. En este trabajo, Alice Cook incluy\u00f3 varias familias con endemismos vegetales canarios y describi\u00f3 los principales pisos de vegetaci\u00f3n que caracterizan los ecosistemas de las islas.<\/p>\n<p>Su segundo trabajo fue m\u00e1s divulgativo, y en \u00e9l resalt\u00f3 la belleza del paisaje de los pinares, la laurisilva y los barrancos del archipi\u00e9lago.<\/p>\n<p>En definitiva, su trabajo enriqueci\u00f3 significativamente el conocimiento bot\u00e1nico de Canarias, lo que nos permite comprender mejor la riqueza natural de nuestras islas.[\/vc_column_text][\/vc_column_inner][vc_column_inner width=\u00bb1\/4&#8243;][\/vc_column_inner][\/vc_row_inner][vc_tta_accordion style=\u00bbflat\u00bb color=\u00bbchino\u00bb active_section=\u00bb\u00bb collapsible_all=\u00bbtrue\u00bb][vc_tta_section title=\u00bbExpediciones bot\u00e1nicas a Canarias\u00bb tab_id=\u00bb1682330455639-c5537bc6-6408&#8243;][vc_column_text]Bory de Saint-Vincent, Ledru, Christen Smith o Marianne North son algunos bot\u00e1nicos europeos que pasaron por Canarias y describieron e ilustraron la flora y vegetaci\u00f3n que encontraron en sus excursiones. Sus obras fueron el reclamo para que otros bot\u00e1nicos como Eric Sventenius viajaran al archipi\u00e9lago atra\u00eddos por su biodiversidad.[\/vc_column_text][vc_btn title=\u00bbEnlace a la obra expuesta\u00bb style=\u00bbflat\u00bb color=\u00bbchino\u00bb align=\u00bbleft\u00bb button_block=\u00bbtrue\u00bb link=\u00bburl:http%3A%2F%2F%3Ca%20href%3D%22https%3A%2F%2Fabsysnetweb.bbtk.ull.es%2Fcgi-bin%2Fabnetopac%3FACC%3DDOSEARCH%26xsqf99%3D(2023EXPIBOTANICA%20Viajeros).t950.%22%20target%3D%22_blank%22%20rel%3D%22noopener%22%3E%3Cbutton%20type%3D%22button%22%3EObra%20expuesta%20en%20la%20exposici%C3%B3n%3C%2Fbutton%3E%3C%2Fa%3E\u00bb][vc_empty_space][\/vc_tta_section][\/vc_tta_accordion][vc_empty_space][vc_separator][vc_row_inner gap=\u00bb35&#8243;][vc_column_inner width=\u00bb1\/2&#8243;][vc_btn title=\u00bbDe naturalistas a cient\u00edficos: pasado y presente de la bot\u00e1nica en las islas\u00bb style=\u00bbflat\u00bb i_icon_fontawesome=\u00bbfas fa-arrow-left\u00bb add_icon=\u00bbtrue\u00bb link=\u00bburl:https%3A%2F%2Fwww.ull.es%2Feventos%2Fde-libros-y-otras-hierbas%2Fde-naturalistas-a-cientificos-pasado-y-presente-de-la-botanica-en-las-islas%2F|title:De%20naturalistas%20a%20cient%C3%ADficos%3A%20pasado%20y%20presente%20de%20la%20bot%C3%A1nica%20en%20las%20islas\u00bb][\/vc_column_inner][vc_column_inner width=\u00bb1\/2&#8243;][vc_btn title=\u00bb\u00bfQu\u00e9 organismos estudia la bot\u00e1nica?\u00bb style=\u00bbflat\u00bb i_align=\u00bbright\u00bb i_icon_fontawesome=\u00bbfas fa-arrow-right\u00bb add_icon=\u00bbtrue\u00bb link=\u00bburl:https%3A%2F%2Fwww.ull.es%2Feventos%2Fde-libros-y-otras-hierbas%2Fque-organismos-estudia-la-botanica%2F|title:%C2%BFQu%C3%A9%20organismos%20estudia%20la%20bot%C3%A1nica%3F\u00bb][\/vc_column_inner][\/vc_row_inner][\/vc_column][\/vc_row]<\/p>\n","protected":false},"excerpt":{"rendered":"<p>[vc_row gap=\u00bb35&#8243;][vc_column width=\u00bb1\/3&#8243;][\/vc_column][vc_column width=\u00bb2\/3&#8243;][vc_single_image image=\u00bb254&#8243; img_size=\u00bbmedium\u00bb css=\u00bb.vc_custom_1682595392128{padding-top: 30px !important;}\u00bb][\/vc_column][\/vc_row][vc_row][vc_column][vc_separator][\/vc_column][\/vc_row][vc_row gap=\u00bb35&#8243;][vc_column width=\u00bb1\/3&#8243;][vc_custom_heading text=\u00bbDos miradas excepcionales a la flora canaria\u00bb font_container=\u00bbtag:h1|font_size:1.2%20em|text_align:right\u00bb google_fonts=\u00bbfont_family:Inconsolata%3Aregular%2C700|font_style:400%20regular%3A400%3Anormal\u00bb][vc_separator][vc_row_inner css=\u00bb.vc_custom_1682595435844{background-image: url(http:\/\/www.ull.es\/eventos\/de-libros-y-otras-hierbas\/wp-content\/uploads\/sites\/53\/2023\/04\/5-scaled.jpg?id=41) !important;background-position: center !important;background-repeat: no-repeat !important;background-size: cover !important;border-radius: 10px !important;}\u00bb][vc_column_inner][vc_empty_space height=\u00bb700px\u00bb][\/vc_column_inner][\/vc_row_inner][\/vc_column][vc_column width=\u00bb2\/3&#8243;][vc_row_inner][vc_column_inner width=\u00bb3\/4&#8243;][vc_empty_space height=\u00bb50px\u00bb][vc_column_text] Marianne North, ilustradora bot\u00e1nica inglesa (1830 &#8211; 1890). Aunque tuvo poca educaci\u00f3n formal, su familia era culta y ella mantuvo&#8230;<\/p>\n","protected":false},"author":14,"featured_media":0,"parent":0,"menu_order":0,"comment_status":"closed","ping_status":"closed","template":"templates\/template-no-title.php","meta":{"footnotes":""},"class_list":["post-72","page","type-page","status-publish","hentry"],"_links":{"self":[{"href":"https:\/\/www.ull.es\/eventos\/de-libros-y-otras-hierbas\/wp-json\/wp\/v2\/pages\/72"}],"collection":[{"href":"https:\/\/www.ull.es\/eventos\/de-libros-y-otras-hierbas\/wp-json\/wp\/v2\/pages"}],"about":[{"href":"https:\/\/www.ull.es\/eventos\/de-libros-y-otras-hierbas\/wp-json\/wp\/v2\/types\/page"}],"author":[{"embeddable":true,"href":"https:\/\/www.ull.es\/eventos\/de-libros-y-otras-hierbas\/wp-json\/wp\/v2\/users\/14"}],"replies":[{"embeddable":true,"href":"https:\/\/www.ull.es\/eventos\/de-libros-y-otras-hierbas\/wp-json\/wp\/v2\/comments?post=72"}],"version-history":[{"count":22,"href":"https:\/\/www.ull.es\/eventos\/de-libros-y-otras-hierbas\/wp-json\/wp\/v2\/pages\/72\/revisions"}],"predecessor-version":[{"id":203,"href":"https:\/\/www.ull.es\/eventos\/de-libros-y-otras-hierbas\/wp-json\/wp\/v2\/pages\/72\/revisions\/203"}],"wp:attachment":[{"href":"https:\/\/www.ull.es\/eventos\/de-libros-y-otras-hierbas\/wp-json\/wp\/v2\/media?parent=72"}],"curies":[{"name":"wp","href":"https:\/\/api.w.org\/{rel}","templated":true}]}}