{"id":84,"date":"2023-04-17T13:18:34","date_gmt":"2023-04-17T13:18:34","guid":{"rendered":"https:\/\/www.ull.es\/eventos\/de-libros-y-otras-hierbas\/?page_id=84"},"modified":"2023-04-27T12:52:45","modified_gmt":"2023-04-27T12:52:45","slug":"la-botanica-y-disciplinas-afines","status":"publish","type":"page","link":"https:\/\/www.ull.es\/eventos\/de-libros-y-otras-hierbas\/la-botanica-y-disciplinas-afines\/","title":{"rendered":"La bot\u00e1nica y disciplinas afines"},"content":{"rendered":"<p>[vc_row gap=\u00bb35&#8243;][vc_column width=\u00bb1\/3&#8243;][\/vc_column][vc_column width=\u00bb2\/3&#8243;][vc_single_image image=\u00bb254&#8243; img_size=\u00bbmedium\u00bb css=\u00bb.vc_custom_1682599800960{padding-top: 30px !important;}\u00bb][\/vc_column][\/vc_row][vc_row][vc_column][vc_separator][\/vc_column][\/vc_row][vc_row gap=\u00bb35&#8243;][vc_column width=\u00bb1\/3&#8243;][vc_custom_heading text=\u00bbLa bot\u00e1nica y disciplinas afines\u00bb font_container=\u00bbtag:h1|font_size:1.2%20em|text_align:right\u00bb google_fonts=\u00bbfont_family:Inconsolata%3Aregular%2C700|font_style:400%20regular%3A400%3Anormal\u00bb][vc_separator][vc_row_inner css=\u00bb.vc_custom_1682599884010{background-image: url(http:\/\/www.ull.es\/eventos\/de-libros-y-otras-hierbas\/wp-content\/uploads\/sites\/53\/2023\/04\/6-scaled.jpg?id=42) !important;background-position: center !important;background-repeat: no-repeat !important;background-size: cover !important;border-radius: 10px !important;}\u00bb][vc_column_inner][vc_empty_space height=\u00bb700px\u00bb][\/vc_column_inner][\/vc_row_inner][\/vc_column][vc_column width=\u00bb2\/3&#8243;][vc_row_inner][vc_column_inner width=\u00bb3\/4&#8243;][vc_empty_space height=\u00bb64px\u00bb][vc_column_text]La palabra \u00abbot\u00e1nica\u00bb nos trae la imagen de una planta, as\u00ed como el t\u00e9rmino \u00abbot\u00e1nico\u00bb nos traslada a un jard\u00edn bot\u00e1nico o incluso al especialista que estudia los vegetales.<\/p>\n<p>Si al pensar en una persona estudiosa de las plantas la imaginamos en el campo observando y recolectando plantas para su estudio o en el laboratorio estudiando detenidamente la planta con una lupa, estamos visualizando a un bot\u00e1nico tax\u00f3nomo especializado en la identificaci\u00f3n morfol\u00f3gica de las plantas. Aunque con aires de naturalista decimon\u00f3nico, el trabajo de los tax\u00f3nomos es la base de los estudios bot\u00e1nicos.<\/p>\n<p>La bot\u00e1nica, al igual que otras ramas fundamentales de la biolog\u00eda, se apoya constantemente en otras disciplinas cient\u00edficas: la fitoqu\u00edmica, la ecolog\u00eda vegetal, la fitogen\u00e9tica, la fitogeograf\u00eda&#8230; La tendencia actual es que la descripci\u00f3n de nuevas especies para la ciencia se apoye en un estudio gen\u00e9tico b\u00e1sico que complemente al morfol\u00f3gico. Hasta que estas t\u00e9cnicas moleculares no se desarrollaron, el estudio del n\u00famero de cromosomas era fundamental para este fin; incluso el an\u00e1lisis de los compuestos qu\u00edmicos que producen las plantas sirve para describir novedades cient\u00edficas.<\/p>\n<p>Las investigaciones sobre plantas no se centran \u00fanicamente en su descripci\u00f3n cient\u00edfica, sino que tambi\u00e9n se estudian desde un punto de vista pr\u00e1ctico, por ejemplo en la gesti\u00f3n medioambiental y la conservaci\u00f3n de las especies; para su uso por parte del ser humano como reservorios de compuestos qu\u00edmicos y fibras vegetales de inter\u00e9s para la farmacolog\u00eda y la industria; para su uso como materia prima en la construcci\u00f3n de objetos de madera (mobiliario, \u00fatiles de labranza, etc.); para la conservaci\u00f3n y mejora de semillas en la agricultura;\u00a0 para ampliar el conocimiento hist\u00f3rico a trav\u00e9s de la reconstrucci\u00f3n paleoecol\u00f3gica de una regi\u00f3n o para descubrir los usos hist\u00f3ricos de las plantas por parte de grupos \u00e9tnicos actualmente desaparecidos, mediante el estudio de carbones y otros restos vegetales encontrados en yacimientos arqueol\u00f3gicos, como es el caso de los guanches en Canarias, y un largo etc\u00e9tera.<\/p>\n<p>A su vez, la bot\u00e1nica apoya a otras disciplinas como la antropolog\u00eda cuando se trata de comparar material vegetal antiguo y actual; a la geograf\u00eda cuando se trata de estudiar la vegetaci\u00f3n de un ambiente dado; a la historia cuando se analiza el manejo de los recursos vegetales de una regi\u00f3n concreta a lo largo del tiempo.<\/p>\n<p>Muchas de estas disciplinas se apoyan de manera bidireccional, en mayor o menor grado, en una herramienta fundamental para el estudio de las plantas, el herbario.<\/p>\n<p>El herbario es una colecci\u00f3n de plantas, algas, hongos y l\u00edquenes deshidratados,\u00a0 con datos referentes a su identidad, lugar y fecha de recolecci\u00f3n, identidad del recolector y de la persona que identific\u00f3 el material y otras observaciones de inter\u00e9s cient\u00edfico. Estas plantas, en sentido amplio, se conservan organizadas seg\u00fan considere el conservador responsable en el interior de una sala que tambi\u00e9n recibe el nombre de herbario. Los espec\u00edmenes de un herbario permiten analizar las plantas de inter\u00e9s en cualquier momento, reconstruir la vegetaci\u00f3n de una regi\u00f3n y sus posibles cambios a lo largo del tiempo, ser comparadas con plantas frescas o muestras de plantas antiguas o sus partes, etc.<\/p>\n<p>Adem\u00e1s, el herbario da soporte a todas las disciplinas cient\u00edficas que parten de cualquier organismo que estudie la bot\u00e1nica en sus investigaciones, al permitir conservar una muestra testigo de dichos experimentos, imprescindible para asegurar el cumplimiento del m\u00e9todo cient\u00edfico.[\/vc_column_text][vc_empty_space][vc_media_grid element_width=\u00bb3&#8243; gap=\u00bb3&#8243; grid_id=\u00bbvc_gid:1682599777355-6affaaf2-665b-0&#8243; include=\u00bb60,59,58&#8243;][vc_empty_space][\/vc_column_inner][vc_column_inner width=\u00bb1\/4&#8243;][\/vc_column_inner][\/vc_row_inner][vc_tta_accordion style=\u00bbflat\u00bb shape=\u00bbsquare\u00bb color=\u00bbchino\u00bb active_section=\u00bb\u00bb collapsible_all=\u00bbtrue\u00bb][vc_tta_section title=\u00bbBiota no vascular\u00bb tab_id=\u00bb1681737316518-32d125fd-e0ef\u00bb][vc_column_text]Algas, hongos, l\u00edquenes y bri\u00f3fitos tambi\u00e9n son organismos que estudia la bot\u00e1nica. Esta biodiversidad presente en el medio marino, dulceacu\u00edcola y terrestre muchas veces pasa desapercibida y, sin embargo, en su conjunto duplica el n\u00famero de plantas vasculares (helechos y plantas con flores)[\/vc_column_text][vc_btn title=\u00bbEnlace a las obras expuestas\u00bb style=\u00bbflat\u00bb color=\u00bbchino\u00bb align=\u00bbleft\u00bb button_block=\u00bbtrue\u00bb link=\u00bburl:https%3A%2F%2Fabsysnetweb.bbtk.ull.es%2Fcgi-bin%2Fabnetopac%3FACC%3DDOSEARCH%26xsqf99%3D(2023EXPIBOTANICA%20Biotanovascular).t950.|target:_blank\u00bb][vc_empty_space][\/vc_tta_section][vc_tta_section title=\u00bbFlora\u00bb tab_id=\u00bb1681737415455-bab35d64-5215&#8243;][vc_column_text]Las plantas de un lugar en un momento determinado constituyen la flora de dicho territorio. La flora canaria ha sido estudiada desde los primeros bot\u00e1nicos locales y for\u00e1neos hasta nuestros d\u00edas. De sus trabajos han resultado obras generalistas de la flora canaria o floras insulares y obras de revisi\u00f3n de g\u00e9neros, as\u00ed como estudios de nuevas especies para la ciencia.[\/vc_column_text][vc_btn title=\u00bbEnlace a las obras expuestas\u00bb style=\u00bbflat\u00bb color=\u00bbchino\u00bb align=\u00bbleft\u00bb button_block=\u00bbtrue\u00bb link=\u00bburl:https%3A%2F%2Fabsysnetweb.bbtk.ull.es%2Fcgi-bin%2Fabnetopac%3FACC%3DDOSEARCH%26xsqf99%3D(2023EXPIBOTANICA%20Flora).t950.|target:_blank\u00bb][vc_empty_space][\/vc_tta_section][vc_tta_section title=\u00bbVegetaci\u00f3n\u00bb tab_id=\u00bb1681737440878-062520b7-6680&#8243;][vc_column_text]Las plantas no se disponen en el territorio de forma azarosa, sino que las caracter\u00edsticas ambientales y las relaciones con otros organismos determinan el lugar adecuado para el establecimiento de cada planta. El conjunto de plantas que coexisten en una regi\u00f3n constituye su vegetaci\u00f3n.[\/vc_column_text][vc_btn title=\u00bbEnlace a las obras expuestas\u00bb style=\u00bbflat\u00bb color=\u00bbchino\u00bb align=\u00bbleft\u00bb button_block=\u00bbtrue\u00bb link=\u00bburl:https%3A%2F%2Fabsysnetweb.bbtk.ull.es%2Fcgi-bin%2Fabnetopac%3FACC%3DDOSEARCH%26xsqf99%3D(2023EXPIBOTANICA%20Vegetacion).t950.|target:_blank\u00bb][vc_empty_space][\/vc_tta_section][vc_tta_section title=\u00bbAgricultura, agronom\u00eda, ingenier\u00eda forestal\u2026\u00bb tab_id=\u00bb1681737472794-f8a0e07e-1cdd\u00bb][vc_column_text]Geograf\u00eda, historia, agronom\u00eda, fitopatolog\u00eda e ingenier\u00eda forestal son algunas disciplinas cient\u00edficas que se apoyan en la bot\u00e1nica. Adem\u00e1s, la bot\u00e1nica se nutre de ellas para el estudio hist\u00f3rico, distribuci\u00f3n geogr\u00e1fica, usos tradicionales, etc. de las plantas de una regi\u00f3n.[\/vc_column_text][vc_btn title=\u00bbEnlace a las obras expuestas\u00bb style=\u00bbflat\u00bb color=\u00bbchino\u00bb align=\u00bbleft\u00bb button_block=\u00bbtrue\u00bb link=\u00bburl:https%3A%2F%2Fabsysnetweb.bbtk.ull.es%2Fcgi-bin%2Fabnetopac%3FACC%3DDOSEARCH%26xsqf99%3D(2023EXPIBOTANICA%20AgriGanadForest).t950.|target:_blank\u00bb][vc_empty_space][\/vc_tta_section][\/vc_tta_accordion][vc_separator][vc_row_inner gap=\u00bb35&#8243;][vc_column_inner width=\u00bb1\/2&#8243;][vc_btn title=\u00bb\u00bfQu\u00e9 organismos estudia la bot\u00e1nica?\u00bb style=\u00bbflat\u00bb i_icon_fontawesome=\u00bbfas fa-arrow-left\u00bb add_icon=\u00bbtrue\u00bb link=\u00bburl:https%3A%2F%2Fwww.ull.es%2Feventos%2Fde-libros-y-otras-hierbas%2Fque-organismos-estudia-la-botanica%2F|title:%C2%BFQu%C3%A9%20organismos%20estudia%20la%20bot%C3%A1nica%3F\u00bb][\/vc_column_inner][vc_column_inner width=\u00bb1\/2&#8243;][vc_btn title=\u00bbRed esquema\u00bb style=\u00bbflat\u00bb i_align=\u00bbright\u00bb i_icon_fontawesome=\u00bbfas fa-arrow-right\u00bb add_icon=\u00bbtrue\u00bb link=\u00bburl:https%3A%2F%2Fwww.ull.es%2Feventos%2Fde-libros-y-otras-hierbas%2F124-2%2F|title:Red%20esquema\u00bb][\/vc_column_inner][\/vc_row_inner][\/vc_column][\/vc_row]<\/p>\n","protected":false},"excerpt":{"rendered":"<p>[vc_row gap=\u00bb35&#8243;][vc_column width=\u00bb1\/3&#8243;][\/vc_column][vc_column width=\u00bb2\/3&#8243;][vc_single_image image=\u00bb254&#8243; img_size=\u00bbmedium\u00bb css=\u00bb.vc_custom_1682599800960{padding-top: 30px !important;}\u00bb][\/vc_column][\/vc_row][vc_row][vc_column][vc_separator][\/vc_column][\/vc_row][vc_row gap=\u00bb35&#8243;][vc_column width=\u00bb1\/3&#8243;][vc_custom_heading text=\u00bbLa bot\u00e1nica y disciplinas afines\u00bb font_container=\u00bbtag:h1|font_size:1.2%20em|text_align:right\u00bb google_fonts=\u00bbfont_family:Inconsolata%3Aregular%2C700|font_style:400%20regular%3A400%3Anormal\u00bb][vc_separator][vc_row_inner css=\u00bb.vc_custom_1682599884010{background-image: url(http:\/\/www.ull.es\/eventos\/de-libros-y-otras-hierbas\/wp-content\/uploads\/sites\/53\/2023\/04\/6-scaled.jpg?id=42) !important;background-position: center !important;background-repeat: no-repeat !important;background-size: cover !important;border-radius: 10px !important;}\u00bb][vc_column_inner][vc_empty_space height=\u00bb700px\u00bb][\/vc_column_inner][\/vc_row_inner][\/vc_column][vc_column width=\u00bb2\/3&#8243;][vc_row_inner][vc_column_inner width=\u00bb3\/4&#8243;][vc_empty_space height=\u00bb64px\u00bb][vc_column_text]La palabra \u00abbot\u00e1nica\u00bb nos trae la imagen de una planta, as\u00ed como el t\u00e9rmino \u00abbot\u00e1nico\u00bb nos traslada a un jard\u00edn bot\u00e1nico o incluso&#8230;<\/p>\n","protected":false},"author":14,"featured_media":0,"parent":0,"menu_order":0,"comment_status":"closed","ping_status":"closed","template":"templates\/template-no-title.php","meta":{"footnotes":""},"class_list":["post-84","page","type-page","status-publish","hentry"],"_links":{"self":[{"href":"https:\/\/www.ull.es\/eventos\/de-libros-y-otras-hierbas\/wp-json\/wp\/v2\/pages\/84"}],"collection":[{"href":"https:\/\/www.ull.es\/eventos\/de-libros-y-otras-hierbas\/wp-json\/wp\/v2\/pages"}],"about":[{"href":"https:\/\/www.ull.es\/eventos\/de-libros-y-otras-hierbas\/wp-json\/wp\/v2\/types\/page"}],"author":[{"embeddable":true,"href":"https:\/\/www.ull.es\/eventos\/de-libros-y-otras-hierbas\/wp-json\/wp\/v2\/users\/14"}],"replies":[{"embeddable":true,"href":"https:\/\/www.ull.es\/eventos\/de-libros-y-otras-hierbas\/wp-json\/wp\/v2\/comments?post=84"}],"version-history":[{"count":27,"href":"https:\/\/www.ull.es\/eventos\/de-libros-y-otras-hierbas\/wp-json\/wp\/v2\/pages\/84\/revisions"}],"predecessor-version":[{"id":216,"href":"https:\/\/www.ull.es\/eventos\/de-libros-y-otras-hierbas\/wp-json\/wp\/v2\/pages\/84\/revisions\/216"}],"wp:attachment":[{"href":"https:\/\/www.ull.es\/eventos\/de-libros-y-otras-hierbas\/wp-json\/wp\/v2\/media?parent=84"}],"curies":[{"name":"wp","href":"https:\/\/api.w.org\/{rel}","templated":true}]}}