{"id":232,"date":"2015-11-18T09:18:59","date_gmt":"2015-11-18T09:18:59","guid":{"rendered":"http:\/\/bbtk.exposicion.ull.es\/emiliolledo\/?page_id=232"},"modified":"2019-07-10T11:02:25","modified_gmt":"2019-07-10T09:02:25","slug":"obra-en-exposicion","status":"publish","type":"page","link":"https:\/\/www.ull.es\/eventos\/emilio-lledo\/obra-en-exposicion\/","title":{"rendered":"Obra en exposici\u00f3n"},"content":{"rendered":"<p>[vc_row][vc_column width=\u00bb1\/6&#8243;][\/vc_column][vc_column width=\u00bb2\/3&#8243;][vc_column_text]<\/p>\n<h1>Obra en exposici\u00f3n<\/h1>\n<p>[\/vc_column_text][vc_column_text]<\/p>\n<p>[Selecci\u00f3n]<br \/>\n<a href=\"https:\/\/es.pinterest.com\/bibliotecadefil\/exposici%C3%B3n-bibliogr%C3%A1fica-emilio-lled%C3%B3\/\" data-pin-do=\"embedBoard\" data-pin-scale-width=\"80\" data-pin-scale-height=\"200\" data-pin-board-width=\"400\" target=\"_blank\" rel=\"noopener\"> Sigue el tablero Exposici\u00f3n bibliogr\u00e1fica Emilio Lled\u00f3 de Biblioteca de Filosof\u00eda en Pinterest.<\/a><\/p>\n<p><!-- Please call pinit.js only once per page -->&nbsp;<\/p>\n<p>&nbsp;<\/p>\n<p>&nbsp;<\/p>\n<p>&nbsp;<\/p>\n<p>&nbsp;<\/p>\n<p>&nbsp;<\/p>\n<p>&nbsp;<\/p>\n<p><a href=\"http:\/\/creativecommons.org\/licenses\/by-nc-sa\/3.0\/es\/deed.es_CO\" target=\"_blank\" rel=\"license noopener noreferrer\" target=\"_blank\" rel=\"noopener\"><img decoding=\"async\" src=\"http:\/\/i.creativecommons.org\/l\/by-nc-sa\/3.0\/es\/88x31.png\" alt=\"Licencia Creative Commons\" \/><\/a><br \/>\nEste sitio est\u00e1 bajo <a href=\"http:\/\/creativecommons.org\/licenses\/by-nc-sa\/3.0\/es\/deed.es_CO\" target=\"_blank\" rel=\"license noopener noreferrer\" target=\"_blank\" rel=\"noopener\">Licencia Creative Commons<\/a>.[\/vc_column_text][\/vc_column][vc_column width=\u00bb1\/6&#8243;][\/vc_column][\/vc_row]<\/p>\n","protected":false},"excerpt":{"rendered":"<p>[vc_row][vc_column width=\u00bb1\/6&#8243;][\/vc_column][vc_column width=\u00bb2\/3&#8243;][vc_column_text] Obra en exposici\u00f3n [\/vc_column_text][vc_column_text] [Selecci\u00f3n] Sigue el tablero Exposici\u00f3n bibliogr\u00e1fica Emilio Lled\u00f3 de Biblioteca de Filosof\u00eda en Pinterest. &nbsp; &nbsp; &nbsp; &nbsp; &nbsp; &nbsp; &nbsp; Este sitio est\u00e1 bajo Licencia Creative Commons.[\/vc_column_text][\/vc_column][vc_column width=\u00bb1\/6&#8243;][\/vc_column][\/vc_row]<\/p>\n","protected":false},"author":14,"featured_media":94,"parent":0,"menu_order":0,"comment_status":"closed","ping_status":"closed","template":"","meta":{"footnotes":""},"class_list":["post-232","page","type-page","status-publish","has-post-thumbnail","hentry"],"_links":{"self":[{"href":"https:\/\/www.ull.es\/eventos\/emilio-lledo\/wp-json\/wp\/v2\/pages\/232"}],"collection":[{"href":"https:\/\/www.ull.es\/eventos\/emilio-lledo\/wp-json\/wp\/v2\/pages"}],"about":[{"href":"https:\/\/www.ull.es\/eventos\/emilio-lledo\/wp-json\/wp\/v2\/types\/page"}],"author":[{"embeddable":true,"href":"https:\/\/www.ull.es\/eventos\/emilio-lledo\/wp-json\/wp\/v2\/users\/14"}],"replies":[{"embeddable":true,"href":"https:\/\/www.ull.es\/eventos\/emilio-lledo\/wp-json\/wp\/v2\/comments?post=232"}],"version-history":[{"count":3,"href":"https:\/\/www.ull.es\/eventos\/emilio-lledo\/wp-json\/wp\/v2\/pages\/232\/revisions"}],"predecessor-version":[{"id":645,"href":"https:\/\/www.ull.es\/eventos\/emilio-lledo\/wp-json\/wp\/v2\/pages\/232\/revisions\/645"}],"wp:featuredmedia":[{"embeddable":true,"href":"https:\/\/www.ull.es\/eventos\/emilio-lledo\/wp-json\/"}],"wp:attachment":[{"href":"https:\/\/www.ull.es\/eventos\/emilio-lledo\/wp-json\/wp\/v2\/media?parent=232"}],"curies":[{"name":"wp","href":"https:\/\/api.w.org\/{rel}","templated":true}]}}