{"id":266,"date":"2015-11-25T09:01:54","date_gmt":"2015-11-25T09:01:54","guid":{"rendered":"http:\/\/bbtk.exposicion.ull.es\/emiliolledo\/?page_id=266"},"modified":"2019-07-10T11:24:39","modified_gmt":"2019-07-10T09:24:39","slug":"trayectoria","status":"publish","type":"page","link":"https:\/\/www.ull.es\/eventos\/emilio-lledo\/trayectoria\/","title":{"rendered":"Trayectoria"},"content":{"rendered":"<p>[vc_row][vc_column width=\u00bb1\/6&#8243;][\/vc_column][vc_column width=\u00bb2\/3&#8243;][vc_column_text]<\/p>\n<h1>Trayectoria<\/h1>\n<p>[\/vc_column_text][vc_media_grid grid_id=\u00bbvc_gid:1562750659801-067e0083-8e8a-8&#8243; include=\u00bb573,589,547&#8243;][vc_column_text]Emilio Lled\u00f3, acad\u00e9mico, profesor, fil\u00f3logo, traductor y fil\u00f3sofo de relevancia internacional, naci\u00f3 en Sevilla en 1927. Con seis a\u00f1os se traslada con su familia a Madrid. All\u00ed fue testigo de las secuelas de miseria y muerte que dejaba la guerra civil y de la represi\u00f3n de la que tanta gente fue objeto por parte del franquismo. Estudia la primaria en Vic\u00e1lvaro. En muchas ocasiones ha recordado la influencia que tuvo sobre \u00e9l su maestro en la escuela de este pueblo madrile\u00f1o, D. Francisco L\u00f3pez Sancho, que a los alumnos les hac\u00eda \u00a0leer unas p\u00e1ginas de <em>El Quijote<\/em> y luego les ped\u00eda que expusieran lo que les hab\u00eda sugerido esa lectura. Estudia en la Universidad de Madrid, donde se licencia en Filosof\u00eda y Letras y en Filolog\u00eda Cl\u00e1sica en 1952, si\u00e9ndole concedido el Premio Extraordinario de Licenciatura. En esa \u00e9poca conoce a Juli\u00e1n Mar\u00edas, que influye en su decisi\u00f3n de dedicarse a la filosof\u00eda.<\/p>\n<p>Los a\u00f1os 1953-1954 sigue cursos de doctorado en la Universidad de Heidelberg, donde tiene la oportunidad de profundizar en sus estudios de filosof\u00eda con Hans-Georg Gadamer y Karl L\u00f6with y de filolog\u00eda cl\u00e1sica con Franz Dirlmeier y Otto Regenbogen. Presenta la tesis doctoral en la Universidad de Madrid en 1956, bajo la direcci\u00f3n de Santiago Montero D\u00edaz. Despu\u00e9s de ejercer alg\u00fan tiempo como Profesor Ayudante en la Facultad de Filosof\u00eda y Letras de la Universidad de Madrid, retorna a la Universidad de Heidelberg porque piensa que a\u00fan tiene mucho que aprender, pero ahora va como profesor al que ha recomendado Gadamer. All\u00ed permanece los a\u00f1os 1956-1962. En 1958 obtiene una C\u00e1tedra de Filosof\u00eda de Instituto y \u00a0pide la excedencia para atender su compromiso con la Universidad de Heidelberg, pero en 1962 se incorpora a su plaza de Catedr\u00e1tico en el Instituto N\u00fa\u00f1ez de Arce de Valladolid, pues cree que tambi\u00e9n era necesario estar y trabajar en Espa\u00f1a.<\/p>\n<p>En 1964 obtiene la C\u00e1tedra de Fundamentos de Filosof\u00eda e Historia de la Filosof\u00eda de la Universidad de La Laguna, en la que ense\u00f1a hasta 1967 y en la que \u00a0es Decano de la Facultad de Filosof\u00eda y Letras desde 1965. En esta Universidad deja una huella imborrable y la estela de un considerable n\u00famero de disc\u00edpulos. Posteriormente, desde 1967, es Catedr\u00e1tico de Historia de la Filosof\u00eda en la Universidad de Barcelona, y, desde 1978, en la UNED, de la que es Vicerrector entre 1981 y 1984. El a\u00f1o 1988 es nombrado miembro vitalicio del \u201cWissenschaftskolleg\u201d (Instituto de Estudios Avanzados) de Berl\u00edn, donde reside entre 1990 y 1993. Desde 1994 es miembro de la Real Academia Espa\u00f1ola de la Lengua, en la que toma posesi\u00f3n de su sill\u00f3n con el \u00a0discurso \u201cLas palabras en su espejo\u201d y en la que , entre 1998 y 2006, desempe\u00f1a el cargo de Acad\u00e9mico Bibliotecario. En 2004, tras la victoria socialista, \u00a0es designado presidente del Consejo para la reforma de los medios de comunicaci\u00f3n del Estado.<\/p>\n<div id=\"s3gt_translate_tooltip_mini\" class=\"s3gt_translate_tooltip_mini_box\" style=\"background: initial !important;border: initial !important;border-spacing: initial !important;border-collapse: initial !important;direction: ltr !important;font-weight: initial !important;height: initial !important;letter-spacing: initial !important;min-width: initial !important;max-width: initial !important;min-height: initial !important;max-height: initial !important;margin: auto !important;padding: initial !important;text-align: initial !important;width: initial !important;color: inherit !important;font-size: 13px !important;font-family: X-LocaleSpecific, sans-serif, Tahoma, Helvetica !important;line-height: 13px !important;vertical-align: top !important\">\n<div id=\"s3gt_translate_tooltip_mini_logo\" class=\"s3gt_translate_tooltip_mini\" title=\"Traducir texto seleccionado\"><\/div>\n<div id=\"s3gt_translate_tooltip_mini_sound\" class=\"s3gt_translate_tooltip_mini\" title=\"Escuchar\"><\/div>\n<div id=\"s3gt_translate_tooltip_mini_copy\" class=\"s3gt_translate_tooltip_mini\" title=\"Copiar texto al Portapapeles\"><\/div>\n<\/div>\n<p>[\/vc_column_text][vc_empty_space][vc_column_text]<a href=\"http:\/\/creativecommons.org\/licenses\/by-nc-sa\/3.0\/es\/deed.es_CO\" target=\"_blank\" rel=\"license noopener noreferrer\" target=\"_blank\" rel=\"noopener\"><img decoding=\"async\" src=\"http:\/\/i.creativecommons.org\/l\/by-nc-sa\/3.0\/es\/88x31.png\" alt=\"Licencia Creative Commons\" \/><\/a><br \/>\nEste sitio est\u00e1 bajo <a href=\"http:\/\/creativecommons.org\/licenses\/by-nc-sa\/3.0\/es\/deed.es_CO\" target=\"_blank\" rel=\"license noopener noreferrer\" target=\"_blank\" rel=\"noopener\">Licencia Creative Commons<\/a>.[\/vc_column_text][\/vc_column][vc_column width=\u00bb1\/6&#8243;][\/vc_column][\/vc_row]<\/p>\n","protected":false},"excerpt":{"rendered":"<p>[vc_row][vc_column width=\u00bb1\/6&#8243;][\/vc_column][vc_column width=\u00bb2\/3&#8243;][vc_column_text] Trayectoria [\/vc_column_text][vc_media_grid grid_id=\u00bbvc_gid:1562750659801-067e0083-8e8a-8&#8243; include=\u00bb573,589,547&#8243;][vc_column_text]Emilio Lled\u00f3, acad\u00e9mico, profesor, fil\u00f3logo, traductor y fil\u00f3sofo de relevancia internacional, naci\u00f3 en Sevilla en 1927. Con seis a\u00f1os se traslada con su familia a Madrid. All\u00ed fue testigo de las secuelas de miseria y muerte que dejaba la guerra civil y de la represi\u00f3n de la que tanta&#8230;<\/p>\n","protected":false},"author":14,"featured_media":94,"parent":0,"menu_order":0,"comment_status":"closed","ping_status":"closed","template":"","meta":{"footnotes":""},"class_list":["post-266","page","type-page","status-publish","has-post-thumbnail","hentry"],"_links":{"self":[{"href":"https:\/\/www.ull.es\/eventos\/emilio-lledo\/wp-json\/wp\/v2\/pages\/266"}],"collection":[{"href":"https:\/\/www.ull.es\/eventos\/emilio-lledo\/wp-json\/wp\/v2\/pages"}],"about":[{"href":"https:\/\/www.ull.es\/eventos\/emilio-lledo\/wp-json\/wp\/v2\/types\/page"}],"author":[{"embeddable":true,"href":"https:\/\/www.ull.es\/eventos\/emilio-lledo\/wp-json\/wp\/v2\/users\/14"}],"replies":[{"embeddable":true,"href":"https:\/\/www.ull.es\/eventos\/emilio-lledo\/wp-json\/wp\/v2\/comments?post=266"}],"version-history":[{"count":3,"href":"https:\/\/www.ull.es\/eventos\/emilio-lledo\/wp-json\/wp\/v2\/pages\/266\/revisions"}],"predecessor-version":[{"id":663,"href":"https:\/\/www.ull.es\/eventos\/emilio-lledo\/wp-json\/wp\/v2\/pages\/266\/revisions\/663"}],"wp:featuredmedia":[{"embeddable":true,"href":"https:\/\/www.ull.es\/eventos\/emilio-lledo\/wp-json\/"}],"wp:attachment":[{"href":"https:\/\/www.ull.es\/eventos\/emilio-lledo\/wp-json\/wp\/v2\/media?parent=266"}],"curies":[{"name":"wp","href":"https:\/\/api.w.org\/{rel}","templated":true}]}}