{"id":270,"date":"2015-11-25T09:03:08","date_gmt":"2015-11-25T09:03:08","guid":{"rendered":"http:\/\/bbtk.exposicion.ull.es\/emiliolledo\/?page_id=270"},"modified":"2021-05-11T10:42:03","modified_gmt":"2021-05-11T08:42:03","slug":"reconocimientos","status":"publish","type":"page","link":"https:\/\/www.ull.es\/eventos\/emilio-lledo\/reconocimientos\/","title":{"rendered":"Reconocimientos"},"content":{"rendered":"<p>[vc_row][vc_column width=\u00bb1\/6&#8243;][\/vc_column][vc_column width=\u00bb2\/3&#8243;][vc_column_text]<\/p>\n<h1>Reconocimientos<\/h1>\n<p>[\/vc_column_text][vc_media_grid grid_id=\u00bbvc_gid:1620722457909-150cd12f-0cd8-2&#8243; include=\u00bb546,586,587&#8243;][vc_empty_space][vc_column_text]Emilio Lled\u00f3 es miembro del Instituto Internacional de Filosof\u00eda, posee la Gran Cruz de la Orden Civil de Alfonso X el Sabio y es Doctor <em>honoris causa<\/em> por las universidades de La Laguna, de las Islas Baleares y de Lleida.<\/p>\n<p>1990: Premio<a href=\"https:\/\/es.wikipedia.org\/wiki\/Alexander_Von_Humboldt\" target=\"_blank\" rel=\"noopener\"> Alexander von Humboldt<\/a> (Alemania).<\/p>\n<p>1992: Premio Nacional de Ensayo por su obra <em>El<\/em> <em>silencio de la escritura<\/em><\/p>\n<p>2003: Hijo predilecto de Andaluc\u00eda.<\/p>\n<p>2004: Premio Internacional Men\u00e9ndez Pelayo en reconocimiento a su trayectoria como investigador y docente en Humanidades.<\/p>\n<p>2005: Cruz Oficial de la Orden del M\u00e9rito de la Rep\u00fablica Federal Alemana.<\/p>\n<p><a href=\"https:\/\/es.wikipedia.org\/wiki\/2007\" target=\"_blank\" rel=\"noopener\">2007<\/a>:<a href=\"https:\/\/es.wikipedia.org\/w\/index.php?title=Premio_Fernando_L%C3%A1zaro_Carreter&amp;action=edit&amp;redlink=1\" target=\"_blank\" rel=\"noopener\"> Premio Fernando L\u00e1zaro Carreter<\/a> de la<a href=\"https:\/\/es.wikipedia.org\/wiki\/Fundaci%C3%B3n_Germ%C3%A1n_S%C3%A1nchez_Ruip%C3%A9rez\" target=\"_blank\" rel=\"noopener\"> Fundaci\u00f3n Germ\u00e1n S\u00e1nchez Ruip\u00e9rez<\/a>.<\/p>\n<p>2008: Premio Mar\u00eda Zambrano de la Junta de Andaluc\u00eda.<\/p>\n<p>2013: Premio Giner de los R\u00edos de Sevilla.<\/p>\n<p>2014: Premio Jos\u00e9 Luis Sampedro; Premio Nacional de las Letras, concedido por el Ministerio de Educaci\u00f3n, Cultura y Deportes del Gobierno de Espa\u00f1a en reconocimiento a toda su trayectoria literaria y divulgativa; Premio Antonio de Sancha, concedido por la Asociaci\u00f3n de Editores de Madrid; Premio Internacional de Ensayo Pedro Henr\u00edquez Ure\u00f1a de la Academia Mexicana de la Lengua.<\/p>\n<p>2015: <a href=\"https:\/\/es.wikipedia.org\/wiki\/Premio_Princesa_de_Asturias_de_Comunicaci%C3%B3n_y_Humanidades\" target=\"_blank\" rel=\"noopener\">Premio Princesa de Asturias de Comunicaci\u00f3n y Humanidades<\/a> por su trayectoria y como referente intelectual y \u00e9tico.<\/p>\n<p>Ha recibido el homenaje de algunos de sus maestros como Gadamer, de amigos y compa\u00f1eros y de muchos disc\u00edpulos en varias publicaciones:<\/p>\n<ul>\n<li><em>Historia, lenguaje, sociedad: homenaje a Emilio Lled\u00f3. <\/em>Edici\u00f3n al<br \/>\ncuidado de M. Cruz, M. A. Granada y Anna Papiol. Barcelona: Editorial Cr\u00edtica, 1989.<\/li>\n<li><em>Del pensar y su memoria: ensayos en homenaje al profesor Emilio Lled\u00f3.<\/em>Luis Vega, Eloy Rada y Salvador Mas (eds.). Madrid: Universidad Nacional de Educaci\u00f3n a Distancia, 2001.<\/li>\n<li><em>El texto de la vida. Debate con Emilio Lled\u00f3.<\/em> Jacobo Mu\u00f1oz y Francisco J. Mart\u00edn (eds.). Madrid: Biblioteca Nueva,2011.<\/li>\n<li>\u201cPensamiento y Educaci\u00f3n. Homenaje a Emilio Lled\u00f3\u201d <em>en Cuadernos del Ateneo, N\u00ba 29 (2011).<\/em><\/li>\n<\/ul>\n<p>En cualquier caso, como afirma Silverio S\u00e1nchez Corredera: \u201cEs un hombre laureado, pero cualquier p\u00e1gina de sus libros que haya aportado claridad a un concepto o alguna contribuci\u00f3n trascendente a nuestra autocomprensi\u00f3n del mundo vale mucho m\u00e1s que todos estos premios, tan justamente concedidos\u201d (\u201cEmilio Lled\u00f3, persona\u201d en <em>La Nueva Espa\u00f1a<\/em>, 23-10-2015).<\/p>\n<div class=\"mceTemp\"><\/div>\n<p>[\/vc_column_text][vc_empty_space][vc_column_text]<a href=\"http:\/\/creativecommons.org\/licenses\/by-nc-sa\/3.0\/es\/deed.es_CO\" target=\"_blank\" rel=\"license noopener noreferrer\" target=\"_blank\" rel=\"noopener\"><img decoding=\"async\" src=\"http:\/\/i.creativecommons.org\/l\/by-nc-sa\/3.0\/es\/88x31.png\" alt=\"Licencia Creative Commons\" \/><\/a><br \/>\nEste sitio est\u00e1 bajo <a href=\"http:\/\/creativecommons.org\/licenses\/by-nc-sa\/3.0\/es\/deed.es_CO\" target=\"_blank\" rel=\"license noopener noreferrer\" target=\"_blank\" rel=\"noopener\">Licencia Creative Commons<\/a>.[\/vc_column_text][\/vc_column][vc_column width=\u00bb1\/6&#8243;][\/vc_column][\/vc_row]<\/p>\n","protected":false},"excerpt":{"rendered":"<p>[vc_row][vc_column width=\u00bb1\/6&#8243;][\/vc_column][vc_column width=\u00bb2\/3&#8243;][vc_column_text] Reconocimientos [\/vc_column_text][vc_media_grid grid_id=\u00bbvc_gid:1620722457909-150cd12f-0cd8-2&#8243; include=\u00bb546,586,587&#8243;][vc_empty_space][vc_column_text]Emilio Lled\u00f3 es miembro del Instituto Internacional de Filosof\u00eda, posee la Gran Cruz de la Orden Civil de Alfonso X el Sabio y es Doctor honoris causa por las universidades de La Laguna, de las Islas Baleares y de Lleida. 1990: Premio Alexander von Humboldt (Alemania). 1992: Premio Nacional&#8230;<\/p>\n","protected":false},"author":14,"featured_media":94,"parent":0,"menu_order":0,"comment_status":"closed","ping_status":"closed","template":"","meta":{"footnotes":""},"class_list":["post-270","page","type-page","status-publish","has-post-thumbnail","hentry"],"_links":{"self":[{"href":"https:\/\/www.ull.es\/eventos\/emilio-lledo\/wp-json\/wp\/v2\/pages\/270"}],"collection":[{"href":"https:\/\/www.ull.es\/eventos\/emilio-lledo\/wp-json\/wp\/v2\/pages"}],"about":[{"href":"https:\/\/www.ull.es\/eventos\/emilio-lledo\/wp-json\/wp\/v2\/types\/page"}],"author":[{"embeddable":true,"href":"https:\/\/www.ull.es\/eventos\/emilio-lledo\/wp-json\/wp\/v2\/users\/14"}],"replies":[{"embeddable":true,"href":"https:\/\/www.ull.es\/eventos\/emilio-lledo\/wp-json\/wp\/v2\/comments?post=270"}],"version-history":[{"count":4,"href":"https:\/\/www.ull.es\/eventos\/emilio-lledo\/wp-json\/wp\/v2\/pages\/270\/revisions"}],"predecessor-version":[{"id":691,"href":"https:\/\/www.ull.es\/eventos\/emilio-lledo\/wp-json\/wp\/v2\/pages\/270\/revisions\/691"}],"wp:featuredmedia":[{"embeddable":true,"href":"https:\/\/www.ull.es\/eventos\/emilio-lledo\/wp-json\/"}],"wp:attachment":[{"href":"https:\/\/www.ull.es\/eventos\/emilio-lledo\/wp-json\/wp\/v2\/media?parent=270"}],"curies":[{"name":"wp","href":"https:\/\/api.w.org\/{rel}","templated":true}]}}