{"id":272,"date":"2015-11-25T09:03:32","date_gmt":"2015-11-25T09:03:32","guid":{"rendered":"http:\/\/bbtk.exposicion.ull.es\/emiliolledo\/?page_id=272"},"modified":"2021-05-11T10:37:04","modified_gmt":"2021-05-11T08:37:04","slug":"la-laguna","status":"publish","type":"page","link":"https:\/\/www.ull.es\/eventos\/emilio-lledo\/la-laguna\/","title":{"rendered":"La Laguna"},"content":{"rendered":"<p>[vc_row][vc_column width=\u00bb1\/6&#8243;][\/vc_column][vc_column width=\u00bb2\/3&#8243;][vc_column_text]<\/p>\n<h1>Emilio Lled\u00f3 : la huella imborrable de un maestro en La Laguna<\/h1>\n<p>[\/vc_column_text][vc_media_grid grid_id=\u00bbvc_gid:1620722214837-86627515-ebee-1&#8243; include=\u00bb593,596,597&#8243;][vc_empty_space][vc_column_text]Emilio Lled\u00f3 obtiene la C\u00e1tedra de Fundamentos de Filosof\u00eda y de Historia de la Filosof\u00eda de la Universidad de La Laguna en 1964 y permanece en esta Universidad hasta 1967. En ella se entrega con entusiasmo a la tarea de ense\u00f1ar, contagiando a los alumnos su pasi\u00f3n por la cultura y la filosof\u00eda. En el corto per\u00edodo de tiempo que est\u00e1 en la Universidad de La Laguna va a contar siempre con el caluroso reconocimiento de un gran n\u00famero de alumnos que tienen la oportunidad de encontrarse con un magisterio carism\u00e1tico y excepcionalmente fecundo. Sus clases, en las viejas aulas del Edificio Central de esta Universidad, eran seguidas con un inusitado inter\u00e9s por sus alumnos de Letras (y tambi\u00e9n por alumnos de otras Facultades que ven\u00edan a escucharle) en los que produc\u00eda un enorme impacto su porte de profesor competente, brillante y magistral unido a un talante asequible, atento y caluroso. Muy pronto estos alumnos vieron en \u00e9l la figura del maestro del que merec\u00eda la pena ser disc\u00edpulo.<\/p>\n<p>A Emilio Lled\u00f3 le toc\u00f3 ense\u00f1ar en La Laguna en una \u00e9poca dif\u00edcil y oscura, la de la dictadura franquista, pero \u00e9l siempre acert\u00f3 a dar con el tono de un discurso cr\u00edtico y libre que estimulaba la creatividad y el di\u00e1logo y que propiciaba la formaci\u00f3n de ciudadanos capaces de pensar por s\u00ed mismos y de comprometerse con la democracia. Sus cursos en La Laguna despertaron la pasi\u00f3n por la filosof\u00eda en un grupo de disc\u00edpulos que acabaron estudiando la especialidad de filosof\u00eda en las Universidades de Barcelona y Complutense de Madrid. Lled\u00f3 entend\u00eda y pon\u00eda en pr\u00e1ctica la funci\u00f3n del profesor de filosof\u00eda de una forma que no pod\u00eda dejar de llevar a estos resultados. Muchos a\u00f1os despu\u00e9s se referir\u00e1 a la actitud y a la forma en que afront\u00f3 en los a\u00f1os en que estuvo en La Laguna la tarea de ense\u00f1ar en estos t\u00e9rminos: \u201cYo llegu\u00e9 muy joven a La Laguna [&#8230;] y para m\u00ed aquello fue un reto tan hermoso que me entregu\u00e9 por completo. Recuerdo que, en aquellos a\u00f1os, no escrib\u00eda ni publicaba nada, no hac\u00eda m\u00e1s que preparar clases, pero era porque me parec\u00eda un privilegio el poder tener delante a aquellos j\u00f3venes (que siempre sent\u00ed como compa\u00f1eros), y cre\u00e1bamos un espacio colectivo en el que yo hablaba y ellos escuchaban. Es decir, se creaba un espacio p\u00fablico a trav\u00e9s [&#8230;] del lenguaje. Un lenguaje que les abriera la inteligencia. En fin, el \u00fanico m\u00e9rito que tengo es que me interesaba lo que hac\u00eda. Amaba mucho la filosof\u00eda, pero al mismo tiempo amaba a aquellos a quienes quer\u00eda comunicarles mis experiencias. Y esa es, me parece, una funci\u00f3n esencial del profesor\u201d (Arnaiz, G.,\u201cEntrevista Emilio LLed\u00f3\u201d en Filosof\u00eda Hoy [<a href=\"http:\/\/www.filosofiahoy.es\/index.php\/mod.pags\/mem.detalle\/relcategoria.5736\/idpag.6817\/prev.true\/chk.17ef01353d4d6420a05dca0a4ddac85d.html\" target=\"_blank\" rel=\"noopener noreferrer\" target=\"_blank\" rel=\"noopener\">en l\u00ednea<\/a>]).<\/p>\n<p>Al abandonar Emilio Lled\u00f3 La Laguna deja en ella la huella imborrable de un profesor extraordinario. La Universidad de La Laguna se hace eco del sentir de varias generaciones de alumnos, de muchos amigos y de ciudadanos que tuvieron la oportunidad de escucharlo alguna vez y lo inviste doctor <em>honoris causa<\/em> el 7 de marzo de 1997.<\/p>\n<p>Este a\u00f1o la ULL, a trav\u00e9s del Servicio de Biblioteca y en colaboraci\u00f3n con la Secci\u00f3n de Filosof\u00eda de la Facultad de Humanidades, se suma a la celebraci\u00f3n del D\u00eda Mundial de la Filosof\u00eda con una serie de actos en honor al fil\u00f3sofo y acad\u00e9mico Emilio Lled\u00f3.<br \/>\nM\u00e1s informaci\u00f3n en el Blog de la Biblioteca \u00ab<a href=\"http:\/\/noticias-y-punto.blogspot.com.es\/2015\/11\/dia-mundial-de-la-filosofia-2015-en-la.html\" target=\"_blank\" rel=\"noopener noreferrer\" target=\"_blank\" rel=\"noopener\">Noticias y Punto<\/a>\u00ab[\/vc_column_text][vc_empty_space][vc_column_text]<a href=\"http:\/\/creativecommons.org\/licenses\/by-nc-sa\/3.0\/es\/deed.es_CO\" target=\"_blank\" rel=\"license noopener noreferrer\" target=\"_blank\" rel=\"noopener\"><img decoding=\"async\" src=\"http:\/\/i.creativecommons.org\/l\/by-nc-sa\/3.0\/es\/88x31.png\" alt=\"Licencia Creative Commons\" \/><\/a><br \/>\nEste sitio est\u00e1 bajo <a href=\"http:\/\/creativecommons.org\/licenses\/by-nc-sa\/3.0\/es\/deed.es_CO\" target=\"_blank\" rel=\"license noopener noreferrer\" target=\"_blank\" rel=\"noopener\">Licencia Creative Commons<\/a>.[\/vc_column_text][\/vc_column][vc_column width=\u00bb1\/6&#8243;][\/vc_column][\/vc_row]<\/p>\n","protected":false},"excerpt":{"rendered":"<p>[vc_row][vc_column width=\u00bb1\/6&#8243;][\/vc_column][vc_column width=\u00bb2\/3&#8243;][vc_column_text] Emilio Lled\u00f3 : la huella imborrable de un maestro en La Laguna [\/vc_column_text][vc_media_grid grid_id=\u00bbvc_gid:1620722214837-86627515-ebee-1&#8243; include=\u00bb593,596,597&#8243;][vc_empty_space][vc_column_text]Emilio Lled\u00f3 obtiene la C\u00e1tedra de Fundamentos de Filosof\u00eda y de Historia de la Filosof\u00eda de la Universidad de La Laguna en 1964 y permanece en esta Universidad hasta 1967. En ella se entrega con entusiasmo a la&#8230;<\/p>\n","protected":false},"author":14,"featured_media":94,"parent":0,"menu_order":0,"comment_status":"closed","ping_status":"closed","template":"","meta":{"footnotes":""},"class_list":["post-272","page","type-page","status-publish","has-post-thumbnail","hentry"],"_links":{"self":[{"href":"https:\/\/www.ull.es\/eventos\/emilio-lledo\/wp-json\/wp\/v2\/pages\/272"}],"collection":[{"href":"https:\/\/www.ull.es\/eventos\/emilio-lledo\/wp-json\/wp\/v2\/pages"}],"about":[{"href":"https:\/\/www.ull.es\/eventos\/emilio-lledo\/wp-json\/wp\/v2\/types\/page"}],"author":[{"embeddable":true,"href":"https:\/\/www.ull.es\/eventos\/emilio-lledo\/wp-json\/wp\/v2\/users\/14"}],"replies":[{"embeddable":true,"href":"https:\/\/www.ull.es\/eventos\/emilio-lledo\/wp-json\/wp\/v2\/comments?post=272"}],"version-history":[{"count":6,"href":"https:\/\/www.ull.es\/eventos\/emilio-lledo\/wp-json\/wp\/v2\/pages\/272\/revisions"}],"predecessor-version":[{"id":690,"href":"https:\/\/www.ull.es\/eventos\/emilio-lledo\/wp-json\/wp\/v2\/pages\/272\/revisions\/690"}],"wp:featuredmedia":[{"embeddable":true,"href":"https:\/\/www.ull.es\/eventos\/emilio-lledo\/wp-json\/"}],"wp:attachment":[{"href":"https:\/\/www.ull.es\/eventos\/emilio-lledo\/wp-json\/wp\/v2\/media?parent=272"}],"curies":[{"name":"wp","href":"https:\/\/api.w.org\/{rel}","templated":true}]}}