{"id":325,"date":"2015-11-30T12:05:26","date_gmt":"2015-11-30T12:05:26","guid":{"rendered":"http:\/\/bbtk.exposicion.ull.es\/emiliolledo\/?page_id=325"},"modified":"2019-07-10T11:29:53","modified_gmt":"2019-07-10T09:29:53","slug":"obra","status":"publish","type":"page","link":"https:\/\/www.ull.es\/eventos\/emilio-lledo\/obra\/","title":{"rendered":"Obra"},"content":{"rendered":"<p>[vc_row][vc_column width=\u00bb1\/6&#8243;][\/vc_column][vc_column width=\u00bb2\/3&#8243;][vc_column_text]<\/p>\n<h1>Obra<\/h1>\n<p>[\/vc_column_text][vc_media_grid element_width=\u00bb3&#8243; grid_id=\u00bbvc_gid:1562750833739-297440eb-5fc1-8&#8243; include=\u00bb575,576,577,578,579,580,581,574&#8243;][vc_column_text]Emilio Lled\u00f3 ha escrito m\u00e1s de un centenar de art\u00edculos especializados, ha traducido textos del alem\u00e1n como la <em>Historia de la Filosof\u00eda<\/em> de W. Capelle y, en colaboraci\u00f3n con Montserrat Macau, <em>La formaci\u00f3n de los dominios<\/em> <em>ling\u00fc\u00edsticos en la pen\u00ednsula<\/em> <em>ib\u00e9rica<\/em> de Kurt Baldinger, ha escrito la introducci\u00f3n y traducido del griego di\u00e1logos de Plat\u00f3n como \u00a0<em>Fedro<\/em>, <em>Ion<\/em>, <em>Lisis<\/em> y <em>C\u00e1rmides<\/em>, ha escrito la \u201cIntroducci\u00f3n general\u201d a la edici\u00f3n de los Di\u00e1logos de Plat\u00f3n de Gredos, ha dirigido, en colaboraci\u00f3n con M. A. Granada, la colecci\u00f3n \u201cBiblioteca Universal. Filosof\u00eda\u201d de 24 obras fundamentales de la historia del pensamiento occidental del C\u00edrculo de lectores, y sobre todo es autor de m\u00e1s de veinte libros, entre los que figuran algunos de los textos m\u00e1s importantes de la filosof\u00eda espa\u00f1ola contempor\u00e1nea como <em>Filosof\u00eda y lenguaje <\/em>, <em>Lenguaje e historia<\/em>, <em>La memoria del<\/em> <em>logos, El silencio de la escritura, El surco del tiempo o Memoria de la \u00e9tica<\/em>. Alguno de estos t\u00edtulos aparece en la d\u00e9cada de los 70, pero, seg\u00fan ha se\u00f1alado \u00e9l mismo, \u00a0es en 1988 cuando comienza su \u00e9poca m\u00e1s fecunda como escritor. En la actualidad trabaja en un ensayo sobre los afectos. Cree que es necesario pensar en una \u201cgram\u00e1tica de los afectos para que el amor no se convierta en odio o la amistad en enemistad\u201d (\u201cEl Pa\u00eds\u201d, 20-05-2015 [en l\u00ednea] ).<\/p>\n<p>Sus escritos se ocupan de temas como el tiempo, la historia, la memoria, la filosof\u00eda, el lenguaje, la escritura, la \u00e9tica, la decencia, la felicidad, la cultura, la educaci\u00f3n, la lectura, los libros, y de pensadores como Plat\u00f3n, Arist\u00f3teles, Epicuro, etc. De sus libros cabe se\u00f1alar los siguientes:<\/p>\n<ul>\n<li><em>El concepto &#8216;poiesis&#8217; en la filosof\u00eda griega<\/em> (1961)<\/li>\n<li><em>Filosof\u00eda y lenguaje<\/em> (1970)<\/li>\n<li><em>La filosof\u00eda, hoy<\/em> (1975)<\/li>\n<li><em>Lenguaje e historia<\/em> (1978)<\/li>\n<li><em>La memoria del logos<\/em> (1984)<\/li>\n<li><em>El epicure\u00edsmo<\/em> (1984)<\/li>\n<li><em>El silencio de la escritura<\/em> (1991)<\/li>\n<li><em>El surco del tiempo: meditaciones sobre el mito plat\u00f3nico de la escritura y la memoria<\/em> (1992)<\/li>\n<li><em>Memoria de la \u00e9tica<\/em> (1994)<\/li>\n<li><em>D\u00edas y libros. Peque\u00f1os art\u00edculos y otras notas<\/em> (1994)<\/li>\n<li><em>Palabras entrevistas<\/em> (1997)<\/li>\n<li><em>Im\u00e1genes y palabras: ensayos de humanidades (1988)<\/em><\/li>\n<li><em>Elogio de la infelicidad<\/em> (2005)<\/li>\n<li><em>Ser quien eres. Ensayos para una educaci\u00f3n democr\u00e1tica<\/em> (2009)<\/li>\n<li><em>El marco de la belleza y el desierto de la arquitectura <\/em>(2009)<\/li>\n<li><em>El origen del di\u00e1logo y de la \u00e9tica. Una introducci\u00f3n al pensamiento de Plat\u00f3n y Arist\u00f3teles (<\/em>2011)<\/li>\n<li><em>La filosof\u00eda, hoy. Filosof\u00eda, lenguaje e historia<\/em> \u00a0(2012)<\/li>\n<li><em>Los libros y la libertad <\/em>(2013)<\/li>\n<li><em>Palabra y humanidad <\/em>(2015)<\/li>\n<li><em>Pensar es conversar. Di\u00e1logo entre fil\u00f3sofos<\/em>, con Manuel Cruz (2015)<\/li>\n<li><em>Fidelidad a Grecia <\/em>(2015).<\/li>\n<\/ul>\n<div id=\"s3gt_translate_tooltip_mini\" class=\"s3gt_translate_tooltip_mini_box\" style=\"background: initial !important;border: initial !important;border-spacing: initial !important;border-collapse: initial !important;direction: ltr !important;font-weight: initial !important;height: initial !important;letter-spacing: initial !important;min-width: initial !important;max-width: initial !important;min-height: initial !important;max-height: initial !important;margin: auto !important;padding: initial !important;text-align: initial !important;width: initial !important;color: inherit !important;font-size: 13px !important;font-family: X-LocaleSpecific, sans-serif, Tahoma, Helvetica !important;line-height: 13px !important;vertical-align: top !important\">\n<div id=\"s3gt_translate_tooltip_mini_logo\" class=\"s3gt_translate_tooltip_mini\" title=\"Traducir texto seleccionado\"><\/div>\n<div id=\"s3gt_translate_tooltip_mini_sound\" class=\"s3gt_translate_tooltip_mini\" title=\"Escuchar\"><\/div>\n<div id=\"s3gt_translate_tooltip_mini_copy\" class=\"s3gt_translate_tooltip_mini\" title=\"Copiar texto al Portapapeles\"><\/div>\n<\/div>\n<p>[\/vc_column_text][vc_empty_space][vc_column_text]<a href=\"http:\/\/creativecommons.org\/licenses\/by-nc-sa\/3.0\/es\/deed.es_CO\" target=\"_blank\" rel=\"license noopener noreferrer\" target=\"_blank\" rel=\"noopener\"><img decoding=\"async\" src=\"http:\/\/i.creativecommons.org\/l\/by-nc-sa\/3.0\/es\/88x31.png\" alt=\"Licencia Creative Commons\" \/><\/a><br \/>\nEste sitio est\u00e1 bajo <a href=\"http:\/\/creativecommons.org\/licenses\/by-nc-sa\/3.0\/es\/deed.es_CO\" target=\"_blank\" rel=\"license noopener noreferrer\" target=\"_blank\" rel=\"noopener\">Licencia Creative Commons<\/a>.[\/vc_column_text][\/vc_column][vc_column width=\u00bb1\/6&#8243;][\/vc_column][\/vc_row]<\/p>\n","protected":false},"excerpt":{"rendered":"<p>[vc_row][vc_column width=\u00bb1\/6&#8243;][\/vc_column][vc_column width=\u00bb2\/3&#8243;][vc_column_text] Obra [\/vc_column_text][vc_media_grid element_width=\u00bb3&#8243; grid_id=\u00bbvc_gid:1562750833739-297440eb-5fc1-8&#8243; include=\u00bb575,576,577,578,579,580,581,574&#8243;][vc_column_text]Emilio Lled\u00f3 ha escrito m\u00e1s de un centenar de art\u00edculos especializados, ha traducido textos del alem\u00e1n como la Historia de la Filosof\u00eda de W. Capelle y, en colaboraci\u00f3n con Montserrat Macau, La formaci\u00f3n de los dominios ling\u00fc\u00edsticos en la pen\u00ednsula ib\u00e9rica de Kurt Baldinger, ha escrito la introducci\u00f3n&#8230;<\/p>\n","protected":false},"author":14,"featured_media":94,"parent":0,"menu_order":0,"comment_status":"closed","ping_status":"closed","template":"","meta":{"footnotes":""},"class_list":["post-325","page","type-page","status-publish","has-post-thumbnail","hentry"],"_links":{"self":[{"href":"https:\/\/www.ull.es\/eventos\/emilio-lledo\/wp-json\/wp\/v2\/pages\/325"}],"collection":[{"href":"https:\/\/www.ull.es\/eventos\/emilio-lledo\/wp-json\/wp\/v2\/pages"}],"about":[{"href":"https:\/\/www.ull.es\/eventos\/emilio-lledo\/wp-json\/wp\/v2\/types\/page"}],"author":[{"embeddable":true,"href":"https:\/\/www.ull.es\/eventos\/emilio-lledo\/wp-json\/wp\/v2\/users\/14"}],"replies":[{"embeddable":true,"href":"https:\/\/www.ull.es\/eventos\/emilio-lledo\/wp-json\/wp\/v2\/comments?post=325"}],"version-history":[{"count":2,"href":"https:\/\/www.ull.es\/eventos\/emilio-lledo\/wp-json\/wp\/v2\/pages\/325\/revisions"}],"predecessor-version":[{"id":666,"href":"https:\/\/www.ull.es\/eventos\/emilio-lledo\/wp-json\/wp\/v2\/pages\/325\/revisions\/666"}],"wp:featuredmedia":[{"embeddable":true,"href":"https:\/\/www.ull.es\/eventos\/emilio-lledo\/wp-json\/"}],"wp:attachment":[{"href":"https:\/\/www.ull.es\/eventos\/emilio-lledo\/wp-json\/wp\/v2\/media?parent=325"}],"curies":[{"name":"wp","href":"https:\/\/api.w.org\/{rel}","templated":true}]}}