{"id":420,"date":"2015-12-21T10:06:42","date_gmt":"2015-12-21T10:06:42","guid":{"rendered":"http:\/\/bbtk.exposicion.ull.es\/emiliolledo\/?page_id=420"},"modified":"2021-05-11T10:43:14","modified_gmt":"2021-05-11T08:43:14","slug":"video-audio","status":"publish","type":"page","link":"https:\/\/www.ull.es\/eventos\/emilio-lledo\/video-audio\/","title":{"rendered":"V\u00eddeo  Audio"},"content":{"rendered":"<p>[vc_row][vc_column width=\u00bb1\/6&#8243;][\/vc_column][vc_column width=\u00bb2\/3&#8243;][vc_column_text]<\/p>\n<h1>V\u00eddeo Audio<\/h1>\n<ul>\n<li><a href=\"http:\/\/www.march.es\/conferencias\/anteriores\/index.aspx?p0=1&amp;b0=EMILIO%20LLEDO&amp;l=1\" target=\"_blank\" rel=\"noopener\">Conferencias, 1980-2011. \u00a0Fundaci\u00f3n Juan March<\/a>.<\/li>\n<li><a href=\"https:\/\/www.youtube.com\/watch?v=c_gZcZFq-YE\" target=\"_blank\" rel=\"noopener\">Charla entre Emilio Lled\u00f3 y Amelia Valc\u00e1rcel, 2013.<\/a><a href=\"https:\/\/www.youtube.com\/watch?v=HAdubpAeV90\" target=\"_blank\" rel=\"noopener\">\u00a0<\/a>\u00a0Fundaci\u00f3n CajaCanarias.<\/li>\n<li><a href=\"http:\/\/www.lasexta.com\/programas\/el-intermedio\/mejores-momentos\/emilio-lledo-educacion-solucion-todas-estas-cosas-que-estamos-viviendo_2015060500001.html\" target=\"_blank\" rel=\"noopener\">Emilio Lled\u00f3 visita\u00a0<strong>El Intermedio<\/strong><\/a>, 2015.\u00a0La Sexta TV<\/li>\n<li><a href=\"http:\/\/www.rtve.es\/noticias\/20150520\/emilio-lledo-sabio-palabra\/1147648.shtml\" target=\"_blank\" rel=\"noopener noreferrer\" target=\"_blank\" rel=\"noopener\">Emilio Lled\u00f3, un sabio de la palabra, 2015 \u2013 RTVE<\/a><\/li>\n<li><a href=\"https:\/\/www.youtube.com\/watch?v=HnYOMlF-mpQ https:\/\/www.youtube.com\/watch?v=HnYOMlF-mpQ\" target=\"_blank\" rel=\"noopener noreferrer\" target=\"_blank\" rel=\"noopener\">Conferencia\u00a0&#8216;El papel de los libros&#8217; en la Biblioteca Nacional, 26 \u00a0enero de 2016.<\/a><\/li>\n<\/ul>\n<p>&nbsp;<\/p>\n<p>[\/vc_column_text][vc_empty_space][vc_column_text]<a href=\"http:\/\/creativecommons.org\/licenses\/by-nc-sa\/3.0\/es\/deed.es_CO\" target=\"_blank\" rel=\"license noopener noreferrer\" target=\"_blank\" rel=\"noopener\"><img decoding=\"async\" src=\"http:\/\/i.creativecommons.org\/l\/by-nc-sa\/3.0\/es\/88x31.png\" alt=\"Licencia Creative Commons\" \/><\/a><br \/>\nEste sitio est\u00e1 bajo <a href=\"http:\/\/creativecommons.org\/licenses\/by-nc-sa\/3.0\/es\/deed.es_CO\" target=\"_blank\" rel=\"license noopener noreferrer\" target=\"_blank\" rel=\"noopener\">Licencia Creative Commons<\/a>.[\/vc_column_text][\/vc_column][vc_column width=\u00bb1\/6&#8243;][\/vc_column][\/vc_row]<\/p>\n","protected":false},"excerpt":{"rendered":"<p>[vc_row][vc_column width=\u00bb1\/6&#8243;][\/vc_column][vc_column width=\u00bb2\/3&#8243;][vc_column_text] V\u00eddeo Audio Conferencias, 1980-2011. \u00a0Fundaci\u00f3n Juan March. Charla entre Emilio Lled\u00f3 y Amelia Valc\u00e1rcel, 2013.\u00a0\u00a0Fundaci\u00f3n CajaCanarias. Emilio Lled\u00f3 visita\u00a0El Intermedio, 2015.\u00a0La Sexta TV Emilio Lled\u00f3, un sabio de la palabra, 2015 \u2013 RTVE Conferencia\u00a0&#8216;El papel de los libros&#8217; en la Biblioteca Nacional, 26 \u00a0enero de 2016. &nbsp; [\/vc_column_text][vc_empty_space][vc_column_text] Este sitio est\u00e1 bajo&#8230;<\/p>\n","protected":false},"author":14,"featured_media":94,"parent":0,"menu_order":0,"comment_status":"closed","ping_status":"closed","template":"","meta":{"footnotes":""},"class_list":["post-420","page","type-page","status-publish","has-post-thumbnail","hentry"],"_links":{"self":[{"href":"https:\/\/www.ull.es\/eventos\/emilio-lledo\/wp-json\/wp\/v2\/pages\/420"}],"collection":[{"href":"https:\/\/www.ull.es\/eventos\/emilio-lledo\/wp-json\/wp\/v2\/pages"}],"about":[{"href":"https:\/\/www.ull.es\/eventos\/emilio-lledo\/wp-json\/wp\/v2\/types\/page"}],"author":[{"embeddable":true,"href":"https:\/\/www.ull.es\/eventos\/emilio-lledo\/wp-json\/wp\/v2\/users\/14"}],"replies":[{"embeddable":true,"href":"https:\/\/www.ull.es\/eventos\/emilio-lledo\/wp-json\/wp\/v2\/comments?post=420"}],"version-history":[{"count":3,"href":"https:\/\/www.ull.es\/eventos\/emilio-lledo\/wp-json\/wp\/v2\/pages\/420\/revisions"}],"predecessor-version":[{"id":695,"href":"https:\/\/www.ull.es\/eventos\/emilio-lledo\/wp-json\/wp\/v2\/pages\/420\/revisions\/695"}],"wp:featuredmedia":[{"embeddable":true,"href":"https:\/\/www.ull.es\/eventos\/emilio-lledo\/wp-json\/"}],"wp:attachment":[{"href":"https:\/\/www.ull.es\/eventos\/emilio-lledo\/wp-json\/wp\/v2\/media?parent=420"}],"curies":[{"name":"wp","href":"https:\/\/api.w.org\/{rel}","templated":true}]}}