{"id":422,"date":"2015-12-21T10:06:57","date_gmt":"2015-12-21T10:06:57","guid":{"rendered":"http:\/\/bbtk.exposicion.ull.es\/emiliolledo\/?page_id=422"},"modified":"2021-05-11T10:44:22","modified_gmt":"2021-05-11T08:44:22","slug":"articulos","status":"publish","type":"page","link":"https:\/\/www.ull.es\/eventos\/emilio-lledo\/articulos\/","title":{"rendered":"Art\u00edculos"},"content":{"rendered":"<p>[vc_row][vc_column width=\u00bb1\/6&#8243;][\/vc_column][vc_column width=\u00bb2\/3&#8243;][vc_column_text]<\/p>\n<h1>Art\u00edculos<\/h1>\n<ul>\n<li><a href=\"http:\/\/www.rae.es\/sites\/default\/files\/Discurso_Ingreso_Emilio_Lledo.pdf\" target=\"_blank\" rel=\"noopener\">Discurso de toma de posesi\u00f3n en la RAE\u00a0y\u00a0Contestaci\u00f3n de Francisco Rodr\u00edguez Adrados<\/a><a href=\"http:\/\/www.ddooss.org\/articulos\/entrevistas\/Emilio_LLedo.htm\" target=\"_blank\" rel=\"noopener\">. Real Academia Espa\u00f1ola, 1994.<\/a><\/li>\n<li><a href=\"http:\/\/www.ateneodelalaguna.es\/pdf\/ATENEO29\/Emiliolledo9-13.pdf\" target=\"_blank\" rel=\"noopener\">Emilio Lled\u00f3: Laudatio. Con motivo de la investidura de Emilio Lled\u00f3 como Doctor Honoris Causa por la Universidad de La Laguna el 7 de marzo de 1997, por Jos\u00e9 Luis Escohotado Ibor<\/a><a href=\"http:\/\/www.ddooss.org\/articulos\/entrevistas\/Emilio_LLedo.htm\" target=\"_blank\" rel=\"noopener\">. En:\u00a0<\/a><a href=\"http:\/\/dialnet.unirioja.es\/ejemplar\/300684\" target=\"_blank\" rel=\"noopener\">Cuadernos del Ateneo, \u00a0n\u00ba. 29, 2011 (Homenaje a Emilio Lled\u00f3: Pensamiento y Educaci\u00f3n),\u00a0pp.\u00a09-13<\/a><\/li>\n<li><a href=\"http:\/\/www.ddooss.org\/articulos\/entrevistas\/Emilio_LLedo.htm\" target=\"_blank\" rel=\"noopener\">Entrevista a Emilio Lled\u00f3 por Antonio \u00c1lvarez de la Rosa<\/a>,\u00a0publicaci\u00f3n en DDOOS: Asociaci\u00f3n de amigos del arte y la cultura de Valladolid, n\u00ba 5, 2001.<\/li>\n<li><a href=\"http:\/\/www.nuevatribuna.es\/articulo\/cultura---ocio\/emilio-lledo-alas-pensamiento\/20140123172237100228.html\" target=\"_blank\" rel=\"noopener\">Emilio Lled\u00f3, las alas del\u00a0pensamiento<\/a>, publicaci\u00f3n en\u00a0Nuevatribuna, 18-11-2014.<\/li>\n<\/ul>\n<p>&nbsp;<\/p>\n<p>&nbsp;<\/p>\n<p>[\/vc_column_text][vc_empty_space][vc_column_text]<a href=\"http:\/\/creativecommons.org\/licenses\/by-nc-sa\/3.0\/es\/deed.es_CO\" target=\"_blank\" rel=\"license noopener noreferrer\" target=\"_blank\" rel=\"noopener\"><img decoding=\"async\" src=\"http:\/\/i.creativecommons.org\/l\/by-nc-sa\/3.0\/es\/88x31.png\" alt=\"Licencia Creative Commons\" \/><\/a><br \/>\nEste sitio est\u00e1 bajo <a href=\"http:\/\/creativecommons.org\/licenses\/by-nc-sa\/3.0\/es\/deed.es_CO\" target=\"_blank\" rel=\"license noopener noreferrer\" target=\"_blank\" rel=\"noopener\">Licencia Creative Commons<\/a>.[\/vc_column_text][\/vc_column][vc_column width=\u00bb1\/6&#8243;][\/vc_column][\/vc_row]<\/p>\n","protected":false},"excerpt":{"rendered":"<p>[vc_row][vc_column width=\u00bb1\/6&#8243;][\/vc_column][vc_column width=\u00bb2\/3&#8243;][vc_column_text] Art\u00edculos Discurso de toma de posesi\u00f3n en la RAE\u00a0y\u00a0Contestaci\u00f3n de Francisco Rodr\u00edguez Adrados. Real Academia Espa\u00f1ola, 1994. Emilio Lled\u00f3: Laudatio. Con motivo de la investidura de Emilio Lled\u00f3 como Doctor Honoris Causa por la Universidad de La Laguna el 7 de marzo de 1997, por Jos\u00e9 Luis Escohotado Ibor. En:\u00a0Cuadernos del Ateneo,&#8230;<\/p>\n","protected":false},"author":14,"featured_media":94,"parent":0,"menu_order":0,"comment_status":"closed","ping_status":"closed","template":"","meta":{"footnotes":""},"class_list":["post-422","page","type-page","status-publish","has-post-thumbnail","hentry"],"_links":{"self":[{"href":"https:\/\/www.ull.es\/eventos\/emilio-lledo\/wp-json\/wp\/v2\/pages\/422"}],"collection":[{"href":"https:\/\/www.ull.es\/eventos\/emilio-lledo\/wp-json\/wp\/v2\/pages"}],"about":[{"href":"https:\/\/www.ull.es\/eventos\/emilio-lledo\/wp-json\/wp\/v2\/types\/page"}],"author":[{"embeddable":true,"href":"https:\/\/www.ull.es\/eventos\/emilio-lledo\/wp-json\/wp\/v2\/users\/14"}],"replies":[{"embeddable":true,"href":"https:\/\/www.ull.es\/eventos\/emilio-lledo\/wp-json\/wp\/v2\/comments?post=422"}],"version-history":[{"count":4,"href":"https:\/\/www.ull.es\/eventos\/emilio-lledo\/wp-json\/wp\/v2\/pages\/422\/revisions"}],"predecessor-version":[{"id":696,"href":"https:\/\/www.ull.es\/eventos\/emilio-lledo\/wp-json\/wp\/v2\/pages\/422\/revisions\/696"}],"wp:featuredmedia":[{"embeddable":true,"href":"https:\/\/www.ull.es\/eventos\/emilio-lledo\/wp-json\/"}],"wp:attachment":[{"href":"https:\/\/www.ull.es\/eventos\/emilio-lledo\/wp-json\/wp\/v2\/media?parent=422"}],"curies":[{"name":"wp","href":"https:\/\/api.w.org\/{rel}","templated":true}]}}