{"id":424,"date":"2015-12-21T10:07:14","date_gmt":"2015-12-21T10:07:14","guid":{"rendered":"http:\/\/bbtk.exposicion.ull.es\/emiliolledo\/?page_id=424"},"modified":"2021-05-11T10:44:54","modified_gmt":"2021-05-11T08:44:54","slug":"sitios-web","status":"publish","type":"page","link":"https:\/\/www.ull.es\/eventos\/emilio-lledo\/sitios-web\/","title":{"rendered":"Sitios web"},"content":{"rendered":"<p>[vc_row][vc_column width=\u00bb1\/6&#8243;][\/vc_column][vc_column width=\u00bb2\/3&#8243;][vc_column_text]<\/p>\n<h1>Sitios web<\/h1>\n<ul>\n<li><a href=\"http:\/\/biblioteca.ucm.es\/fsl\/emilio-lledo,-premio-nacional-de-las-letras-2014-1\" target=\"_blank\" rel=\"noopener\"><span style=\"color: #5c068c\">Emilio Lled\u00f3, Premio Nacional de las Letras, 2014<\/span><\/a><a href=\"http:\/\/biblioteca.ucm.es\/fsl\/emilio-lledo,-premio-nacional-de-las-letras-2014-1\" target=\"_blank\" rel=\"noopener noreferrer\" target=\"_blank\" rel=\"noopener\"><span style=\"color: #3d3d3d\">. P\u00e1gina web de la exposici\u00f3n en la Biblioteca de Filosof\u00eda de la Universidad Complutense de Madrid<\/span><span style=\"color: #333333\"><br \/>\n<\/span><\/a><\/li>\n<li><a href=\"http:\/\/www.fpa.es\/es\/premios-princesa-de-asturias\/premiados\/2015-emilio-lledo-inigo.html?especifica=1\" target=\"_blank\" rel=\"noopener\"><span style=\"color: #006699\">Emilio Lled\u00f3: Premio Princesa de Asturias de comunicaci\u00f3n y humanidades 2015. Sitio web de la Fundaci\u00f3n Princesa de Asturias<\/span><\/a><span style=\"color: #333333\"><br \/>\n<\/span><\/li>\n<li><a href=\"https:\/\/es.wikipedia.org\/wiki\/Emilio_Lled%C3%B3\" target=\"_blank\" rel=\"noopener\"><span style=\"color: #3d3d3d\">Emilio Lled\u00f3. Wikipedia<\/span><\/a><span style=\"color: #333333\"><br \/>\n<\/span><\/li>\n<\/ul>\n<div><\/div>\n<p>[\/vc_column_text][vc_empty_space][vc_column_text]<a href=\"http:\/\/creativecommons.org\/licenses\/by-nc-sa\/3.0\/es\/deed.es_CO\" target=\"_blank\" rel=\"license noopener noreferrer\" target=\"_blank\" rel=\"noopener\"><img decoding=\"async\" src=\"http:\/\/i.creativecommons.org\/l\/by-nc-sa\/3.0\/es\/88x31.png\" alt=\"Licencia Creative Commons\" \/><\/a><br \/>\nEste sitio est\u00e1 bajo <a href=\"http:\/\/creativecommons.org\/licenses\/by-nc-sa\/3.0\/es\/deed.es_CO\" target=\"_blank\" rel=\"license noopener noreferrer\" target=\"_blank\" rel=\"noopener\">Licencia Creative Commons<\/a>.[\/vc_column_text][\/vc_column][vc_column width=\u00bb1\/6&#8243;][\/vc_column][\/vc_row]<\/p>\n","protected":false},"excerpt":{"rendered":"<p>[vc_row][vc_column width=\u00bb1\/6&#8243;][\/vc_column][vc_column width=\u00bb2\/3&#8243;][vc_column_text] Sitios web Emilio Lled\u00f3, Premio Nacional de las Letras, 2014. P\u00e1gina web de la exposici\u00f3n en la Biblioteca de Filosof\u00eda de la Universidad Complutense de Madrid Emilio Lled\u00f3: Premio Princesa de Asturias de comunicaci\u00f3n y humanidades 2015. Sitio web de la Fundaci\u00f3n Princesa de Asturias Emilio Lled\u00f3. Wikipedia [\/vc_column_text][vc_empty_space][vc_column_text] Este sitio est\u00e1&#8230;<\/p>\n","protected":false},"author":14,"featured_media":94,"parent":0,"menu_order":0,"comment_status":"closed","ping_status":"closed","template":"","meta":{"footnotes":""},"class_list":["post-424","page","type-page","status-publish","has-post-thumbnail","hentry"],"_links":{"self":[{"href":"https:\/\/www.ull.es\/eventos\/emilio-lledo\/wp-json\/wp\/v2\/pages\/424"}],"collection":[{"href":"https:\/\/www.ull.es\/eventos\/emilio-lledo\/wp-json\/wp\/v2\/pages"}],"about":[{"href":"https:\/\/www.ull.es\/eventos\/emilio-lledo\/wp-json\/wp\/v2\/types\/page"}],"author":[{"embeddable":true,"href":"https:\/\/www.ull.es\/eventos\/emilio-lledo\/wp-json\/wp\/v2\/users\/14"}],"replies":[{"embeddable":true,"href":"https:\/\/www.ull.es\/eventos\/emilio-lledo\/wp-json\/wp\/v2\/comments?post=424"}],"version-history":[{"count":5,"href":"https:\/\/www.ull.es\/eventos\/emilio-lledo\/wp-json\/wp\/v2\/pages\/424\/revisions"}],"predecessor-version":[{"id":697,"href":"https:\/\/www.ull.es\/eventos\/emilio-lledo\/wp-json\/wp\/v2\/pages\/424\/revisions\/697"}],"wp:featuredmedia":[{"embeddable":true,"href":"https:\/\/www.ull.es\/eventos\/emilio-lledo\/wp-json\/"}],"wp:attachment":[{"href":"https:\/\/www.ull.es\/eventos\/emilio-lledo\/wp-json\/wp\/v2\/media?parent=424"}],"curies":[{"name":"wp","href":"https:\/\/api.w.org\/{rel}","templated":true}]}}