{"id":64,"date":"2015-10-26T10:04:20","date_gmt":"2015-10-26T10:04:20","guid":{"rendered":"http:\/\/bbtk.exposicion.ull.es\/emiliolledo\/?page_id=64"},"modified":"2021-05-11T09:38:47","modified_gmt":"2021-05-11T07:38:47","slug":"obra-puntoq","status":"publish","type":"page","link":"https:\/\/www.ull.es\/eventos\/emilio-lledo\/obra-puntoq\/","title":{"rendered":"En la Biblioteca ULL"},"content":{"rendered":"<p>[vc_row][vc_column width=\u00bb1\/2&#8243;][vc_column_text]<\/p>\n<h1>En la Biblioteca ULL<\/h1>\n<p>[\/vc_column_text][vc_column_text]<\/p>\n<div class=\"gmail_default\">\n<div class=\"gmail_default\">\n<div>\n<ul>\n<li><a href=\"https:\/\/absysnet.bbtk.ull.es\/cgi-bin\/abnetopac?ACC=DOSEARCH&amp;xsqf99=ZZ0074073.autz.(Emilio%20LLedo).t100.\" target=\"_blank\" rel=\"noopener\" data-saferedirecturl=\"https:\/\/www.google.com\/url?q=https:\/\/absysnet.bbtk.ull.es\/cgi-bin\/abnetopac?ACC%3DDOSEARCH%26xsqf99%3DZZ0074073.autz.(Emilio%2520LLedo).t100.&amp;source=gmail&amp;ust=1620803871858000&amp;usg=AFQjCNGfZIKYO5XeojW9IceuQ18YhTLn7Q\" target=\"_blank\" rel=\"noopener\"><span style=\"font-family: arial, sans-serif\">Obra de Emilio LLed\u00f3 | Acceso al cat\u00e1logo<\/span><\/a><\/li>\n<\/ul>\n<\/div>\n<\/div>\n<\/div>\n<div class=\"gmail_default\">\n<div class=\"gmail_default\">\n<div>\n<ul>\n<li><a href=\"https:\/\/absysnet.bbtk.ull.es\/cgi-bin\/abnetopac?ACC=DOSEARCH&amp;xsqf99=(Emilio%20Lledo).t600\" target=\"_blank\" rel=\"noopener\" data-saferedirecturl=\"https:\/\/www.google.com\/url?q=https:\/\/absysnet.bbtk.ull.es\/cgi-bin\/abnetopac?ACC%3DDOSEARCH%26xsqf99%3D(Emilio%2520Lledo).t600&amp;source=gmail&amp;ust=1620803871858000&amp;usg=AFQjCNEL-2Crr79UCfO-W0wL0pltbGKsQA\" target=\"_blank\" rel=\"noopener\"><span style=\"font-family: arial, sans-serif\">Obra sobre Emilio Lled\u00f3\u00a0 | Acceso al cat\u00e1logo<\/span><\/a><\/li>\n<\/ul>\n<\/div>\n<\/div>\n<\/div>\n<p>[\/vc_column_text][\/vc_column][vc_column width=\u00bb1\/2&#8243;][vc_empty_space height=\u00bb72px\u00bb][vc_single_image image=\u00bb619&#8243; img_size=\u00bbfull\u00bb][\/vc_column][\/vc_row][vc_row][vc_column][vc_empty_space height=\u00bb92px\u00bb][vc_row_inner][vc_column_inner][vc_column_text]<a href=\"http:\/\/creativecommons.org\/licenses\/by-nc-sa\/3.0\/es\/deed.es_CO\" target=\"_blank\" rel=\"license noopener noreferrer\" target=\"_blank\" rel=\"noopener\"><img decoding=\"async\" src=\"http:\/\/i.creativecommons.org\/l\/by-nc-sa\/3.0\/es\/88x31.png\" alt=\"Licencia Creative Commons\" \/><\/a><\/p>\n<p><small>Este sitio est\u00e1 bajo <a href=\"http:\/\/creativecommons.org\/licenses\/by-nc-sa\/3.0\/es\/deed.es_CO\" target=\"_blank\" rel=\"license noopener noreferrer\" target=\"_blank\" rel=\"noopener\">Licencia Creative Commons<\/a>.<\/small><\/p>\n<div id=\"s3gt_translate_tooltip_mini\" class=\"s3gt_translate_tooltip_mini_box\" style=\"background: initial !important;border: initial !important;border-spacing: initial !important;border-collapse: initial !important;direction: ltr !important;font-weight: initial !important;height: initial !important;letter-spacing: initial !important;min-width: initial !important;max-width: initial !important;min-height: initial !important;max-height: initial !important;margin: auto !important;padding: initial !important;text-align: initial !important;width: initial !important;color: inherit !important;font-size: 13px !important;font-family: X-LocaleSpecific, sans-serif, Tahoma, Helvetica !important;line-height: 13px !important;vertical-align: top !important\">\n<div id=\"s3gt_translate_tooltip_mini_logo\" class=\"s3gt_translate_tooltip_mini\" style=\"text-align: right\" title=\"Traducir texto seleccionado\"><\/div>\n<div id=\"s3gt_translate_tooltip_mini_sound\" class=\"s3gt_translate_tooltip_mini\" style=\"text-align: right\" title=\"Escuchar\"><\/div>\n<div id=\"s3gt_translate_tooltip_mini_copy\" class=\"s3gt_translate_tooltip_mini\" style=\"text-align: right\" title=\"Copiar texto al Portapapeles\"><\/div>\n<\/div>\n<p>[\/vc_column_text][\/vc_column_inner][\/vc_row_inner][\/vc_column][\/vc_row]<\/p>\n","protected":false},"excerpt":{"rendered":"<p>[vc_row][vc_column width=\u00bb1\/2&#8243;][vc_column_text] En la Biblioteca ULL [\/vc_column_text][vc_column_text] Obra de Emilio LLed\u00f3 | Acceso al cat\u00e1logo Obra sobre Emilio Lled\u00f3\u00a0 | Acceso al cat\u00e1logo [\/vc_column_text][\/vc_column][vc_column width=\u00bb1\/2&#8243;][vc_empty_space height=\u00bb72px\u00bb][vc_single_image image=\u00bb619&#8243; img_size=\u00bbfull\u00bb][\/vc_column][\/vc_row][vc_row][vc_column][vc_empty_space height=\u00bb92px\u00bb][vc_row_inner][vc_column_inner][vc_column_text] Este sitio est\u00e1 bajo Licencia Creative Commons. [\/vc_column_text][\/vc_column_inner][\/vc_row_inner][\/vc_column][\/vc_row]<\/p>\n","protected":false},"author":14,"featured_media":94,"parent":0,"menu_order":0,"comment_status":"closed","ping_status":"closed","template":"","meta":{"footnotes":""},"class_list":["post-64","page","type-page","status-publish","has-post-thumbnail","hentry"],"_links":{"self":[{"href":"https:\/\/www.ull.es\/eventos\/emilio-lledo\/wp-json\/wp\/v2\/pages\/64"}],"collection":[{"href":"https:\/\/www.ull.es\/eventos\/emilio-lledo\/wp-json\/wp\/v2\/pages"}],"about":[{"href":"https:\/\/www.ull.es\/eventos\/emilio-lledo\/wp-json\/wp\/v2\/types\/page"}],"author":[{"embeddable":true,"href":"https:\/\/www.ull.es\/eventos\/emilio-lledo\/wp-json\/wp\/v2\/users\/14"}],"replies":[{"embeddable":true,"href":"https:\/\/www.ull.es\/eventos\/emilio-lledo\/wp-json\/wp\/v2\/comments?post=64"}],"version-history":[{"count":17,"href":"https:\/\/www.ull.es\/eventos\/emilio-lledo\/wp-json\/wp\/v2\/pages\/64\/revisions"}],"predecessor-version":[{"id":618,"href":"https:\/\/www.ull.es\/eventos\/emilio-lledo\/wp-json\/wp\/v2\/pages\/64\/revisions\/618"}],"wp:featuredmedia":[{"embeddable":true,"href":"https:\/\/www.ull.es\/eventos\/emilio-lledo\/wp-json\/"}],"wp:attachment":[{"href":"https:\/\/www.ull.es\/eventos\/emilio-lledo\/wp-json\/wp\/v2\/media?parent=64"}],"curies":[{"name":"wp","href":"https:\/\/api.w.org\/{rel}","templated":true}]}}