{"id":72,"date":"2015-10-26T10:06:04","date_gmt":"2015-10-26T10:06:04","guid":{"rendered":"http:\/\/bbtk.exposicion.ull.es\/emiliolledo\/?page_id=72"},"modified":"2021-05-11T09:45:55","modified_gmt":"2021-05-11T07:45:55","slug":"creditos","status":"publish","type":"page","link":"https:\/\/www.ull.es\/eventos\/emilio-lledo\/creditos\/","title":{"rendered":"Cr\u00e9ditos"},"content":{"rendered":"<p>[vc_row][vc_column width=\u00bb1\/6&#8243;][\/vc_column][vc_column width=\u00bb2\/3&#8243;][vc_column_text]<\/p>\n<h1>Cr\u00e9ditos<\/h1>\n<p>[\/vc_column_text][vc_column_text]Antonio P\u00e9rez Quintana [Comisariado] |\u00a0Ana Guti\u00e9rrez Barrios |\u00a0Francisco V\u00edctor P\u00e9rez de Castro |\u00a0Ismael Garc\u00eda P\u00e9rez<br \/>\nM. \u00c1frica Gonz\u00e1lez G\u00f3mez |\u00a0Mag\u00fci Morales Ayala |\u00a0Marlene B\u00e1ez Rodr\u00edguez |\u00a0Moni Afonso P\u00e9rez |\u00a0Paz Fern\u00e1ndez-Palomeque<\/p>\n<h2 style=\"text-align: left\">Agradecimientos<\/h2>\n<p>\u00c1ngela Sierra |\u00a0Blanca Arizcun |\u00a0Carlos Marz\u00e1n |\u00a0Daniel Gonz\u00e1lez |\u00a0F\u00e1tima Sainz |\u00a0Fernando R. Junco |\u00a0Florencia Pi\u00f1ero In\u00e9s Diego |\u00a0Isabel Duque |\u00a0Joaquina Larrod\u00e9 |\u00a0Jos\u00e9 Carlos Guerra |\u00a0Jos\u00e9 M. de C\u00f3zar |\u00a0Juana G\u00f3mez | Kellen C. Claro | Mar P\u00e9rez |\u00a0Mercedes Garc\u00eda |\u00a0Ver\u00f3nica Salcedo<\/p>\n<h2 style=\"text-align: left\">Colaboran<\/h2>\n<p style=\"text-align: left\"><span style=\"color: #000000\"><a style=\"color: #000000\" href=\"http:\/\/www.ull.es\/view\/centros\/filosofia\/Inicio\/es\" target=\"_blank\" rel=\"noopener noreferrer\" target=\"_blank\" rel=\"noopener\">Secci\u00f3n de Filosof\u00eda<\/a> | Facultad de Humanidades<\/span><\/p>\n<p style=\"text-align: left\"><span style=\"color: #000000\"><a style=\"color: #000000\" href=\"http:\/\/www.ull.es\/view\/institucional\/bbtk\/Filosofia\/es\" target=\"_blank\" rel=\"noopener noreferrer\" target=\"_blank\" rel=\"noopener\">Biblioteca de Filosof\u00eda<\/a> | Servicio de Biblioteca<\/span><\/p>\n<p style=\"text-align: left\"><span style=\"color: #000000\"><a style=\"color: #000000\" href=\"http:\/\/clubdelecturaull.blogspot.com.es\/\" target=\"_blank\" rel=\"noopener noreferrer\" target=\"_blank\" rel=\"noopener\">Club de Lectura ULL |\u00a0Servicio de Biblioteca<\/a><\/span><\/p>\n<p style=\"text-align: left\"><span style=\"color: #000000\"><a style=\"color: #000000\" href=\"http:\/\/www.alumniull.es\/\" target=\"_blank\" rel=\"noopener noreferrer\" target=\"_blank\" rel=\"noopener\">Alumni ULL<\/a>\u00a0|\u00a0Asociaci\u00f3n de Antiguos Alumnos y Amigos de la Universidad de La Laguna<\/span><\/p>\n<p style=\"text-align: left\"><span style=\"color: #000000\">Vicerrectorado de Tecnolog\u00edas de la Informaci\u00f3n y Servicios Universitarios<\/span><\/p>\n<p>[\/vc_column_text][vc_empty_space][vc_separator][vc_column_text]<a href=\"http:\/\/creativecommons.org\/licenses\/by-nc-sa\/3.0\/es\/deed.es_CO\" target=\"_blank\" rel=\"license noopener noreferrer\" target=\"_blank\" rel=\"noopener\"><img decoding=\"async\" src=\"http:\/\/i.creativecommons.org\/l\/by-nc-sa\/3.0\/es\/88x31.png\" alt=\"Licencia Creative Commons\" \/><\/a><br \/>\nEste sitio est\u00e1 bajo <a href=\"http:\/\/creativecommons.org\/licenses\/by-nc-sa\/3.0\/es\/deed.es_CO\" target=\"_blank\" rel=\"license noopener noreferrer\" target=\"_blank\" rel=\"noopener\">Licencia Creative Commons<\/a>.[\/vc_column_text][\/vc_column][vc_column width=\u00bb1\/6&#8243;][\/vc_column][\/vc_row]<\/p>\n","protected":false},"excerpt":{"rendered":"<p>[vc_row][vc_column width=\u00bb1\/6&#8243;][\/vc_column][vc_column width=\u00bb2\/3&#8243;][vc_column_text] Cr\u00e9ditos [\/vc_column_text][vc_column_text]Antonio P\u00e9rez Quintana [Comisariado] |\u00a0Ana Guti\u00e9rrez Barrios |\u00a0Francisco V\u00edctor P\u00e9rez de Castro |\u00a0Ismael Garc\u00eda P\u00e9rez M. \u00c1frica Gonz\u00e1lez G\u00f3mez |\u00a0Mag\u00fci Morales Ayala |\u00a0Marlene B\u00e1ez Rodr\u00edguez |\u00a0Moni Afonso P\u00e9rez |\u00a0Paz Fern\u00e1ndez-Palomeque Agradecimientos \u00c1ngela Sierra |\u00a0Blanca Arizcun |\u00a0Carlos Marz\u00e1n |\u00a0Daniel Gonz\u00e1lez |\u00a0F\u00e1tima Sainz |\u00a0Fernando R. Junco |\u00a0Florencia Pi\u00f1ero In\u00e9s Diego |\u00a0Isabel Duque |\u00a0Joaquina&#8230;<\/p>\n","protected":false},"author":14,"featured_media":94,"parent":0,"menu_order":0,"comment_status":"closed","ping_status":"closed","template":"","meta":{"footnotes":""},"class_list":["post-72","page","type-page","status-publish","has-post-thumbnail","hentry"],"_links":{"self":[{"href":"https:\/\/www.ull.es\/eventos\/emilio-lledo\/wp-json\/wp\/v2\/pages\/72"}],"collection":[{"href":"https:\/\/www.ull.es\/eventos\/emilio-lledo\/wp-json\/wp\/v2\/pages"}],"about":[{"href":"https:\/\/www.ull.es\/eventos\/emilio-lledo\/wp-json\/wp\/v2\/types\/page"}],"author":[{"embeddable":true,"href":"https:\/\/www.ull.es\/eventos\/emilio-lledo\/wp-json\/wp\/v2\/users\/14"}],"replies":[{"embeddable":true,"href":"https:\/\/www.ull.es\/eventos\/emilio-lledo\/wp-json\/wp\/v2\/comments?post=72"}],"version-history":[{"count":4,"href":"https:\/\/www.ull.es\/eventos\/emilio-lledo\/wp-json\/wp\/v2\/pages\/72\/revisions"}],"predecessor-version":[{"id":675,"href":"https:\/\/www.ull.es\/eventos\/emilio-lledo\/wp-json\/wp\/v2\/pages\/72\/revisions\/675"}],"wp:featuredmedia":[{"embeddable":true,"href":"https:\/\/www.ull.es\/eventos\/emilio-lledo\/wp-json\/"}],"wp:attachment":[{"href":"https:\/\/www.ull.es\/eventos\/emilio-lledo\/wp-json\/wp\/v2\/media?parent=72"}],"curies":[{"name":"wp","href":"https:\/\/api.w.org\/{rel}","templated":true}]}}