{"id":82,"date":"2015-10-26T10:11:09","date_gmt":"2015-10-26T10:11:09","guid":{"rendered":"http:\/\/bbtk.exposicion.ull.es\/emiliolledo\/?page_id=82"},"modified":"2019-07-09T14:38:51","modified_gmt":"2019-07-09T12:38:51","slug":"introduccion","status":"publish","type":"page","link":"https:\/\/www.ull.es\/eventos\/emilio-lledo\/","title":{"rendered":"Inicio"},"content":{"rendered":"<p>[vc_row][vc_column][rev_slider_vc alias=\u00bbslider1&#8243;][\/vc_column][\/vc_row][vc_row][vc_column width=\u00bb1\/6&#8243;][\/vc_column][vc_column width=\u00bb2\/3&#8243;][vc_column_text]<\/p>\n<p style=\"text-align: left\">A trav\u00e9s de este espacio le invitamos a visitar la muestra bibliogr\u00e1fica dedicada al fil\u00f3sofo y humanista Emilio Lled\u00f3,\u00a0\u00a0reciente Premio Princesa de Asturias de Comunicaci\u00f3n y Humanidades 2015, expuesta en el Hall de la Biblioteca General y de Humanidades (Campus de Guajara),\u00a0desde el 19 de noviembre al 29 de febrero de 2016.\u00a0<span style=\"color: #0000ff;font-family: monospace, monospace\">\u00a0<\/span><\/p>\n<div><span style=\"color: #3366ff\"><a style=\"color: #3366ff\" href=\"https:\/\/www.google.es\/maps\/@28.4701903,-16.3037572,3a,75y,224.89h,98.62t\/data=!3m6!1e1!3m4!1svea0OY6SUBxyWjAvwftqXA!2e0!7i13312!8i6656\" target=\"_blank\" rel=\"noopener noreferrer\" target=\"_blank\" rel=\"noopener\">Ver mapa<\/a><\/span><\/div>\n<div><\/div>\n<div>Si desea recibir una visita guiada contacte <span style=\"color: #3366ff\"><a style=\"color: #3366ff\" href=\"http:\/\/bbtk.exposicion.ull.es\/emiliolledo\/visitas-guiadas\/\" target=\"_blank\" rel=\"noopener noreferrer\" target=\"_blank\" rel=\"noopener\">aqu\u00ed <\/a><\/span>con nosotros.<\/div>\n<p>[\/vc_column_text][\/vc_column][vc_column width=\u00bb1\/6&#8243;][\/vc_column][\/vc_row]<\/p>\n","protected":false},"excerpt":{"rendered":"<p>[vc_row][vc_column][rev_slider_vc alias=\u00bbslider1&#8243;][\/vc_column][\/vc_row][vc_row][vc_column width=\u00bb1\/6&#8243;][\/vc_column][vc_column width=\u00bb2\/3&#8243;][vc_column_text] A trav\u00e9s de este espacio le invitamos a visitar la muestra bibliogr\u00e1fica dedicada al fil\u00f3sofo y humanista Emilio Lled\u00f3,\u00a0\u00a0reciente Premio Princesa de Asturias de Comunicaci\u00f3n y Humanidades 2015, expuesta en el Hall de la Biblioteca General y de Humanidades (Campus de Guajara),\u00a0desde el 19 de noviembre al 29 de febrero de&#8230;<\/p>\n","protected":false},"author":14,"featured_media":94,"parent":0,"menu_order":0,"comment_status":"closed","ping_status":"closed","template":"templates\/template-no-title.php","meta":{"footnotes":""},"class_list":["post-82","page","type-page","status-publish","has-post-thumbnail","hentry"],"_links":{"self":[{"href":"https:\/\/www.ull.es\/eventos\/emilio-lledo\/wp-json\/wp\/v2\/pages\/82"}],"collection":[{"href":"https:\/\/www.ull.es\/eventos\/emilio-lledo\/wp-json\/wp\/v2\/pages"}],"about":[{"href":"https:\/\/www.ull.es\/eventos\/emilio-lledo\/wp-json\/wp\/v2\/types\/page"}],"author":[{"embeddable":true,"href":"https:\/\/www.ull.es\/eventos\/emilio-lledo\/wp-json\/wp\/v2\/users\/14"}],"replies":[{"embeddable":true,"href":"https:\/\/www.ull.es\/eventos\/emilio-lledo\/wp-json\/wp\/v2\/comments?post=82"}],"version-history":[{"count":3,"href":"https:\/\/www.ull.es\/eventos\/emilio-lledo\/wp-json\/wp\/v2\/pages\/82\/revisions"}],"predecessor-version":[{"id":615,"href":"https:\/\/www.ull.es\/eventos\/emilio-lledo\/wp-json\/wp\/v2\/pages\/82\/revisions\/615"}],"wp:featuredmedia":[{"embeddable":true,"href":"https:\/\/www.ull.es\/eventos\/emilio-lledo\/wp-json\/"}],"wp:attachment":[{"href":"https:\/\/www.ull.es\/eventos\/emilio-lledo\/wp-json\/wp\/v2\/media?parent=82"}],"curies":[{"name":"wp","href":"https:\/\/api.w.org\/{rel}","templated":true}]}}