{"id":32,"date":"2021-04-13T11:41:49","date_gmt":"2021-04-13T11:41:49","guid":{"rendered":"https:\/\/www.ull.es\/eventos\/enrique-rumeu-armas\/?page_id=32"},"modified":"2021-04-22T09:26:04","modified_gmt":"2021-04-22T09:26:04","slug":"bibliografia","status":"publish","type":"page","link":"https:\/\/www.ull.es\/eventos\/enrique-rumeu-armas\/bibliografia\/","title":{"rendered":"Bibliograf\u00eda"},"content":{"rendered":"<p>[vc_row gap=\u00bb30&#8243; equal_height=\u00bbyes\u00bb content_placement=\u00bbbottom\u00bb css=\u00bb.vc_custom_1618314232996{background-position: center !important;background-repeat: no-repeat !important;background-size: cover !important;}\u00bb][vc_column width=\u00bb1\/4&#8243;][vc_column_text css=\u00bb.vc_custom_1617607603484{margin-bottom: 0px !important;padding-bottom: 0px !important;}\u00bb]Archivo[\/vc_column_text][vc_custom_heading text=\u00bbEnrique Rumeu de Armas\u00bb font_container=\u00bbtag:h1|font_size:3em|text_align:left|color:%23020202|line_height:100%25&#8243; google_fonts=\u00bbfont_family:Playfair%20Display%3Aregular%2Citalic%2C700%2C700italic%2C900%2C900italic|font_style:700%20bold%20italic%3A700%3Aitalic\u00bb link=\u00bburl:https%3A%2F%2Fwww.ull.es%2Feventos%2Fenrique-rumeu-armas%2F\u00bb][vc_empty_space][\/vc_column][vc_column width=\u00bb3\/4&#8243;][\/vc_column][\/vc_row][vc_row gap=\u00bb30&#8243;][vc_column width=\u00bb1\/4&#8243;][vc_separator color=\u00bbcustom\u00bb accent_color=\u00bb#8e8e8e\u00bb][vc_empty_space][vc_custom_heading source=\u00bbpost_title\u00bb font_container=\u00bbtag:h2|text_align:left|color:%23020202&#8243; google_fonts=\u00bbfont_family:Playfair%20Display%3Aregular%2Citalic%2C700%2C700italic%2C900%2C900italic|font_style:400%20italic%3A400%3Aitalic\u00bb][\/vc_column][vc_column width=\u00bb3\/4&#8243;][vc_separator color=\u00bbcustom\u00bb accent_color=\u00bb#8e8e8e\u00bb][vc_tta_accordion active_section=\u00bb0&#8243; no_fill=\u00bbtrue\u00bb collapsible_all=\u00bbtrue\u00bb][vc_tta_section title=\u00bbMonograf\u00edas\u00bb tab_id=\u00bb1618314531300-9d1e1f93-2f4d\u00bb][vc_column_text]NAVARRO SEGURA, Mar\u00eda Isabel. <a href=\"http:\/\/absysnetweb.bbtk.ull.es\/cgi-bin\/abnetopac?TITN=77038\" target=\"_blank\" rel=\"noopener\"><em>Arquitectura del Mando Econ\u00f3mico en Canarias<\/em><\/a>. Santa Cruz de Tenerife: Cabildo Insular, 1982. p. 215-220<\/p>\n<p>NAVARRO SEGURA, Mar\u00eda Isabel. <a href=\"http:\/\/absysnetweb.bbtk.ull.es\/cgi-bin\/abnetopac?TITN=77979\" target=\"_blank\" rel=\"noopener\"><em>El racionalismo en Canarias<\/em><\/a>. Santa Cruz de Tenerife: Cabildo Insular, 1988. p. 485-486<\/p>\n<p>DARIAS PRINCIPE, Alberto. <a href=\"http:\/\/absysnetweb.bbtk.ull.es\/cgi-bin\/abnetopac?TITN=296798\" target=\"_blank\" rel=\"noopener\"><em>Ciudad, Arquitectura y memoria hist\u00f3rica: 1500-1981<\/em><\/a>. Santa Cruz de Tenerife: Ayuntamiento, 2004<\/p>\n<p>RUMEU DE ARMAS, E. <em>Folleto explicativo de la reforma del Templo del C. Pilar<\/em>. [S.l.: s.n., s.a]<\/p>\n<p>RUMEU DE ARMAS, E. y CABRERA S\u00c1NCHEZ REAL, L. <em>Plan General de Urbanizaci\u00f3n de Santa Cruz de Tenerife: memorias y bases para la ordenaci\u00f3n<\/em>. Santa Cruz de Tenerife: Ayuntamiento, 1951[\/vc_column_text][\/vc_tta_section][vc_tta_section title=\u00bbPublicaciones peri\u00f3dicas\u00bb tab_id=\u00bb1618314531320-cc614b31-94f6&#8243;][vc_column_text]Enrique Rumeu de Armas 1907-1976 en <em>Aislados: artes y letras del archipi\u00e9lago<\/em>, a\u00f1o 3, n\u00ba 55<\/p>\n<p>ARENCIBIA, Juan. Enrique Rumeu de Armas. <em>Diario de Avisos<\/em> 18\/01\/2000 p.4<\/p>\n<p>ARENCIBIA, Juan, Calles y Plazas de Santa Cruz de Tenerife. <em>Diario de Avisos<\/em> 18\/02\/1988 p. 27<\/p>\n<p>Enrique Rumeu de Armas. <em>La Tarde<\/em> 17\/01\/1978 p. 13<\/p>\n<p>[Necrol\u00f3gica]. <em>El D\u00eda<\/em> 17\/01\/1978 p.8[\/vc_column_text][\/vc_tta_section][\/vc_tta_accordion][vc_separator color=\u00bbcustom\u00bb accent_color=\u00bb#8e8e8e\u00bb][\/vc_column][\/vc_row]<\/p>\n","protected":false},"excerpt":{"rendered":"<p>[vc_row gap=\u00bb30&#8243; equal_height=\u00bbyes\u00bb content_placement=\u00bbbottom\u00bb css=\u00bb.vc_custom_1618314232996{background-position: center !important;background-repeat: no-repeat !important;background-size: cover !important;}\u00bb][vc_column width=\u00bb1\/4&#8243;][vc_column_text css=\u00bb.vc_custom_1617607603484{margin-bottom: 0px !important;padding-bottom: 0px !important;}\u00bb]Archivo[\/vc_column_text][vc_custom_heading text=\u00bbEnrique Rumeu de Armas\u00bb font_container=\u00bbtag:h1|font_size:3em|text_align:left|color:%23020202|line_height:100%25&#8243; google_fonts=\u00bbfont_family:Playfair%20Display%3Aregular%2Citalic%2C700%2C700italic%2C900%2C900italic|font_style:700%20bold%20italic%3A700%3Aitalic\u00bb link=\u00bburl:https%3A%2F%2Fwww.ull.es%2Feventos%2Fenrique-rumeu-armas%2F\u00bb][vc_empty_space][\/vc_column][vc_column width=\u00bb3\/4&#8243;][\/vc_column][\/vc_row][vc_row gap=\u00bb30&#8243;][vc_column width=\u00bb1\/4&#8243;][vc_separator color=\u00bbcustom\u00bb accent_color=\u00bb#8e8e8e\u00bb][vc_empty_space][vc_custom_heading source=\u00bbpost_title\u00bb font_container=\u00bbtag:h2|text_align:left|color:%23020202&#8243; google_fonts=\u00bbfont_family:Playfair%20Display%3Aregular%2Citalic%2C700%2C700italic%2C900%2C900italic|font_style:400%20italic%3A400%3Aitalic\u00bb][\/vc_column][vc_column width=\u00bb3\/4&#8243;][vc_separator color=\u00bbcustom\u00bb accent_color=\u00bb#8e8e8e\u00bb][vc_tta_accordion active_section=\u00bb0&#8243; no_fill=\u00bbtrue\u00bb collapsible_all=\u00bbtrue\u00bb][vc_tta_section title=\u00bbMonograf\u00edas\u00bb tab_id=\u00bb1618314531300-9d1e1f93-2f4d\u00bb][vc_column_text]NAVARRO SEGURA, Mar\u00eda Isabel. Arquitectura del Mando Econ\u00f3mico en Canarias. Santa Cruz de Tenerife: Cabildo Insular,&#8230;<\/p>\n","protected":false},"author":14,"featured_media":0,"parent":0,"menu_order":0,"comment_status":"closed","ping_status":"closed","template":"templates\/template-no-title.php","meta":{"footnotes":""},"class_list":["post-32","page","type-page","status-publish","hentry"],"_links":{"self":[{"href":"https:\/\/www.ull.es\/eventos\/enrique-rumeu-armas\/wp-json\/wp\/v2\/pages\/32"}],"collection":[{"href":"https:\/\/www.ull.es\/eventos\/enrique-rumeu-armas\/wp-json\/wp\/v2\/pages"}],"about":[{"href":"https:\/\/www.ull.es\/eventos\/enrique-rumeu-armas\/wp-json\/wp\/v2\/types\/page"}],"author":[{"embeddable":true,"href":"https:\/\/www.ull.es\/eventos\/enrique-rumeu-armas\/wp-json\/wp\/v2\/users\/14"}],"replies":[{"embeddable":true,"href":"https:\/\/www.ull.es\/eventos\/enrique-rumeu-armas\/wp-json\/wp\/v2\/comments?post=32"}],"version-history":[{"count":7,"href":"https:\/\/www.ull.es\/eventos\/enrique-rumeu-armas\/wp-json\/wp\/v2\/pages\/32\/revisions"}],"predecessor-version":[{"id":77,"href":"https:\/\/www.ull.es\/eventos\/enrique-rumeu-armas\/wp-json\/wp\/v2\/pages\/32\/revisions\/77"}],"wp:attachment":[{"href":"https:\/\/www.ull.es\/eventos\/enrique-rumeu-armas\/wp-json\/wp\/v2\/media?parent=32"}],"curies":[{"name":"wp","href":"https:\/\/api.w.org\/{rel}","templated":true}]}}