{"id":9,"date":"2021-04-12T10:37:39","date_gmt":"2021-04-12T10:37:39","guid":{"rendered":"https:\/\/www.ull.es\/eventos\/enrique-rumeu-armas\/?page_id=9"},"modified":"2023-12-12T13:58:44","modified_gmt":"2023-12-12T13:58:44","slug":"9-2","status":"publish","type":"page","link":"https:\/\/www.ull.es\/eventos\/enrique-rumeu-armas\/","title":{"rendered":"Inicio"},"content":{"rendered":"<p>[vc_row gap=\u00bb30&#8243; equal_height=\u00bbyes\u00bb content_placement=\u00bbbottom\u00bb css=\u00bb.vc_custom_1618313432507{background-position: center !important;background-repeat: no-repeat !important;background-size: cover !important;}\u00bb][vc_column width=\u00bb1\/4&#8243;][vc_empty_space][vc_column_text css=\u00bb.vc_custom_1617629117560{margin-bottom: 0px !important;padding-bottom: 0px !important;}\u00bb]Archivo[\/vc_column_text][vc_custom_heading text=\u00bbEnrique Rumeu de Armas\u00bb font_container=\u00bbtag:h1|font_size:3em|text_align:left|color:%23020202|line_height:100%25&#8243; google_fonts=\u00bbfont_family:Playfair%20Display%3Aregular%2Citalic%2C700%2C700italic%2C900%2C900italic|font_style:700%20bold%20italic%3A700%3Aitalic\u00bb][vc_raw_html]JTNDcCUyMGNsYXNzJTNEJTIybGVnYWRvLWRvcyUyMiUzRVN0YS4lMjBDcnV6JTIwZGUlMjBUZW5lcmlmZSUyQyUyMDE5MDclMkMlMjBCYXJjZWxvbmElMkMlMjAxOTc4JTNDJTJGc21hbGwlM0UlM0MlMkZwJTNF[\/vc_raw_html][\/vc_column][vc_column width=\u00bb3\/4&#8243;][vc_single_image image=\u00bb53&#8243; img_size=\u00bblarge\u00bb css_animation=\u00bbfadeIn\u00bb][\/vc_column][\/vc_row][vc_row gap=\u00bb30&#8243;][vc_column width=\u00bb1\/4&#8243;][vc_separator color=\u00bbcustom\u00bb accent_color=\u00bb#8e8e8e\u00bb][\/vc_column][vc_column width=\u00bb3\/4&#8243;][vc_separator color=\u00bbcustom\u00bb accent_color=\u00bb#8e8e8e\u00bb][\/vc_column][\/vc_row][vc_row gap=\u00bb30&#8243;][vc_column width=\u00bb1\/4&#8243;][vc_btn title=\u00bbFicha de descripci\u00f3n\u00bb style=\u00bboutline-custom\u00bb outline_custom_color=\u00bb#666666&#8243; outline_custom_hover_background=\u00bb#383838&#8243; outline_custom_hover_text=\u00bb#ffffff\u00bb size=\u00bbsm\u00bb i_icon_fontawesome=\u00bbfar fa-address-card\u00bb add_icon=\u00bbtrue\u00bb link=\u00bburl:https%3A%2F%2Fdocs.google.com%2Fdocument%2Fd%2F1z2IDd-1bhSKAiG5gmIIrtGoFgedGOv_iNea2GSYcxlA%2Fedit%3Fusp%3Dsharing|target:_blank\u00bb][vc_btn title=\u00bbInventario\u00bb style=\u00bboutline-custom\u00bb outline_custom_color=\u00bb#666666&#8243; outline_custom_hover_background=\u00bb#383838&#8243; outline_custom_hover_text=\u00bb#ffffff\u00bb size=\u00bbsm\u00bb i_icon_fontawesome=\u00bbfas fa-tasks\u00bb add_icon=\u00bbtrue\u00bb link=\u00bburl:https%3A%2F%2Friull.ull.es%2Fxmlui%2Fhandle%2F915%2F34674|target:_blank\u00bb][vc_empty_space][\/vc_column][vc_column width=\u00bb3\/4&#8243;][vc_column_text]El Archivo personal Enrique Rumeu de Armas contiene documentaci\u00f3n de gran importancia para el estudio del desarrollo urban\u00edstico de Santa Cruz de Tenerife puesto que Rumeu cre\u00f3, con el Plan General de Ordenaci\u00f3n Urbana, unas directrices claras para el crecimiento de la ciudad. Asimismo, se conservan proyectos de enorme inter\u00e9s como el de la reforma del Palacio de Carta, cuya ejemplar restauraci\u00f3n le vali\u00f3 el nombramiento de acad\u00e9mico de la Real Academia de Bellas Artes de San Fernando.[\/vc_column_text][\/vc_column][\/vc_row][vc_row gap=\u00bb30&#8243;][vc_column width=\u00bb1\/4&#8243;][vc_separator color=\u00bbcustom\u00bb accent_color=\u00bb#8e8e8e\u00bb][\/vc_column][vc_column width=\u00bb3\/4&#8243;][vc_separator color=\u00bbcustom\u00bb accent_color=\u00bb#8e8e8e\u00bb][\/vc_column][\/vc_row][vc_row gap=\u00bb30&#8243; content_placement=\u00bbtop\u00bb][vc_column width=\u00bb1\/4&#8243;][vc_btn title=\u00bbPortal de archivos personales\u00bb style=\u00bboutline-custom\u00bb outline_custom_color=\u00bb#666666&#8243; outline_custom_hover_background=\u00bb#383838&#8243; outline_custom_hover_text=\u00bb#ffffff\u00bb size=\u00bbxs\u00bb align=\u00bbleft\u00bb button_block=\u00bbtrue\u00bb][vc_btn title=\u00bbBiblioteca de la Universidad de La Laguna\u00bb style=\u00bboutline-custom\u00bb outline_custom_color=\u00bb#666666&#8243; outline_custom_hover_background=\u00bb#383838&#8243; outline_custom_hover_text=\u00bb#ffffff\u00bb size=\u00bbxs\u00bb align=\u00bbleft\u00bb button_block=\u00bbtrue\u00bb link=\u00bburl:https%3A%2F%2Fwww.ull.es%2Fservicios%2Fbiblioteca%2F\u00bb][\/vc_column][vc_column width=\u00bb3\/4&#8243;][vc_tta_tabs style=\u00bbmodern\u00bb shape=\u00bbsquare\u00bb spacing=\u00bb3&#8243; active_section=\u00bb0&#8243; no_fill_content_area=\u00bbtrue\u00bb][vc_tta_section title=\u00bbC\u00f3mo citar estos documentos\u00bb tab_id=\u00bb1618316825434-116c5d01-dcfe\u00bb][vc_column_text]<span style=\"color: #3d3d3d\"><b>Cita\u00a0 del archivo completo<\/b><\/span><b><span style=\"color: #333333\"><br \/>\n<\/span><\/b><span style=\"color: #3d3d3d\">Biblioteca ULL. Archivo personal de Enrique Rumeu de Armas<\/span><span style=\"color: #333333\"><br \/>\n<\/span><span style=\"color: #3d3d3d\">Biblioteca ULL. AP ERA<\/span><\/p>\n<p><span style=\"color: #3d3d3d\"><b>Cita de un documento concreto<\/b><\/span><b><span style=\"color: #333333\"><br \/>\n<\/span><\/b><span style=\"color: #3d3d3d\">Biblioteca ULL. ERA 1.1<\/span>[\/vc_column_text][\/vc_tta_section][vc_tta_section title=\u00bbLocalizaci\u00f3n\u00bb tab_id=\u00bb1618316795685-721d7521-e9ee\u00bb][vc_column_text]<span style=\"color: #333333\">Universidad de La Laguna<br \/>\nBiblioteca General y de Humanidades, planta 2\u00aa<br \/>\nCampus de Guajara s\/n<br \/>\nLa Laguna (Tenerife)<\/span>[\/vc_column_text][\/vc_tta_section][vc_tta_section title=\u00bbDatos de contacto\u00bb tab_id=\u00bb1618316795706-d640ed19-1ef7&#8243;][vc_column_text]<strong>Carmen G\u00f3mez-Pablos Calvo<\/strong><br \/>\nResponsable de Cartoteca y Mediateca<br \/>\ncgomezpa@ull.edu.es[\/vc_column_text][\/vc_tta_section][\/vc_tta_tabs][\/vc_column][\/vc_row][vc_row gap=\u00bb30&#8243;][vc_column][vc_separator color=\u00bbcustom\u00bb accent_color=\u00bb#8e8e8e\u00bb][\/vc_column][\/vc_row]<\/p>\n","protected":false},"excerpt":{"rendered":"<p>[vc_row gap=\u00bb30&#8243; equal_height=\u00bbyes\u00bb content_placement=\u00bbbottom\u00bb css=\u00bb.vc_custom_1618313432507{background-position: center !important;background-repeat: no-repeat !important;background-size: cover !important;}\u00bb][vc_column width=\u00bb1\/4&#8243;][vc_empty_space][vc_column_text css=\u00bb.vc_custom_1617629117560{margin-bottom: 0px !important;padding-bottom: 0px !important;}\u00bb]Archivo[\/vc_column_text][vc_custom_heading text=\u00bbEnrique Rumeu de Armas\u00bb font_container=\u00bbtag:h1|font_size:3em|text_align:left|color:%23020202|line_height:100%25&#8243; google_fonts=\u00bbfont_family:Playfair%20Display%3Aregular%2Citalic%2C700%2C700italic%2C900%2C900italic|font_style:700%20bold%20italic%3A700%3Aitalic\u00bb][vc_raw_html]JTNDcCUyMGNsYXNzJTNEJTIybGVnYWRvLWRvcyUyMiUzRVN0YS4lMjBDcnV6JTIwZGUlMjBUZW5lcmlmZSUyQyUyMDE5MDclMkMlMjBCYXJjZWxvbmElMkMlMjAxOTc4JTNDJTJGc21hbGwlM0UlM0MlMkZwJTNF[\/vc_raw_html][\/vc_column][vc_column width=\u00bb3\/4&#8243;][vc_single_image image=\u00bb53&#8243; img_size=\u00bblarge\u00bb css_animation=\u00bbfadeIn\u00bb][\/vc_column][\/vc_row][vc_row gap=\u00bb30&#8243;][vc_column width=\u00bb1\/4&#8243;][vc_separator color=\u00bbcustom\u00bb accent_color=\u00bb#8e8e8e\u00bb][\/vc_column][vc_column width=\u00bb3\/4&#8243;][vc_separator color=\u00bbcustom\u00bb accent_color=\u00bb#8e8e8e\u00bb][\/vc_column][\/vc_row][vc_row gap=\u00bb30&#8243;][vc_column width=\u00bb1\/4&#8243;][vc_btn title=\u00bbFicha de descripci\u00f3n\u00bb style=\u00bboutline-custom\u00bb outline_custom_color=\u00bb#666666&#8243; outline_custom_hover_background=\u00bb#383838&#8243; outline_custom_hover_text=\u00bb#ffffff\u00bb size=\u00bbsm\u00bb i_icon_fontawesome=\u00bbfar fa-address-card\u00bb add_icon=\u00bbtrue\u00bb link=\u00bburl:https%3A%2F%2Fdocs.google.com%2Fdocument%2Fd%2F1z2IDd-1bhSKAiG5gmIIrtGoFgedGOv_iNea2GSYcxlA%2Fedit%3Fusp%3Dsharing|target:_blank\u00bb][vc_btn title=\u00bbInventario\u00bb style=\u00bboutline-custom\u00bb outline_custom_color=\u00bb#666666&#8243; outline_custom_hover_background=\u00bb#383838&#8243; outline_custom_hover_text=\u00bb#ffffff\u00bb size=\u00bbsm\u00bb i_icon_fontawesome=\u00bbfas&#8230;<\/p>\n","protected":false},"author":14,"featured_media":0,"parent":0,"menu_order":0,"comment_status":"closed","ping_status":"closed","template":"templates\/template-no-title.php","meta":{"footnotes":""},"class_list":["post-9","page","type-page","status-publish","hentry"],"_links":{"self":[{"href":"https:\/\/www.ull.es\/eventos\/enrique-rumeu-armas\/wp-json\/wp\/v2\/pages\/9"}],"collection":[{"href":"https:\/\/www.ull.es\/eventos\/enrique-rumeu-armas\/wp-json\/wp\/v2\/pages"}],"about":[{"href":"https:\/\/www.ull.es\/eventos\/enrique-rumeu-armas\/wp-json\/wp\/v2\/types\/page"}],"author":[{"embeddable":true,"href":"https:\/\/www.ull.es\/eventos\/enrique-rumeu-armas\/wp-json\/wp\/v2\/users\/14"}],"replies":[{"embeddable":true,"href":"https:\/\/www.ull.es\/eventos\/enrique-rumeu-armas\/wp-json\/wp\/v2\/comments?post=9"}],"version-history":[{"count":24,"href":"https:\/\/www.ull.es\/eventos\/enrique-rumeu-armas\/wp-json\/wp\/v2\/pages\/9\/revisions"}],"predecessor-version":[{"id":103,"href":"https:\/\/www.ull.es\/eventos\/enrique-rumeu-armas\/wp-json\/wp\/v2\/pages\/9\/revisions\/103"}],"wp:attachment":[{"href":"https:\/\/www.ull.es\/eventos\/enrique-rumeu-armas\/wp-json\/wp\/v2\/media?parent=9"}],"curies":[{"name":"wp","href":"https:\/\/api.w.org\/{rel}","templated":true}]}}