{"id":23,"date":"2014-04-16T11:06:32","date_gmt":"2014-04-16T11:06:32","guid":{"rendered":"http:\/\/localhost:8888\/proximo\/?page_id=5"},"modified":"2020-01-14T13:20:18","modified_gmt":"2020-01-14T12:20:18","slug":"inicio","status":"publish","type":"page","link":"https:\/\/www.ull.es\/eventos\/estreno\/inicio\/","title":{"rendered":"Inicio"},"content":{"rendered":"<p>[vc_row full_width=\u00bbstretch_row_content\u00bb][vc_column width=\u00bb1\/6&#8243;][\/vc_column][vc_column width=\u00bb2\/3&#8243;][vc_column_text]<\/p>\n<h2>Pr\u00f3ximo estreno<\/h2>\n<h5>Colecci\u00f3n de Programas de mano de la Familia Quintero Hern\u00e1ndez<\/h5>\n<p>[\/vc_column_text][vc_column_text]La Biblioteca de la Universidad de La Laguna dedica el D\u00eda del Libro de 2014 a una de sus joyas m\u00e1s singulares: la colecci\u00f3n de Programas de mano de la Familia Quintero Hern\u00e1ndez.<\/p>\n<p>La colecci\u00f3n lleg\u00f3 a la Biblioteca en el a\u00f1o 2006, gracias a la donaci\u00f3n que Clara Quintero Hern\u00e1ndez hizo de su biblioteca familiar. Son cinco mil ochocientos programas de mano que abarcan un periodo cronol\u00f3gico comprendido entre 1930 y 1972.<\/p>\n<p>La exposici\u00f3n se ha organizado bajo el t\u00edtulo <i>Pr\u00f3ximo estreno<\/i>, t\u00e9rminos que sintetizan la esencia del programa de mano, utilizado como f\u00f3rmula de publicidad directa que se entregaba en mano en las taquillas de los cines y anunciaba el pr\u00f3ximo estreno de una pel\u00edcula.<\/p>\n<p>Los trescientos noventa impresos expuestos se estructuran en siete apartados. El primero de ellos se titula <i>Formatos especiales: Troquelados<\/i> y re\u00fane programas recortados o perfilados que representan mediante un objeto o imagen la s\u00edntesis de la pel\u00edcula. El siguiente apartado se titula <i>Las productoras y distribuidoras<\/i>. <i>El caso especial de Metro Goldwyn Mayer<\/i> que convirti\u00f3 el programa de mano en una de sus principales armas de promoci\u00f3n, cuidando con esmero de que el dise\u00f1o fuera atractivo y elegante. El tercero se dedica a los <i>Dise\u00f1adores gr\u00e1ficos<\/i>, y se centra en los creadores espa\u00f1oles m\u00e1s destacados, como son Solig\u00f3, Mac, Jano y la empresa MCP formada por Mart\u00ed, Clav\u00e9 y Pic\u00f3. En <i>Los g\u00e9neros a trav\u00e9s de sus programas de mano<\/i>, est\u00e1n representados el cine negro, los musicales, el western y la comedia. Por \u00faltimo, bajo el t\u00edtulo de <i>El cine espa\u00f1ol <\/i>se hace un recorrido gr\u00e1fico por lo que fue la historia cinematogr\u00e1fica de nuestro pa\u00eds.<\/p>\n<p>Se completa la exposici\u00f3n con los apartados <i>La exhibici\u00f3n cinematogr\u00e1fica en Canarias desde 1930-1970<\/i> y <i>La publicidad cinematogr\u00e1fica.<\/i>[\/vc_column_text][\/vc_column][vc_column width=\u00bb1\/6&#8243;][\/vc_column][\/vc_row]<\/p>\n","protected":false},"excerpt":{"rendered":"<p>[vc_row full_width=\u00bbstretch_row_content\u00bb][vc_column width=\u00bb1\/6&#8243;][\/vc_column][vc_column width=\u00bb2\/3&#8243;][vc_column_text] Pr\u00f3ximo estreno Colecci\u00f3n de Programas de mano de la Familia Quintero Hern\u00e1ndez [\/vc_column_text][vc_column_text]La Biblioteca de la Universidad de La Laguna dedica el D\u00eda del Libro de 2014 a una de sus joyas m\u00e1s singulares: la colecci\u00f3n de Programas de mano de la Familia Quintero Hern\u00e1ndez. La colecci\u00f3n lleg\u00f3 a la Biblioteca&#8230;<\/p>\n","protected":false},"author":14,"featured_media":112,"parent":0,"menu_order":0,"comment_status":"open","ping_status":"open","template":"","meta":{"footnotes":""},"class_list":["post-23","page","type-page","status-publish","has-post-thumbnail","hentry"],"_links":{"self":[{"href":"https:\/\/www.ull.es\/eventos\/estreno\/wp-json\/wp\/v2\/pages\/23"}],"collection":[{"href":"https:\/\/www.ull.es\/eventos\/estreno\/wp-json\/wp\/v2\/pages"}],"about":[{"href":"https:\/\/www.ull.es\/eventos\/estreno\/wp-json\/wp\/v2\/types\/page"}],"author":[{"embeddable":true,"href":"https:\/\/www.ull.es\/eventos\/estreno\/wp-json\/wp\/v2\/users\/14"}],"replies":[{"embeddable":true,"href":"https:\/\/www.ull.es\/eventos\/estreno\/wp-json\/wp\/v2\/comments?post=23"}],"version-history":[{"count":3,"href":"https:\/\/www.ull.es\/eventos\/estreno\/wp-json\/wp\/v2\/pages\/23\/revisions"}],"predecessor-version":[{"id":335,"href":"https:\/\/www.ull.es\/eventos\/estreno\/wp-json\/wp\/v2\/pages\/23\/revisions\/335"}],"wp:featuredmedia":[{"embeddable":true,"href":"https:\/\/www.ull.es\/eventos\/estreno\/wp-json\/wp\/v2\/media\/112"}],"wp:attachment":[{"href":"https:\/\/www.ull.es\/eventos\/estreno\/wp-json\/wp\/v2\/media?parent=23"}],"curies":[{"name":"wp","href":"https:\/\/api.w.org\/{rel}","templated":true}]}}