{"id":283,"date":"2014-05-19T12:20:30","date_gmt":"2014-05-19T12:20:30","guid":{"rendered":"http:\/\/bbtk.exposicion.ull.es\/estreno\/?page_id=283"},"modified":"2020-01-14T13:30:41","modified_gmt":"2020-01-14T12:30:41","slug":"bibliografia","status":"publish","type":"page","link":"https:\/\/www.ull.es\/eventos\/estreno\/bibliografia\/","title":{"rendered":"Bibliograf\u00eda"},"content":{"rendered":"<p>[vc_row full_width=\u00bbstretch_row_content\u00bb][vc_column width=\u00bb1\/6&#8243;][\/vc_column][vc_column width=\u00bb2\/3&#8243;][vc_column_text]<\/p>\n<h2>Bibliograf\u00eda<\/h2>\n<p>[\/vc_column_text][vc_tta_accordion active_section=\u00bb\u00bb collapsible_all=\u00bbtrue\u00bb][vc_tta_section title=\u00bbBIBLIOGRAF\u00cdA SOBRE CARTELES Y PROGRAMAS DE MANO\u00bb tab_id=\u00bb1579004785823-c7c018e0-59d6&#8243;][vc_column_text]ALCACER GARMENDIA, Jos\u00e9 A. <em>Qu\u00e9 es el mundo del cartel. <\/em>Madrid: Ediciones Granada, 1991.<\/p>\n<p>ANDR\u00c9S LUNA, Pablo. <em>El cine con problemas de cartel<\/em>. Tesis. Universidad Abierta Interamericana, 2006.<\/p>\n<p><a href=\"http:\/\/www.agr-cine.com\/index.php?option=com_content&amp;view=article&amp;id=80&amp;Itemid=62\" target=\"_blank\" rel=\"noopener noreferrer\" target=\"_blank\" rel=\"noopener\">Archivo AGR. <em>El estilo Universal Films Espa\u00f1ola en los programas de mano <\/em>[en l\u00ednea]. [Fecha de consulta: 12 de mayo de 2014].<\/a><\/p>\n<p><em>Art i propaganda: cartells de la Universitat de Val\u00e8ncia<\/em>: [exposici\u00f3n]. Valencia: Universitat de Valencia, 2001.<\/p>\n<p>BAENA PALMA, Francisco. <em>El cartel de cine en Espa\u00f1a<\/em>. Barcelona: F.P.B., 1996.<\/p>\n<p>BAENA PALMA, Francisco. <em>Los Programas de Mano en Espa\u00f1a<\/em>. Barcelona: F.P.B., 1994.<\/p>\n<p>BAENA PALMA, Francisco. <em>Solig\u00f3: m\u00e1s all\u00e1 del Technicolor<\/em>. Barcelona: F.P.B., 2001.<\/p>\n<p>BARNICOAT, John. <em>Posters: a concise history<\/em>. London: Thames and Hudson, 1972.<\/p>\n<p>BOUZA \u00c1LVAREZ, Ferm\u00edn. <em>Procedimientos ret\u00f3ricos del cartel. <\/em>Madrid: Centro de Investigaciones Sociol\u00f3gicas, 1983.<\/p>\n<p>BROEKER, Randy. <em>Fantasy of the 20th century: an illustrated history.<\/em> Portland, OR: Collector Press, 2001.<\/p>\n<p><em>Carteles de cine, de 1915 a 1930.<\/em> Colecci\u00f3n Fern\u00e1ndez Ardav\u00edn. Madrid: Filmoteca Espa\u00f1ola, 2005.<\/p>\n<p><em>Los carteles del IVAM<\/em>: [exposici\u00f3n] Institut Valenci\u00e0 d&#8217; Art Modern. &#8212; Valencia: IVAM, 2002.<\/p>\n<p>CARULLA, Jordi. <em>La Guerra civil en 2000 carteles: rep\u00fablica-guerra civil-posguerra<\/em>. Barcelona: Postermil, 1997.<\/p>\n<p>COLLADO ALONSO, Roc\u00edo. <em>El cartel de cine en la transici\u00f3n espa\u00f1ola: realidad y cambio social<\/em>. Tesis doctoral in\u00e9dita, Universidad Complutense de Madrid, 2012 [en l\u00ednea] [Fecha de consulta: 5 de marzo de 2014]. Disponible en Internet: <a href=\"http:\/\/eprints.ucm.es\/16333\/1\/T33828.pdf\" target=\"_blank\" rel=\"noopener\"><u>http:\/\/eprints.ucm.es\/16333\/1\/T33828.pdf<\/u><\/a><\/p>\n<p><em>The complete \u00abmasters of the posters\u00bb: all 256 color plates from\u201d Les ma\u00eetres de l\u00b4affiche<\/em>. Edited by Stanley Appelbaum. New York: Dover, 1990.<\/p>\n<p>EGUIZ\u00c1BAL, Ra\u00fal. El cine negro y sus dise\u00f1os. <em>AGR Coleccionistas de cine<\/em>, 2005, n\u00ba 26 verano, p. 118-134.<\/p>\n<p>FERN\u00c1NDEZ MELLADO, Rebeca. <a href=\"http:\/\/multidoc.rediris.es\/cdm\/include\/getdoc.php?id=311&amp;article=57&amp;mode=pdf\" target=\"_blank\" rel=\"noopener\"><em><u>El cartel de cine espa\u00f1ol de posguerra (1939-1945): modelo de tratamiento documental<\/u><\/em>. Cuadernos de documentaci\u00f3n multimedia, n\u00ba 18 (2007).<\/a><\/p>\n<p><a href=\"http:\/\/multidoc.rediris.es\/cdm\/include\/getdoc.php?id=311&amp;article=57&amp;mode=pdf\" target=\"_blank\" rel=\"noopener\"><u>http:\/\/multidoc.rediris.es\/cdm\/include\/getdoc.php?id=311&amp;article=57&amp;mode=pdf<\/u><\/a><\/p>\n<p><a href=\"http:\/\/pinterest.com\/rebecafm\/\" target=\"_blank\" rel=\"noopener\"><u>http:\/\/pinterest.com\/rebecafm\/<\/u><\/a><\/p>\n<p>FERN\u00c1NDEZ OLIVA, Francisco Antonio. <em>Carteles de cine: paisajes y figuras de Espa\u00f1a.<\/em> Madrid: Ocho y Medio, 2001.<\/p>\n<p>FERN\u00c1NDEZ OLIVA, Francisco Antonio. <em>Nombres de mujer: carteles de cine.<\/em> Madrid: JC Clementine, 2006.<\/p>\n<p>GARC\u00cdA-RAYO, Antonio. Prohibida. <em>AGR Coleccionistas de Cine<\/em>, 2008, n\u00ba 38, p. 88-107.<\/p>\n<p>GARC\u00cdA TALAVERA, James F. Willis<em>. Los a\u00f1os dorados de Metro-Goldwyn-Mayer: los programas de mano<\/em>. Madrid: Tauro, 2002.<\/p>\n<p>GARC\u00cdA-TALAVERA, James F. Willis. El significante ic\u00f3nico dentro de la estructura semi\u00f3tica mixta del programa de mano M-G-M [en l\u00ednea]. <em>Esp\u00e9culo. Revista de estudios literarios<\/em>, 2002, Universidad Complutense de Madrid. [Fecha de consulta: 12 de mayo de 2014]. Disponible en Internet: <a href=\"http:\/\/pendientedemigracion.ucm.es\/info\/especulo\/numero21\/pm_mgm.html\" target=\"_blank\" rel=\"noopener\"><u>http:\/\/pendientedemigracion.ucm.es\/info\/especulo\/numero21\/pm_mgm.html<\/u><\/a><\/p>\n<p>GARC\u00cdA-TALAVERA, James F. Willis. El programa de mano de Metro-Goldwyn-Mayer [en l\u00ednea]. <em>Revista Latina de Comunicaci\u00f3n Social<\/em>, 2002, enero, n\u00ba 46. [Fecha de consulta: 12 de mayo de 2014]. Disponible en Internet: <u><a href=\"http:\/\/www.ull.es\/publicaciones\/latina\/2002\/latina46enero\/4612willis.htm\" target=\"_blank\" rel=\"noopener\">http:\/\/www.ull.es\/publicaciones\/latina\/2002\/latina46enero\/4612willis.htm<\/a><\/u> ISSN: 1138-5820<\/p>\n<p>GONZ\u00c1LEZ CUASANTE, Jos\u00e9 Mar\u00eda. El poder sugestivo de la imagen. <em>ABC Cultural<\/em>. Madrid, 10 noviembre 2001, n\u00ba 511, p. 46.<\/p>\n<p>GRIMAU, Carmen. <em>El cartel republicano en la Guerra Civil<\/em>. Madrid: Ediciones C\u00e1tedra, 1979.<\/p>\n<p>GUERRA, Alfonso. <em>Carteles de la guerra: 1936-1939<\/em>: Colecci\u00f3n Fundaci\u00f3n Pablo Iglesias Barcelona. Madrid: C\u00edrculo de Bellas Artes: Fundaci\u00f3n Pablo Iglesias, 2004.<\/p>\n<p>Jano y la publicidad cinematogr\u00e1fica [en l\u00ednea]. <em>Historias cinematogr\u00e1ficas<\/em>. [Fecha de consulta: 12 de mayo de 2014]. Disponible en Internet: <a href=\"http:\/\/historias-cinematograficas.blogspot.com.es\/2008\/12\/jano-y-la-publicidad-cinematogrfica.html\" target=\"_blank\" rel=\"noopener\"><u>http:\/\/historias-cinematograficas.blogspot.com.es\/2008\/12\/jano-y-la-publicidad-cinematogrfica.html<\/u><\/a><\/p>\n<p>JULI\u00c1N GONZ\u00c1LEZ, Inmaculada. <em>El cartel republicano en la Guerra Civil espa\u00f1ola.<\/em> Madrid: Instituto de Conservaci\u00f3n y Restauraci\u00f3n de Bienes Culturales, 1993.<\/p>\n<p>LE COULTRE, MART\u00cdN F. <em>Un siglo de carteles. <\/em>Barcelona: Gustavo Gili, 2003.<\/p>\n<p>MAC; BAENA PALMA, Francisco; BAENA, Sandra.<em> Mac, tra\u00e7os de cinema: Macari G\u00f3mez, cartells 1955-1980<\/em>. Tarragona: Fundaci\u00f3n Caixa Tarragona, 2007.<\/p>\n<p>MANN, James Henry Jr. (Ed). <em>Carteles contra una guerra: signos por la paz. <\/em>Barcelona: Gustavo Gili, 2003.<\/p>\n<p>MART\u00cdN, Fernando Gabriel. La publicidad cinematogr\u00e1fica en Barcelona: MCP y la empresa Esquema. <em>Cuadernos de la Academia, <\/em>1998, n\u00ba 2 (Ejemplar dedicado a: <em>T<\/em><em>ras el sue\u00f1o. Actas del Centenario. VI Congreso de la Asociaci\u00f3n Espa\u00f1ola de Historiadores del Cine<\/em>), p. 231-253.<\/p>\n<p>MART\u00cdN, Fernando Gabriel. <em>Pr\u00f3ximo estreno: la imagen publicitaria del Cine<\/em> [Manuscrito in\u00e9dito].<\/p>\n<p>MART\u00cdN, Fernando Gabriel. <em>Sue\u00f1os en papel: los programas de mano en el cine<\/em>. Puerto de la Cruz: Festival de Cine Ecol\u00f3gico y de la Naturaleza, 1990.<\/p>\n<p>MOYA, C\u00e9sar. Entrevista con Macario G\u00f3mez. <em>Dirigido por<\/em>. 1983, n\u00ba 100 enero, p. 57.<\/p>\n<p>PARRAM\u00d3N, Jos\u00e9 M\u00aa. <em>As\u00ed se pinta un cartel. <\/em>Con la colaboraci\u00f3n de los grafistas Jos\u00e9 Pl\u00e1 Narbona, Enric Huguet Muix\u00ed, Amand Dom\u00e9nech Casanova. &#8212; Barcelona: Instituto Parram\u00f3n, 1969.<\/p>\n<p>P\u00c9REZ PERUCHA, Julio. Escaparates del espect\u00e1culo o indicadores del sentido. En <em>Cine impreso: Cartelistas espa\u00f1oles de cine (1955-1985)<\/em>. La Coru\u00f1a: Ayuntamiento, 1986.<\/p>\n<p>PONGA, Paula. Carteles de cine contra la pared. <em>Fotogramas<\/em>, 1992 octubre, n\u00ba. 1970.<\/p>\n<p>Los programas de cine, de mano, carteleras o prospectos [en l\u00ednea]. <em>Los viejos cines de Cuenc@ y sus programas<\/em>. [Fecha de consulta: 12 de mayo de 2014]. Disponible en Internet: <a href=\"http:\/\/webs.ono.com\/elixaes\/cinescu\/programas.htm\" target=\"_blank\" rel=\"noopener\"><u>http:\/\/webs.ono.com\/elixaes\/cinescu\/programas.htm<\/u><\/a><\/p>\n<p><em>Oool\u00e9!: los dise\u00f1adores espa\u00f1oles interpretan la fiesta taurina = spanish designer sinterpretthe festival of bullfighting<\/em>. Madrid: L\u00edmite, 2002.<\/p>\n<p>RAGA MONTESINOS, Rafael (1910-1985<em>).<\/em><em> Carteles de cine: Rafael Raga<\/em>: [exposici\u00f3n celebrada en el] ex convento de Santo Domingo, San Crist\u00f3bal de La Laguna, del 16 al 30 de septiembre de 2002. La Laguna: Ayuntamiento, Concejal\u00eda de Cultura y Patrimonio Hist\u00f3rico-Art\u00edstico, 2002.<\/p>\n<p>RUSSELL BESTLE. <em>Nuevo dise\u00f1o de carteles<\/em>. M\u00e9xico: Gustavo Gili, 2003.<\/p>\n<p>S\u00c1NCHEZ L\u00d3PEZ, Roberto. <em>El cartel de cine: Arte y publicidad<\/em>. Zaragoza: Prensas Universitarias, 1997.<\/p>\n<p>SATU\u00c9, Enric. <em>El dise\u00f1o gr\u00e1fico en Espa\u00f1a: historia de una forma comunicativa nueva<\/em>. Madrid: Alianza, 1997.<\/p>\n<p>SATU\u00c9, Enric. <em>El libro de los anuncios. <\/em>Barcelona: Alta Fulla, 1985.<\/p>\n<p><em>Sogecine: 10 a\u00f1os de carteles<\/em>. Madrid: Sogecine, 2000.<\/p>\n<p>TOSANTOS, Carlos Mar\u00eda. Fulgor y muerte del cartel cinematogr\u00e1fico. <em>Mensaje y Medios<\/em>, 1990, n\u00ba 19 octubre<strong>, <\/strong>p. 59-63.<\/p>\n<p><em>Universo MAC: El arte de Macario G\u00f3mez Quibus<\/em><br \/>\n[en l\u00ednea]. [Fecha de consulta: 12 de mayo de 2014]. Disponible en Internet: <a href=\"http:\/\/universo-mac.blogspot.com.es\/\" target=\"_blank\" rel=\"noopener\"><u>http:\/\/universo-mac.blogspot.com.es\/<\/u><\/a><\/p>\n<p>VILAGELIU, Josep. Los a\u00f1os dorados de la Metro Goldwyn Mayer. Los programas de mano de Jaime F. Willis Garc\u00eda-Talavera [en l\u00ednea]. <em>Cuadernos del Ateneo<\/em>, 2003, n\u00ba 14. [Fecha de consulta: 12 de mayo de 2014]. Disponible en Internet: <a href=\"http:\/\/mdc.ulpgc.es\/cdm\/singleitem\/collection\/cateneo\/id\/557\/rec\/24\" target=\"_blank\" rel=\"noopener\"><u>http:\/\/mdc.ulpgc.es\/cdm\/singleitem\/collection\/cateneo\/id\/557\/rec\/24<\/u><\/a><\/p>\n<p>ZARZA, V\u00edctor. Los carteles cinematogr\u00e1ficos de Jano. Ilusi\u00f3n y memoria. <em>ABC Cultural<\/em>. Madrid, 10 noviembre 2001, n\u00ba 511, p. 45-48.[\/vc_column_text][\/vc_tta_section][vc_tta_section title=\u00bbBIBLIOGRAF\u00cdA SOBRE CINE\u00bb tab_id=\u00bb1579004785860-aec70407-d750&#8243;][vc_column_text]BORDWELL, David; Thompson, Kristin. <em>Film History: an introduction<\/em>. New York: McGraw-Hill, 1994.<\/p>\n<p>CARNERO HERN\u00c1NDEZ, Aurelio<strong>. <\/strong><em>El cine en Tenerife (apuntes para una historia).<\/em> Santa Cruz de Tenerife: Ayuntamiento, Organismo Aut\u00f3nomo de Cultura, 1996.<\/p>\n<p><em>El cine en Canarias: una revisi\u00f3n cr\u00edtica<\/em>. Editores Aurelio Carnero Hern\u00e1ndez, Jos\u00e9 Antonio P\u00e9rez-Alcalde. Madrid: T&amp;B, 2011.<\/p>\n<p>D\u00cdEZ PUERTAS, Emeterio. <em>Historia social del cine en Espa\u00f1a.<\/em> Madrid: Fundamentos, 2003.<\/p>\n<p>DRIVER, Ian. <em>Un siglo de baile<\/em>. Barcelona: Blume, 2001.<\/p>\n<p>Farber, Stephen. Film Noir: the Society. Violence and the Bitch Goddess. <em>Film Comment, <\/em>1974, vol. X, n\u00ba 6 nov., p. 8-11.<\/p>\n<p>GIL, Alberto. <em>La censura cinematogr\u00e1fica en Espa\u00f1a.<\/em> Barcelona: Ediciones B, 2009.<\/p>\n<p>GOROSTIZA, Jorge. <em>Sevilla Films, un cortijo en la corte<\/em>. <em>Cuadernos de la Academia<\/em>, 2001, n\u00ba 10, p. 263-285.<\/p>\n<p>GUBERN, Rom\u00e1n. <em>La censura: funci\u00f3n pol\u00edtica y ordenamiento jur\u00eddico bajo el franquismo (1936-1975). <\/em>Barcelona: Pen\u00ednsula, 1981.<\/p>\n<p>GUBERN, Rom\u00e1n. <em>El cine sonoro en la II Rep\u00fablica (1929-1936)<\/em>. Barcelona: Lumen, 1977.<\/p>\n<p>HERN\u00c1NDEZ RUIZ, Javier. Pel\u00edculas de ambientaci\u00f3n hist\u00f3rica: \u00bfcart\u00f3n-piedra al servicio del Imperio? <em>Cuadernos de la Academia, <\/em>2001, n\u00ba 9 (Ejemplar dedicado a: <em>La herida de las sombras. El cine espa\u00f1ol en los a\u00f1os 40.<\/em> Coord. por Luis Fern\u00e1ndez Colorado, Pilar Couto Cantero. Madrid: Academia de las Artes y de las Ciencias Cinematogr\u00e1ficas de Espa\u00f1a, 2001), p. 127-136.<\/p>\n<p>LLOPIS, Bienvenido; Carcoma, Luis Miguel. <em>La censura franquista en el cine de papel<\/em>. San Sebasti\u00e1n de los Reyes (Madrid): Cacitel, 2009.<\/p>\n<p>MART\u00cdN, Fernando Gabriel. El cine en Canarias (1896-2010). En <em>La multiplicidad de la imagen: multimedia, fotograf\u00eda y cinematograf\u00eda en Canarias<\/em>. Santa Cruz de Tenerife: Gobierno de Canarias, Viceconsejer\u00eda de Cultura y Deportes, 2011.<\/p>\n<p>MART\u00cdN, Fernando Gabriel. El cine y el siglo XX en Canarias. <em>Revista de Historia Canaria<\/em>, 2000, n\u00ba 182, p. 227-332.<\/p>\n<p>MONTERDE, Jos\u00e9 Enrique. El cine de la autarqu\u00eda (1939-1950). En <em>Historia del Cine Espa\u00f1ol. <\/em>Madrid: C\u00e1tedra, 1995, p.181-238.<\/p>\n<p>M\u00dcLLER, Eddie. <em>The art of noir. <\/em>New York: The Overlook Press, 2002.<\/p>\n<p>PAV\u00c9S BORGES, Gonzalo M. Consumidos por los sue\u00f1os: la exhibici\u00f3n cinematogr\u00e1fica en Canarias. <em>Revista de Historia Canaria<\/em>, 2000, n\u00ba 182, p. 283-302.<\/p>\n<p>PAV\u00c9S BORGES, Gonzalo M. En defensa del honor patrio: un caso de censura en la II Rep\u00fablica espa\u00f1ola. En <em>XX Coloquio de Historia Canario-Americana<\/em>. (En prensa).<\/p>\n<p>PAV\u00c9S BORGES, Gonzalo M. Grand Canary. El viaje imaginado por la Fox. En <em>De Dal\u00ed a Hitchcock: los caminos del cine: Actas de V Congreso de la AEHC<\/em>. A Coru\u00f1a: Centro Galego de Artes da Imaxe, Xunta de Galicia, [1995].<\/p>\n<p>PAV\u00c9S BORGES, Gonzalo M. Una mirada tan lejana. En Vilageli\u00fa, J. (ed.) <em>En pos de la ballena blanca: Canarias como escenario cinematogr\u00e1fico <\/em>Madrid: T&amp;B, 2004.<\/p>\n<p>P\u00c9REZ CIPITRIA, Agust\u00edn. El cine hist\u00f3rico de Juan de Ordu\u00f1a y el franquismo. <em>Revista de ClasesHistoria.<\/em> <em>Publicaci\u00f3n digital de Historia y Ciencias Sociales<\/em>, art\u00edculo n\u00ba 66, 25 de enero 2010, p. 4 [en l\u00ednea]. [Fecha de consulta: 5 de marzo de 2014]. Disponible en Internet: <a href=\"http:\/\/www.claseshistoria.com\/revista\/2010\/articulos\/perez-orduna-cine.pdf\" target=\"_blank\" rel=\"noopener\"><u>http:\/\/www.claseshistoria.com\/revista\/2010\/articulos\/perez-orduna-cine.pdf<\/u><\/a><\/p>\n<p>PLATERO FERN\u00c1NDEZ, Carlos. <em>El cine en Canarias<\/em>. Las Palmas de Gran Canaria: Edirca, 1981.<\/p>\n<p>RAM\u00cdREZ GUEDES, Enrique (coord.). <em>Rodajes en Canarias. 1951-1972.<\/em> Santa Cruz de Tenerife: Viceconsejer\u00eda de Cultura y Deportes; Filmoteca Canaria, 2012.<\/p>\n<p>RUIZ RODR\u00cdGUEZ, Francisco L. \u00c1lvaro<em><strong>.<\/strong><\/em> <em>La arquitectura de los cinemat\u00f3grafos en Tenerife (1897-1985).<\/em> Tesina in\u00e9dita. La Laguna: Universidad de La Laguna, 1985.<\/p>\n<p>RUIZ RODR\u00cdGUEZ, Francisco L. \u00c1lvaro<em><strong>. <\/strong><\/em><em>El templo oscuro: la arquitectura del cine, Tenerife 1897-1992.<\/em> Canarias: Viceconsejer\u00eda de Cultura y Deportes, 1993.<\/p>\n<p>SANZ FERRERUELA, Fernando. <em>Catolicismo y cine en Espa\u00f1a (1936-1957)<\/em>. Tesis doctoral in\u00e9dita, Universidad de Zaragoza, 2010.<\/p>\n<p>SELVA, Marta. Mujeres y cine hist\u00f3rico. <em>Cuadernos de la Academia: Ficciones hist\u00f3ricas<\/em>, coordinaci\u00f3n a cargo de Jos\u00e9 Enrique Monterde, 1999, n\u00ba 6 septiembre, p. 179-190.<\/p>\n<p>SOLA ANTEQUERA, Domingo. El cinema en Tenerife. Febrero de 1936. <em>Tebeto: Anuario del Archivo Hist\u00f3rico Insular de Fuerteventura<\/em>, 1993, n\u00ba 6, p. 184-194.<\/p>\n<p>TORREIRO, Casimiro. \u00bfUna dictadura liberal? (1962-1969). En <em>Historia del cine espa\u00f1ol<\/em>. Madrid: C\u00e1tedra, 1995.[\/vc_column_text][\/vc_tta_section][\/vc_tta_accordion][\/vc_column][vc_column width=\u00bb1\/6&#8243;][\/vc_column][\/vc_row]<\/p>\n","protected":false},"excerpt":{"rendered":"<p>[vc_row full_width=\u00bbstretch_row_content\u00bb][vc_column width=\u00bb1\/6&#8243;][\/vc_column][vc_column width=\u00bb2\/3&#8243;][vc_column_text] Bibliograf\u00eda [\/vc_column_text][vc_tta_accordion active_section=\u00bb\u00bb collapsible_all=\u00bbtrue\u00bb][vc_tta_section title=\u00bbBIBLIOGRAF\u00cdA SOBRE CARTELES Y PROGRAMAS DE MANO\u00bb tab_id=\u00bb1579004785823-c7c018e0-59d6&#8243;][vc_column_text]ALCACER GARMENDIA, Jos\u00e9 A. Qu\u00e9 es el mundo del cartel. Madrid: Ediciones Granada, 1991. ANDR\u00c9S LUNA, Pablo. El cine con problemas de cartel. Tesis. Universidad Abierta Interamericana, 2006. Archivo AGR. El estilo Universal Films Espa\u00f1ola en los programas de mano&#8230;<\/p>\n","protected":false},"author":14,"featured_media":111,"parent":0,"menu_order":0,"comment_status":"closed","ping_status":"open","template":"","meta":{"footnotes":""},"class_list":["post-283","page","type-page","status-publish","has-post-thumbnail","hentry"],"_links":{"self":[{"href":"https:\/\/www.ull.es\/eventos\/estreno\/wp-json\/wp\/v2\/pages\/283"}],"collection":[{"href":"https:\/\/www.ull.es\/eventos\/estreno\/wp-json\/wp\/v2\/pages"}],"about":[{"href":"https:\/\/www.ull.es\/eventos\/estreno\/wp-json\/wp\/v2\/types\/page"}],"author":[{"embeddable":true,"href":"https:\/\/www.ull.es\/eventos\/estreno\/wp-json\/wp\/v2\/users\/14"}],"replies":[{"embeddable":true,"href":"https:\/\/www.ull.es\/eventos\/estreno\/wp-json\/wp\/v2\/comments?post=283"}],"version-history":[{"count":4,"href":"https:\/\/www.ull.es\/eventos\/estreno\/wp-json\/wp\/v2\/pages\/283\/revisions"}],"predecessor-version":[{"id":340,"href":"https:\/\/www.ull.es\/eventos\/estreno\/wp-json\/wp\/v2\/pages\/283\/revisions\/340"}],"wp:featuredmedia":[{"embeddable":true,"href":"https:\/\/www.ull.es\/eventos\/estreno\/wp-json\/wp\/v2\/media\/111"}],"wp:attachment":[{"href":"https:\/\/www.ull.es\/eventos\/estreno\/wp-json\/wp\/v2\/media?parent=283"}],"curies":[{"name":"wp","href":"https:\/\/api.w.org\/{rel}","templated":true}]}}