{"id":41,"date":"2014-04-16T17:05:20","date_gmt":"2014-04-16T17:05:20","guid":{"rendered":"http:\/\/localhost:8888\/proximo\/?page_id=41"},"modified":"2020-01-14T13:31:52","modified_gmt":"2020-01-14T12:31:52","slug":"catalogo","status":"publish","type":"page","link":"https:\/\/www.ull.es\/eventos\/estreno\/catalogo\/","title":{"rendered":"Cat\u00e1logo"},"content":{"rendered":"<p>[vc_row full_width=\u00bbstretch_row_content\u00bb][vc_column width=\u00bb1\/6&#8243;][\/vc_column][vc_column width=\u00bb2\/3&#8243;][vc_column_text]<\/p>\n<h2>Cat\u00e1logo<\/h2>\n<p>[\/vc_column_text][vc_column_text]<a href=\"http:\/\/www.ull.es\/eventos\/estreno\/wp-content\/uploads\/sites\/18\/2014\/04\/Captura-de-pantalla-2014-04-23-a-las-10.45.58.png\" target=\"_blank\" rel=\"noopener\"><img loading=\"lazy\" decoding=\"async\" class=\"alignnone size-medium wp-image-214\" src=\"http:\/\/www.ull.es\/eventos\/estreno\/wp-content\/uploads\/sites\/18\/2014\/04\/Captura-de-pantalla-2014-04-23-a-las-10.45.58-203x300.png\" alt=\"Captura de pantalla 2014-04-23 a la(s) 10.45.58\" width=\"203\" height=\"300\" \/><\/a><\/p>\n<p>La exposici\u00f3n <strong><em>Pr\u00f3ximo estreno<\/em><\/strong> cuenta con un cat\u00e1logo en edici\u00f3n electr\u00f3nica descargable <strong><a href=\"http:\/\/www.bbtk.ull.es\/Private\/folder\/institucional\/bbtk\/Proximoestreno\/Proximo_estreno_catalogo.pdf\" target=\"blank\" rel=\"noopener noreferrer\" target=\"_blank\" rel=\"noopener\">AQU\u00cd<\/a><\/strong><\/p>\n<p>Tambi\u00e9n puede consultar la colecci\u00f3n de programas de mano en el <a href=\"http:\/\/absysnetweb.bbtk.ull.es\/cgi-bin\/abnetopac?ACC=DOSEARCH&amp;xsqf99=%20(programas%20de%20mano).t830.\" target=\"_blank\" rel=\"noopener\">cat\u00e1logo de la Biblioteca<\/a>[\/vc_column_text][\/vc_column][vc_column width=\u00bb1\/6&#8243;][\/vc_column][\/vc_row]<\/p>\n","protected":false},"excerpt":{"rendered":"<p>[vc_row full_width=\u00bbstretch_row_content\u00bb][vc_column width=\u00bb1\/6&#8243;][\/vc_column][vc_column width=\u00bb2\/3&#8243;][vc_column_text] Cat\u00e1logo [\/vc_column_text][vc_column_text] La exposici\u00f3n Pr\u00f3ximo estreno cuenta con un cat\u00e1logo en edici\u00f3n electr\u00f3nica descargable AQU\u00cd Tambi\u00e9n puede consultar la colecci\u00f3n de programas de mano en el cat\u00e1logo de la Biblioteca[\/vc_column_text][\/vc_column][vc_column width=\u00bb1\/6&#8243;][\/vc_column][\/vc_row]<\/p>\n","protected":false},"author":14,"featured_media":185,"parent":0,"menu_order":0,"comment_status":"open","ping_status":"open","template":"","meta":{"footnotes":""},"class_list":["post-41","page","type-page","status-publish","has-post-thumbnail","hentry"],"_links":{"self":[{"href":"https:\/\/www.ull.es\/eventos\/estreno\/wp-json\/wp\/v2\/pages\/41"}],"collection":[{"href":"https:\/\/www.ull.es\/eventos\/estreno\/wp-json\/wp\/v2\/pages"}],"about":[{"href":"https:\/\/www.ull.es\/eventos\/estreno\/wp-json\/wp\/v2\/types\/page"}],"author":[{"embeddable":true,"href":"https:\/\/www.ull.es\/eventos\/estreno\/wp-json\/wp\/v2\/users\/14"}],"replies":[{"embeddable":true,"href":"https:\/\/www.ull.es\/eventos\/estreno\/wp-json\/wp\/v2\/comments?post=41"}],"version-history":[{"count":2,"href":"https:\/\/www.ull.es\/eventos\/estreno\/wp-json\/wp\/v2\/pages\/41\/revisions"}],"predecessor-version":[{"id":342,"href":"https:\/\/www.ull.es\/eventos\/estreno\/wp-json\/wp\/v2\/pages\/41\/revisions\/342"}],"wp:featuredmedia":[{"embeddable":true,"href":"https:\/\/www.ull.es\/eventos\/estreno\/wp-json\/wp\/v2\/media\/185"}],"wp:attachment":[{"href":"https:\/\/www.ull.es\/eventos\/estreno\/wp-json\/wp\/v2\/media?parent=41"}],"curies":[{"name":"wp","href":"https:\/\/api.w.org\/{rel}","templated":true}]}}