{"id":47,"date":"2014-04-16T17:13:21","date_gmt":"2014-04-16T17:13:21","guid":{"rendered":"http:\/\/localhost:8888\/proximo\/?page_id=47"},"modified":"2020-01-14T13:34:00","modified_gmt":"2020-01-14T12:34:00","slug":"creditos","status":"publish","type":"page","link":"https:\/\/www.ull.es\/eventos\/estreno\/creditos\/","title":{"rendered":"Cr\u00e9ditos"},"content":{"rendered":"<p>[vc_row full_width=\u00bbstretch_row_content\u00bb][vc_column width=\u00bb1\/6&#8243;][\/vc_column][vc_column width=\u00bb2\/3&#8243;][vc_column_text]<\/p>\n<h2>Cr\u00e9ditos<\/h2>\n<p>[\/vc_column_text][vc_column_text]Gonzalo Pav\u00e9s<br \/>\nCamir Gomez-Pablos<br \/>\nPaz Fern\u00e1ndez Palomeque<br \/>\nIsmael Garc\u00eda<br \/>\nSonia Garc\u00eda Yanes<br \/>\nAfrica Gonz\u00e1lez G\u00f3mez<br \/>\nM\u00aa Luisa Morales Ayala<br \/>\nCatalina Vadell Pons<\/p>\n<hr \/>\n<h5>Agradecimientos:<\/h5>\n<p>Clara Quintero Hern\u00e1ndez<br \/>\nTano Vega (Cine V\u00edctor)<br \/>\nEmma Calero<br \/>\nJos\u00e9 Brier y Bravo de Laguna<br \/>\nM\u00aa \u00c1ngeles Fern\u00e1ndez Mar\u00edn<br \/>\nJuan Manuel Dom\u00ednguez Acosta<br \/>\nRicardo Rodr\u00edguez Pita<br \/>\nJuan Jos\u00e9 Gonz\u00e1lez Gavira<br \/>\nPino Quevedo<br \/>\nCarlos Montesinos<br \/>\nMar P\u00e9rez<br \/>\nF\u00e1tima Sainz<br \/>\nRamona Afonso<br \/>\nJoaqu\u00edn Carreras<br \/>\nManolo Luis Illada<br \/>\nSara Curbelo<br \/>\nYurena Hern\u00e1ndez Lorenzo<br \/>\nLeticia Afonso Cano<br \/>\nMiriam D\u00edaz Rolo<br \/>\nPaulino de la Rosa<br \/>\nD\u00e1cil Perdig\u00f3n<br \/>\nPablo Hugo Hern\u00e1ndez<br \/>\nJorge Hern\u00e1ndez<br \/>\nTom\u00e1s Mart\u00edn<br \/>\nArchivo Municipal del Puerto de la Cruz<br \/>\nMuseo de Educaci\u00f3n de la Universidad de La Laguna<br \/>\nEl Aderno<\/p>\n<hr \/>\n<h5>Colabora:<\/h5>\n<p>Secretariado de Publicaciones<br \/>\nExtensi\u00f3n Universitaria<br \/>\nServicio de ULL Media<br \/>\nServicio de Mantenimiento<br \/>\nClub de Lectura<br \/>\nGrupo de Teatro de Filolog\u00eda[\/vc_column_text][\/vc_column][vc_column width=\u00bb1\/6&#8243;][\/vc_column][\/vc_row]<\/p>\n","protected":false},"excerpt":{"rendered":"<p>[vc_row full_width=\u00bbstretch_row_content\u00bb][vc_column width=\u00bb1\/6&#8243;][\/vc_column][vc_column width=\u00bb2\/3&#8243;][vc_column_text] Cr\u00e9ditos [\/vc_column_text][vc_column_text]Gonzalo Pav\u00e9s Camir Gomez-Pablos Paz Fern\u00e1ndez Palomeque Ismael Garc\u00eda Sonia Garc\u00eda Yanes Africa Gonz\u00e1lez G\u00f3mez M\u00aa Luisa Morales Ayala Catalina Vadell Pons Agradecimientos: Clara Quintero Hern\u00e1ndez Tano Vega (Cine V\u00edctor) Emma Calero Jos\u00e9 Brier y Bravo de Laguna M\u00aa \u00c1ngeles Fern\u00e1ndez Mar\u00edn Juan Manuel Dom\u00ednguez Acosta Ricardo Rodr\u00edguez Pita Juan&#8230;<\/p>\n","protected":false},"author":14,"featured_media":185,"parent":0,"menu_order":0,"comment_status":"open","ping_status":"open","template":"","meta":{"footnotes":""},"class_list":["post-47","page","type-page","status-publish","has-post-thumbnail","hentry"],"_links":{"self":[{"href":"https:\/\/www.ull.es\/eventos\/estreno\/wp-json\/wp\/v2\/pages\/47"}],"collection":[{"href":"https:\/\/www.ull.es\/eventos\/estreno\/wp-json\/wp\/v2\/pages"}],"about":[{"href":"https:\/\/www.ull.es\/eventos\/estreno\/wp-json\/wp\/v2\/types\/page"}],"author":[{"embeddable":true,"href":"https:\/\/www.ull.es\/eventos\/estreno\/wp-json\/wp\/v2\/users\/14"}],"replies":[{"embeddable":true,"href":"https:\/\/www.ull.es\/eventos\/estreno\/wp-json\/wp\/v2\/comments?post=47"}],"version-history":[{"count":3,"href":"https:\/\/www.ull.es\/eventos\/estreno\/wp-json\/wp\/v2\/pages\/47\/revisions"}],"predecessor-version":[{"id":345,"href":"https:\/\/www.ull.es\/eventos\/estreno\/wp-json\/wp\/v2\/pages\/47\/revisions\/345"}],"wp:featuredmedia":[{"embeddable":true,"href":"https:\/\/www.ull.es\/eventos\/estreno\/wp-json\/wp\/v2\/media\/185"}],"wp:attachment":[{"href":"https:\/\/www.ull.es\/eventos\/estreno\/wp-json\/wp\/v2\/media?parent=47"}],"curies":[{"name":"wp","href":"https:\/\/api.w.org\/{rel}","templated":true}]}}