{"id":18,"date":"2019-04-08T13:57:02","date_gmt":"2019-04-08T11:57:02","guid":{"rendered":"https:\/\/www.ull.es\/portal\/exposicion-dia-libro\/?page_id=17"},"modified":"2019-04-15T14:16:08","modified_gmt":"2019-04-15T12:16:08","slug":"haciendo-visible-el-conocimiento-de-las-mujeres","status":"publish","type":"page","link":"https:\/\/www.ull.es\/eventos\/exposicion-dia-libro\/haciendo-visible-el-conocimiento-de-las-mujeres\/","title":{"rendered":"Haciendo visible el conocimiento de las mujeres"},"content":{"rendered":"<p>[vc_row equal_height=\u00bbyes\u00bb css=\u00bb.vc_custom_1554729715242{background-position: center !important;background-repeat: no-repeat !important;background-size: contain !important;}\u00bb][vc_column css_animation=\u00bbfadeIn\u00bb width=\u00bb1\/3&#8243; css=\u00bb.vc_custom_1554729812071{background-position: center !important;background-repeat: no-repeat !important;background-size: cover !important;}\u00bb][vc_row_inner][vc_column_inner width=\u00bb2\/3&#8243; css=\u00bb.vc_custom_1555329925274{background-color: #222222 !important;}\u00bb][vc_column_text css_animation=\u00bbfadeInLeft\u00bb]<\/p>\n<h1 style=\"color: white\">HACIENDO VISIBLE EL CONOCIMIENTO DE LAS MUJERES<\/h1>\n<p>[\/vc_column_text][\/vc_column_inner][vc_column_inner width=\u00bb1\/3&#8243;][\/vc_column_inner][\/vc_row_inner][vc_empty_space][\/vc_column][vc_column css_animation=\u00bbzoomIn\u00bb width=\u00bb2\/3&#8243;][vc_empty_space][vc_column_text]La recuperaci\u00f3n historiogr\u00e1fica de las contribuciones de las mujeres a los conocimientos constituye desde hace d\u00e9cadas un \u00e1mbito disciplinar con amplia producci\u00f3n. Tras la pregunta \u00bfpor qu\u00e9 tan pocas? surge la necesidad de revisitar las fuentes, y el canon. Una historiograf\u00eda positivista que listaba a los grandes genios y sus descubrimientos deja paso a las reconstrucciones contextualizadas, que atienden a las diferentes pr\u00e1cticas epist\u00e9micas, todas relevantes en el proceso de construcci\u00f3n del conocimiento: la observaci\u00f3n detenida, las pr\u00e1cticas de laboratorio, la ilustraci\u00f3n, el c\u00e1lculo paciente y el desarrollo te\u00f3rico creativo, y estas llevan tambi\u00e9n nombre de mujer.<\/p>\n<p>Reconstrucciones que atienden tambi\u00e9n a las ideas sobre la incapacidad intelectual de las mujeres provenientes no s\u00f3lo de prejuicios establecidos desde el mito y la biolog\u00eda en el mundo antiguo, sino de teor\u00edas m\u00e9dicas y biol\u00f3gicas que se utilizan hasta fechas recientes para reforzar esos prejuicios y estereotipos y dotarles de \u201cbase cient\u00edfica\u201d. Que atienden tambi\u00e9n a las condiciones de vida de las mujeres en sociedad, relegadas al espacio de lo privado, con prohibiciones expl\u00edcitas para acceder a la educaci\u00f3n reglada igualitaria, a las sociedades cient\u00edficas o las universidades hasta bien entrado el S. XIX.[\/vc_column_text][vc_media_grid item=\u00bbmediaGrid_SlideInTitle\u00bb grid_id=\u00bbvc_gid:1555330040303-43e55d45-2e52-7&#8243; include=\u00bb223,224,225&#8243;][vc_column_text]Sus contribuciones como hijas, esposas o hermanas de alg\u00fan afamado autor quedan diluidas en las obras de \u00e9stos. En algunos casos sus nombres han sido masculinizados, en otros casos ellas firman bajo seud\u00f3nimo masculino, o viven como hombres. Sus contribuciones han quedado invisibilizadas.<\/p>\n<p>Las mujeres siempre han elaborado conocimientos, han escudri\u00f1ado los cielos a simple vista, con astrolabios, con telescopios y modernos sistemas de detecci\u00f3n de se\u00f1ales lejanas. Siempre se han dedicado a la medicina y han elaborado todo tipo de remedios y pr\u00e1cticas para conservar o mejorar la salud, hasta las actuales t\u00e9cnicas m\u00e1s sofisticadas de edici\u00f3n gen\u00e9tica. Han calculado pacientemente y desarrollado teor\u00eda matem\u00e1tica y computaci\u00f3n, han contribuido a los desarrollos de la f\u00edsica y la qu\u00edmica, y se han dedicado especialmente a las ciencias m\u00e9dicas y biol\u00f3gicas, sus nombres est\u00e1n relacionados con el desarrollo de los m\u00e1s importantes avances en este \u00e1mbito, han cambiado las bases tradicionales de la primatolog\u00eda y han reinterpretado el estudio de la evoluci\u00f3n humana. Las pioneras de las ciencias sociales son destacadas por sus ideas de progreso y de transformaci\u00f3n social, y las mujeres siempre han filosofado. Han imaginado nuevos mundos y han escrito profusamente.<\/p>\n<p>Sus nombres y contribuciones al conocimiento deben incluirse en los textos educativos, deben convertirse en referentes para la poblaci\u00f3n m\u00e1s joven y estimularles en el estudio y la investigaci\u00f3n en todos los campos del conocimiento. Nuestro recorrido en Invisibles: Mujeres y Conocimiento s\u00f3lo muestra una peque\u00f1a parte de esos nombres, una selecci\u00f3n de cada etapa hist\u00f3rica y hasta el presente, con el objetivo de hacerlas visibles y estimular la curiosidad por la b\u00fasqueda de m\u00e1s conocimientos acerca de ellas y de todas las invisibilizadas.<\/p>\n<blockquote><p>Para hacer visibles a las mujeres en la historia de la ciencia es necesaria una doble tarea: repensar la propia historia de la ciencia y los modelos utilizados para su reconstrucci\u00f3n, y ser conscientes de los obst\u00e1culos impuestos a las mujeres al ser definidas como inferiores, estereotipos que act\u00faan como verdaderos mecanismos de cancelaci\u00f3n de la autor\u00eda y la autoridad cient\u00edfica de las mujeres.<\/p><\/blockquote>\n<p>[\/vc_column_text][\/vc_column][\/vc_row][vc_row][vc_column][vc_empty_space][\/vc_column][\/vc_row][vc_row css_animation=\u00bbfadeInUp\u00bb][vc_column width=\u00bb1\/6&#8243;][vc_icon icon_fontawesome=\u00bbfa fa-facebook\u00bb color=\u00bbwhite\u00bb background_style=\u00bbrounded\u00bb background_color=\u00bbcustom\u00bb size=\u00bbsm\u00bb align=\u00bbcenter\u00bb css_animation=\u00bbnone\u00bb custom_background_color=\u00bb#767676&#8243; link=\u00bburl:https%3A%2F%2Fwww.facebook.com%2FBibliotecaULL%2F|||\u00bb][\/vc_column][vc_column width=\u00bb1\/6&#8243;][vc_icon icon_fontawesome=\u00bbfa fa-twitter\u00bb color=\u00bbwhite\u00bb background_style=\u00bbrounded\u00bb background_color=\u00bbcustom\u00bb size=\u00bbsm\u00bb align=\u00bbcenter\u00bb css_animation=\u00bbnone\u00bb custom_background_color=\u00bb#767676&#8243; link=\u00bburl:https%3A%2F%2Ftwitter.com%2FBibliotecaULL|||\u00bb][\/vc_column][vc_column width=\u00bb1\/6&#8243;][vc_icon icon_fontawesome=\u00bbfa fa-instagram\u00bb color=\u00bbwhite\u00bb background_style=\u00bbrounded\u00bb background_color=\u00bbcustom\u00bb size=\u00bbsm\u00bb align=\u00bbcenter\u00bb css_animation=\u00bbnone\u00bb custom_background_color=\u00bb#767676&#8243; link=\u00bburl:https%3A%2F%2Fwww.instagram.com%2Fbibliotecaull%2F|||\u00bb][\/vc_column][vc_column width=\u00bb1\/6&#8243;][vc_icon icon_fontawesome=\u00bbfa fa-envelope\u00bb color=\u00bbwhite\u00bb background_style=\u00bbrounded\u00bb background_color=\u00bbcustom\u00bb size=\u00bbsm\u00bb align=\u00bbcenter\u00bb css_animation=\u00bbnone\u00bb custom_background_color=\u00bb#767676&#8243; link=\u00bburl:mailto%3Abull%40ull.es|||\u00bb][\/vc_column][vc_column width=\u00bb1\/6&#8243;][vc_icon icon_fontawesome=\u00bbfa fa-pinterest-p\u00bb color=\u00bbwhite\u00bb background_style=\u00bbrounded\u00bb background_color=\u00bbcustom\u00bb size=\u00bbsm\u00bb align=\u00bbcenter\u00bb css_animation=\u00bbnone\u00bb custom_background_color=\u00bb#767676&#8243; link=\u00bburl:https%3A%2F%2Fwww.pinterest.com%2Fbbtkull%2F|||\u00bb][\/vc_column][vc_column width=\u00bb1\/6&#8243;][vc_icon icon_fontawesome=\u00bbfa fa-youtube-play\u00bb color=\u00bbwhite\u00bb background_style=\u00bbrounded\u00bb background_color=\u00bbcustom\u00bb size=\u00bbsm\u00bb align=\u00bbcenter\u00bb css_animation=\u00bbnone\u00bb custom_background_color=\u00bb#767676&#8243; link=\u00bburl:https%3A%2F%2Fwww.youtube.com%2Fuser%2Fbbtkull|||\u00bb][\/vc_column][\/vc_row]<\/p>\n","protected":false},"excerpt":{"rendered":"<p>[vc_row equal_height=\u00bbyes\u00bb css=\u00bb.vc_custom_1554729715242{background-position: center !important;background-repeat: no-repeat !important;background-size: contain !important;}\u00bb][vc_column css_animation=\u00bbfadeIn\u00bb width=\u00bb1\/3&#8243; css=\u00bb.vc_custom_1554729812071{background-position: center !important;background-repeat: no-repeat !important;background-size: cover !important;}\u00bb][vc_row_inner][vc_column_inner width=\u00bb2\/3&#8243; css=\u00bb.vc_custom_1555329925274{background-color: #222222 !important;}\u00bb][vc_column_text css_animation=\u00bbfadeInLeft\u00bb] HACIENDO VISIBLE EL CONOCIMIENTO DE LAS MUJERES [\/vc_column_text][\/vc_column_inner][vc_column_inner width=\u00bb1\/3&#8243;][\/vc_column_inner][\/vc_row_inner][vc_empty_space][\/vc_column][vc_column css_animation=\u00bbzoomIn\u00bb width=\u00bb2\/3&#8243;][vc_empty_space][vc_column_text]La recuperaci\u00f3n historiogr\u00e1fica de las contribuciones de las mujeres a los conocimientos constituye desde hace d\u00e9cadas un \u00e1mbito disciplinar con amplia producci\u00f3n&#8230;.<\/p>\n","protected":false},"author":6,"featured_media":0,"parent":0,"menu_order":0,"comment_status":"closed","ping_status":"closed","template":"templates\/template-no-title.php","meta":{"footnotes":""},"class_list":["post-18","page","type-page","status-publish","hentry"],"_links":{"self":[{"href":"https:\/\/www.ull.es\/eventos\/exposicion-dia-libro\/wp-json\/wp\/v2\/pages\/18"}],"collection":[{"href":"https:\/\/www.ull.es\/eventos\/exposicion-dia-libro\/wp-json\/wp\/v2\/pages"}],"about":[{"href":"https:\/\/www.ull.es\/eventos\/exposicion-dia-libro\/wp-json\/wp\/v2\/types\/page"}],"author":[{"embeddable":true,"href":"https:\/\/www.ull.es\/eventos\/exposicion-dia-libro\/wp-json\/wp\/v2\/users\/6"}],"replies":[{"embeddable":true,"href":"https:\/\/www.ull.es\/eventos\/exposicion-dia-libro\/wp-json\/wp\/v2\/comments?post=18"}],"version-history":[{"count":9,"href":"https:\/\/www.ull.es\/eventos\/exposicion-dia-libro\/wp-json\/wp\/v2\/pages\/18\/revisions"}],"predecessor-version":[{"id":416,"href":"https:\/\/www.ull.es\/eventos\/exposicion-dia-libro\/wp-json\/wp\/v2\/pages\/18\/revisions\/416"}],"wp:attachment":[{"href":"https:\/\/www.ull.es\/eventos\/exposicion-dia-libro\/wp-json\/wp\/v2\/media?parent=18"}],"curies":[{"name":"wp","href":"https:\/\/api.w.org\/{rel}","templated":true}]}}