{"id":19,"date":"2019-04-08T13:59:17","date_gmt":"2019-04-08T11:59:17","guid":{"rendered":"https:\/\/www.ull.es\/portal\/exposicion-dia-libro\/?page_id=19"},"modified":"2019-04-22T14:41:10","modified_gmt":"2019-04-22T12:41:10","slug":"obra","status":"publish","type":"page","link":"https:\/\/www.ull.es\/eventos\/exposicion-dia-libro\/obra\/","title":{"rendered":"Obra"},"content":{"rendered":"<p>[vc_row equal_height=\u00bbyes\u00bb css=\u00bb.vc_custom_1554729715242{background-position: center !important;background-repeat: no-repeat !important;background-size: contain !important;}\u00bb][vc_column css_animation=\u00bbfadeIn\u00bb width=\u00bb1\/3&#8243; css=\u00bb.vc_custom_1554729812071{background-position: center !important;background-repeat: no-repeat !important;background-size: cover !important;}\u00bb][vc_row_inner][vc_column_inner width=\u00bb2\/3&#8243; css=\u00bb.vc_custom_1554729321249{padding-left: 20px !important;background-color: #222222 !important;}\u00bb][vc_column_text css_animation=\u00bbfadeInLeft\u00bb]<\/p>\n<h1 style=\"color: white\">OBRAS<\/h1>\n<p>[\/vc_column_text][\/vc_column_inner][vc_column_inner width=\u00bb1\/3&#8243;][\/vc_column_inner][\/vc_row_inner][vc_empty_space][\/vc_column][vc_column css_animation=\u00bbzoomIn\u00bb width=\u00bb2\/3&#8243;][vc_tta_accordion][vc_tta_section title=\u00bbEdad Antigua\u00bb tab_id=\u00bb1555412020451-a9195284-a495&#8243;][vc_column_text]Las mujeres observan los cielos y los ciclos de la Naturaleza.[\/vc_column_text][vc_btn title=\u00bbEn la Biblioteca de la ULL\u00bb style=\u00bbclassic\u00bb shape=\u00bbsquare\u00bb color=\u00bbinverse\u00bb size=\u00bbsm\u00bb align=\u00bbright\u00bb link=\u00bburl:https%3A%2F%2Fbit.ly%2F2UzEVMZ||target:%20_blank|\u00bb][\/vc_tta_section][vc_tta_section title=\u00bbEdad Media y Renacimiento\u00bb tab_id=\u00bb1555412020467-ee3c7faf-934a\u00bb][vc_column_text]Espacios de conocimiento. Los conventos y la pr\u00e1ctica del cuidado de la vida.[\/vc_column_text][vc_btn title=\u00bbEn la Biblioteca de la ULL\u00bb style=\u00bbclassic\u00bb shape=\u00bbsquare\u00bb color=\u00bbinverse\u00bb size=\u00bbsm\u00bb align=\u00bbright\u00bb link=\u00bburl:https%3A%2F%2Fbit.ly%2F2VWt3pP||target:%20_blank|\u00bb][\/vc_tta_section][vc_tta_section title=\u00bbEdad Moderna\u00bb tab_id=\u00bb1555412072248-32c835b1-a5d9&#8243;][vc_column_text]Astr\u00f3nomas, matem\u00e1ticas y fil\u00f3sofas naturales. Ellas tambi\u00e9n protagonizan la Revoluci\u00f3n Cient\u00edfica.[\/vc_column_text][vc_btn title=\u00bbEn la Biblioteca de la ULL\u00bb style=\u00bbclassic\u00bb shape=\u00bbsquare\u00bb color=\u00bbinverse\u00bb size=\u00bbsm\u00bb align=\u00bbright\u00bb link=\u00bburl:https%3A%2F%2Fbit.ly%2F2KUNQt4||target:%20_blank|\u00bb][\/vc_tta_section][vc_tta_section title=\u00bbLa ciencia del siglo XIX y los conocimientos de la especializaci\u00f3n disciplinar\u00bb tab_id=\u00bb1555412095533-10b1633e-9c88&#8243;][vc_btn title=\u00bbEn la Biblioteca de la ULL\u00bb style=\u00bbclassic\u00bb shape=\u00bbsquare\u00bb color=\u00bbinverse\u00bb size=\u00bbsm\u00bb align=\u00bbright\u00bb link=\u00bburl:https%3A%2F%2Fbit.ly%2F2XzevNr||target:%20_blank|\u00bb][\/vc_tta_section][vc_tta_section title=\u00bbSiglo XX\u00bb tab_id=\u00bb1555412119182-20e08de7-85fa\u00bb][vc_column_text]La ciencia institucionalizada el acceso de las mujeres a las universidades y la<br \/>\nlucha por el conocimiento.[\/vc_column_text][vc_btn title=\u00bbEn la Biblioteca de la ULL\u00bb style=\u00bbclassic\u00bb shape=\u00bbsquare\u00bb color=\u00bbinverse\u00bb size=\u00bbsm\u00bb align=\u00bbright\u00bb link=\u00bburl:https%3A%2F%2Fbit.ly%2F2KWXyuQ||target:%20_blank|\u00bb][\/vc_tta_section][vc_tta_section title=\u00bbHistoria de las mujeres de ciencia\u00bb tab_id=\u00bb1555412141337-d195d458-c40a\u00bb][vc_btn title=\u00bbEn la Biblioteca de la ULL\u00bb style=\u00bbclassic\u00bb shape=\u00bbsquare\u00bb color=\u00bbinverse\u00bb size=\u00bbsm\u00bb align=\u00bbright\u00bb link=\u00bburl:https%3A%2F%2Fbit.ly%2F2DpR9SE||target:%20_blank|\u00bb][\/vc_tta_section][vc_tta_section title=\u00bbLos estudios de Ciencia y G\u00e9nero\u00bb tab_id=\u00bb1555412148360-c102f0e6-2443&#8243;][vc_btn title=\u00bbEn la Biblioteca de la ULL\u00bb style=\u00bbclassic\u00bb shape=\u00bbsquare\u00bb color=\u00bbinverse\u00bb size=\u00bbsm\u00bb align=\u00bbright\u00bb link=\u00bburl:https%3A%2F%2Fbit.ly%2F2GEBikj||target:%20_blank|\u00bb][\/vc_tta_section][\/vc_tta_accordion][vc_empty_space][\/vc_column][\/vc_row][vc_row][vc_column][vc_empty_space][\/vc_column][\/vc_row][vc_row css_animation=\u00bbfadeInUp\u00bb css=\u00bb.vc_custom_1554730630064{padding-top: 50px !important;}\u00bb][vc_column width=\u00bb1\/6&#8243;][vc_icon icon_fontawesome=\u00bbfa fa-facebook\u00bb color=\u00bbwhite\u00bb background_style=\u00bbrounded\u00bb background_color=\u00bbcustom\u00bb size=\u00bbsm\u00bb align=\u00bbcenter\u00bb css_animation=\u00bbnone\u00bb custom_background_color=\u00bb#767676&#8243; link=\u00bburl:https%3A%2F%2Fwww.facebook.com%2FBibliotecaULL%2F|||\u00bb][\/vc_column][vc_column width=\u00bb1\/6&#8243;][vc_icon icon_fontawesome=\u00bbfa fa-twitter\u00bb color=\u00bbwhite\u00bb background_style=\u00bbrounded\u00bb background_color=\u00bbcustom\u00bb size=\u00bbsm\u00bb align=\u00bbcenter\u00bb css_animation=\u00bbnone\u00bb custom_background_color=\u00bb#767676&#8243; link=\u00bburl:https%3A%2F%2Ftwitter.com%2FBibliotecaULL|||\u00bb][\/vc_column][vc_column width=\u00bb1\/6&#8243;][vc_icon icon_fontawesome=\u00bbfa fa-instagram\u00bb color=\u00bbwhite\u00bb background_style=\u00bbrounded\u00bb background_color=\u00bbcustom\u00bb size=\u00bbsm\u00bb align=\u00bbcenter\u00bb css_animation=\u00bbnone\u00bb custom_background_color=\u00bb#767676&#8243; link=\u00bburl:https%3A%2F%2Fwww.instagram.com%2Fbibliotecaull%2F|||\u00bb][\/vc_column][vc_column width=\u00bb1\/6&#8243;][vc_icon icon_fontawesome=\u00bbfa fa-envelope\u00bb color=\u00bbwhite\u00bb background_style=\u00bbrounded\u00bb background_color=\u00bbcustom\u00bb size=\u00bbsm\u00bb align=\u00bbcenter\u00bb css_animation=\u00bbnone\u00bb custom_background_color=\u00bb#767676&#8243; link=\u00bburl:mailto%3Abull%40ull.es|||\u00bb][\/vc_column][vc_column width=\u00bb1\/6&#8243;][vc_icon icon_fontawesome=\u00bbfa fa-pinterest-p\u00bb color=\u00bbwhite\u00bb background_style=\u00bbrounded\u00bb background_color=\u00bbcustom\u00bb size=\u00bbsm\u00bb align=\u00bbcenter\u00bb css_animation=\u00bbnone\u00bb custom_background_color=\u00bb#767676&#8243; link=\u00bburl:https%3A%2F%2Fwww.pinterest.com%2Fbbtkull%2F|||\u00bb][\/vc_column][vc_column width=\u00bb1\/6&#8243;][vc_icon icon_fontawesome=\u00bbfa fa-youtube-play\u00bb color=\u00bbwhite\u00bb background_style=\u00bbrounded\u00bb background_color=\u00bbcustom\u00bb size=\u00bbsm\u00bb align=\u00bbcenter\u00bb css_animation=\u00bbnone\u00bb custom_background_color=\u00bb#767676&#8243; link=\u00bburl:https%3A%2F%2Fwww.youtube.com%2Fuser%2Fbbtkull|||\u00bb][\/vc_column][\/vc_row]<\/p>\n","protected":false},"excerpt":{"rendered":"<p>[vc_row equal_height=\u00bbyes\u00bb css=\u00bb.vc_custom_1554729715242{background-position: center !important;background-repeat: no-repeat !important;background-size: contain !important;}\u00bb][vc_column css_animation=\u00bbfadeIn\u00bb width=\u00bb1\/3&#8243; css=\u00bb.vc_custom_1554729812071{background-position: center !important;background-repeat: no-repeat !important;background-size: cover !important;}\u00bb][vc_row_inner][vc_column_inner width=\u00bb2\/3&#8243; css=\u00bb.vc_custom_1554729321249{padding-left: 20px !important;background-color: #222222 !important;}\u00bb][vc_column_text css_animation=\u00bbfadeInLeft\u00bb] OBRAS [\/vc_column_text][\/vc_column_inner][vc_column_inner width=\u00bb1\/3&#8243;][\/vc_column_inner][\/vc_row_inner][vc_empty_space][\/vc_column][vc_column css_animation=\u00bbzoomIn\u00bb width=\u00bb2\/3&#8243;][vc_tta_accordion][vc_tta_section title=\u00bbEdad Antigua\u00bb tab_id=\u00bb1555412020451-a9195284-a495&#8243;][vc_column_text]Las mujeres observan los cielos y los ciclos de la Naturaleza.[\/vc_column_text][vc_btn title=\u00bbEn la Biblioteca de la ULL\u00bb style=\u00bbclassic\u00bb shape=\u00bbsquare\u00bb color=\u00bbinverse\u00bb size=\u00bbsm\u00bb align=\u00bbright\u00bb link=\u00bburl:https%3A%2F%2Fbit.ly%2F2UzEVMZ||target:%20_blank|\u00bb][\/vc_tta_section][vc_tta_section&#8230;<\/p>\n","protected":false},"author":6,"featured_media":0,"parent":0,"menu_order":0,"comment_status":"closed","ping_status":"closed","template":"templates\/template-no-title.php","meta":{"footnotes":""},"class_list":["post-19","page","type-page","status-publish","hentry"],"_links":{"self":[{"href":"https:\/\/www.ull.es\/eventos\/exposicion-dia-libro\/wp-json\/wp\/v2\/pages\/19"}],"collection":[{"href":"https:\/\/www.ull.es\/eventos\/exposicion-dia-libro\/wp-json\/wp\/v2\/pages"}],"about":[{"href":"https:\/\/www.ull.es\/eventos\/exposicion-dia-libro\/wp-json\/wp\/v2\/types\/page"}],"author":[{"embeddable":true,"href":"https:\/\/www.ull.es\/eventos\/exposicion-dia-libro\/wp-json\/wp\/v2\/users\/6"}],"replies":[{"embeddable":true,"href":"https:\/\/www.ull.es\/eventos\/exposicion-dia-libro\/wp-json\/wp\/v2\/comments?post=19"}],"version-history":[{"count":9,"href":"https:\/\/www.ull.es\/eventos\/exposicion-dia-libro\/wp-json\/wp\/v2\/pages\/19\/revisions"}],"predecessor-version":[{"id":398,"href":"https:\/\/www.ull.es\/eventos\/exposicion-dia-libro\/wp-json\/wp\/v2\/pages\/19\/revisions\/398"}],"wp:attachment":[{"href":"https:\/\/www.ull.es\/eventos\/exposicion-dia-libro\/wp-json\/wp\/v2\/media?parent=19"}],"curies":[{"name":"wp","href":"https:\/\/api.w.org\/{rel}","templated":true}]}}