{"id":252,"date":"2019-04-15T14:13:55","date_gmt":"2019-04-15T12:13:55","guid":{"rendered":"http:\/\/www.ull.es\/eventos\/exposicion-dia-libro\/?page_id=252"},"modified":"2019-04-16T12:41:14","modified_gmt":"2019-04-16T10:41:14","slug":"las-mujeres-observan-los-cielos-y-los-ciclos-de-la-naturaleza","status":"publish","type":"page","link":"https:\/\/www.ull.es\/eventos\/exposicion-dia-libro\/las-mujeres-observan-los-cielos-y-los-ciclos-de-la-naturaleza\/","title":{"rendered":"Las mujeres observan los cielos y los ciclos de la Naturaleza"},"content":{"rendered":"<p>[vc_row equal_height=\u00bbyes\u00bb css=\u00bb.vc_custom_1554729715242{background-position: center !important;background-repeat: no-repeat !important;background-size: contain !important;}\u00bb][vc_column css_animation=\u00bbfadeIn\u00bb width=\u00bb1\/3&#8243; css=\u00bb.vc_custom_1554729812071{background-position: center !important;background-repeat: no-repeat !important;background-size: cover !important;}\u00bb][vc_row_inner][vc_column_inner width=\u00bb2\/3&#8243; css=\u00bb.vc_custom_1555329925274{background-color: #222222 !important;}\u00bb][vc_column_text css_animation=\u00bbfadeInLeft\u00bb]<\/p>\n<h1 style=\"color: white\">LAS MUJERES OBSERVAN LOS CIELOS Y LOS CICLOS DE LA NATURALEZA<\/h1>\n<p>[\/vc_column_text][\/vc_column_inner][vc_column_inner width=\u00bb1\/3&#8243;][\/vc_column_inner][\/vc_row_inner][vc_empty_space][\/vc_column][vc_column css_animation=\u00bbzoomIn\u00bb width=\u00bb2\/3&#8243;][vc_empty_space][vc_column_text]Las sacerdotisas de las civilizaciones antiguas, babilonia y egipcia, pueden en rigor ser consideradas las primeras observadoras que registraron los movimientos de estrellas y planetas. <strong>Enheduanna<\/strong> (2.300-2.225 a.n.e) fue la sacerdotisa principal del templo de Nanna, la diosa de la Luna, en la ciudad de Ur. Templo que funcionaba tambi\u00e9n como observatorio astron\u00f3mico y centro de ense\u00f1anza de las artes y las matem\u00e1ticas. El ciclo de los saros permit\u00eda calcular eclipses, se\u00f1alar efem\u00e9rides y crear calendarios. Es el conocimiento de estas t\u00e9cnicas lo que permiti\u00f3 a <strong>Aglaonike<\/strong> de Tesalia (alrededor del 200 a.n.e.) predecir eclipses. Considerada la primera mujer astr\u00f3noma, algunas fuentes hacen referencia a ella como una bruja o hechicera que pod\u00eda hacer desaparecer la Luna a voluntad.<\/p>\n<p>La escuela pitag\u00f3rica estuvo formada por un buen n\u00famero de mujeres, entre ellas: <strong>Theano<\/strong>, Themistoclea, Arignote, Myia y Damo. Theano de Crotona, esposa de Pit\u00e1goras, y l\u00edder del grupo cuando \u00e9ste es asesinado, refleja en sus obras gran parte de la cosmolog\u00eda y pensamiento matem\u00e1tico de la comunidad pitag\u00f3rica. El cosmos es ordenado y arm\u00f3nico. La armon\u00eda y el orden existen cuando las cosas se configuran en torno a sus relaciones apropiadas, relaciones que se expresan en proporciones matem\u00e1ticas. A ella se atribuye el Teorema de la raz\u00f3n a\u00farea, la Teor\u00eda de los n\u00fameros y Construcci\u00f3n del Universo, obras conocidas de forma indirecta.[\/vc_column_text][vc_media_grid item=\u00bbmediaGrid_SlideInTitle\u00bb grid_id=\u00bbvc_gid:1555411240994-5d0f838a-9e01-0&#8243; include=\u00bb226,227,228&#8243;][vc_column_text]<strong>Hipatia<\/strong> de Alejandr\u00eda fue matem\u00e1tica, astr\u00f3noma y fil\u00f3sofa neoplat\u00f3nica. De acuerdo con la informaci\u00f3n contenida en la enciclopedia bizantina del S. X, Suda, su padre Te\u00f3n fue el \u00faltimo director del Museo y Biblioteca de Alejandr\u00eda. Sus trabajos cient\u00edficos son aportaciones originales a destacadas obras matem\u00e1ticas y astron\u00f3micas de la Antig\u00fcedad. Estas novedades se insertaban como comentarios en las copias manuscritas de los textos originales. Son: Comentario sobre la Aritmetica de Diophanto, Comentario sobre las C\u00f3nicas de Apolonio. Comentario sobre la Sintaxis Mathematica de Ptolomeo. El Canon Astron\u00f3mico es parte del comentario a la Sintaxis Mathematica de Ptolomeo.<\/p>\n<p>Fil\u00f3sofas, m\u00e9dicas, matem\u00e1ticas y astr\u00f3nomas de la Antig\u00fcedad han sido recuperadas del olvido y conocidas gracias a los trabajos realizados con perspectiva de g\u00e9nero, que han revisitado las fuentes y han dado valor a textos considerados secundarios por la tradici\u00f3n. Al tiempo han mostrado las ideas y la conceptualizaci\u00f3n de lo femenino en el mundo antiguo aportando las claves de la infravaloraci\u00f3n.<\/p>\n<p>En el contexto del mito, Hesiodo, en Los Trabajos y las Horas, configura el mito de Pandora: las mujeres son la estirpe maldita. En el del logos, Arist\u00f3teles las define en sus textos biol\u00f3gicos como seres inferiores, materia pasiva frente a la forma masculina. Su cerebro m\u00e1s peque\u00f1o y su logos imperfecto. Situadas en el espacio de lo privado, su mejor adorno es el silencio, la ausencia de voz p\u00fablica autorizada. Este es el destino de las mujeres desde el mundo cl\u00e1sico.<\/p>\n<blockquote><p>\u201cLas mujeres son defectuosas, d\u00e9biles, incompletas, menos musculosas, su carne m\u00e1s blanda, sus rodillas m\u00e1s juntas, su voz m\u00e1s d\u00e9bil. El cuerpo femenino, d\u00e9bil e indefenso, tiene un cerebro m\u00e1s peque\u00f1o\u201d.<br \/>\n<em>(Arist\u00f3teles, La Historia de los animales, 638b, 7-24)<\/em><\/p><\/blockquote>\n<p><strong>Hipatia<\/strong> de Alejandr\u00eda, sabia y maestra de la filosof\u00eda neoplat\u00f3nica, observadora de los cielos con astrolabios, fue se\u00f1alada como bruja y her\u00e9tica. Su muerte (fue despedazada) ser\u00eda el s\u00edmbolo tambi\u00e9n del desmembramiento y desaparici\u00f3n de la cultura cl\u00e1sica en el momento que da paso a la Edad Media.[\/vc_column_text][\/vc_column][\/vc_row][vc_row][vc_column][vc_empty_space][\/vc_column][\/vc_row][vc_row css_animation=\u00bbfadeInUp\u00bb][vc_column width=\u00bb1\/6&#8243;][vc_icon icon_fontawesome=\u00bbfa fa-facebook\u00bb color=\u00bbwhite\u00bb background_style=\u00bbrounded\u00bb background_color=\u00bbcustom\u00bb size=\u00bbsm\u00bb align=\u00bbcenter\u00bb css_animation=\u00bbnone\u00bb custom_background_color=\u00bb#767676&#8243; link=\u00bburl:https%3A%2F%2Fwww.facebook.com%2FBibliotecaULL%2F|||\u00bb][\/vc_column][vc_column width=\u00bb1\/6&#8243;][vc_icon icon_fontawesome=\u00bbfa fa-twitter\u00bb color=\u00bbwhite\u00bb background_style=\u00bbrounded\u00bb background_color=\u00bbcustom\u00bb size=\u00bbsm\u00bb align=\u00bbcenter\u00bb css_animation=\u00bbnone\u00bb custom_background_color=\u00bb#767676&#8243; link=\u00bburl:https%3A%2F%2Ftwitter.com%2FBibliotecaULL|||\u00bb][\/vc_column][vc_column width=\u00bb1\/6&#8243;][vc_icon icon_fontawesome=\u00bbfa fa-instagram\u00bb color=\u00bbwhite\u00bb background_style=\u00bbrounded\u00bb background_color=\u00bbcustom\u00bb size=\u00bbsm\u00bb align=\u00bbcenter\u00bb css_animation=\u00bbnone\u00bb custom_background_color=\u00bb#767676&#8243; link=\u00bburl:https%3A%2F%2Fwww.instagram.com%2Fbibliotecaull%2F|||\u00bb][\/vc_column][vc_column width=\u00bb1\/6&#8243;][vc_icon icon_fontawesome=\u00bbfa fa-envelope\u00bb color=\u00bbwhite\u00bb background_style=\u00bbrounded\u00bb background_color=\u00bbcustom\u00bb size=\u00bbsm\u00bb align=\u00bbcenter\u00bb css_animation=\u00bbnone\u00bb custom_background_color=\u00bb#767676&#8243; link=\u00bburl:mailto%3Abull%40ull.es|||\u00bb][\/vc_column][vc_column width=\u00bb1\/6&#8243;][vc_icon icon_fontawesome=\u00bbfa fa-pinterest-p\u00bb color=\u00bbwhite\u00bb background_style=\u00bbrounded\u00bb background_color=\u00bbcustom\u00bb size=\u00bbsm\u00bb align=\u00bbcenter\u00bb css_animation=\u00bbnone\u00bb custom_background_color=\u00bb#767676&#8243; link=\u00bburl:https%3A%2F%2Fwww.pinterest.com%2Fbbtkull%2F|||\u00bb][\/vc_column][vc_column width=\u00bb1\/6&#8243;][vc_icon icon_fontawesome=\u00bbfa fa-youtube-play\u00bb color=\u00bbwhite\u00bb background_style=\u00bbrounded\u00bb background_color=\u00bbcustom\u00bb size=\u00bbsm\u00bb align=\u00bbcenter\u00bb css_animation=\u00bbnone\u00bb custom_background_color=\u00bb#767676&#8243; link=\u00bburl:https%3A%2F%2Fwww.youtube.com%2Fuser%2Fbbtkull|||\u00bb][\/vc_column][\/vc_row]<\/p>\n","protected":false},"excerpt":{"rendered":"<p>[vc_row equal_height=\u00bbyes\u00bb css=\u00bb.vc_custom_1554729715242{background-position: center !important;background-repeat: no-repeat !important;background-size: contain !important;}\u00bb][vc_column css_animation=\u00bbfadeIn\u00bb width=\u00bb1\/3&#8243; css=\u00bb.vc_custom_1554729812071{background-position: center !important;background-repeat: no-repeat !important;background-size: cover !important;}\u00bb][vc_row_inner][vc_column_inner width=\u00bb2\/3&#8243; css=\u00bb.vc_custom_1555329925274{background-color: #222222 !important;}\u00bb][vc_column_text css_animation=\u00bbfadeInLeft\u00bb] LAS MUJERES OBSERVAN LOS CIELOS Y LOS CICLOS DE LA NATURALEZA [\/vc_column_text][\/vc_column_inner][vc_column_inner width=\u00bb1\/3&#8243;][\/vc_column_inner][\/vc_row_inner][vc_empty_space][\/vc_column][vc_column css_animation=\u00bbzoomIn\u00bb width=\u00bb2\/3&#8243;][vc_empty_space][vc_column_text]Las sacerdotisas de las civilizaciones antiguas, babilonia y egipcia, pueden en rigor ser consideradas las primeras observadoras que&#8230;<\/p>\n","protected":false},"author":8,"featured_media":0,"parent":0,"menu_order":0,"comment_status":"closed","ping_status":"closed","template":"templates\/template-no-title.php","meta":{"footnotes":""},"class_list":["post-252","page","type-page","status-publish","hentry"],"_links":{"self":[{"href":"https:\/\/www.ull.es\/eventos\/exposicion-dia-libro\/wp-json\/wp\/v2\/pages\/252"}],"collection":[{"href":"https:\/\/www.ull.es\/eventos\/exposicion-dia-libro\/wp-json\/wp\/v2\/pages"}],"about":[{"href":"https:\/\/www.ull.es\/eventos\/exposicion-dia-libro\/wp-json\/wp\/v2\/types\/page"}],"author":[{"embeddable":true,"href":"https:\/\/www.ull.es\/eventos\/exposicion-dia-libro\/wp-json\/wp\/v2\/users\/8"}],"replies":[{"embeddable":true,"href":"https:\/\/www.ull.es\/eventos\/exposicion-dia-libro\/wp-json\/wp\/v2\/comments?post=252"}],"version-history":[{"count":4,"href":"https:\/\/www.ull.es\/eventos\/exposicion-dia-libro\/wp-json\/wp\/v2\/pages\/252\/revisions"}],"predecessor-version":[{"id":383,"href":"https:\/\/www.ull.es\/eventos\/exposicion-dia-libro\/wp-json\/wp\/v2\/pages\/252\/revisions\/383"}],"wp:attachment":[{"href":"https:\/\/www.ull.es\/eventos\/exposicion-dia-libro\/wp-json\/wp\/v2\/media?parent=252"}],"curies":[{"name":"wp","href":"https:\/\/api.w.org\/{rel}","templated":true}]}}