{"id":257,"date":"2019-04-15T14:24:33","date_gmt":"2019-04-15T12:24:33","guid":{"rendered":"http:\/\/www.ull.es\/eventos\/exposicion-dia-libro\/?page_id=257"},"modified":"2019-04-15T14:28:16","modified_gmt":"2019-04-15T12:28:16","slug":"espacios-de-conocimiento-los-conventos-y-la-practica-del-cuidado-de-la-vida","status":"publish","type":"page","link":"https:\/\/www.ull.es\/eventos\/exposicion-dia-libro\/espacios-de-conocimiento-los-conventos-y-la-practica-del-cuidado-de-la-vida\/","title":{"rendered":"Espacios de conocimiento: los conventos y la pr\u00e1ctica del cuidado de la vida"},"content":{"rendered":"<p>[vc_row equal_height=\u00bbyes\u00bb css=\u00bb.vc_custom_1554729715242{background-position: center !important;background-repeat: no-repeat !important;background-size: contain !important;}\u00bb][vc_column css_animation=\u00bbfadeIn\u00bb width=\u00bb1\/3&#8243; css=\u00bb.vc_custom_1554729812071{background-position: center !important;background-repeat: no-repeat !important;background-size: cover !important;}\u00bb][vc_row_inner][vc_column_inner width=\u00bb2\/3&#8243; css=\u00bb.vc_custom_1555329925274{background-color: #222222 !important;}\u00bb][vc_column_text css_animation=\u00bbfadeInLeft\u00bb]<\/p>\n<h1 style=\"color: white\">ESPACIOS DE CONOCIMIENTO: LOS CONVENTOS Y LA PR\u00c1CTICA DEL CUIDADO DE LA VIDA<\/h1>\n<p>[\/vc_column_text][\/vc_column_inner][vc_column_inner width=\u00bb1\/3&#8243;][\/vc_column_inner][\/vc_row_inner][vc_empty_space][\/vc_column][vc_column css_animation=\u00bbzoomIn\u00bb width=\u00bb2\/3&#8243;][vc_empty_space][vc_column_text]Los conventos fueron en la Europa medieval el espacio por excelencia, y tal vez el \u00fanico, de libertad y acceso al conocimiento para las mujeres en la Edad Media. La vida conventual permit\u00eda a las mujeres gozar de ciertas libertades y huir de las imposiciones sociales, tales como el matrimonio, la mayor parte de las veces forzado, y la maternidad, que con frecuencia iba asociada a la muerte. Una de las mayores ventajas de la vida conventual era la de poder desarrollar en su interior una actividad intelectual.<\/p>\n<p>Destacadas mujeres, tambi\u00e9n abadesas, como <strong>Hildegarda de Bingen<\/strong> (1098-1179) escribieron obra propia. Ella lo hizo sobre historia natural y bot\u00e1nica, cosmolog\u00eda y teor\u00eda m\u00e9dica y ha sido considerada la naturalista y fil\u00f3sofa m\u00e1s original del S. XII. Su reconocimiento fue muy amplio y achacaba su iluminaci\u00f3n, como en otros casos de mujeres de iglesia como Santa Teresa, a visiones procedentes de Dios. Ello las dota de una autoridad inusitada ante la jerarqu\u00eda eclesi\u00e1stica. Lo cierto es que logran convertirse en mujeres sabias y con voz y obra propias. Los textos de Hildegarda son muy relevantes y se usan en las escuelas de medicina durante toda la \u00e9poca medieval.[\/vc_column_text][vc_media_grid item=\u00bbmediaGrid_SlideInTitle\u00bb grid_id=\u00bbvc_gid:1555331257521-a6eaa6d3-4381-7&#8243; include=\u00bb229,230,231&#8243;][vc_column_text]<strong>Tr\u00f3tula<\/strong> y <strong>las Damas de Salerno<\/strong> (Italia S. XI), escribieron tratados sobre ginecolog\u00eda y sobre diferentes enfermedades. Textos que est\u00e1n llenos de remedios pr\u00e1cticos como el de <strong>Isabelle Cortese<\/strong>, siglos m\u00e1s tarde. Ya en el siglo XII, algunos copistas empezaron a atribuir los textos de Tr\u00f3tula a su marido, hasta que su nombre fue definitivamente sustituido por su forma masculina: Trottus. En el siglo XV ya se negaba su existencia y en el XVI el historiador alem\u00e1n Karl Sudhoff, las borra definitivamente de la historia arguyendo que como eran comadronas y no m\u00e9dicas no pod\u00edan haber escrito sobre materias tan complejas como la obstetricia o la cirug\u00eda. Pero no solo fueron parteras o comadronas, son las primeras m\u00e9dicas y anatomistas de la historia occidental, llegando a practicar la cirug\u00eda en la Italia renacentista. Y las mujeres fueron las primeras farmac\u00f3logas con sus cultivos de hierbas medicinales.<\/p>\n<p>Excluidas de los libros y la ciencia oficial, aprend\u00edan unas de otras y se transmit\u00edan sus conocimientos, pero para las autoridades eran brujas o charlatanas. Y como brujas fueron torturadas y llevadas a la hoguera. Un proceso de desalojo de la profesi\u00f3n m\u00e9dica, en la interpretaci\u00f3n de algunas historiadoras, que se produce de los siglos XIV al XVI. La inquisici\u00f3n usaba el Malleus Maleficarun \u201cmartillo de brujas\u201d para someterlas a las m\u00e1s horribles torturas.<\/p>\n<p>Los escritos de defensa de las mujeres y reclamando su acceso a la educaci\u00f3n se suceden en el final de la etapa medieval y hasta el pasado siglo. Escriben en defensa de las mujeres tambi\u00e9n el cartesiano Poulain de la Barre y el ilustrado Padre Feijoo.<\/p>\n<p><strong>Christine de Pizan<\/strong> (1364-1430), escritora nacida en Italia pero radicada en Francia, en la corte del rey Carlos V de Francia, fue una firme defensora de la educaci\u00f3n de las mujeres, dando por hecho que est\u00e1n igualmente capacitadas para las letras, las artes y las ciencias que los hombres. A lo largo de su prol\u00edfica obra, insiste en el hecho de las pocas oportunidades que la sociedad les ofrece y reivindica el espacio p\u00fablico, vetado para las mujeres. Su r\u00e9plica a la misoginia contenida en la parte del famoso Roman de la Rose, escrita por Jean de Meun alrededor de 1277, y su constante reivindicaci\u00f3n del acceso al conocimiento para las mujeres dio origen a la famosa \u201cQuerelle du Roman de la Rose\u201d, una contienda literaria y acad\u00e9mica que dividi\u00f3 a los intelectuales de la \u00e9poca en dos bandos, y que se prolongar\u00e1 durante el Renacimiento con el nombre de la \u201c<strong>Querelle des femmes<\/strong>\u201d. Este debate se mantendr\u00e1 vivo en toda Europa hasta finales del siglo XVIII.<\/p>\n<blockquote><p>\u201cSin duda muchas mujeres, siglo tras siglo, han escrito libros de Medicina desde el tiempo de Hip\u00f3crates. Los llamados \u2018libros hipocr\u00e1ticos\u2019 no fueron todos escritos por el padre de la Medicina, probablemente ni tan siquiera el famoso juramento. Ni escribi\u00f3 Hip\u00f3crates los libros de Ginecolog\u00eda para sus disc\u00edpulos; estos libros llevan la impronta de los escritos de mujeres y fueron copiados durante siglos con el nombre de \u00e9l.\u201d<\/p>\n<p><em>(Kate Campbell Hurd-Mead, A History of Women in Medicine, 1938)<\/em><\/p><\/blockquote>\n<blockquote><p>\u201cTe vuelvo a decir, y nadie podr\u00e1 sostener lo contrario, que si la costumbre fuera mandar a las ni\u00f1as a la escuela y ense\u00f1arles las ciencias con m\u00e9todo, como se hace con los ni\u00f1os, aprender\u00edan y entender\u00edan las dificultades y sutilezas de todas las artes y ciencias tan bien como ellos\u201d.<\/p>\n<p><em>(Christine de Piz\u00e1n, La Ciudad de las Damas, 1405).<\/em><\/p><\/blockquote>\n<p>[\/vc_column_text][\/vc_column][\/vc_row][vc_row][vc_column][vc_empty_space][\/vc_column][\/vc_row][vc_row css_animation=\u00bbfadeInUp\u00bb][vc_column width=\u00bb1\/6&#8243;][vc_icon icon_fontawesome=\u00bbfa fa-facebook\u00bb color=\u00bbwhite\u00bb background_style=\u00bbrounded\u00bb background_color=\u00bbcustom\u00bb size=\u00bbsm\u00bb align=\u00bbcenter\u00bb css_animation=\u00bbnone\u00bb custom_background_color=\u00bb#767676&#8243; link=\u00bburl:https%3A%2F%2Fwww.facebook.com%2FBibliotecaULL%2F|||\u00bb][\/vc_column][vc_column width=\u00bb1\/6&#8243;][vc_icon icon_fontawesome=\u00bbfa fa-twitter\u00bb color=\u00bbwhite\u00bb background_style=\u00bbrounded\u00bb background_color=\u00bbcustom\u00bb size=\u00bbsm\u00bb align=\u00bbcenter\u00bb css_animation=\u00bbnone\u00bb custom_background_color=\u00bb#767676&#8243; link=\u00bburl:https%3A%2F%2Ftwitter.com%2FBibliotecaULL|||\u00bb][\/vc_column][vc_column width=\u00bb1\/6&#8243;][vc_icon icon_fontawesome=\u00bbfa fa-instagram\u00bb color=\u00bbwhite\u00bb background_style=\u00bbrounded\u00bb background_color=\u00bbcustom\u00bb size=\u00bbsm\u00bb align=\u00bbcenter\u00bb css_animation=\u00bbnone\u00bb custom_background_color=\u00bb#767676&#8243; link=\u00bburl:https%3A%2F%2Fwww.instagram.com%2Fbibliotecaull%2F|||\u00bb][\/vc_column][vc_column width=\u00bb1\/6&#8243;][vc_icon icon_fontawesome=\u00bbfa fa-envelope\u00bb color=\u00bbwhite\u00bb background_style=\u00bbrounded\u00bb background_color=\u00bbcustom\u00bb size=\u00bbsm\u00bb align=\u00bbcenter\u00bb css_animation=\u00bbnone\u00bb custom_background_color=\u00bb#767676&#8243; link=\u00bburl:mailto%3Abull%40ull.es|||\u00bb][\/vc_column][vc_column width=\u00bb1\/6&#8243;][vc_icon icon_fontawesome=\u00bbfa fa-pinterest-p\u00bb color=\u00bbwhite\u00bb background_style=\u00bbrounded\u00bb background_color=\u00bbcustom\u00bb size=\u00bbsm\u00bb align=\u00bbcenter\u00bb css_animation=\u00bbnone\u00bb custom_background_color=\u00bb#767676&#8243; link=\u00bburl:https%3A%2F%2Fwww.pinterest.com%2Fbbtkull%2F|||\u00bb][\/vc_column][vc_column width=\u00bb1\/6&#8243;][vc_icon icon_fontawesome=\u00bbfa fa-youtube-play\u00bb color=\u00bbwhite\u00bb background_style=\u00bbrounded\u00bb background_color=\u00bbcustom\u00bb size=\u00bbsm\u00bb align=\u00bbcenter\u00bb css_animation=\u00bbnone\u00bb custom_background_color=\u00bb#767676&#8243; link=\u00bburl:https%3A%2F%2Fwww.youtube.com%2Fuser%2Fbbtkull|||\u00bb][\/vc_column][\/vc_row]<\/p>\n","protected":false},"excerpt":{"rendered":"<p>[vc_row equal_height=\u00bbyes\u00bb css=\u00bb.vc_custom_1554729715242{background-position: center !important;background-repeat: no-repeat !important;background-size: contain !important;}\u00bb][vc_column css_animation=\u00bbfadeIn\u00bb width=\u00bb1\/3&#8243; css=\u00bb.vc_custom_1554729812071{background-position: center !important;background-repeat: no-repeat !important;background-size: cover !important;}\u00bb][vc_row_inner][vc_column_inner width=\u00bb2\/3&#8243; css=\u00bb.vc_custom_1555329925274{background-color: #222222 !important;}\u00bb][vc_column_text css_animation=\u00bbfadeInLeft\u00bb] ESPACIOS DE CONOCIMIENTO: LOS CONVENTOS Y LA PR\u00c1CTICA DEL CUIDADO DE LA VIDA [\/vc_column_text][\/vc_column_inner][vc_column_inner width=\u00bb1\/3&#8243;][\/vc_column_inner][\/vc_row_inner][vc_empty_space][\/vc_column][vc_column css_animation=\u00bbzoomIn\u00bb width=\u00bb2\/3&#8243;][vc_empty_space][vc_column_text]Los conventos fueron en la Europa medieval el espacio por excelencia, y tal vez el \u00fanico,&#8230;<\/p>\n","protected":false},"author":8,"featured_media":0,"parent":0,"menu_order":0,"comment_status":"closed","ping_status":"closed","template":"templates\/template-no-title.php","meta":{"footnotes":""},"class_list":["post-257","page","type-page","status-publish","hentry"],"_links":{"self":[{"href":"https:\/\/www.ull.es\/eventos\/exposicion-dia-libro\/wp-json\/wp\/v2\/pages\/257"}],"collection":[{"href":"https:\/\/www.ull.es\/eventos\/exposicion-dia-libro\/wp-json\/wp\/v2\/pages"}],"about":[{"href":"https:\/\/www.ull.es\/eventos\/exposicion-dia-libro\/wp-json\/wp\/v2\/types\/page"}],"author":[{"embeddable":true,"href":"https:\/\/www.ull.es\/eventos\/exposicion-dia-libro\/wp-json\/wp\/v2\/users\/8"}],"replies":[{"embeddable":true,"href":"https:\/\/www.ull.es\/eventos\/exposicion-dia-libro\/wp-json\/wp\/v2\/comments?post=257"}],"version-history":[{"count":5,"href":"https:\/\/www.ull.es\/eventos\/exposicion-dia-libro\/wp-json\/wp\/v2\/pages\/257\/revisions"}],"predecessor-version":[{"id":262,"href":"https:\/\/www.ull.es\/eventos\/exposicion-dia-libro\/wp-json\/wp\/v2\/pages\/257\/revisions\/262"}],"wp:attachment":[{"href":"https:\/\/www.ull.es\/eventos\/exposicion-dia-libro\/wp-json\/wp\/v2\/media?parent=257"}],"curies":[{"name":"wp","href":"https:\/\/api.w.org\/{rel}","templated":true}]}}