{"id":263,"date":"2019-04-15T14:38:34","date_gmt":"2019-04-15T12:38:34","guid":{"rendered":"http:\/\/www.ull.es\/eventos\/exposicion-dia-libro\/?page_id=263"},"modified":"2019-04-16T12:44:13","modified_gmt":"2019-04-16T10:44:13","slug":"astronomas-matematicas-y-filosofas-naturales-ellas-tambien-protagonizan-la-revolucion-cientifica","status":"publish","type":"page","link":"https:\/\/www.ull.es\/eventos\/exposicion-dia-libro\/astronomas-matematicas-y-filosofas-naturales-ellas-tambien-protagonizan-la-revolucion-cientifica\/","title":{"rendered":"Astr\u00f3nomas, matem\u00e1ticas, y fil\u00f3sofas naturales. Ellas tambi\u00e9n protagonizan la Revoluci\u00f3n Cient\u00edfica"},"content":{"rendered":"<p>[vc_row equal_height=\u00bbyes\u00bb css=\u00bb.vc_custom_1554729715242{background-position: center !important;background-repeat: no-repeat !important;background-size: contain !important;}\u00bb][vc_column css_animation=\u00bbfadeIn\u00bb width=\u00bb1\/3&#8243; css=\u00bb.vc_custom_1554729812071{background-position: center !important;background-repeat: no-repeat !important;background-size: cover !important;}\u00bb][vc_row_inner][vc_column_inner width=\u00bb2\/3&#8243; css=\u00bb.vc_custom_1555329925274{background-color: #222222 !important;}\u00bb][vc_column_text css_animation=\u00bbfadeInLeft\u00bb]<\/p>\n<h1 style=\"color: white\">ASTR\u00d3NOMAS, MATEM\u00c1TICAS, Y FIL\u00d3SOFAS NATURALES.<\/h1>\n<h1 style=\"color: white\">ELLAS TAMBI\u00c9N PROTAGONIZAN LA REVOLUCI\u00d3N CIENT\u00cdFICA.<\/h1>\n<p>[\/vc_column_text][\/vc_column_inner][vc_column_inner width=\u00bb1\/3&#8243;][\/vc_column_inner][\/vc_row_inner][vc_empty_space][\/vc_column][vc_column css_animation=\u00bbzoomIn\u00bb width=\u00bb2\/3&#8243;][vc_empty_space][vc_column_text]El proceso de nacimiento de la ciencia moderna suele situarse entre el momento de la publicaci\u00f3n de la obra de Cop\u00e9rnico en 1543 y la obra de Newton. Durante todo este periodo las mujeres, al igual que todos los espectadores de la \u00e9poca, asisten al surgimiento de la nueva ciencia y la popularidad de la explicaci\u00f3n mecanicista del mundo. Y ellas tambi\u00e9n son protagonistas. Destacan observadoras y calculadoras como <strong>Sophie Brahe, Marie Cunitz o Elisabeth Hevelius<\/strong>, la \u00faltima gran observadora a simple vista; y <strong>Mme. Lepaute<\/strong> que contribuye al c\u00e1lculo de la predicci\u00f3n de la llegada del cometa Halley, importante triunfo de la ciencia newtoniana, cuyo m\u00e9rito fue atribuido solo a Clairaut. Matem\u00e1ticas como <strong>Mar\u00eda Gaetana Agnesi<\/strong>, elegida miembro de la Academia de Ciencias de Bolonia en 1748, a\u00f1o en que publica sus Instituciones Anal\u00edticas, y <strong>Sophie Germain<\/strong> quien bajo el seud\u00f3nimo de Monsieur Leblanc contribuye al avance de las matem\u00e1ticas.<\/p>\n<p>Fil\u00f3sofas naturales como <strong>Lady Anne Conway<\/strong> ponen en entredicho el mecanicismo estricto cartesiano. Anne busc\u00f3 un principio explicativo del Universo entendible m\u00e1s como un todo org\u00e1nico y vital que como un mecanismo de relojer\u00eda compuesto de piezas inertes de materia. Este principio (unidad) puede considerarse el antecedente claro de las m\u00f3nadas de Leibniz, quien cita la obra de la condesa The Principles of the most Ancient and Modern Philosophy (1690).<\/p>\n<p>Una vez que la Academia de Par\u00eds acepta el sistema newtoniano, y embarcados ya en la pol\u00e9mica con Leibniz, <strong>Emilie du Ch\u00e2telet<\/strong> ser\u00e1 considerada \u201ctraidora a la causa\u201d. Siendo la traductora al franc\u00e9s de los Principios Matem\u00e1ticos de la Filosof\u00eda Natural de Newton, considerada una de las pocas personas capaz de manejarse en el entramado matem\u00e1tico del nuevo sistema del mundo, hab\u00eda escrito, sin embargo, Institutions de Physique (1741), desarrollando en esta obra una parte del sistema de Leibniz.<\/p>\n<p>Fue adem\u00e1s una h\u00e1bil experimentadora: reproduce todos los experimentos newtonianos relacionados con la \u00f3ptica, y con la din\u00e1mica de los cuerpos y los aspectos de la elasticidad y la gravedad. Tambi\u00e9n experimenta sobre las propiedades del calor, los gases y la calcinaci\u00f3n de los metales. Estas ideas est\u00e1n incluidas en una memoria presentada al concurso convocado en 1737 por la Academia de Ciencias de Par\u00eds sobre el tema del fuego. La Disertaci\u00f3n sobre la naturaleza y propagaci\u00f3n del fuego (1738) no logra el premio, que fue otorgado a Euler, pero s\u00ed es publicada por la calidad y originalidad del texto.[\/vc_column_text][vc_media_grid item=\u00bbmediaGrid_SlideInTitle\u00bb grid_id=\u00bbvc_gid:1555411387106-cd74f658-f114-3&#8243; include=\u00bb232,233,234,235&#8243;][vc_column_text]Ese texto se considera antecedente de algunas ideas desarrolladas m\u00e1s tarde por Antoine de Lavoisier en el Tratado elemental de Qu\u00edmica (1789). Con \u00e9l trabaja su esposa, <strong>Anne Paulze Lavoisier<\/strong>, traductora, ilustradora y preparadora de los experimentos y de la correspondencia cient\u00edfica. Sus grabados e ilustraciones de instrumentos y experimentos son muy relevantes.<\/p>\n<p>Son muchas las mujeres de ciencias en estos siglos, mujeres acomodadas con acceso a bibliotecas que les permiten ser autodidactas ya que no pod\u00edan ir a las universidades ni formar parte de las sociedades cient\u00edficas. Sus textos y pr\u00e1cticas merecen un mayor reconocimiento porque contribuyeron a los conocimientos, e incluso salvaron muchas vidas.<\/p>\n<p>As\u00ed, <strong>Lady Mary Montagu<\/strong>, erudita inglesa, conoci\u00f3 el proceso de vacunaci\u00f3n en Turqu\u00eda y redact\u00f3 en sus cartas sus observaciones sobre la pr\u00e1ctica del injerto del virus. Hizo inocular el virus de la viruela a su hija y a su vuelta a Inglaterra logr\u00f3 organizar experimentos que tuvieron \u00e9xito, extendi\u00e9ndose r\u00e1pidamente la pr\u00e1ctica por todo el pa\u00eds, a pesar de la oposici\u00f3n de la Iglesia y la profesi\u00f3n m\u00e9dica. Su colecci\u00f3n de cartas es de gran valor.<\/p>\n<p>Fontenelle escribe Entretiens sur la pluralit\u00e9 des mondes (1686). Redactada en forma de di\u00e1logo, va mostrando con h\u00e1biles argumentos a una dama la verdad cartesiana. A\u00f1os m\u00e1s tarde, F. Algarotti redacta con la ayuda de Madame du Chat\u00ealet, Il newtonianismo per le dame (1736). El libro es intencionadamente pol\u00e9mico ya que tratar\u00e1 ahora de convertir a la dama al newtonianismo, demostrando la superioridad de este sistema del mundo. Este es un aspecto de difusi\u00f3n y popularizaci\u00f3n de la nueva ciencia que fue determinante para la aceptaci\u00f3n del nuevo paradigma cient\u00edfico. Son destacables tambi\u00e9n las publicaciones de astronom\u00eda popular. Algunas, como la de Lalande, llevan el t\u00edtulo de Astronom\u00eda para Damas.<\/p>\n<p>Pero muchas mujeres son ridiculizadas por pretender ser cient\u00edficas. Es el caso de <strong>Margaret Cavendish<\/strong>, que publica y defiende las hip\u00f3tesis atomistas, pero era llamada \u201cMadge la loca\u201d. Otras son ridiculizadas en las comedias de Moliere como \u201cLas mujeres sabias\u201d.<\/p>\n<blockquote><p>La mujer de ciencia arquet\u00edpica en los siglos XVII y XVIII \u201cpertenec\u00eda a la aristocracia, pas\u00f3 por un riguroso proceso de autoformaci\u00f3n, hizo sus contribuciones a la ciencia y fue olvidada\u201d.<br \/>\n<em>(Margaret Alic, El Legado de Hipatia, 1991)<\/em><\/p><\/blockquote>\n<p>Los Lady\u2019s Diaries y Almanacs, publicaciones did\u00e1cticas con problemas para resolver y noticias sobre las novedades de las ciencias, se convierten en importantes medios de difusi\u00f3n de la ciencia y la novedad fue la utilizaci\u00f3n de un nuevo p\u00fablico: las mujeres.[\/vc_column_text][\/vc_column][\/vc_row][vc_row][vc_column][vc_empty_space][\/vc_column][\/vc_row][vc_row css_animation=\u00bbfadeInUp\u00bb][vc_column width=\u00bb1\/6&#8243;][vc_icon icon_fontawesome=\u00bbfa fa-facebook\u00bb color=\u00bbwhite\u00bb background_style=\u00bbrounded\u00bb background_color=\u00bbcustom\u00bb size=\u00bbsm\u00bb align=\u00bbcenter\u00bb css_animation=\u00bbnone\u00bb custom_background_color=\u00bb#767676&#8243; link=\u00bburl:https%3A%2F%2Fwww.facebook.com%2FBibliotecaULL%2F|||\u00bb][\/vc_column][vc_column width=\u00bb1\/6&#8243;][vc_icon icon_fontawesome=\u00bbfa fa-twitter\u00bb color=\u00bbwhite\u00bb background_style=\u00bbrounded\u00bb background_color=\u00bbcustom\u00bb size=\u00bbsm\u00bb align=\u00bbcenter\u00bb css_animation=\u00bbnone\u00bb custom_background_color=\u00bb#767676&#8243; link=\u00bburl:https%3A%2F%2Ftwitter.com%2FBibliotecaULL|||\u00bb][\/vc_column][vc_column width=\u00bb1\/6&#8243;][vc_icon icon_fontawesome=\u00bbfa fa-instagram\u00bb color=\u00bbwhite\u00bb background_style=\u00bbrounded\u00bb background_color=\u00bbcustom\u00bb size=\u00bbsm\u00bb align=\u00bbcenter\u00bb css_animation=\u00bbnone\u00bb custom_background_color=\u00bb#767676&#8243; link=\u00bburl:https%3A%2F%2Fwww.instagram.com%2Fbibliotecaull%2F|||\u00bb][\/vc_column][vc_column width=\u00bb1\/6&#8243;][vc_icon icon_fontawesome=\u00bbfa fa-envelope\u00bb color=\u00bbwhite\u00bb background_style=\u00bbrounded\u00bb background_color=\u00bbcustom\u00bb size=\u00bbsm\u00bb align=\u00bbcenter\u00bb css_animation=\u00bbnone\u00bb custom_background_color=\u00bb#767676&#8243; link=\u00bburl:mailto%3Abull%40ull.es|||\u00bb][\/vc_column][vc_column width=\u00bb1\/6&#8243;][vc_icon icon_fontawesome=\u00bbfa fa-pinterest-p\u00bb color=\u00bbwhite\u00bb background_style=\u00bbrounded\u00bb background_color=\u00bbcustom\u00bb size=\u00bbsm\u00bb align=\u00bbcenter\u00bb css_animation=\u00bbnone\u00bb custom_background_color=\u00bb#767676&#8243; link=\u00bburl:https%3A%2F%2Fwww.pinterest.com%2Fbbtkull%2F|||\u00bb][\/vc_column][vc_column width=\u00bb1\/6&#8243;][vc_icon icon_fontawesome=\u00bbfa fa-youtube-play\u00bb color=\u00bbwhite\u00bb background_style=\u00bbrounded\u00bb background_color=\u00bbcustom\u00bb size=\u00bbsm\u00bb align=\u00bbcenter\u00bb css_animation=\u00bbnone\u00bb custom_background_color=\u00bb#767676&#8243; link=\u00bburl:https%3A%2F%2Fwww.youtube.com%2Fuser%2Fbbtkull|||\u00bb][\/vc_column][\/vc_row]<\/p>\n","protected":false},"excerpt":{"rendered":"<p>[vc_row equal_height=\u00bbyes\u00bb css=\u00bb.vc_custom_1554729715242{background-position: center !important;background-repeat: no-repeat !important;background-size: contain !important;}\u00bb][vc_column css_animation=\u00bbfadeIn\u00bb width=\u00bb1\/3&#8243; css=\u00bb.vc_custom_1554729812071{background-position: center !important;background-repeat: no-repeat !important;background-size: cover !important;}\u00bb][vc_row_inner][vc_column_inner width=\u00bb2\/3&#8243; css=\u00bb.vc_custom_1555329925274{background-color: #222222 !important;}\u00bb][vc_column_text css_animation=\u00bbfadeInLeft\u00bb] ASTR\u00d3NOMAS, MATEM\u00c1TICAS, Y FIL\u00d3SOFAS NATURALES. ELLAS TAMBI\u00c9N PROTAGONIZAN LA REVOLUCI\u00d3N CIENT\u00cdFICA. [\/vc_column_text][\/vc_column_inner][vc_column_inner width=\u00bb1\/3&#8243;][\/vc_column_inner][\/vc_row_inner][vc_empty_space][\/vc_column][vc_column css_animation=\u00bbzoomIn\u00bb width=\u00bb2\/3&#8243;][vc_empty_space][vc_column_text]El proceso de nacimiento de la ciencia moderna suele situarse entre el momento de la publicaci\u00f3n de la&#8230;<\/p>\n","protected":false},"author":8,"featured_media":0,"parent":0,"menu_order":0,"comment_status":"closed","ping_status":"closed","template":"templates\/template-no-title.php","meta":{"footnotes":""},"class_list":["post-263","page","type-page","status-publish","hentry"],"_links":{"self":[{"href":"https:\/\/www.ull.es\/eventos\/exposicion-dia-libro\/wp-json\/wp\/v2\/pages\/263"}],"collection":[{"href":"https:\/\/www.ull.es\/eventos\/exposicion-dia-libro\/wp-json\/wp\/v2\/pages"}],"about":[{"href":"https:\/\/www.ull.es\/eventos\/exposicion-dia-libro\/wp-json\/wp\/v2\/types\/page"}],"author":[{"embeddable":true,"href":"https:\/\/www.ull.es\/eventos\/exposicion-dia-libro\/wp-json\/wp\/v2\/users\/8"}],"replies":[{"embeddable":true,"href":"https:\/\/www.ull.es\/eventos\/exposicion-dia-libro\/wp-json\/wp\/v2\/comments?post=263"}],"version-history":[{"count":5,"href":"https:\/\/www.ull.es\/eventos\/exposicion-dia-libro\/wp-json\/wp\/v2\/pages\/263\/revisions"}],"predecessor-version":[{"id":385,"href":"https:\/\/www.ull.es\/eventos\/exposicion-dia-libro\/wp-json\/wp\/v2\/pages\/263\/revisions\/385"}],"wp:attachment":[{"href":"https:\/\/www.ull.es\/eventos\/exposicion-dia-libro\/wp-json\/wp\/v2\/media?parent=263"}],"curies":[{"name":"wp","href":"https:\/\/api.w.org\/{rel}","templated":true}]}}