{"id":265,"date":"2019-04-15T14:48:19","date_gmt":"2019-04-15T12:48:19","guid":{"rendered":"http:\/\/www.ull.es\/eventos\/exposicion-dia-libro\/?page_id=265"},"modified":"2019-04-15T14:50:23","modified_gmt":"2019-04-15T12:50:23","slug":"la-ciencia-del-siglo-xix-los-comienzos-de-la-especializacion-disciplinar","status":"publish","type":"page","link":"https:\/\/www.ull.es\/eventos\/exposicion-dia-libro\/la-ciencia-del-siglo-xix-los-comienzos-de-la-especializacion-disciplinar\/","title":{"rendered":"La ciencia del siglo XIX: Los comienzos de la especializaci\u00f3n disciplinar"},"content":{"rendered":"<p>[vc_row equal_height=\u00bbyes\u00bb css=\u00bb.vc_custom_1554729715242{background-position: center !important;background-repeat: no-repeat !important;background-size: contain !important;}\u00bb][vc_column css_animation=\u00bbfadeIn\u00bb width=\u00bb1\/3&#8243; css=\u00bb.vc_custom_1554729812071{background-position: center !important;background-repeat: no-repeat !important;background-size: cover !important;}\u00bb][vc_row_inner][vc_column_inner width=\u00bb2\/3&#8243; css=\u00bb.vc_custom_1555329925274{background-color: #222222 !important;}\u00bb][vc_column_text css_animation=\u00bbfadeInLeft\u00bb]<\/p>\n<h1 style=\"color: white\">LA CIENCIA DEL SIGLO XIX:<br \/>\nLOS COMIENZOS DE LA ESPECIALIZACI\u00d3N DISCIPLINAR<\/h1>\n<p>[\/vc_column_text][\/vc_column_inner][vc_column_inner width=\u00bb1\/3&#8243;][\/vc_column_inner][\/vc_row_inner][vc_empty_space][\/vc_column][vc_column css_animation=\u00bbzoomIn\u00bb width=\u00bb2\/3&#8243;][vc_empty_space][vc_column_text]La ciencia de la Ilustraci\u00f3n daba paso a la del Romanticismo y los comienzos de la Revoluci\u00f3n Industrial, confiada en el progreso por medio de la raz\u00f3n mostraba su rendimiento te\u00f3rico y pr\u00e1ctico. El modelo del mundo parec\u00eda cerrado, pero a\u00fan quedaba mucho que observar en los cielos y en nuestro mundo.<\/p>\n<p><strong>Caroline Herschel<\/strong>, hermana de William Herschel, aprende matem\u00e1ticas y astronom\u00eda con su hermano y de forma autodidacta. Observa las estrellas cada noche con los telescopios cada vez m\u00e1s grandes que de forma experimental construye Herschel. En 1786 obtiene el reconocimiento p\u00fablico por la observaci\u00f3n de un cometa y se le asigna un salario por parte de la corona, siendo la primera vez que una mujer lo logra. Complet\u00f3 los cat\u00e1logos brit\u00e1nicos de estrellas y un cat\u00e1logo con las posiciones de unas 2.500 nebulosas.<\/p>\n<p><strong>Mary Somerville<\/strong>, llamada \u201cla reina de la ciencia en el siglo XIX\u201d es conocida por ser la traductora de M\u00e9canique C\u00e9leste, de P. S. Laplace, con el t\u00edtulo The Mechanism of the Heavens (1831). En esta obra incluy\u00f3 una Disertaci\u00f3n Preliminar y se convierte en texto central en los cursos de matem\u00e1ticas en Cambridge. En 1834 publica On the Connexion of the Physical Sciences, un amplio tratado sobre la interdependencia de los fen\u00f3menos f\u00edsicos y las conexiones entre las ciencias f\u00edsicas. Faraday revis\u00f3 varias ediciones de la obra, que llegaron a diez, adem\u00e1s de las traducciones al franc\u00e9s, alem\u00e1n e italiano, y de la que se venden m\u00e1s de 15.000 ejemplares.<\/p>\n<p>En 1848 ve la luz Physical Geography. La obra estaba lista para la imprenta cuando se publica el primer tomo del Kosmos de Humboldt, lo que estuvo a punto de hacer que Mary destruyera la obra quem\u00e1ndola. Pero la env\u00eda a J. Herschel, quien recomienda su inmediata publicaci\u00f3n. Se convierte tambi\u00e9n en el texto de referencia en las universidades inglesas durante los siguientes cincuenta a\u00f1os. Humboldt le escribe se\u00f1al\u00e1ndole su m\u00e1s absoluta admiraci\u00f3n y afirma que su texto es a\u00fan mejor que el suyo.<\/p>\n<p>Mary Somerville instruye a la joven <strong>Ada Byron Lovelace<\/strong>. En 1841, Babbage presenta el proyecto de fabricaci\u00f3n de su ingenio anal\u00edtico y se publica en franc\u00e9s un art\u00edculo sobre la m\u00e1quina. La contribuci\u00f3n de Ada al proyecto fue particular. Traduce el texto al ingl\u00e9s, titulado Sketch of the Analytical Engine, e incluye sus originales ideas sobre la computaci\u00f3n. Las notas, que triplican el texto, incluyen una variedad de programas para la m\u00e1quina. Uno de ellos serv\u00eda para computar los n\u00fameros de Bernoulli y es considerado el primer programa de computaci\u00f3n. Ada escribi\u00f3 en las notas a la traducci\u00f3n: Resulta muy adecuado decir que el Ingenio anal\u00edtico teje pautas algebraicas, al igual que el telar de Jacquard teje flores y hojas. (Nota A)[\/vc_column_text][vc_media_grid item=\u00bbmediaGrid_SlideInTitle\u00bb grid_id=\u00bbvc_gid:1555332605534-3a5a60e7-ac24-8&#8243; include=\u00bb236,237,238,239&#8243;][vc_column_text]En la segunda mitad del siglo XIX, Darwin publica La descendencia del hombre y la selecci\u00f3n en relaci\u00f3n al sexo (1871), doce a\u00f1os despu\u00e9s de la publicaci\u00f3n de El Origen de las especies. La obra est\u00e1 dedicada al estudio detallado de la explicaci\u00f3n de las diferencias sexuales de los animales seg\u00fan una l\u00ednea evolutiva progresiva.<\/p>\n<p>Los machos de la especie humana, afirma Darwin, desarrollaron no s\u00f3lo tama\u00f1o y fuerza sino \u201craz\u00f3n, invenci\u00f3n e imaginaci\u00f3n\u201d. Con el evolucionismo, las mujeres, perfectamente adaptadas para cumplir con sus funciones biol\u00f3gicas, no deb\u00edan malgastar sus fuerzas y energ\u00eda en la dedicaci\u00f3n al estudio, deb\u00edan reservarla para un fin superior: la conservaci\u00f3n de la especie.<\/p>\n<p>La Psicolog\u00eda construye una psique femenina de acuerdo con la visi\u00f3n cultural prevaleciente sobre la feminidad. La infantilidad de las mujeres era la marca de su inferioridad: f\u00edsica, ps\u00edquica, mental y moralmente. Los cuerpos de las mujeres se someten a las teorizaciones del m\u00e9dico que diagnostica de histeria femenina cualquier comportamiento asociado a la irritabilidad. Se practicaron multitud de histerectom\u00edas y se aplicaba electroestimulaci\u00f3n en los genitales para liberar la libido reprimida.<\/p>\n<p><strong>Antoinette B. Blackwell<\/strong> responde a los argumentos de Darwin en Sexes Throughout Nature (1875), destacando los sesgos sexistas de la interpretaci\u00f3n darwinista, y <strong>Helen H. Gardener<\/strong> estudi\u00f3 con rigor las supuestas diferencias entre cerebros, y en Sexo y cerebro (1888) denunci\u00f3 los prejuicios sexistas de las teor\u00edas sobre la inferioridad intelectual de las mujeres. Son los primeros de la multitud de estudios que se desarrollar\u00e1n para analizar la presencia de prejuicios y estereotipos en muchas teor\u00edas cient\u00edficas.<\/p>\n<p><strong>Harriet Matineau, Charlotte Perkins Gilman, Jane Addams<\/strong> y el grupo de las mujeres de Chicago, <strong>Marianne S. Weber<\/strong>, son algunos de los nombres de las mujeres que ofrecen en sus obras sociol\u00f3gicas detallados estudios de las situaciones de desigualdad social y las claves de la superaci\u00f3n. Harriet Taylor influye en John Stuart Mill y su denuncia de la situaci\u00f3n de las mujeres en The subjection of Women. Son las pioneras de las Ciencias Sociales.<\/p>\n<blockquote><p><strong>Caroline Herschel<\/strong> recibe medallas de oro y reconocimientos de todas las sociedades cient\u00edficas europeas y abri\u00f3 el camino a las mujeres en la astronom\u00eda del XIX, como la estadounidense <strong>Mar\u00eda Mitchell<\/strong>. En 1835 la brit\u00e1nica Real Sociedad de Astronom\u00eda decide nombrar a Caroline Herschel y a <strong>Mary Somerville<\/strong> miembros de honor de la sociedad.<\/p><\/blockquote>\n<p>Las respuestas de las mujeres a esta supuesta inferioridad se producen a lo largo del S. XIX, desde el inicial texto de Mary Wollstonecraft, Vindicaci\u00f3n de los derechos de las mujeres (1792) a la primera convenci\u00f3n feminista Seneca Falls (1848) en EEUU.[\/vc_column_text][\/vc_column][\/vc_row][vc_row][vc_column][vc_empty_space][\/vc_column][\/vc_row][vc_row css_animation=\u00bbfadeInUp\u00bb][vc_column width=\u00bb1\/6&#8243;][vc_icon icon_fontawesome=\u00bbfa fa-facebook\u00bb color=\u00bbwhite\u00bb background_style=\u00bbrounded\u00bb background_color=\u00bbcustom\u00bb size=\u00bbsm\u00bb align=\u00bbcenter\u00bb css_animation=\u00bbnone\u00bb custom_background_color=\u00bb#767676&#8243; link=\u00bburl:https%3A%2F%2Fwww.facebook.com%2FBibliotecaULL%2F|||\u00bb][\/vc_column][vc_column width=\u00bb1\/6&#8243;][vc_icon icon_fontawesome=\u00bbfa fa-twitter\u00bb color=\u00bbwhite\u00bb background_style=\u00bbrounded\u00bb background_color=\u00bbcustom\u00bb size=\u00bbsm\u00bb align=\u00bbcenter\u00bb css_animation=\u00bbnone\u00bb custom_background_color=\u00bb#767676&#8243; link=\u00bburl:https%3A%2F%2Ftwitter.com%2FBibliotecaULL|||\u00bb][\/vc_column][vc_column width=\u00bb1\/6&#8243;][vc_icon icon_fontawesome=\u00bbfa fa-instagram\u00bb color=\u00bbwhite\u00bb background_style=\u00bbrounded\u00bb background_color=\u00bbcustom\u00bb size=\u00bbsm\u00bb align=\u00bbcenter\u00bb css_animation=\u00bbnone\u00bb custom_background_color=\u00bb#767676&#8243; link=\u00bburl:https%3A%2F%2Fwww.instagram.com%2Fbibliotecaull%2F|||\u00bb][\/vc_column][vc_column width=\u00bb1\/6&#8243;][vc_icon icon_fontawesome=\u00bbfa fa-envelope\u00bb color=\u00bbwhite\u00bb background_style=\u00bbrounded\u00bb background_color=\u00bbcustom\u00bb size=\u00bbsm\u00bb align=\u00bbcenter\u00bb css_animation=\u00bbnone\u00bb custom_background_color=\u00bb#767676&#8243; link=\u00bburl:mailto%3Abull%40ull.es|||\u00bb][\/vc_column][vc_column width=\u00bb1\/6&#8243;][vc_icon icon_fontawesome=\u00bbfa fa-pinterest-p\u00bb color=\u00bbwhite\u00bb background_style=\u00bbrounded\u00bb background_color=\u00bbcustom\u00bb size=\u00bbsm\u00bb align=\u00bbcenter\u00bb css_animation=\u00bbnone\u00bb custom_background_color=\u00bb#767676&#8243; link=\u00bburl:https%3A%2F%2Fwww.pinterest.com%2Fbbtkull%2F|||\u00bb][\/vc_column][vc_column width=\u00bb1\/6&#8243;][vc_icon icon_fontawesome=\u00bbfa fa-youtube-play\u00bb color=\u00bbwhite\u00bb background_style=\u00bbrounded\u00bb background_color=\u00bbcustom\u00bb size=\u00bbsm\u00bb align=\u00bbcenter\u00bb css_animation=\u00bbnone\u00bb custom_background_color=\u00bb#767676&#8243; link=\u00bburl:https%3A%2F%2Fwww.youtube.com%2Fuser%2Fbbtkull|||\u00bb][\/vc_column][\/vc_row]<\/p>\n","protected":false},"excerpt":{"rendered":"<p>[vc_row equal_height=\u00bbyes\u00bb css=\u00bb.vc_custom_1554729715242{background-position: center !important;background-repeat: no-repeat !important;background-size: contain !important;}\u00bb][vc_column css_animation=\u00bbfadeIn\u00bb width=\u00bb1\/3&#8243; css=\u00bb.vc_custom_1554729812071{background-position: center !important;background-repeat: no-repeat !important;background-size: cover !important;}\u00bb][vc_row_inner][vc_column_inner width=\u00bb2\/3&#8243; css=\u00bb.vc_custom_1555329925274{background-color: #222222 !important;}\u00bb][vc_column_text css_animation=\u00bbfadeInLeft\u00bb] LA CIENCIA DEL SIGLO XIX: LOS COMIENZOS DE LA ESPECIALIZACI\u00d3N DISCIPLINAR [\/vc_column_text][\/vc_column_inner][vc_column_inner width=\u00bb1\/3&#8243;][\/vc_column_inner][\/vc_row_inner][vc_empty_space][\/vc_column][vc_column css_animation=\u00bbzoomIn\u00bb width=\u00bb2\/3&#8243;][vc_empty_space][vc_column_text]La ciencia de la Ilustraci\u00f3n daba paso a la del Romanticismo y los comienzos de la Revoluci\u00f3n Industrial,&#8230;<\/p>\n","protected":false},"author":8,"featured_media":0,"parent":0,"menu_order":0,"comment_status":"closed","ping_status":"closed","template":"templates\/template-no-title.php","meta":{"footnotes":""},"class_list":["post-265","page","type-page","status-publish","hentry"],"_links":{"self":[{"href":"https:\/\/www.ull.es\/eventos\/exposicion-dia-libro\/wp-json\/wp\/v2\/pages\/265"}],"collection":[{"href":"https:\/\/www.ull.es\/eventos\/exposicion-dia-libro\/wp-json\/wp\/v2\/pages"}],"about":[{"href":"https:\/\/www.ull.es\/eventos\/exposicion-dia-libro\/wp-json\/wp\/v2\/types\/page"}],"author":[{"embeddable":true,"href":"https:\/\/www.ull.es\/eventos\/exposicion-dia-libro\/wp-json\/wp\/v2\/users\/8"}],"replies":[{"embeddable":true,"href":"https:\/\/www.ull.es\/eventos\/exposicion-dia-libro\/wp-json\/wp\/v2\/comments?post=265"}],"version-history":[{"count":2,"href":"https:\/\/www.ull.es\/eventos\/exposicion-dia-libro\/wp-json\/wp\/v2\/pages\/265\/revisions"}],"predecessor-version":[{"id":269,"href":"https:\/\/www.ull.es\/eventos\/exposicion-dia-libro\/wp-json\/wp\/v2\/pages\/265\/revisions\/269"}],"wp:attachment":[{"href":"https:\/\/www.ull.es\/eventos\/exposicion-dia-libro\/wp-json\/wp\/v2\/media?parent=265"}],"curies":[{"name":"wp","href":"https:\/\/api.w.org\/{rel}","templated":true}]}}