{"id":27,"date":"2019-04-08T14:01:38","date_gmt":"2019-04-08T12:01:38","guid":{"rendered":"https:\/\/www.ull.es\/portal\/exposicion-dia-libro\/?page_id=27"},"modified":"2019-04-23T12:42:26","modified_gmt":"2019-04-23T10:42:26","slug":"enlaces-de-interes","status":"publish","type":"page","link":"https:\/\/www.ull.es\/eventos\/exposicion-dia-libro\/enlaces-de-interes\/","title":{"rendered":"Enlaces de Inter\u00e9s"},"content":{"rendered":"<p>[vc_row full_height=\u00bbyes\u00bb columns_placement=\u00bbtop\u00bb equal_height=\u00bbyes\u00bb css=\u00bb.vc_custom_1554803127837{background-position: center !important;background-repeat: no-repeat !important;background-size: contain !important;}\u00bb][vc_column css_animation=\u00bbfadeIn\u00bb width=\u00bb1\/3&#8243; css=\u00bb.vc_custom_1554729812071{background-position: center !important;background-repeat: no-repeat !important;background-size: cover !important;}\u00bb][vc_row_inner][vc_column_inner width=\u00bb2\/3&#8243; css=\u00bb.vc_custom_1554729321249{padding-left: 20px !important;background-color: #222222 !important;}\u00bb][vc_column_text css_animation=\u00bbfadeInLeft\u00bb]<\/p>\n<h1 style=\"color: white\">ENLACES DE INTER\u00c9S<\/h1>\n<p>[\/vc_column_text][\/vc_column_inner][vc_column_inner width=\u00bb1\/3&#8243;][\/vc_column_inner][\/vc_row_inner][vc_empty_space][\/vc_column][vc_column css_animation=\u00bbzoomIn\u00bb width=\u00bb2\/3&#8243;][vc_empty_space][vc_column_text]<\/p>\n<h2>Art\u00edculos:<\/h2>\n<p><a href=\"http:\/\/forbes.es\/emprendedores\/9233\/13-mujeres-que-revolucionaron-el-mundo-de-la-economia\/\" target=\"_blank\" rel=\"noopener\" target=\"_blank\" rel=\"noopener\">13 mujeres que revolucionaron el mundo de la econom\u00eda<\/a><\/p>\n<p><a href=\"http:\/\/educomunicacion.es\/articulos\/mujer_estereotipo_cine.htm\" target=\"_blank\" rel=\"noopener\" target=\"_blank\" rel=\"noopener\">Mujeres, miradas y estereotipos en el cine<\/a><\/p>\n<p><a href=\"https:\/\/dialnet.unirioja.es\/servlet\/articulo?codigo=1387383\" target=\"_blank\" rel=\"noopener\" target=\"_blank\" rel=\"noopener\">Mujeres y cine: las fuentes cinematogr\u00e1ficas para el avance de la historia de las mujeres<\/a><\/p>\n<p><a href=\"https:\/\/www.ugr.es\/~arenal\/indices.php?n=24_2\" target=\"_blank\" rel=\"noopener\" target=\"_blank\" rel=\"noopener\">Revista Arenal: Historias biogr\u00e1ficas: g\u00e9nero y cient\u00edficas en Espa\u00f1a<\/a><\/p>\n<p><a href=\"https:\/\/theconversation.com\/women-have-been-written-out-of-science-history-time-to-put-them-back-107752?fbclid=IwAR0_tG3QA_tlkA0u9QJ0Z5Gg7qtTvApA3nnCwxQZIt5IIGFjfEVCJeYx6oU\" target=\"_blank\" rel=\"noopener\" target=\"_blank\" rel=\"noopener\">Women have been written out of science history \u2013 time to put them back<\/a><\/p>\n<p>&nbsp;<\/p>\n<h2>Blogs:<\/h2>\n<p><a href=\"http:\/\/filosofiaull.blogspot.com\/2018\/03\/\" target=\"_blank\" rel=\"noopener\" target=\"_blank\" rel=\"noopener\">El mes de las fil\u00f3sofas 2018<\/a><\/p>\n<p><a href=\"http:\/\/filosofiaull.blogspot.com\/2019\/03\/\" target=\"_blank\" rel=\"noopener\" target=\"_blank\" rel=\"noopener\">El mes de las fil\u00f3sofas 2019<\/a><\/p>\n<p><a href=\"http:\/\/inmaculadaperdomo.blogspot.com\" target=\"_blank\" rel=\"noopener\" target=\"_blank\" rel=\"noopener\">Filosof\u00eda, ciencia y g\u00e9nero<\/a><\/p>\n<p><a href=\"https:\/\/lamujerenlaciencia.blogspot.com\/\" target=\"_blank\" rel=\"noopener\" target=\"_blank\" rel=\"noopener\">La mujer en la ciencia<\/a><\/p>\n<p>&nbsp;<\/p>\n<h2>Exposiciones:<\/h2>\n<p><a href=\"http:\/\/www.iac.es\/congreso\/GIPD2017\/\" target=\"_blank\" rel=\"noopener\" target=\"_blank\" rel=\"noopener\">Gender in Physics Day<\/a><\/p>\n<p><a href=\"http:\/\/fundacionorotava.org\/exposiciones\/la-revolucion-cientifica-y-las-mujeres\/\" target=\"_blank\" rel=\"noopener\" target=\"_blank\" rel=\"noopener\">La revoluci\u00f3n cient\u00edfica y las mujeres<\/a><\/p>\n<p><a href=\"http:\/\/www.gobiernodecanarias.org\/educacion\/5\/WebDGOIE\/html\/MujerCienciaTecnologia\/index.htm\" target=\"_blank\" rel=\"noopener\" target=\"_blank\" rel=\"noopener\">Mujer, ciencia y tecnolog\u00eda<\/a><\/p>\n<p><a href=\"http:\/\/bbtk.exposicion.ull.es\/mujeryciencia\/\" target=\"_blank\" rel=\"noopener\" target=\"_blank\" rel=\"noopener\">Nosotras hacemos ciencia<\/a><\/p>\n<p>&nbsp;<\/p>\n<h2>Materiales para descargar:<\/h2>\n<p><a href=\"http:\/\/www.rtve.es\/alacarta\/audios\/documentos-rne\/documentos-rne-concepcion-arenal-reformista-entre-ciencia-fe-23-03-19\/5081721\/\" target=\"_blank\" rel=\"noopener\" target=\"_blank\" rel=\"noopener\">Concepci\u00f3n Arenal, una reformista entre la ciencia y la fe<\/a> (podcast)<\/p>\n<p><a href=\"https:\/\/es.slideshare.net\/JuanFranciscoAndrade4\/mujeres-sociologas\" target=\"_blank\" rel=\"noopener\" target=\"_blank\" rel=\"noopener\">Las mujeres soci\u00f3logas<\/a> (presentaci\u00f3n)<\/p>\n<p><a href=\"http:\/\/www.rtve.es\/alacarta\/audios\/documentos-rne\/documentos-rne-marie-curie-ejemplo-compromiso-coraje-22-09-18\/4748447\/#\" target=\"_blank\" rel=\"noopener\" target=\"_blank\" rel=\"noopener\">Madame Curie; un ejemplo de compromiso y coraje<\/a> (podcast)<\/p>\n<p><a href=\"http:\/\/www.rtve.es\/alacarta\/videos\/dias-de-cine\/mujeres-cine-igualdad\/4511858\/\" target=\"_blank\" rel=\"noopener\" target=\"_blank\" rel=\"noopener\">Mujeres, cine e igualdad<\/a> (documental)<\/p>\n<p><a href=\"https:\/\/mujeresconciencia.com\/2017\/07\/01\/se-buscan-ingenieras-fisicas-tecnologas\/\" target=\"_blank\" rel=\"noopener\" target=\"_blank\" rel=\"noopener\">\u00bfPor qu\u00e9 no hay m\u00e1s mujeres STEM? Se buscan ingenieras, f\u00edsicas y tecn\u00f3logas<\/a> (libro)<\/p>\n<p>&nbsp;<\/p>\n<h2>Webs:<\/h2>\n<p><a href=\"https:\/\/11defebrero.org\" target=\"_blank\" rel=\"noopener\" target=\"_blank\" rel=\"noopener\">11 de febrero, D\u00eda de la Mujer y la Ni\u00f1a en la Ciencia.<\/a><\/p>\n<p><a href=\"https:\/\/www.amit-es.org\/\" target=\"_blank\" rel=\"noopener\" target=\"_blank\" rel=\"noopener\">Asociaci\u00f3n de Mujeres Investigadoras y Tecn\u00f3logas<\/a><\/p>\n<p><a href=\"https:\/\/astrotemisas.probooking.es\/\" target=\"_blank\" rel=\"noopener\" target=\"_blank\" rel=\"noopener\">Fundaci\u00f3n Canaria Observatorio de Temisas<\/a><\/p>\n<p><a href=\"https:\/\/gender-ict.net\/\" target=\"_blank\" rel=\"noopener\" target=\"_blank\" rel=\"noopener\">GenTIC: Researching gender in the network society<\/a><\/p>\n<p><a href=\"https:\/\/mujeresconciencia.com\" target=\"_blank\" rel=\"noopener\" target=\"_blank\" rel=\"noopener\">Mujeres con ciencia<\/a><\/p>\n<p><a href=\"http:\/\/mujeresprotagonistas.santillana.com\/\" target=\"_blank\" rel=\"noopener\" target=\"_blank\" rel=\"noopener\">Mujeres protagonistas<\/a><\/p>\n<p><a href=\"http:\/\/www.urv.cat\/es\/vida-campus\/universidad-responsable\/observatorio-igualdad\/seleccio\/\" target=\"_blank\" rel=\"noopener\" target=\"_blank\" rel=\"noopener\">Observatorio de la igualdad<\/a><\/p>\n<p><a href=\"http:\/\/wikimujeres.wiki\/\" target=\"_blank\" rel=\"noopener\" target=\"_blank\" rel=\"noopener\">Wikimujeres<\/a><\/p>\n<div id=\"s3gt_translate_tooltip_mini\" class=\"s3gt_translate_tooltip_mini_box\" style=\"background: initial !important;border: initial !important;border-spacing: initial !important;border-collapse: initial !important;direction: ltr !important;font-weight: initial !important;height: initial !important;letter-spacing: initial !important;min-width: initial !important;max-width: initial !important;min-height: initial !important;max-height: initial !important;margin: auto !important;padding: initial !important;text-align: initial !important;width: initial !important;color: inherit !important;font-size: 13px !important;font-family: X-LocaleSpecific, sans-serif, Tahoma, Helvetica !important;line-height: 13px !important;vertical-align: top !important\">\n<div id=\"s3gt_translate_tooltip_mini_logo\" class=\"s3gt_translate_tooltip_mini\" title=\"Traducir texto seleccionado\"><\/div>\n<div id=\"s3gt_translate_tooltip_mini_sound\" class=\"s3gt_translate_tooltip_mini\" title=\"Escuchar\"><\/div>\n<div id=\"s3gt_translate_tooltip_mini_copy\" class=\"s3gt_translate_tooltip_mini\" title=\"Copiar texto al Portapapeles\"><\/div>\n<\/div>\n<div id=\"s3gt_translate_tooltip_mini\" class=\"s3gt_translate_tooltip_mini_box\" style=\"background: initial !important;border: initial !important;border-spacing: initial !important;border-collapse: initial !important;direction: ltr !important;font-weight: initial !important;height: initial !important;letter-spacing: initial !important;min-width: initial !important;max-width: initial !important;min-height: initial !important;max-height: initial !important;margin: auto !important;padding: initial !important;text-align: initial !important;width: initial !important;color: inherit !important;font-size: 13px !important;font-family: X-LocaleSpecific, sans-serif, Tahoma, Helvetica !important;line-height: 13px !important;vertical-align: top !important\">\n<div id=\"s3gt_translate_tooltip_mini_logo\" class=\"s3gt_translate_tooltip_mini\" title=\"Traducir texto seleccionado\"><\/div>\n<div id=\"s3gt_translate_tooltip_mini_sound\" class=\"s3gt_translate_tooltip_mini\" title=\"Escuchar\"><\/div>\n<div id=\"s3gt_translate_tooltip_mini_copy\" class=\"s3gt_translate_tooltip_mini\" title=\"Copiar texto al Portapapeles\"><\/div>\n<\/div>\n<p>[\/vc_column_text][\/vc_column][\/vc_row][vc_row css_animation=\u00bbfadeInUp\u00bb][vc_column width=\u00bb1\/6&#8243;][vc_icon icon_fontawesome=\u00bbfa fa-facebook\u00bb color=\u00bbwhite\u00bb background_style=\u00bbrounded\u00bb background_color=\u00bbcustom\u00bb size=\u00bbsm\u00bb align=\u00bbcenter\u00bb css_animation=\u00bbnone\u00bb custom_background_color=\u00bb#767676&#8243; link=\u00bburl:https%3A%2F%2Fwww.facebook.com%2FBibliotecaULL%2F|||\u00bb][\/vc_column][vc_column width=\u00bb1\/6&#8243;][vc_icon icon_fontawesome=\u00bbfa fa-twitter\u00bb color=\u00bbwhite\u00bb background_style=\u00bbrounded\u00bb background_color=\u00bbcustom\u00bb size=\u00bbsm\u00bb align=\u00bbcenter\u00bb css_animation=\u00bbnone\u00bb custom_background_color=\u00bb#767676&#8243; link=\u00bburl:https%3A%2F%2Ftwitter.com%2FBibliotecaULL|||\u00bb][\/vc_column][vc_column width=\u00bb1\/6&#8243;][vc_icon icon_fontawesome=\u00bbfa fa-instagram\u00bb color=\u00bbwhite\u00bb background_style=\u00bbrounded\u00bb background_color=\u00bbcustom\u00bb size=\u00bbsm\u00bb align=\u00bbcenter\u00bb css_animation=\u00bbnone\u00bb custom_background_color=\u00bb#767676&#8243; link=\u00bburl:https%3A%2F%2Fwww.instagram.com%2Fbibliotecaull%2F|||\u00bb][\/vc_column][vc_column width=\u00bb1\/6&#8243;][vc_icon icon_fontawesome=\u00bbfa fa-envelope\u00bb color=\u00bbwhite\u00bb background_style=\u00bbrounded\u00bb background_color=\u00bbcustom\u00bb size=\u00bbsm\u00bb align=\u00bbcenter\u00bb css_animation=\u00bbnone\u00bb custom_background_color=\u00bb#767676&#8243; link=\u00bburl:mailto%3Abull%40ull.es|||\u00bb][\/vc_column][vc_column width=\u00bb1\/6&#8243;][vc_icon icon_fontawesome=\u00bbfa fa-pinterest-p\u00bb color=\u00bbwhite\u00bb background_style=\u00bbrounded\u00bb background_color=\u00bbcustom\u00bb size=\u00bbsm\u00bb align=\u00bbcenter\u00bb css_animation=\u00bbnone\u00bb custom_background_color=\u00bb#767676&#8243; link=\u00bburl:https%3A%2F%2Fwww.pinterest.com%2Fbbtkull%2F|||\u00bb][\/vc_column][vc_column width=\u00bb1\/6&#8243;][vc_icon icon_fontawesome=\u00bbfa fa-youtube-play\u00bb color=\u00bbwhite\u00bb background_style=\u00bbrounded\u00bb background_color=\u00bbcustom\u00bb size=\u00bbsm\u00bb align=\u00bbcenter\u00bb css_animation=\u00bbnone\u00bb custom_background_color=\u00bb#767676&#8243; link=\u00bburl:https%3A%2F%2Fwww.youtube.com%2Fuser%2Fbbtkull|||\u00bb][\/vc_column][\/vc_row]<\/p>\n","protected":false},"excerpt":{"rendered":"<p>[vc_row full_height=\u00bbyes\u00bb columns_placement=\u00bbtop\u00bb equal_height=\u00bbyes\u00bb css=\u00bb.vc_custom_1554803127837{background-position: center !important;background-repeat: no-repeat !important;background-size: contain !important;}\u00bb][vc_column css_animation=\u00bbfadeIn\u00bb width=\u00bb1\/3&#8243; css=\u00bb.vc_custom_1554729812071{background-position: center !important;background-repeat: no-repeat !important;background-size: cover !important;}\u00bb][vc_row_inner][vc_column_inner width=\u00bb2\/3&#8243; css=\u00bb.vc_custom_1554729321249{padding-left: 20px !important;background-color: #222222 !important;}\u00bb][vc_column_text css_animation=\u00bbfadeInLeft\u00bb] ENLACES DE INTER\u00c9S [\/vc_column_text][\/vc_column_inner][vc_column_inner width=\u00bb1\/3&#8243;][\/vc_column_inner][\/vc_row_inner][vc_empty_space][\/vc_column][vc_column css_animation=\u00bbzoomIn\u00bb width=\u00bb2\/3&#8243;][vc_empty_space][vc_column_text] Art\u00edculos: 13 mujeres que revolucionaron el mundo de la econom\u00eda Mujeres, miradas y estereotipos en el cine Mujeres y cine: las&#8230;<\/p>\n","protected":false},"author":6,"featured_media":0,"parent":0,"menu_order":0,"comment_status":"closed","ping_status":"closed","template":"templates\/template-no-title.php","meta":{"footnotes":""},"class_list":["post-27","page","type-page","status-publish","hentry"],"_links":{"self":[{"href":"https:\/\/www.ull.es\/eventos\/exposicion-dia-libro\/wp-json\/wp\/v2\/pages\/27"}],"collection":[{"href":"https:\/\/www.ull.es\/eventos\/exposicion-dia-libro\/wp-json\/wp\/v2\/pages"}],"about":[{"href":"https:\/\/www.ull.es\/eventos\/exposicion-dia-libro\/wp-json\/wp\/v2\/types\/page"}],"author":[{"embeddable":true,"href":"https:\/\/www.ull.es\/eventos\/exposicion-dia-libro\/wp-json\/wp\/v2\/users\/6"}],"replies":[{"embeddable":true,"href":"https:\/\/www.ull.es\/eventos\/exposicion-dia-libro\/wp-json\/wp\/v2\/comments?post=27"}],"version-history":[{"count":3,"href":"https:\/\/www.ull.es\/eventos\/exposicion-dia-libro\/wp-json\/wp\/v2\/pages\/27\/revisions"}],"predecessor-version":[{"id":407,"href":"https:\/\/www.ull.es\/eventos\/exposicion-dia-libro\/wp-json\/wp\/v2\/pages\/27\/revisions\/407"}],"wp:attachment":[{"href":"https:\/\/www.ull.es\/eventos\/exposicion-dia-libro\/wp-json\/wp\/v2\/media?parent=27"}],"curies":[{"name":"wp","href":"https:\/\/api.w.org\/{rel}","templated":true}]}}