{"id":270,"date":"2019-04-15T15:14:52","date_gmt":"2019-04-15T13:14:52","guid":{"rendered":"http:\/\/www.ull.es\/eventos\/exposicion-dia-libro\/?page_id=270"},"modified":"2019-04-15T15:18:38","modified_gmt":"2019-04-15T13:18:38","slug":"el-acceso-de-las-mujeres-a-las-universidades-y-la-lucha-por-el-reconocimiento","status":"publish","type":"page","link":"https:\/\/www.ull.es\/eventos\/exposicion-dia-libro\/el-acceso-de-las-mujeres-a-las-universidades-y-la-lucha-por-el-reconocimiento\/","title":{"rendered":"El acceso de las mujeres a las universidades y la lucha por el reconocimiento"},"content":{"rendered":"<p>[vc_row equal_height=\u00bbyes\u00bb css=\u00bb.vc_custom_1554729715242{background-position: center !important;background-repeat: no-repeat !important;background-size: contain !important;}\u00bb][vc_column css_animation=\u00bbfadeIn\u00bb width=\u00bb1\/3&#8243; css=\u00bb.vc_custom_1554729812071{background-position: center !important;background-repeat: no-repeat !important;background-size: cover !important;}\u00bb][vc_row_inner][vc_column_inner width=\u00bb2\/3&#8243; css=\u00bb.vc_custom_1555329925274{background-color: #222222 !important;}\u00bb][vc_column_text css_animation=\u00bbfadeInLeft\u00bb]<\/p>\n<h1 style=\"color: white\">EL ACCESO DE LAS MUJERES A LAS UNIVERSIDADES Y LA LUCHA POR EL RECONOCIMIENTO<\/h1>\n<p>[\/vc_column_text][\/vc_column_inner][vc_column_inner width=\u00bb1\/3&#8243;][\/vc_column_inner][\/vc_row_inner][vc_empty_space][\/vc_column][vc_column css_animation=\u00bbzoomIn\u00bb width=\u00bb2\/3&#8243;][vc_empty_space][vc_column_text]Las mujeres acceden a la Universidad a finales del S. XIX (con la excepci\u00f3n de los casos de mujeres en las universidades italianas en el S. XVIII) pero de forma minoritaria y principalmente para estudiar en escuelas de medicina. En todos los pa\u00edses europeos cada vez m\u00e1s mujeres solicitaban permisos especiales para acceder a la educaci\u00f3n. Medicina, Filosof\u00eda y Letras y Derecho iban abriendo las puertas, pero las grandes y prestigiosas universidades, y especialmente los estudios de ciencias, se resist\u00edan a conceder estos permisos. Muchas universidades hasta despu\u00e9s de la mitad del S. XX.<\/p>\n<p>Logr\u00f3 inscribirse en 1891, para realizar estudios de f\u00edsica, qu\u00edmica y matem\u00e1ticas en la Universidad de Par\u00eds, proveniente de Varsovia, <strong>Marie S. Curie<\/strong>. Marie fue galardonada con el Premio Nobel de F\u00edsica en 1903 \u201cen reconocimiento por los extraordinarios servicios rendidos en sus investigaciones conjuntas sobre los fen\u00f3menos de radiaci\u00f3n\u201d, y en 1910 demostr\u00f3 que se pod\u00eda obtener un gramo de radio puro, recibiendo al a\u00f1o siguiente, en solitario, el Premio Nobel de Qu\u00edmica \u201cen reconocimiento por sus servicios en el avance de la Qu\u00edmica por el descubrimiento de los elementos radio y polonio, el aislamiento del radio y el estudio de la naturaleza y compuestos de este elemento\u201d. Entre 1923 y 1930 sufri\u00f3 cuatro operaciones de cataratas.<\/p>\n<p>En 1932 se agudizaron las lesiones de sus manos y su ceguera, falleciendo en 1934 de anemia perniciosa, resultado de la exposici\u00f3n durante tanto tiempo a radiaciones. Sigue siendo la \u00fanica persona a la que se ha concedido dos premios Nobel. Y es la cient\u00edfica m\u00e1s conocida.[\/vc_column_text][vc_media_grid item=\u00bbmediaGrid_SlideInTitle\u00bb grid_id=\u00bbvc_gid:1555334180291-c14f044b-616c-9&#8243; include=\u00bb240,241,242,243,244&#8243;][vc_column_text]<strong>Mileva Maric<\/strong> supera el examen de entrada en la Universidad de Zurich en 1896, una de las m\u00e1s prestigiosas de Europa en el S. XIX, que permit\u00eda el acceso a mujeres, y se matricul\u00f3 en la Escuela Polit\u00e9cnica para estudiar matem\u00e1ticas y f\u00edsica. All\u00ed conoci\u00f3 a Einstein. Ambos compart\u00edan su amor por la ciencia y la m\u00fasica y se cuenta c\u00f3mo a menudo abandonaban sus clases regladas para dedicarse a sus propias investigaciones. En 1905 se publican los tres relevantes trabajos de Einstein: la Teor\u00eda Especial de la Relatividad, el trabajo sobre el Efecto Fotoel\u00e9ctrico y la Teor\u00eda del Movimiento Browniano, y son pocos los historiadores que dudan de la contribuci\u00f3n de Mileva a los mismos. Evan Harris, cient\u00edfico estadounidense, ha realizado un estudio cuantitativo y cualitativo de las referencias de Einstein a los estudios e investigaciones que estaban efectuando \u00e9l y Mileva y al futuro \u00e9xito de compartir\u00edan con sus descubrimientos utilizando t\u00e9rminos como \u201cnuestro trabajo\u201d, \u201cnuestra teor\u00eda\u201d, \u201cnuestra colaboraci\u00f3n\u201d, \u201cnuestras investigaciones\u201d, \u201cnuestros art\u00edculos\u201d.<\/p>\n<p>\u201cConf\u00edo en que el humo de la brujer\u00eda salga pronto de nuestros ojos\u201d. As\u00ed se expresaba M. Wilkins en una carta dirigida a Francis Crick unos meses antes de la publicaci\u00f3n del descubrimiento de la estructura del ADN. El 25 de Abril de 1953 se publica en Nature el art\u00edculo y una foto en la que Watson y Crick posaban felices ante la estructura de varillas de metal, alambres y cart\u00f3n que representaba la mol\u00e9cula y sus componentes. La historia siempre ha sido contada as\u00ed: dos equipos de investigaci\u00f3n compiten en dos laboratorios diferentes. J. Watson y F. Crick en el Laboratorio Cavendish de la Universidad de Cambridge y M. Wilkins y Rosalind Franklin en el laboratorio del King\u2019s College en Londres. Usan metodolog\u00edas de investigaci\u00f3n y t\u00e9cnicas diferentes: los primeros usan modelizaci\u00f3n de estructuras siguiendo la t\u00e9cnica usada con \u00e9xito por Pauling y los segundos difracci\u00f3n por rayos X. Los primeros ganan la partida\u2026 y los tres varones el Nobel. Lo cierto es que las investigaciones experimentales de Rosalind Franklin y su famosa fotograf\u00eda 51 constituyeron la prueba emp\u00edrica necesaria para confirmar lo que s\u00f3lo era un modelo te\u00f3rico posible en manos de Watson y Crick, y fue Wilkins quien les mostr\u00f3 las pruebas sin que ella lo supiera.<\/p>\n<p>Tambi\u00e9n hab\u00edan tenido acceso a los informes que <strong>Rosalind Franklin<\/strong> elaboraba para dar cuenta de sus avances al director del King\u2019s College. Cada vez es m\u00e1s reconocido el papel crucial y la relevancia de sus investigaciones y resultados en el desvelamiento de la estructura del ADN.<\/p>\n<p>Sin Nobel tambi\u00e9n se qued\u00f3 <strong>Lise Meitner<\/strong> por sus trabajos en fisi\u00f3n nuclear y <strong>Jocelyn Bell<\/strong>, descubridora de los p\u00falsares, o <strong>Vera Rubin<\/strong>, por sus investigaciones sobre la materia oscura del universo. Otras lo han logrado pero en porcentaje muy m\u00ednimo, como <strong>Gerty Theresa Cori<\/strong> y <strong>Mar\u00eda Goeppert-Mayer<\/strong> en F\u00edsica y Qu\u00edmica, <strong>Barbara McClintock<\/strong>, <strong>Rita Levi-Montalcini<\/strong>, y <strong>Christiane N\u00fcsslein-Volhard<\/strong> en Fisiolog\u00eda o Medicina, entre otras, y la m\u00e1s reciente <strong>Frances Arnold <\/strong>en Qu\u00edmica. Doce mujeres han obtenido el Nobel de Fisiolog\u00eda o Medicina, cinco el de Qu\u00edmica, tres el de F\u00edsica y una el de Econom\u00eda. Incluyendo tambi\u00e9n el Nobel de la Paz y el de Literatura, se ha concedido 844 veces a hombres y 52 veces a mujeres.<\/p>\n<blockquote><p>En Marzo de 1901 Einstein escribe: \u201cQu\u00e9 feliz y orgulloso estar\u00e9 cuando juntos hayamos culminado con \u00e9xito nuestro trabajo sobre el movimiento relativo\u201d.<br \/>\n<em>(Rubio Herraez, 2006)<\/em><\/p><\/blockquote>\n<p>La lista de mujeres cient\u00edficas crece exponencialmente en la segunda mitad del siglo XX. Pioneras de la computaci\u00f3n, de la investigaci\u00f3n nuclear, la astrof\u00edsica, la gen\u00e9tica y de todos los campos del conocimiento.[\/vc_column_text][\/vc_column][\/vc_row][vc_row][vc_column][vc_empty_space][\/vc_column][\/vc_row][vc_row css_animation=\u00bbfadeInUp\u00bb][vc_column width=\u00bb1\/6&#8243;][vc_icon icon_fontawesome=\u00bbfa fa-facebook\u00bb color=\u00bbwhite\u00bb background_style=\u00bbrounded\u00bb background_color=\u00bbcustom\u00bb size=\u00bbsm\u00bb align=\u00bbcenter\u00bb css_animation=\u00bbnone\u00bb custom_background_color=\u00bb#767676&#8243; link=\u00bburl:https%3A%2F%2Fwww.facebook.com%2FBibliotecaULL%2F|||\u00bb][\/vc_column][vc_column width=\u00bb1\/6&#8243;][vc_icon icon_fontawesome=\u00bbfa fa-twitter\u00bb color=\u00bbwhite\u00bb background_style=\u00bbrounded\u00bb background_color=\u00bbcustom\u00bb size=\u00bbsm\u00bb align=\u00bbcenter\u00bb css_animation=\u00bbnone\u00bb custom_background_color=\u00bb#767676&#8243; link=\u00bburl:https%3A%2F%2Ftwitter.com%2FBibliotecaULL|||\u00bb][\/vc_column][vc_column width=\u00bb1\/6&#8243;][vc_icon icon_fontawesome=\u00bbfa fa-instagram\u00bb color=\u00bbwhite\u00bb background_style=\u00bbrounded\u00bb background_color=\u00bbcustom\u00bb size=\u00bbsm\u00bb align=\u00bbcenter\u00bb css_animation=\u00bbnone\u00bb custom_background_color=\u00bb#767676&#8243; link=\u00bburl:https%3A%2F%2Fwww.instagram.com%2Fbibliotecaull%2F|||\u00bb][\/vc_column][vc_column width=\u00bb1\/6&#8243;][vc_icon icon_fontawesome=\u00bbfa fa-envelope\u00bb color=\u00bbwhite\u00bb background_style=\u00bbrounded\u00bb background_color=\u00bbcustom\u00bb size=\u00bbsm\u00bb align=\u00bbcenter\u00bb css_animation=\u00bbnone\u00bb custom_background_color=\u00bb#767676&#8243; link=\u00bburl:mailto%3Abull%40ull.es|||\u00bb][\/vc_column][vc_column width=\u00bb1\/6&#8243;][vc_icon icon_fontawesome=\u00bbfa fa-pinterest-p\u00bb color=\u00bbwhite\u00bb background_style=\u00bbrounded\u00bb background_color=\u00bbcustom\u00bb size=\u00bbsm\u00bb align=\u00bbcenter\u00bb css_animation=\u00bbnone\u00bb custom_background_color=\u00bb#767676&#8243; link=\u00bburl:https%3A%2F%2Fwww.pinterest.com%2Fbbtkull%2F|||\u00bb][\/vc_column][vc_column width=\u00bb1\/6&#8243;][vc_icon icon_fontawesome=\u00bbfa fa-youtube-play\u00bb color=\u00bbwhite\u00bb background_style=\u00bbrounded\u00bb background_color=\u00bbcustom\u00bb size=\u00bbsm\u00bb align=\u00bbcenter\u00bb css_animation=\u00bbnone\u00bb custom_background_color=\u00bb#767676&#8243; link=\u00bburl:https%3A%2F%2Fwww.youtube.com%2Fuser%2Fbbtkull|||\u00bb][\/vc_column][\/vc_row]<\/p>\n","protected":false},"excerpt":{"rendered":"<p>[vc_row equal_height=\u00bbyes\u00bb css=\u00bb.vc_custom_1554729715242{background-position: center !important;background-repeat: no-repeat !important;background-size: contain !important;}\u00bb][vc_column css_animation=\u00bbfadeIn\u00bb width=\u00bb1\/3&#8243; css=\u00bb.vc_custom_1554729812071{background-position: center !important;background-repeat: no-repeat !important;background-size: cover !important;}\u00bb][vc_row_inner][vc_column_inner width=\u00bb2\/3&#8243; css=\u00bb.vc_custom_1555329925274{background-color: #222222 !important;}\u00bb][vc_column_text css_animation=\u00bbfadeInLeft\u00bb] EL ACCESO DE LAS MUJERES A LAS UNIVERSIDADES Y LA LUCHA POR EL RECONOCIMIENTO [\/vc_column_text][\/vc_column_inner][vc_column_inner width=\u00bb1\/3&#8243;][\/vc_column_inner][\/vc_row_inner][vc_empty_space][\/vc_column][vc_column css_animation=\u00bbzoomIn\u00bb width=\u00bb2\/3&#8243;][vc_empty_space][vc_column_text]Las mujeres acceden a la Universidad a finales del S. XIX (con la excepci\u00f3n de&#8230;<\/p>\n","protected":false},"author":8,"featured_media":0,"parent":0,"menu_order":0,"comment_status":"closed","ping_status":"closed","template":"templates\/template-no-title.php","meta":{"footnotes":""},"class_list":["post-270","page","type-page","status-publish","hentry"],"_links":{"self":[{"href":"https:\/\/www.ull.es\/eventos\/exposicion-dia-libro\/wp-json\/wp\/v2\/pages\/270"}],"collection":[{"href":"https:\/\/www.ull.es\/eventos\/exposicion-dia-libro\/wp-json\/wp\/v2\/pages"}],"about":[{"href":"https:\/\/www.ull.es\/eventos\/exposicion-dia-libro\/wp-json\/wp\/v2\/types\/page"}],"author":[{"embeddable":true,"href":"https:\/\/www.ull.es\/eventos\/exposicion-dia-libro\/wp-json\/wp\/v2\/users\/8"}],"replies":[{"embeddable":true,"href":"https:\/\/www.ull.es\/eventos\/exposicion-dia-libro\/wp-json\/wp\/v2\/comments?post=270"}],"version-history":[{"count":3,"href":"https:\/\/www.ull.es\/eventos\/exposicion-dia-libro\/wp-json\/wp\/v2\/pages\/270\/revisions"}],"predecessor-version":[{"id":274,"href":"https:\/\/www.ull.es\/eventos\/exposicion-dia-libro\/wp-json\/wp\/v2\/pages\/270\/revisions\/274"}],"wp:attachment":[{"href":"https:\/\/www.ull.es\/eventos\/exposicion-dia-libro\/wp-json\/wp\/v2\/media?parent=270"}],"curies":[{"name":"wp","href":"https:\/\/api.w.org\/{rel}","templated":true}]}}