{"id":273,"date":"2019-04-15T15:23:06","date_gmt":"2019-04-15T13:23:06","guid":{"rendered":"http:\/\/www.ull.es\/eventos\/exposicion-dia-libro\/?page_id=273"},"modified":"2019-04-15T15:23:20","modified_gmt":"2019-04-15T13:23:20","slug":"los-estudios-de-ciencia-y-genero","status":"publish","type":"page","link":"https:\/\/www.ull.es\/eventos\/exposicion-dia-libro\/los-estudios-de-ciencia-y-genero\/","title":{"rendered":"Los Estudios de Ciencia y G\u00e9nero"},"content":{"rendered":"<p>[vc_row equal_height=\u00bbyes\u00bb css=\u00bb.vc_custom_1554729715242{background-position: center !important;background-repeat: no-repeat !important;background-size: contain !important;}\u00bb][vc_column css_animation=\u00bbfadeIn\u00bb width=\u00bb1\/3&#8243; css=\u00bb.vc_custom_1554729812071{background-position: center !important;background-repeat: no-repeat !important;background-size: cover !important;}\u00bb][vc_row_inner][vc_column_inner width=\u00bb2\/3&#8243; css=\u00bb.vc_custom_1555329925274{background-color: #222222 !important;}\u00bb][vc_column_text css_animation=\u00bbfadeInLeft\u00bb]<\/p>\n<h1 style=\"color: white\">LOS ESTUDIOS DE CIENCIA Y G\u00c9NERO<\/h1>\n<p>[\/vc_column_text][\/vc_column_inner][vc_column_inner width=\u00bb1\/3&#8243;][\/vc_column_inner][\/vc_row_inner][vc_empty_space][\/vc_column][vc_column css_animation=\u00bbzoomIn\u00bb width=\u00bb2\/3&#8243;][vc_empty_space][vc_column_text]Adem\u00e1s de los estudios sobre las contribuciones de las mujeres a los conocimientos a lo largo de la Historia, el espacio disciplinar de los Estudios de Ciencia y G\u00e9nero lo conforman otros programas como el del an\u00e1lisis cr\u00edtico de la ciencia. Durante d\u00e9cadas se ha analizado la presencia de prejuicios de g\u00e9nero en los contenidos de algunas teor\u00edas cient\u00edficas. Estereotipos, extrapolaciones, interpretaci\u00f3n de datos y elaboraci\u00f3n de hip\u00f3tesis que pod\u00edan definirse como claramente sesgadas aparec\u00edan ahora bajo el velo del lenguaje de las ciencias biom\u00e9dicas y del comportamiento fundamentalmente, estructurando las respuestas cient\u00edficas a las cuestiones sobre la biolog\u00eda humana y su comportamiento diferenciado.<\/p>\n<p>Otro programa analiza las barreras, dificultades y mecanismos de exclusi\u00f3n de las mujeres de la pr\u00e1ctica cient\u00edfica. Desde una perspectiva sociol\u00f3gica el caudal de datos recogidos muestra el avance espectacular del acceso de las mujeres a la formaci\u00f3n desde mediados del S. XX, pero tambi\u00e9n las dificultades para dar forma a carreras profesionales y especialmente el acceso a los niveles m\u00e1s altos. Techos de cristal, ca\u00f1er\u00edas que gotean y otros mecanismos permite ilustrar f\u00e1cilmente una situaci\u00f3n de clara desigualdad en la ciencia.[\/vc_column_text][vc_media_grid item=\u00bbmediaGrid_SlideInTitle\u00bb grid_id=\u00bbvc_gid:1555334261977-ead375a7-4b31-1&#8243; include=\u00bb245&#8243;][vc_column_text]Despu\u00e9s de d\u00e9cadas de estudio y de publicaciones peri\u00f3dicas que hacen seguimiento de todos los indicadores, estos muestran el importante avance de las mujeres pero los datos tambi\u00e9n revelan, como lo hace el \u00faltimo informe <strong>Cient\u00edficas en cifras 2017<\/strong>, la persistencia de esas barreras. Es significativo que desde 2009 el porcentaje de investigadoras en nuestro pa\u00eds se mantiene estable, situ\u00e1ndose en un 39%, y en la categor\u00eda de mayor rango en un 21%, cifra que tampoco ha variado, lo que da cuenta de la presencia del techo de cristal. Corregir el n\u00famero de mujeres que participa en el sistema de ciencia y tecnolog\u00eda promoviendo m\u00e1s vocaciones cient\u00edficas especialmente en el \u00e1mbito de las ingenier\u00edas, pero tambi\u00e9n fomentando la presencia equilibrada en grupos de investigaci\u00f3n y como investigadoras principales; corregir las barreras institucionales que dificultan sus carreras; y corregir los conocimientos promoviendo una ciencia de m\u00e1s calidad, son objetivos que gu\u00edan las pol\u00edticas y programas de financiaci\u00f3n de la ciencia hoy en el marco de la apuesta europea por promover una innovaci\u00f3n e investigaci\u00f3n m\u00e1s responsable e igualitaria.[\/vc_column_text][\/vc_column][\/vc_row][vc_row][vc_column][vc_empty_space][\/vc_column][\/vc_row][vc_row css_animation=\u00bbfadeInUp\u00bb][vc_column width=\u00bb1\/6&#8243;][vc_icon icon_fontawesome=\u00bbfa fa-facebook\u00bb color=\u00bbwhite\u00bb background_style=\u00bbrounded\u00bb background_color=\u00bbcustom\u00bb size=\u00bbsm\u00bb align=\u00bbcenter\u00bb css_animation=\u00bbnone\u00bb custom_background_color=\u00bb#767676&#8243; link=\u00bburl:https%3A%2F%2Fwww.facebook.com%2FBibliotecaULL%2F|||\u00bb][\/vc_column][vc_column width=\u00bb1\/6&#8243;][vc_icon icon_fontawesome=\u00bbfa fa-twitter\u00bb color=\u00bbwhite\u00bb background_style=\u00bbrounded\u00bb background_color=\u00bbcustom\u00bb size=\u00bbsm\u00bb align=\u00bbcenter\u00bb css_animation=\u00bbnone\u00bb custom_background_color=\u00bb#767676&#8243; link=\u00bburl:https%3A%2F%2Ftwitter.com%2FBibliotecaULL|||\u00bb][\/vc_column][vc_column width=\u00bb1\/6&#8243;][vc_icon icon_fontawesome=\u00bbfa fa-instagram\u00bb color=\u00bbwhite\u00bb background_style=\u00bbrounded\u00bb background_color=\u00bbcustom\u00bb size=\u00bbsm\u00bb align=\u00bbcenter\u00bb css_animation=\u00bbnone\u00bb custom_background_color=\u00bb#767676&#8243; link=\u00bburl:https%3A%2F%2Fwww.instagram.com%2Fbibliotecaull%2F|||\u00bb][\/vc_column][vc_column width=\u00bb1\/6&#8243;][vc_icon icon_fontawesome=\u00bbfa fa-envelope\u00bb color=\u00bbwhite\u00bb background_style=\u00bbrounded\u00bb background_color=\u00bbcustom\u00bb size=\u00bbsm\u00bb align=\u00bbcenter\u00bb css_animation=\u00bbnone\u00bb custom_background_color=\u00bb#767676&#8243; link=\u00bburl:mailto%3Abull%40ull.es|||\u00bb][\/vc_column][vc_column width=\u00bb1\/6&#8243;][vc_icon icon_fontawesome=\u00bbfa fa-pinterest-p\u00bb color=\u00bbwhite\u00bb background_style=\u00bbrounded\u00bb background_color=\u00bbcustom\u00bb size=\u00bbsm\u00bb align=\u00bbcenter\u00bb css_animation=\u00bbnone\u00bb custom_background_color=\u00bb#767676&#8243; link=\u00bburl:https%3A%2F%2Fwww.pinterest.com%2Fbbtkull%2F|||\u00bb][\/vc_column][vc_column width=\u00bb1\/6&#8243;][vc_icon icon_fontawesome=\u00bbfa fa-youtube-play\u00bb color=\u00bbwhite\u00bb background_style=\u00bbrounded\u00bb background_color=\u00bbcustom\u00bb size=\u00bbsm\u00bb align=\u00bbcenter\u00bb css_animation=\u00bbnone\u00bb custom_background_color=\u00bb#767676&#8243; link=\u00bburl:https%3A%2F%2Fwww.youtube.com%2Fuser%2Fbbtkull|||\u00bb][\/vc_column][\/vc_row]<\/p>\n","protected":false},"excerpt":{"rendered":"<p>[vc_row equal_height=\u00bbyes\u00bb css=\u00bb.vc_custom_1554729715242{background-position: center !important;background-repeat: no-repeat !important;background-size: contain !important;}\u00bb][vc_column css_animation=\u00bbfadeIn\u00bb width=\u00bb1\/3&#8243; css=\u00bb.vc_custom_1554729812071{background-position: center !important;background-repeat: no-repeat !important;background-size: cover !important;}\u00bb][vc_row_inner][vc_column_inner width=\u00bb2\/3&#8243; css=\u00bb.vc_custom_1555329925274{background-color: #222222 !important;}\u00bb][vc_column_text css_animation=\u00bbfadeInLeft\u00bb] LOS ESTUDIOS DE CIENCIA Y G\u00c9NERO [\/vc_column_text][\/vc_column_inner][vc_column_inner width=\u00bb1\/3&#8243;][\/vc_column_inner][\/vc_row_inner][vc_empty_space][\/vc_column][vc_column css_animation=\u00bbzoomIn\u00bb width=\u00bb2\/3&#8243;][vc_empty_space][vc_column_text]Adem\u00e1s de los estudios sobre las contribuciones de las mujeres a los conocimientos a lo largo de la Historia, el espacio disciplinar de&#8230;<\/p>\n","protected":false},"author":8,"featured_media":0,"parent":0,"menu_order":0,"comment_status":"closed","ping_status":"closed","template":"templates\/template-no-title.php","meta":{"footnotes":""},"class_list":["post-273","page","type-page","status-publish","hentry"],"_links":{"self":[{"href":"https:\/\/www.ull.es\/eventos\/exposicion-dia-libro\/wp-json\/wp\/v2\/pages\/273"}],"collection":[{"href":"https:\/\/www.ull.es\/eventos\/exposicion-dia-libro\/wp-json\/wp\/v2\/pages"}],"about":[{"href":"https:\/\/www.ull.es\/eventos\/exposicion-dia-libro\/wp-json\/wp\/v2\/types\/page"}],"author":[{"embeddable":true,"href":"https:\/\/www.ull.es\/eventos\/exposicion-dia-libro\/wp-json\/wp\/v2\/users\/8"}],"replies":[{"embeddable":true,"href":"https:\/\/www.ull.es\/eventos\/exposicion-dia-libro\/wp-json\/wp\/v2\/comments?post=273"}],"version-history":[{"count":1,"href":"https:\/\/www.ull.es\/eventos\/exposicion-dia-libro\/wp-json\/wp\/v2\/pages\/273\/revisions"}],"predecessor-version":[{"id":275,"href":"https:\/\/www.ull.es\/eventos\/exposicion-dia-libro\/wp-json\/wp\/v2\/pages\/273\/revisions\/275"}],"wp:attachment":[{"href":"https:\/\/www.ull.es\/eventos\/exposicion-dia-libro\/wp-json\/wp\/v2\/media?parent=273"}],"curies":[{"name":"wp","href":"https:\/\/api.w.org\/{rel}","templated":true}]}}