{"id":276,"date":"2019-04-15T15:26:04","date_gmt":"2019-04-15T13:26:04","guid":{"rendered":"http:\/\/www.ull.es\/eventos\/exposicion-dia-libro\/?page_id=276"},"modified":"2019-04-16T12:46:12","modified_gmt":"2019-04-16T10:46:12","slug":"total-de-profesoras-en-la-universidad-de-la-laguna","status":"publish","type":"page","link":"https:\/\/www.ull.es\/eventos\/exposicion-dia-libro\/total-de-profesoras-en-la-universidad-de-la-laguna\/","title":{"rendered":"Total de profesoras en la Universidad de La Laguna"},"content":{"rendered":"<p>[vc_row equal_height=\u00bbyes\u00bb css=\u00bb.vc_custom_1554729715242{background-position: center !important;background-repeat: no-repeat !important;background-size: contain !important;}\u00bb][vc_column css_animation=\u00bbfadeIn\u00bb width=\u00bb1\/3&#8243; css=\u00bb.vc_custom_1554729812071{background-position: center !important;background-repeat: no-repeat !important;background-size: cover !important;}\u00bb][vc_row_inner][vc_column_inner width=\u00bb2\/3&#8243; css=\u00bb.vc_custom_1555329925274{background-color: #222222 !important;}\u00bb][vc_column_text css_animation=\u00bbfadeInLeft\u00bb]<\/p>\n<h1 style=\"color: white\">TOTAL DE PROFESORAS EN LA UNIVERSIDAD DE LA LAGUNA<\/h1>\n<p>[\/vc_column_text][\/vc_column_inner][vc_column_inner width=\u00bb1\/3&#8243;][\/vc_column_inner][\/vc_row_inner][vc_empty_space][\/vc_column][vc_column css_animation=\u00bbzoomIn\u00bb width=\u00bb2\/3&#8243;][vc_single_image image=\u00bb277&#8243; img_size=\u00bblarge\u00bb alignment=\u00bbcenter\u00bb][vc_single_image image=\u00bb278&#8243; img_size=\u00bblarge\u00bb alignment=\u00bbcenter\u00bb][vc_empty_space][vc_column_text]La presencia de las mujeres en la ULL se ha ido incrementando progresivamente, aunque no llega al 50% en ninguna de las ramas del conocimiento. Son m\u00e1s numerosas en la rama de Bellas Artes y Humanidades, donde los n\u00fameros en las categor\u00edas m\u00e1s altas son m\u00e1s equilibrados, y en Ciencias Sociales y Jur\u00eddicas donde es mayor el n\u00famero de contratadas doctoras que el de contratados doctores. Las diferencias en las plantillas son muy significativas dependiendo de las diferentes categor\u00edas de profesorado.<\/p>\n<p><em>(Datos de la plantilla en 2018. Fuente: Unidad de Igualdad de G\u00e9nero de la ULL.)<\/em>[\/vc_column_text][\/vc_column][\/vc_row][vc_row][vc_column][vc_empty_space][\/vc_column][\/vc_row][vc_row css_animation=\u00bbfadeInUp\u00bb][vc_column width=\u00bb1\/6&#8243;][vc_icon icon_fontawesome=\u00bbfa fa-facebook\u00bb color=\u00bbwhite\u00bb background_style=\u00bbrounded\u00bb background_color=\u00bbcustom\u00bb size=\u00bbsm\u00bb align=\u00bbcenter\u00bb css_animation=\u00bbnone\u00bb custom_background_color=\u00bb#767676&#8243; link=\u00bburl:https%3A%2F%2Fwww.facebook.com%2FBibliotecaULL%2F|||\u00bb][\/vc_column][vc_column width=\u00bb1\/6&#8243;][vc_icon icon_fontawesome=\u00bbfa fa-twitter\u00bb color=\u00bbwhite\u00bb background_style=\u00bbrounded\u00bb background_color=\u00bbcustom\u00bb size=\u00bbsm\u00bb align=\u00bbcenter\u00bb css_animation=\u00bbnone\u00bb custom_background_color=\u00bb#767676&#8243; link=\u00bburl:https%3A%2F%2Ftwitter.com%2FBibliotecaULL|||\u00bb][\/vc_column][vc_column width=\u00bb1\/6&#8243;][vc_icon icon_fontawesome=\u00bbfa fa-instagram\u00bb color=\u00bbwhite\u00bb background_style=\u00bbrounded\u00bb background_color=\u00bbcustom\u00bb size=\u00bbsm\u00bb align=\u00bbcenter\u00bb css_animation=\u00bbnone\u00bb custom_background_color=\u00bb#767676&#8243; link=\u00bburl:https%3A%2F%2Fwww.instagram.com%2Fbibliotecaull%2F|||\u00bb][\/vc_column][vc_column width=\u00bb1\/6&#8243;][vc_icon icon_fontawesome=\u00bbfa fa-envelope\u00bb color=\u00bbwhite\u00bb background_style=\u00bbrounded\u00bb background_color=\u00bbcustom\u00bb size=\u00bbsm\u00bb align=\u00bbcenter\u00bb css_animation=\u00bbnone\u00bb custom_background_color=\u00bb#767676&#8243; link=\u00bburl:mailto%3Abull%40ull.es|||\u00bb][\/vc_column][vc_column width=\u00bb1\/6&#8243;][vc_icon icon_fontawesome=\u00bbfa fa-pinterest-p\u00bb color=\u00bbwhite\u00bb background_style=\u00bbrounded\u00bb background_color=\u00bbcustom\u00bb size=\u00bbsm\u00bb align=\u00bbcenter\u00bb css_animation=\u00bbnone\u00bb custom_background_color=\u00bb#767676&#8243; link=\u00bburl:https%3A%2F%2Fwww.pinterest.com%2Fbbtkull%2F|||\u00bb][\/vc_column][vc_column width=\u00bb1\/6&#8243;][vc_icon icon_fontawesome=\u00bbfa fa-youtube-play\u00bb color=\u00bbwhite\u00bb background_style=\u00bbrounded\u00bb background_color=\u00bbcustom\u00bb size=\u00bbsm\u00bb align=\u00bbcenter\u00bb css_animation=\u00bbnone\u00bb custom_background_color=\u00bb#767676&#8243; link=\u00bburl:https%3A%2F%2Fwww.youtube.com%2Fuser%2Fbbtkull|||\u00bb][\/vc_column][\/vc_row]<\/p>\n","protected":false},"excerpt":{"rendered":"<p>[vc_row equal_height=\u00bbyes\u00bb css=\u00bb.vc_custom_1554729715242{background-position: center !important;background-repeat: no-repeat !important;background-size: contain !important;}\u00bb][vc_column css_animation=\u00bbfadeIn\u00bb width=\u00bb1\/3&#8243; css=\u00bb.vc_custom_1554729812071{background-position: center !important;background-repeat: no-repeat !important;background-size: cover !important;}\u00bb][vc_row_inner][vc_column_inner width=\u00bb2\/3&#8243; css=\u00bb.vc_custom_1555329925274{background-color: #222222 !important;}\u00bb][vc_column_text css_animation=\u00bbfadeInLeft\u00bb] TOTAL DE PROFESORAS EN LA UNIVERSIDAD DE LA LAGUNA [\/vc_column_text][\/vc_column_inner][vc_column_inner width=\u00bb1\/3&#8243;][\/vc_column_inner][\/vc_row_inner][vc_empty_space][\/vc_column][vc_column css_animation=\u00bbzoomIn\u00bb width=\u00bb2\/3&#8243;][vc_single_image image=\u00bb277&#8243; img_size=\u00bblarge\u00bb alignment=\u00bbcenter\u00bb][vc_single_image image=\u00bb278&#8243; img_size=\u00bblarge\u00bb alignment=\u00bbcenter\u00bb][vc_empty_space][vc_column_text]La presencia de las mujeres en la ULL se ha ido incrementando progresivamente, aunque&#8230;<\/p>\n","protected":false},"author":8,"featured_media":0,"parent":0,"menu_order":0,"comment_status":"closed","ping_status":"closed","template":"templates\/template-no-title.php","meta":{"footnotes":""},"class_list":["post-276","page","type-page","status-publish","hentry"],"_links":{"self":[{"href":"https:\/\/www.ull.es\/eventos\/exposicion-dia-libro\/wp-json\/wp\/v2\/pages\/276"}],"collection":[{"href":"https:\/\/www.ull.es\/eventos\/exposicion-dia-libro\/wp-json\/wp\/v2\/pages"}],"about":[{"href":"https:\/\/www.ull.es\/eventos\/exposicion-dia-libro\/wp-json\/wp\/v2\/types\/page"}],"author":[{"embeddable":true,"href":"https:\/\/www.ull.es\/eventos\/exposicion-dia-libro\/wp-json\/wp\/v2\/users\/8"}],"replies":[{"embeddable":true,"href":"https:\/\/www.ull.es\/eventos\/exposicion-dia-libro\/wp-json\/wp\/v2\/comments?post=276"}],"version-history":[{"count":4,"href":"https:\/\/www.ull.es\/eventos\/exposicion-dia-libro\/wp-json\/wp\/v2\/pages\/276\/revisions"}],"predecessor-version":[{"id":386,"href":"https:\/\/www.ull.es\/eventos\/exposicion-dia-libro\/wp-json\/wp\/v2\/pages\/276\/revisions\/386"}],"wp:attachment":[{"href":"https:\/\/www.ull.es\/eventos\/exposicion-dia-libro\/wp-json\/wp\/v2\/media?parent=276"}],"curies":[{"name":"wp","href":"https:\/\/api.w.org\/{rel}","templated":true}]}}