{"id":14,"date":"2019-05-07T15:33:57","date_gmt":"2019-05-07T13:33:57","guid":{"rendered":"http:\/\/www.ull.es\/eventos\/fondo-antiguo\/?page_id=14"},"modified":"2023-06-26T12:41:52","modified_gmt":"2023-06-26T10:41:52","slug":"informacion","status":"publish","type":"page","link":"https:\/\/www.ull.es\/eventos\/fondo-antiguo\/informacion\/","title":{"rendered":"Informaci\u00f3n"},"content":{"rendered":"<p>[vc_row full_width=\u00bbstretch_row\u00bb css=\u00bb.vc_custom_1651236951222{background-position: center !important;background-repeat: no-repeat !important;background-size: cover !important;}\u00bb][vc_column][vc_empty_space][vc_single_image image=\u00bb791&#8243; img_size=\u00bbfull\u00bb][vc_empty_space height=\u00bb64px\u00bb][vc_raw_html]JTNDaDElMjBjbGFzcyUzRCUyMnRpdHVsby1wYWdpbmElMjIlM0VJbmZvcm1hY2klQzMlQjNuJTNDJTJGaDElM0U=[\/vc_raw_html][\/vc_column][\/vc_row][vc_row][vc_column width=\u00bb2\/3&#8243;][vc_column_text]El Fondo Antiguo de la Universidad de La Laguna tiene como principal objetivo conservar y difundir su patrimonio bibliogr\u00e1fico<\/p>\n<p>Est\u00e1 integrado por:<\/p>\n<p>\u2013 Manuscritos antiguos y modernos.<br \/>\n\u2013 Impresos que, de acuerdo con la legislaci\u00f3n vigente, forman parte del Patrimonio Hist\u00f3rico Espa\u00f1ol.<br \/>\n\u2013 Los fondos de car\u00e1cter unitario y valor hist\u00f3rico para la Universidad.<br \/>\n\u2013 Los ejemplares que poseen caracter\u00edsticas singulares.<br \/>\n\u2013 Los dibujos, grabados, globos, mapas y piezas de m\u00fasica de especial valor.<br \/>\n\u2013 Cualquier ejemplar que merezca ser objeto de una protecci\u00f3n especial para su conservaci\u00f3n.<\/p>\n<p>Pueden consultar este fondo todas aquellas personas que tengan la consideraci\u00f3n de usuarios de la Biblioteca de la Universidad de La Laguna e investigadores acreditados.<\/p>\n<p>La consulta se realiza en la planta 1\u00aa de la Biblioteca General y de Humanidades.[\/vc_column_text][\/vc_column][vc_column width=\u00bb1\/3&#8243;][\/vc_column][\/vc_row]<\/p>\n","protected":false},"excerpt":{"rendered":"<p>[vc_row full_width=\u00bbstretch_row\u00bb css=\u00bb.vc_custom_1651236951222{background-position: center !important;background-repeat: no-repeat !important;background-size: cover !important;}\u00bb][vc_column][vc_empty_space][vc_single_image image=\u00bb791&#8243; img_size=\u00bbfull\u00bb][vc_empty_space height=\u00bb64px\u00bb][vc_raw_html]JTNDaDElMjBjbGFzcyUzRCUyMnRpdHVsby1wYWdpbmElMjIlM0VJbmZvcm1hY2klQzMlQjNuJTNDJTJGaDElM0U=[\/vc_raw_html][\/vc_column][\/vc_row][vc_row][vc_column width=\u00bb2\/3&#8243;][vc_column_text]El Fondo Antiguo de la Universidad de La Laguna tiene como principal objetivo conservar y difundir su patrimonio bibliogr\u00e1fico Est\u00e1 integrado por: \u2013 Manuscritos antiguos y modernos. \u2013 Impresos que, de acuerdo con la legislaci\u00f3n vigente, forman parte del Patrimonio Hist\u00f3rico Espa\u00f1ol. \u2013&#8230;<\/p>\n","protected":false},"author":8,"featured_media":0,"parent":0,"menu_order":0,"comment_status":"closed","ping_status":"closed","template":"templates\/template-no-title.php","meta":{"footnotes":""},"class_list":["post-14","page","type-page","status-publish","hentry"],"_links":{"self":[{"href":"https:\/\/www.ull.es\/eventos\/fondo-antiguo\/wp-json\/wp\/v2\/pages\/14"}],"collection":[{"href":"https:\/\/www.ull.es\/eventos\/fondo-antiguo\/wp-json\/wp\/v2\/pages"}],"about":[{"href":"https:\/\/www.ull.es\/eventos\/fondo-antiguo\/wp-json\/wp\/v2\/types\/page"}],"author":[{"embeddable":true,"href":"https:\/\/www.ull.es\/eventos\/fondo-antiguo\/wp-json\/wp\/v2\/users\/8"}],"replies":[{"embeddable":true,"href":"https:\/\/www.ull.es\/eventos\/fondo-antiguo\/wp-json\/wp\/v2\/comments?post=14"}],"version-history":[{"count":26,"href":"https:\/\/www.ull.es\/eventos\/fondo-antiguo\/wp-json\/wp\/v2\/pages\/14\/revisions"}],"predecessor-version":[{"id":509,"href":"https:\/\/www.ull.es\/eventos\/fondo-antiguo\/wp-json\/wp\/v2\/pages\/14\/revisions\/509"}],"wp:attachment":[{"href":"https:\/\/www.ull.es\/eventos\/fondo-antiguo\/wp-json\/wp\/v2\/media?parent=14"}],"curies":[{"name":"wp","href":"https:\/\/api.w.org\/{rel}","templated":true}]}}