{"id":16,"date":"2019-05-07T15:34:38","date_gmt":"2019-05-07T13:34:38","guid":{"rendered":"http:\/\/www.ull.es\/eventos\/fondo-antiguo\/?page_id=16"},"modified":"2023-06-26T12:34:48","modified_gmt":"2023-06-26T10:34:48","slug":"historia-de-la-coleccion","status":"publish","type":"page","link":"https:\/\/www.ull.es\/eventos\/fondo-antiguo\/historia-de-la-coleccion\/","title":{"rendered":"Historia de la colecci\u00f3n"},"content":{"rendered":"<p>[vc_row full_width=\u00bbstretch_row\u00bb css=\u00bb.vc_custom_1651235295331{background-position: center !important;background-repeat: no-repeat !important;background-size: cover !important;}\u00bb][vc_column][vc_empty_space][vc_single_image image=\u00bb791&#8243; img_size=\u00bbfull\u00bb][vc_empty_space height=\u00bb64px\u00bb][vc_raw_html]JTNDaDElMjBjbGFzcyUzRCUyMnRpdHVsby1wYWdpbmElMjIlM0VIaXN0b3JpYSUyMGRlJTIwbGElMjBjb2xlY2NpJUMzJUIzbiUzQyUyRmgxJTNF[\/vc_raw_html][\/vc_column][\/vc_row][vc_row][vc_column width=\u00bb2\/3&#8243;][vc_column_text]La fundaci\u00f3n de la Biblioteca Universitaria data de los \u00faltimos a\u00f1os del siglo XVIII aunque se crea oficialmente por un acuerdo del Claustro de la Universidad Literaria de San Fernando en el a\u00f1o 1817.<\/p>\n<p><a href=\"http:\/\/www.ull.es\/eventos\/fondo-antiguo\/wp-content\/uploads\/sites\/9\/2023\/06\/Antiguo-05-scaled.jpg\" target=\"_blank\" rel=\"noopener\"><img loading=\"lazy\" decoding=\"async\" class=\"wp-image-765 size-medium alignright\" src=\"http:\/\/www.ull.es\/eventos\/fondo-antiguo\/wp-content\/uploads\/sites\/9\/2023\/06\/Antiguo-05-225x300.jpg\" alt=\"\" width=\"225\" height=\"300\" srcset=\"https:\/\/www.ull.es\/eventos\/fondo-antiguo\/wp-content\/uploads\/sites\/9\/2023\/06\/Antiguo-05-225x300.jpg 225w, https:\/\/www.ull.es\/eventos\/fondo-antiguo\/wp-content\/uploads\/sites\/9\/2023\/06\/Antiguo-05-768x1024.jpg 768w, https:\/\/www.ull.es\/eventos\/fondo-antiguo\/wp-content\/uploads\/sites\/9\/2023\/06\/Antiguo-05-1152x1536.jpg 1152w, https:\/\/www.ull.es\/eventos\/fondo-antiguo\/wp-content\/uploads\/sites\/9\/2023\/06\/Antiguo-05-1536x2048.jpg 1536w, https:\/\/www.ull.es\/eventos\/fondo-antiguo\/wp-content\/uploads\/sites\/9\/2023\/06\/Antiguo-05-375x500.jpg 375w, https:\/\/www.ull.es\/eventos\/fondo-antiguo\/wp-content\/uploads\/sites\/9\/2023\/06\/Antiguo-05-750x1000.jpg 750w, https:\/\/www.ull.es\/eventos\/fondo-antiguo\/wp-content\/uploads\/sites\/9\/2023\/06\/Antiguo-05-1140x1520.jpg 1140w, https:\/\/www.ull.es\/eventos\/fondo-antiguo\/wp-content\/uploads\/sites\/9\/2023\/06\/Antiguo-05-scaled.jpg 1920w\" sizes=\"(max-width: 225px) 100vw, 225px\" \/><\/a>El primer lote de libros que ingresa en nuestra instituci\u00f3n es donado por el Obispo Tavira y Almaz\u00e1n y a partir de ese momento crece gracias a compras y a donaciones de particulares como las de\u00a0Antonio M\u00aa de Lugo, Crist\u00f3bal L\u00f3pez, Pascual Moles, Juan de Villalonga, Crist\u00f3bal Salazar, Roberto Madan o Mart\u00edn Antonio Bello.<\/p>\n<p>La desamortizaci\u00f3n de Mendiz\u00e1bal, por la que se incorporaron las bibliotecas conventuales a las llamadas Bibliotecas Provinciales, supuso la mayor aportaci\u00f3n de libros y, a partir de ese momento, adquiere esa denominaci\u00f3n de Provincial. Al desaparecer m\u00e1s tarde la Universidad de San Fernando y crearse el Instituto de Canarias, pasa a denominarse Biblioteca Provincial y del Instituto de Canarias.<\/p>\n<p>Se restablece el distrito universitario en 1927, y tras m\u00faltiples vicisitudes, ya en el a\u00f1o 1954, la Universidad logra disponer de un edificio propio y dedica un pabell\u00f3n de dos plantas para uso de la Biblioteca. Se le llama Biblioteca General, de la que se separa dos a\u00f1os m\u00e1s tarde el Fondo de Canarias, al tiempo que se van configurando peque\u00f1as bibliotecas departamentales. En la d\u00e9cada de los ochenta las obras anteriores a 1830 se agrupan formando el Fondo Antiguo.<\/p>\n<p>En 1992 se inaugura la Biblioteca General y de Humanidades en el Campus de Guajara y se destina una sala en la planta baja para albergar esta colecci\u00f3n, a la que se dota de los instrumentos necesarios para mantener las condiciones ambientales y de seguridad adecuadas.[\/vc_column_text][\/vc_column][vc_column width=\u00bb1\/3&#8243; css=\u00bb.vc_custom_1685690101359{background-position: center !important;background-repeat: no-repeat !important;background-size: cover !important;}\u00bb][\/vc_column][\/vc_row]<\/p>\n","protected":false},"excerpt":{"rendered":"<p>[vc_row full_width=\u00bbstretch_row\u00bb css=\u00bb.vc_custom_1651235295331{background-position: center !important;background-repeat: no-repeat !important;background-size: cover !important;}\u00bb][vc_column][vc_empty_space][vc_single_image image=\u00bb791&#8243; img_size=\u00bbfull\u00bb][vc_empty_space height=\u00bb64px\u00bb][vc_raw_html]JTNDaDElMjBjbGFzcyUzRCUyMnRpdHVsby1wYWdpbmElMjIlM0VIaXN0b3JpYSUyMGRlJTIwbGElMjBjb2xlY2NpJUMzJUIzbiUzQyUyRmgxJTNF[\/vc_raw_html][\/vc_column][\/vc_row][vc_row][vc_column width=\u00bb2\/3&#8243;][vc_column_text]La fundaci\u00f3n de la Biblioteca Universitaria data de los \u00faltimos a\u00f1os del siglo XVIII aunque se crea oficialmente por un acuerdo del Claustro de la Universidad Literaria de San Fernando en el a\u00f1o 1817. El primer lote de libros que ingresa en nuestra&#8230;<\/p>\n","protected":false},"author":8,"featured_media":0,"parent":0,"menu_order":0,"comment_status":"closed","ping_status":"closed","template":"templates\/template-frontpage.php","meta":{"footnotes":""},"class_list":["post-16","page","type-page","status-publish","hentry"],"_links":{"self":[{"href":"https:\/\/www.ull.es\/eventos\/fondo-antiguo\/wp-json\/wp\/v2\/pages\/16"}],"collection":[{"href":"https:\/\/www.ull.es\/eventos\/fondo-antiguo\/wp-json\/wp\/v2\/pages"}],"about":[{"href":"https:\/\/www.ull.es\/eventos\/fondo-antiguo\/wp-json\/wp\/v2\/types\/page"}],"author":[{"embeddable":true,"href":"https:\/\/www.ull.es\/eventos\/fondo-antiguo\/wp-json\/wp\/v2\/users\/8"}],"replies":[{"embeddable":true,"href":"https:\/\/www.ull.es\/eventos\/fondo-antiguo\/wp-json\/wp\/v2\/comments?post=16"}],"version-history":[{"count":15,"href":"https:\/\/www.ull.es\/eventos\/fondo-antiguo\/wp-json\/wp\/v2\/pages\/16\/revisions"}],"predecessor-version":[{"id":820,"href":"https:\/\/www.ull.es\/eventos\/fondo-antiguo\/wp-json\/wp\/v2\/pages\/16\/revisions\/820"}],"wp:attachment":[{"href":"https:\/\/www.ull.es\/eventos\/fondo-antiguo\/wp-json\/wp\/v2\/media?parent=16"}],"curies":[{"name":"wp","href":"https:\/\/api.w.org\/{rel}","templated":true}]}}