{"id":22,"date":"2019-05-07T15:36:07","date_gmt":"2019-05-07T13:36:07","guid":{"rendered":"http:\/\/www.ull.es\/eventos\/fondo-antiguo\/?page_id=22"},"modified":"2023-06-26T13:14:55","modified_gmt":"2023-06-26T11:14:55","slug":"normativa","status":"publish","type":"page","link":"https:\/\/www.ull.es\/eventos\/fondo-antiguo\/normativa\/","title":{"rendered":"Normativa"},"content":{"rendered":"<p>[vc_row][vc_column][vc_empty_space][vc_single_image image=\u00bb791&#8243; img_size=\u00bbfull\u00bb onclick=\u00bbcustom_link\u00bb link=\u00bbhttps:\/\/www.ull.es\/eventos\/fondo-antiguo\u00bb][vc_empty_space height=\u00bb64px\u00bb][vc_raw_html]JTNDaDElMjBjbGFzcyUzRCUyMnRpdHVsby1wYWdpbmElMjIlM0VOb3JtYXRpdmElM0MlMkZoMSUzRQ==[\/vc_raw_html][\/vc_column][\/vc_row][vc_row][vc_column width=\u00bb2\/3&#8243;][vc_column_text]<\/p>\n<div id=\"content\" class=\"site-content\">\n<div id=\"primary\" class=\"content-area\">\n<article id=\"post-26\" class=\"post-26 page type-page status-publish hentry\" target=\"_blank\" rel=\"noopener\">\n<div class=\"entry-content\">\n<p>El Fondo Antiguo dispone de servicio y condiciones de consulta especiales:<\/p>\n<p>El investigador, antes de iniciar su trabajo, deber\u00e1 rellenar un impreso en el que haga constar, adem\u00e1s de sus datos personales, el objeto y la materia de investigaci\u00f3n.<\/p>\n<p>No se permite la entrada a la Sala con objetos personales tales como libros, carteras, bolsos o similares, ni con indumentarias del tipo abrigos, chaquetas o similares, ni con aparatos reproductores salvo que se cuente con la correspondiente autorizaci\u00f3n del responsable del fondo, Jefe de Secci\u00f3n o Direcci\u00f3n.<\/p>\n<p>Con car\u00e1cter previo a la autorizaci\u00f3n antedicha, el usuario deber\u00e1 prestar consentimiento expreso a que los objetos se\u00f1alados en el p\u00e1rrafo anterior sean sometidos a la correspondiente inspecci\u00f3n por el personal autorizado.<\/p>\n<p>La solicitud de obras se har\u00e1 por escrito en papeletas impresas que el lector deber\u00e1 cumplimentar con caracteres legibles. Las papeletas ir\u00e1n acompa\u00f1adas de un carnet que acredite la identidad del usuario y que le ser\u00e1 devuelto cuando la obra sea restituida. En cada papeleta no podr\u00e1 solicitarse m\u00e1s de una obra.<\/p>\n<p>Se permitir\u00e1 la consulta de un m\u00e1ximo de 3 obras, o 6 vol\u00famenes simult\u00e1neamente, salvo en el caso de que se trate de piezas de car\u00e1cter especial por su tama\u00f1o o valor. Si el car\u00e1cter de la investigaci\u00f3n lo requiere, se podr\u00e1 solicitar permiso para consultar un mayor n\u00famero.<\/p>\n<p>En general, no se autorizar\u00e1 la consulta de los originales cuyo texto completo pueda ser consultado en facs\u00edmil o en formato digital.<\/p>\n<p>El uso de ciertos fondos puede, adem\u00e1s, quedar restringido por motivos de conservaci\u00f3n.<\/p>\n<p>Durante la consulta de los fondos no est\u00e1 permitido el uso de tinta o bol\u00edgrafo que pueda manchar las obras solicitadas. Se permite \u00fanicamente el uso de l\u00e1piz por parte del investigador.<\/p>\n<p>Se proh\u00edbe escribir, subrayar o hacer cualquier tipo de se\u00f1ales o marcas en las p\u00e1ginas de los libros.<\/p>\n<p>No se permite colocar otros libros o papeles, ni escribir encima de un libro abierto.<\/p>\n<p>No se podr\u00e1 sacar ning\u00fan libro de la sala de lectura.<\/p>\n<p>Para mayor informaci\u00f3n se puede consultar la normativa que regula el<a href=\"https:\/\/riull.ull.es\/xmlui\/bitstream\/handle\/915\/32390\/20230315_Normativa%20de%20acceso%20y%20consulta%20del%20Patrimonio%20Bibliogr%c3%a1fico%20Hist%c3%b3rico%20de%20la%20Universidad%20de%20La%20Laguna.pdf?sequence=1&amp;isAllowed=y\" target=\"_blank\" rel=\"noopener\"> acceso y consulta del Patrimonio Bibliogr\u00e1fico Hist\u00f3rico de la Universidad de La Laguna<\/a>.<\/p>\n<\/div>\n<\/article>\n<\/div>\n<\/div>\n<p>[\/vc_column_text][vc_empty_space][\/vc_column][vc_column width=\u00bb1\/3&#8243;][\/vc_column][\/vc_row]<\/p>\n","protected":false},"excerpt":{"rendered":"<p>[vc_row][vc_column][vc_empty_space][vc_single_image image=\u00bb791&#8243; img_size=\u00bbfull\u00bb onclick=\u00bbcustom_link\u00bb link=\u00bbhttps:\/\/www.ull.es\/eventos\/fondo-antiguo\u00bb][vc_empty_space height=\u00bb64px\u00bb][vc_raw_html]JTNDaDElMjBjbGFzcyUzRCUyMnRpdHVsby1wYWdpbmElMjIlM0VOb3JtYXRpdmElM0MlMkZoMSUzRQ==[\/vc_raw_html][\/vc_column][\/vc_row][vc_row][vc_column width=\u00bb2\/3&#8243;][vc_column_text] El Fondo Antiguo dispone de servicio y condiciones de consulta especiales: El investigador, antes de iniciar su trabajo, deber\u00e1 rellenar un impreso en el que haga constar, adem\u00e1s de sus datos personales, el objeto y la materia de investigaci\u00f3n. No se permite la entrada a la Sala con&#8230;<\/p>\n","protected":false},"author":8,"featured_media":0,"parent":0,"menu_order":0,"comment_status":"closed","ping_status":"closed","template":"templates\/template-frontpage.php","meta":{"footnotes":""},"class_list":["post-22","page","type-page","status-publish","hentry"],"_links":{"self":[{"href":"https:\/\/www.ull.es\/eventos\/fondo-antiguo\/wp-json\/wp\/v2\/pages\/22"}],"collection":[{"href":"https:\/\/www.ull.es\/eventos\/fondo-antiguo\/wp-json\/wp\/v2\/pages"}],"about":[{"href":"https:\/\/www.ull.es\/eventos\/fondo-antiguo\/wp-json\/wp\/v2\/types\/page"}],"author":[{"embeddable":true,"href":"https:\/\/www.ull.es\/eventos\/fondo-antiguo\/wp-json\/wp\/v2\/users\/8"}],"replies":[{"embeddable":true,"href":"https:\/\/www.ull.es\/eventos\/fondo-antiguo\/wp-json\/wp\/v2\/comments?post=22"}],"version-history":[{"count":9,"href":"https:\/\/www.ull.es\/eventos\/fondo-antiguo\/wp-json\/wp\/v2\/pages\/22\/revisions"}],"predecessor-version":[{"id":632,"href":"https:\/\/www.ull.es\/eventos\/fondo-antiguo\/wp-json\/wp\/v2\/pages\/22\/revisions\/632"}],"wp:attachment":[{"href":"https:\/\/www.ull.es\/eventos\/fondo-antiguo\/wp-json\/wp\/v2\/media?parent=22"}],"curies":[{"name":"wp","href":"https:\/\/api.w.org\/{rel}","templated":true}]}}