{"id":26,"date":"2019-05-07T15:36:57","date_gmt":"2019-05-07T13:36:57","guid":{"rendered":"http:\/\/www.ull.es\/eventos\/fondo-antiguo\/?page_id=26"},"modified":"2023-06-26T13:30:53","modified_gmt":"2023-06-26T11:30:53","slug":"preguntas-frecuentes","status":"publish","type":"page","link":"https:\/\/www.ull.es\/eventos\/fondo-antiguo\/preguntas-frecuentes\/","title":{"rendered":"Preguntas frecuentes"},"content":{"rendered":"<p>[vc_row][vc_column][vc_empty_space][vc_single_image image=\u00bb791&#8243; img_size=\u00bbfull\u00bb onclick=\u00bbcustom_link\u00bb link=\u00bbhttps:\/\/www.ull.es\/eventos\/fondo-antiguo\u00bb][vc_empty_space height=\u00bb64px\u00bb][vc_raw_html]JTNDaDElMjBjbGFzcyUzRCUyMnRpdHVsby1wYWdpbmElMjIlM0VQcmVndW50YXMlMjBmcmVjdWVudGVzJTNDJTJGaDElM0U=[\/vc_raw_html][\/vc_column][\/vc_row][vc_row][vc_column width=\u00bb2\/3&#8243;][vc_column_text]Se recogen aqu\u00ed una selecci\u00f3n de los cat\u00e1logos, art\u00edculos y monograf\u00edas publicados sobre el Fondo Antiguo de la Universidad de La Laguna, se ha organizado por temas para facilitar su consulta[\/vc_column_text][vc_empty_space][vc_tta_accordion style=\u00bbmodern\u00bb active_section=\u00bb\u00bb no_fill=\u00bbtrue\u00bb collapsible_all=\u00bbtrue\u00bb][vc_tta_section title=\u00bb\u00bfQu\u00e9 horario tiene el Fondo Antiguo?\u00bb tab_id=\u00bb1685694768202-85f3d85f-ce16&#8243;][vc_column_text]De lunes a viernes de 8:00 a 14:45 horas de la tarde.[\/vc_column_text][\/vc_tta_section][vc_tta_section title=\u00bb\u00bfD\u00f3nde se consulta el Fondo Antiguo?\u00bb tab_id=\u00bb1685694815674-a88f6f5b-e94f\u00bb][vc_column_text]En la planta 1\u00aa de la Biblioteca General y de Humanidades del Campus de Guajara.[\/vc_column_text][\/vc_tta_section][vc_tta_section title=\u00bb\u00bfQu\u00e9 documentos se necesitan para poder consultar el Fondo Antiguo?\u00bb tab_id=\u00bb1685694855457-911839d6-bc2c\u00bb][vc_column_text]Para el PDI, el PAS y el alumnado s\u00f3lo la tarjeta universitaria.<\/p>\n<p>Los investigadores externos necesitan tener un carnet de lector, para ello deben presentar una solicitud impresa, una fotocopia del DNI, una fotograf\u00eda y un aval de un PDI o PAS que le acredite.<\/p>\n<p>La solicitud impresa se recoger\u00e1 y entregar\u00e1, con los dem\u00e1s documentos, en el mostrador de la planta 0 de la Biblioteca General y de Humanidades del Campus de Guajara.[\/vc_column_text][\/vc_tta_section][vc_tta_section title=\u00bb\u00bfSe prestan los libros de Fondo Antiguo?\u00bb tab_id=\u00bb1685694892019-240bb189-204c\u00bb][vc_column_text]Estas obras, por razones de conservaci\u00f3n y preservaci\u00f3n, est\u00e1n excluidas del pr\u00e9stamo.[\/vc_column_text][\/vc_tta_section][vc_tta_section title=\u00bb\u00bfEst\u00e1n incluidas todas las obras de Fondo Antiguo en el cat\u00e1logo en l\u00ednea?\u00bb tab_id=\u00bb1685694924379-fc11f0f5-72d3&#8243;][vc_column_text]En la actualidad est\u00e1n incluidos en el cat\u00e1logo:<\/p>\n<p>Los manuscritos incluidos algunos pertenecientes a Archivos personales.<\/p>\n<p>Incunables.<\/p>\n<p>Libros raros.<\/p>\n<p>Libros impresos en el siglo XVI.<\/p>\n<p>Papeles Varios.<\/p>\n<p>Obras anteriores a 1800 impresas en Canarias.<\/p>\n<p>Facs\u00edmiles.<\/p>\n<p>Est\u00e1n en proceso de catalogaci\u00f3n informatizada:<\/p>\n<p>Libros impresos en los siglos XVII y XVIII.<\/p>\n<p>Libros impresos en el siglo XIX.[\/vc_column_text][\/vc_tta_section][vc_tta_section title=\u00bb\u00bfSi no localiz\u00f3 una obra en el cat\u00e1logo, significa qu\u00e9 no est\u00e1 en la Biblioteca?\u00bb tab_id=\u00bb1685694955403-d8f6f56a-0ea4&#8243;][vc_column_text]No, puede estar en nuestros fondos, pero en proceso de catalogaci\u00f3n. Debe consultar el cat\u00e1logo manual, que se encuentra en la planta primera de la Biblioteca General y de Humanidades, o bien, solicitar informaci\u00f3n a la responsable del Fondo.[\/vc_column_text][\/vc_tta_section][vc_tta_section title=\u00bb\u00bfC\u00f3mo puedo obtener informaci\u00f3n bibliogr\u00e1fica sobre el Fondo Antiguo?\u00bb tab_id=\u00bb1685694983636-2de72079-e52e\u00bb][vc_column_text]Puede dirigirse a la responsable del Fondo en la planta primera de la Biblioteca General y de Humanidades , o bien por correo electr\u00f3nico (v\u00e9ase\u00a0<a href=\"https:\/\/www.ull.es\/eventos\/fondo-antiguo\/contacto\/\" target=\"_blank\" rel=\"noopener\" target=\"_blank\" rel=\"noopener\">Contacto<\/a>).[\/vc_column_text][\/vc_tta_section][vc_tta_section title=\u00bb\u00bfSe puede fotocopiar o reproducir por alg\u00fan procedimiento el Fondo Antiguo?\u00bb tab_id=\u00bb1685695006804-02ce7372-9888&#8243;][vc_column_text]Por sus caracter\u00edsticas estos fondos no se pueden fotocopiar. Si necesita una reproducci\u00f3n digital debe cumplimentar los impresos que le facilitar\u00e1n en el mostrador de la planta primera.[\/vc_column_text][\/vc_tta_section][vc_tta_section title=\u00bb\u00bfEst\u00e1n todos los fondos digitalizados?\u00bb tab_id=\u00bb1685695030191-14651144-cab7&#8243;][vc_column_text]No, hay un proyecto llamado<a href=\"https:\/\/www.ull.es\/servicios\/biblioteca\/servicios\/patrimonio-bibliografico-lacunense\/\" target=\"_blank\" rel=\"noopener\" target=\"_blank\" rel=\"noopener\">\u00a0Patrimonio Bibliogr\u00e1fico Lacunense\u00a0<\/a>que se inici\u00f3 en el a\u00f1o 2008, por el que se digitalizan las obras patrimoniales de la Universidad de La Laguna que no est\u00e9n reproducidas por otras instituciones. En estos momentos est\u00e1n digitalizados los manuscritos, la colecci\u00f3n de Papeles Varios, los incunables y una parte considerable de los impresos del siglo XVI\u00a0y una parte de los manuscritos del Archivo personal de Jos\u00e9 Agust\u00edn \u00c1lvarez Rixo.[\/vc_column_text][\/vc_tta_section][vc_tta_section title=\u00bb\u00bfC\u00f3mo puedo saber si una obra est\u00e1 digitalizada?\u00bb tab_id=\u00bb1685695061342-3fed71c0-2506&#8243;][vc_column_text]Si una obra est\u00e1 digitalizada, dentro del registro de nuestro cat\u00e1logo en l\u00ednea aparecer\u00e1 la frase <i>Acceso a la obra<\/i>, pinchado sobre ella acceder\u00e1 a la digitalizaci\u00f3n de nuestro ejemplar. Si dentro del registro aparece <i>Acceso a la obra en<\/i>\u2026, usted est\u00e1 accediendo al ejemplar de otra instituci\u00f3n.[\/vc_column_text][\/vc_tta_section][vc_tta_section title=\u00bb\u00bfSe puede realizar una visita guiada al Fondo Antiguo?\u00bb tab_id=\u00bb1685695079441-e6a34819-5f50&#8243;][vc_column_text]En general, las visitas al Fondo Antiguo se realizan a petici\u00f3n del personal docente para el alumnado o miembros de la comunidad universitaria;\u00a0 a petici\u00f3n de alguna instituci\u00f3n externa para grupos, cumplimentando este <a href=\"https:\/\/docs.google.com\/forms\/d\/e\/1FAIpQLScuUNu0WkLgbDvzOA1jIU1tj2C9odzU--yRm1DC4dGNwSvFFQ\/viewform?formkey=dDJQbTk4UHFiT1JMU29NWnVnUjdWNFE6MQ#gid=0\" target=\"_blank\" rel=\"noopener\">formulario<\/a>. No se atienden solicitudes individuales.[\/vc_column_text][\/vc_tta_section][\/vc_tta_accordion][\/vc_column][vc_column width=\u00bb1\/3&#8243;][\/vc_column][\/vc_row]<\/p>\n","protected":false},"excerpt":{"rendered":"<p>[vc_row][vc_column][vc_empty_space][vc_single_image image=\u00bb791&#8243; img_size=\u00bbfull\u00bb onclick=\u00bbcustom_link\u00bb link=\u00bbhttps:\/\/www.ull.es\/eventos\/fondo-antiguo\u00bb][vc_empty_space height=\u00bb64px\u00bb][vc_raw_html]JTNDaDElMjBjbGFzcyUzRCUyMnRpdHVsby1wYWdpbmElMjIlM0VQcmVndW50YXMlMjBmcmVjdWVudGVzJTNDJTJGaDElM0U=[\/vc_raw_html][\/vc_column][\/vc_row][vc_row][vc_column width=\u00bb2\/3&#8243;][vc_column_text]Se recogen aqu\u00ed una selecci\u00f3n de los cat\u00e1logos, art\u00edculos y monograf\u00edas publicados sobre el Fondo Antiguo de la Universidad de La Laguna, se ha organizado por temas para facilitar su consulta[\/vc_column_text][vc_empty_space][vc_tta_accordion style=\u00bbmodern\u00bb active_section=\u00bb\u00bb no_fill=\u00bbtrue\u00bb collapsible_all=\u00bbtrue\u00bb][vc_tta_section title=\u00bb\u00bfQu\u00e9 horario tiene el Fondo Antiguo?\u00bb tab_id=\u00bb1685694768202-85f3d85f-ce16&#8243;][vc_column_text]De lunes a viernes de 8:00 a 14:45&#8230;<\/p>\n","protected":false},"author":8,"featured_media":0,"parent":0,"menu_order":0,"comment_status":"closed","ping_status":"closed","template":"templates\/template-frontpage.php","meta":{"footnotes":""},"class_list":["post-26","page","type-page","status-publish","hentry"],"_links":{"self":[{"href":"https:\/\/www.ull.es\/eventos\/fondo-antiguo\/wp-json\/wp\/v2\/pages\/26"}],"collection":[{"href":"https:\/\/www.ull.es\/eventos\/fondo-antiguo\/wp-json\/wp\/v2\/pages"}],"about":[{"href":"https:\/\/www.ull.es\/eventos\/fondo-antiguo\/wp-json\/wp\/v2\/types\/page"}],"author":[{"embeddable":true,"href":"https:\/\/www.ull.es\/eventos\/fondo-antiguo\/wp-json\/wp\/v2\/users\/8"}],"replies":[{"embeddable":true,"href":"https:\/\/www.ull.es\/eventos\/fondo-antiguo\/wp-json\/wp\/v2\/comments?post=26"}],"version-history":[{"count":15,"href":"https:\/\/www.ull.es\/eventos\/fondo-antiguo\/wp-json\/wp\/v2\/pages\/26\/revisions"}],"predecessor-version":[{"id":683,"href":"https:\/\/www.ull.es\/eventos\/fondo-antiguo\/wp-json\/wp\/v2\/pages\/26\/revisions\/683"}],"wp:attachment":[{"href":"https:\/\/www.ull.es\/eventos\/fondo-antiguo\/wp-json\/wp\/v2\/media?parent=26"}],"curies":[{"name":"wp","href":"https:\/\/api.w.org\/{rel}","templated":true}]}}