{"id":30,"date":"2019-05-07T15:37:44","date_gmt":"2019-05-07T13:37:44","guid":{"rendered":"http:\/\/www.ull.es\/eventos\/fondo-antiguo\/?page_id=30"},"modified":"2025-06-12T15:39:43","modified_gmt":"2025-06-12T13:39:43","slug":"incunables","status":"publish","type":"page","link":"https:\/\/www.ull.es\/eventos\/fondo-antiguo\/incunables\/","title":{"rendered":"Incunables"},"content":{"rendered":"<p>[vc_row full_width=\u00bbstretch_row\u00bb css=\u00bb.vc_custom_1651236859323{background-position: center !important;background-repeat: no-repeat !important;background-size: cover !important;}\u00bb][vc_column][vc_empty_space][vc_single_image image=\u00bb791&#8243; img_size=\u00bbfull\u00bb][vc_empty_space height=\u00bb64px\u00bb][vc_raw_html]JTNDaDElMjBjbGFzcyUzRCUyMnRpdHVsby1wYWdpbmElMjIlM0VJbmN1bmFibGVzJTNDJTJGaDElM0U=[\/vc_raw_html][\/vc_column][\/vc_row][vc_row equal_height=\u00bbyes\u00bb][vc_column width=\u00bb2\/3&#8243;][vc_column_text]<\/p>\n<div id=\"content\" class=\"site-content\">\n<div id=\"primary\" class=\"content-area\">\n<article id=\"post-26\" class=\"post-26 page type-page status-publish hentry\" target=\"_blank\" rel=\"noopener\">\n<div class=\"entry-content\">\n<p>La Biblioteca Universitaria\u00a0dispone de 23 incunables: cinco impresos en Espa\u00f1a, diez en Italia, cuatro en Alemania, tres en Francia y uno en Suiza. La mayor\u00eda de ellos son de tem\u00e1tica religiosa, otros son de filosof\u00eda o historia y s\u00f3lo uno pertenece al \u00e1mbito literario. Trece de ellos tienen grabados y \u00fanicamente dos tienen decoradas a mano las letras capitales.<\/p>\n<p><img loading=\"lazy\" decoding=\"async\" class=\"alignright wp-image-689 size-half\" src=\"http:\/\/www.ull.es\/eventos\/fondo-antiguo\/wp-content\/uploads\/sites\/9\/2023\/06\/BULL.INC_.16-h.9-Sybilla-Erithea-375x519.png\" alt=\"\" width=\"375\" height=\"519\" srcset=\"https:\/\/www.ull.es\/eventos\/fondo-antiguo\/wp-content\/uploads\/sites\/9\/2023\/06\/BULL.INC_.16-h.9-Sybilla-Erithea-375x519.png 375w, https:\/\/www.ull.es\/eventos\/fondo-antiguo\/wp-content\/uploads\/sites\/9\/2023\/06\/BULL.INC_.16-h.9-Sybilla-Erithea-217x300.png 217w, https:\/\/www.ull.es\/eventos\/fondo-antiguo\/wp-content\/uploads\/sites\/9\/2023\/06\/BULL.INC_.16-h.9-Sybilla-Erithea-740x1024.png 740w, https:\/\/www.ull.es\/eventos\/fondo-antiguo\/wp-content\/uploads\/sites\/9\/2023\/06\/BULL.INC_.16-h.9-Sybilla-Erithea-768x1063.png 768w, https:\/\/www.ull.es\/eventos\/fondo-antiguo\/wp-content\/uploads\/sites\/9\/2023\/06\/BULL.INC_.16-h.9-Sybilla-Erithea-750x1038.png 750w, https:\/\/www.ull.es\/eventos\/fondo-antiguo\/wp-content\/uploads\/sites\/9\/2023\/06\/BULL.INC_.16-h.9-Sybilla-Erithea.png 1100w\" sizes=\"(max-width: 375px) 100vw, 375px\" \/>Destacan por su rareza el\u00a0<a href=\"http:\/\/absysnet.bbtk.ull.es\/cgi-bin\/abnetopac?TITN=295982\" target=\"_blank\" rel=\"noopener\" target=\"_blank\" rel=\"noopener\"><em>Discordantiae sanctorum doctorum Hieronymi et Augustini. Sybillarum et gentilium de Christo vaticina\u00a0<\/em><\/a>de Philippus de Barberiis, impreso en Roma en 1481, del que se conoce s\u00f3lo este ejemplar en Espa\u00f1a. El\u00a0<a href=\"https:\/\/absysnet.bbtk.ull.es\/cgi-bin\/abnetopac?TITN=224054\" target=\"_blank\" rel=\"noopener\" target=\"_blank\" rel=\"noopener\"><em>Chirurgia, vel inventarium seu collectorium in parte chirurgicali medicinae<\/em><\/a>\u00a0de Guido de Cauliaco, incunable sevillano de 1498, del que s\u00f3lo se conservan tres ejemplares en Espa\u00f1a, con ilustraciones curiosas de instrumentos quir\u00fargicos.<\/p>\n<p>Por su encuadernaci\u00f3n sobresale el\u00a0<a href=\"http:\/\/absysnet.bbtk.ull.es\/cgi-bin\/abnetopac?TITN=296051\" target=\"_blank\" rel=\"noopener\" target=\"_blank\" rel=\"noopener\"><em>Libro della divina dottrina<\/em><\/a>\u00a0de Santa Catalina de Siena, impreso en Brixia en 1496, con una sencilla encuadernaci\u00f3n sobre tabla de estilo mud\u00e9jar.<\/p>\n<p>Todos ellos se pueden consultar en el cat\u00e1logo automatizado y se han digitalizado dentro de <a href=\"https:\/\/hermes.bbtk.ull.es\/index.vm?view=biblioteca&amp;lang=es\" target=\"_blank\" rel=\"noopener\" target=\"_blank\" rel=\"noopener\">Mares\u00eda<\/a><em>\u00a0<\/em>aquellas ediciones que no estaban reproducidas por otras instituciones.<\/p>\n<\/div>\n<\/article>\n<\/div>\n<\/div>\n<footer id=\"colophon\" class=\"site-footer\" role=\"contentinfo\">\n<section class=\"pie footer-left-widget\"><\/section>\n<section class=\"pie footer-center-widget\"><\/section>\n<section class=\"pie footer-right-widget\"><\/section>\n<\/footer>\n<p>[\/vc_column_text][\/vc_column][vc_column width=\u00bb1\/3&#8243;][\/vc_column][\/vc_row]<\/p>\n","protected":false},"excerpt":{"rendered":"<p>[vc_row full_width=\u00bbstretch_row\u00bb css=\u00bb.vc_custom_1651236859323{background-position: center !important;background-repeat: no-repeat !important;background-size: cover !important;}\u00bb][vc_column][vc_empty_space][vc_single_image image=\u00bb791&#8243; img_size=\u00bbfull\u00bb][vc_empty_space height=\u00bb64px\u00bb][vc_raw_html]JTNDaDElMjBjbGFzcyUzRCUyMnRpdHVsby1wYWdpbmElMjIlM0VJbmN1bmFibGVzJTNDJTJGaDElM0U=[\/vc_raw_html][\/vc_column][\/vc_row][vc_row equal_height=\u00bbyes\u00bb][vc_column width=\u00bb2\/3&#8243;][vc_column_text] La Biblioteca Universitaria\u00a0dispone de 23 incunables: cinco impresos en Espa\u00f1a, diez en Italia, cuatro en Alemania, tres en Francia y uno en Suiza. La mayor\u00eda de ellos son de tem\u00e1tica religiosa, otros son de filosof\u00eda o historia y s\u00f3lo uno pertenece&#8230;<\/p>\n","protected":false},"author":8,"featured_media":0,"parent":0,"menu_order":0,"comment_status":"closed","ping_status":"closed","template":"templates\/template-frontpage.php","meta":{"footnotes":""},"class_list":["post-30","page","type-page","status-publish","hentry"],"_links":{"self":[{"href":"https:\/\/www.ull.es\/eventos\/fondo-antiguo\/wp-json\/wp\/v2\/pages\/30"}],"collection":[{"href":"https:\/\/www.ull.es\/eventos\/fondo-antiguo\/wp-json\/wp\/v2\/pages"}],"about":[{"href":"https:\/\/www.ull.es\/eventos\/fondo-antiguo\/wp-json\/wp\/v2\/types\/page"}],"author":[{"embeddable":true,"href":"https:\/\/www.ull.es\/eventos\/fondo-antiguo\/wp-json\/wp\/v2\/users\/8"}],"replies":[{"embeddable":true,"href":"https:\/\/www.ull.es\/eventos\/fondo-antiguo\/wp-json\/wp\/v2\/comments?post=30"}],"version-history":[{"count":13,"href":"https:\/\/www.ull.es\/eventos\/fondo-antiguo\/wp-json\/wp\/v2\/pages\/30\/revisions"}],"predecessor-version":[{"id":1021,"href":"https:\/\/www.ull.es\/eventos\/fondo-antiguo\/wp-json\/wp\/v2\/pages\/30\/revisions\/1021"}],"wp:attachment":[{"href":"https:\/\/www.ull.es\/eventos\/fondo-antiguo\/wp-json\/wp\/v2\/media?parent=30"}],"curies":[{"name":"wp","href":"https:\/\/api.w.org\/{rel}","templated":true}]}}