{"id":32,"date":"2019-05-07T15:38:18","date_gmt":"2019-05-07T13:38:18","guid":{"rendered":"http:\/\/www.ull.es\/eventos\/fondo-antiguo\/?page_id=32"},"modified":"2023-06-26T13:12:21","modified_gmt":"2023-06-26T11:12:21","slug":"libros-raros","status":"publish","type":"page","link":"https:\/\/www.ull.es\/eventos\/fondo-antiguo\/libros-raros\/","title":{"rendered":"Libros raros"},"content":{"rendered":"<p>[vc_row full_width=\u00bbstretch_row\u00bb css=\u00bb.vc_custom_1651237506496{background-position: center !important;background-repeat: no-repeat !important;background-size: cover !important;}\u00bb][vc_column][vc_empty_space][vc_single_image image=\u00bb791&#8243; img_size=\u00bbfull\u00bb][vc_empty_space height=\u00bb64px\u00bb][vc_raw_html]JTNDaDElMjBjbGFzcyUzRCUyMnRpdHVsby1wYWdpbmElMjIlM0VMaWJyb3MlMjByYXJvcyUzQyUyRmgxJTNF[\/vc_raw_html][\/vc_column][\/vc_row][vc_row equal_height=\u00bbyes\u00bb][vc_column width=\u00bb2\/3&#8243;][vc_column_text]<\/p>\n<div class=\"entry-content\">\n<p>La Biblioteca posee una colecci\u00f3n de libros \u00abraros\u00bb o curiosos de los m\u00e1s variados contenidos. Entre las obras religiosas se puede se\u00f1alar la conocida como\u00a0<a href=\"http:\/\/absysnet.bbtk.ull.es\/cgi-bin\/abnetopac01?TITN=389428\" target=\"_blank\" rel=\"noopener\" target=\"_blank\" rel=\"noopener\"><em>Biblia del Oso<\/em>\u00a0<\/a>impresa en Basilea por Tom\u00e1s Guarino en 1569, primera traducci\u00f3n directa de los textos griegos y hebreos al espa\u00f1ol de las Sagradas Escrituras y obra de gran influencia en la difusi\u00f3n de las ideas protestantes. Este ejemplar es la variante de la edici\u00f3n de 1569 en cuya portada aparece \u00a0un pegaso y consta el pie de imprenta de Daniel y Aubry y Clemens Schleich, fechado en 1622.<a href=\"http:\/\/www.ull.es\/eventos\/fondo-antiguo\/wp-content\/uploads\/sites\/9\/2023\/06\/Mundo-simbo\u0301lico.jpg\" target=\"_blank\" rel=\"noopener\"><img loading=\"lazy\" decoding=\"async\" class=\"alignright wp-image-732 size-half\" src=\"http:\/\/www.ull.es\/eventos\/fondo-antiguo\/wp-content\/uploads\/sites\/9\/2023\/06\/Mundo-simbo\u0301lico-375x576.jpg\" alt=\"\" width=\"375\" height=\"576\" srcset=\"https:\/\/www.ull.es\/eventos\/fondo-antiguo\/wp-content\/uploads\/sites\/9\/2023\/06\/Mundo-simbo\u0301lico-375x576.jpg 375w, https:\/\/www.ull.es\/eventos\/fondo-antiguo\/wp-content\/uploads\/sites\/9\/2023\/06\/Mundo-simbo\u0301lico-195x300.jpg 195w, https:\/\/www.ull.es\/eventos\/fondo-antiguo\/wp-content\/uploads\/sites\/9\/2023\/06\/Mundo-simbo\u0301lico.jpg 538w\" sizes=\"(max-width: 375px) 100vw, 375px\" \/><\/a>Entre las obras cient\u00edficas cabe destacar la edici\u00f3n pr\u00edncipe de\u00a0<em>L\u2019Encyclop<\/em><i>\u00e9die ou <\/i><em>Dictionnaire raisonn\u00e9 des sciences, des arts et des m\u00e9tiers<\/em>, impresa en Par\u00eds entre 1751 y 1780.\u00a0La obra consta de diecisiete vol\u00famenes de texto y once vol\u00famenes de l\u00e1minas y fue donada en 1855 por Crist\u00f3bal Salazar, Conde del Valle Salazar, salv\u00e1ndose de la destrucci\u00f3n inquisitorial.<\/p>\n<p>En cuanto a las obras de contenido hist\u00f3rico se puede rese\u00f1ar la edici\u00f3n pr\u00edncipe de las <a href=\"http:\/\/absysnet.bbtk.ull.es\/cgi-bin\/abnetopac?TITN=326571\" target=\"_blank\" rel=\"noopener\" target=\"_blank\" rel=\"noopener\"><em>Antig\u00fcedades de las Islas Afortunadas<\/em><\/a>\u00a0de Antonio de Viana, tambi\u00e9n conocida como el <em>Poema de Viana,<\/em> impreso en Sevilla en 1604 y que es, adem\u00e1s, una de las piezas clave de la tradici\u00f3n literaria del Archipi\u00e9lago, \u00fanico ejemplar completo que se conserva en Espa\u00f1a.<\/p>\n<p>Entre los impresos curiosos se puede mencionar el tratado del monje mercedario Pablo Cecina Rica y Vergel titulado <a href=\"http:\/\/absysnet.bbtk.ull.es\/cgi-bin\/abnetopac?TITN=519267\" target=\"_blank\" rel=\"noopener\" target=\"_blank\" rel=\"noopener\"><i>M\u00e9dula eutrop\u00e9lica calculatoria que ense\u00f1a a jugar a las damas con espada y broquel<\/i><\/a>, impreso en Sevilla en la imprenta de los Recientes hacia 1725, que es un manual de todo lo sabido hasta el momento sobre el juego de las damas, y que rectifica los publicados anteriormente por Canalejas y por Garcez. Tambi\u00e9n, la <a href=\"http:\/\/absysnet.bbtk.ull.es\/cgi-bin\/abnetopac?TITN=356526\" target=\"_blank\" rel=\"noopener\" target=\"_blank\" rel=\"noopener\"><i>Colecci\u00f3n de diferentes escritos relativos al cortejo<\/i><\/a><i>,<\/i> peque\u00f1o tratado del protegido del Marqu\u00e9s de la Ensenada, Jos\u00e9 Luis Vel\u00e1zquez, marqu\u00e9s de Valdeflores, publicado en Madrid por Manuel Mart\u00edn en 1764, que, adem\u00e1s, incluye el librito titulado <i>Elementos del cortejo para uso de damas principiantes<\/i> escrito por Cayetano Sixto Garc\u00eda e impreso en Madrid en 1763, tambi\u00e9n prohibido por la Inquisici\u00f3n.Y otra obra de la que se conocen muy pocos ejemplares es el delicioso tratado de baile titulado <a href=\"https:\/\/www.ull.es\/eventos\/fondo-antiguo\/como-no-ser-la-burla-en-los-saraos\/\" target=\"_blank\" rel=\"noopener\" target=\"_blank\" rel=\"noopener\"><i>Reglas \u00fatiles para los aficionados a danzar<\/i><\/a> de Bartolom\u00e9 Ferriol y Boxeraux, impreso en Capua por Giuseppe Testore Capua en 1745.<\/p>\n<\/div>\n<p>[\/vc_column_text][\/vc_column][vc_column width=\u00bb1\/3&#8243;][\/vc_column][\/vc_row]<\/p>\n","protected":false},"excerpt":{"rendered":"<p>[vc_row full_width=\u00bbstretch_row\u00bb css=\u00bb.vc_custom_1651237506496{background-position: center !important;background-repeat: no-repeat !important;background-size: cover !important;}\u00bb][vc_column][vc_empty_space][vc_single_image image=\u00bb791&#8243; img_size=\u00bbfull\u00bb][vc_empty_space height=\u00bb64px\u00bb][vc_raw_html]JTNDaDElMjBjbGFzcyUzRCUyMnRpdHVsby1wYWdpbmElMjIlM0VMaWJyb3MlMjByYXJvcyUzQyUyRmgxJTNF[\/vc_raw_html][\/vc_column][\/vc_row][vc_row equal_height=\u00bbyes\u00bb][vc_column width=\u00bb2\/3&#8243;][vc_column_text] La Biblioteca posee una colecci\u00f3n de libros \u00abraros\u00bb o curiosos de los m\u00e1s variados contenidos. Entre las obras religiosas se puede se\u00f1alar la conocida como\u00a0Biblia del Oso\u00a0impresa en Basilea por Tom\u00e1s Guarino en 1569, primera traducci\u00f3n directa de los textos griegos&#8230;<\/p>\n","protected":false},"author":8,"featured_media":0,"parent":0,"menu_order":0,"comment_status":"closed","ping_status":"closed","template":"templates\/template-frontpage.php","meta":{"footnotes":""},"class_list":["post-32","page","type-page","status-publish","hentry"],"_links":{"self":[{"href":"https:\/\/www.ull.es\/eventos\/fondo-antiguo\/wp-json\/wp\/v2\/pages\/32"}],"collection":[{"href":"https:\/\/www.ull.es\/eventos\/fondo-antiguo\/wp-json\/wp\/v2\/pages"}],"about":[{"href":"https:\/\/www.ull.es\/eventos\/fondo-antiguo\/wp-json\/wp\/v2\/types\/page"}],"author":[{"embeddable":true,"href":"https:\/\/www.ull.es\/eventos\/fondo-antiguo\/wp-json\/wp\/v2\/users\/8"}],"replies":[{"embeddable":true,"href":"https:\/\/www.ull.es\/eventos\/fondo-antiguo\/wp-json\/wp\/v2\/comments?post=32"}],"version-history":[{"count":18,"href":"https:\/\/www.ull.es\/eventos\/fondo-antiguo\/wp-json\/wp\/v2\/pages\/32\/revisions"}],"predecessor-version":[{"id":833,"href":"https:\/\/www.ull.es\/eventos\/fondo-antiguo\/wp-json\/wp\/v2\/pages\/32\/revisions\/833"}],"wp:attachment":[{"href":"https:\/\/www.ull.es\/eventos\/fondo-antiguo\/wp-json\/wp\/v2\/media?parent=32"}],"curies":[{"name":"wp","href":"https:\/\/api.w.org\/{rel}","templated":true}]}}