{"id":36,"date":"2019-05-07T15:39:56","date_gmt":"2019-05-07T13:39:56","guid":{"rendered":"http:\/\/www.ull.es\/eventos\/fondo-antiguo\/?page_id=36"},"modified":"2023-06-26T12:36:59","modified_gmt":"2023-06-26T10:36:59","slug":"impresos-del-s-xvii-xviii","status":"publish","type":"page","link":"https:\/\/www.ull.es\/eventos\/fondo-antiguo\/impresos-del-s-xvii-xviii\/","title":{"rendered":"Impresos de los siglos XVII-XVIII"},"content":{"rendered":"<p>[vc_row full_width=\u00bbstretch_row\u00bb css=\u00bb.vc_custom_1651236665764{background-position: center !important;background-repeat: no-repeat !important;background-size: cover !important;}\u00bb][vc_column][vc_empty_space][vc_single_image image=\u00bb791&#8243; img_size=\u00bbfull\u00bb][vc_empty_space height=\u00bb64px\u00bb][vc_raw_html]JTNDaDElMjBjbGFzcyUzRCUyMnRpdHVsby1wYWdpbmElMjIlM0VJbXByZXNvcyUyMGRlJTIwbG9zJTIwc2lnbG9zJTIwWFZJSS1YVklJSSUzQyUyRmgxJTNF[\/vc_raw_html][\/vc_column][\/vc_row][vc_row equal_height=\u00bbyes\u00bb][vc_column width=\u00bb2\/3&#8243;][vc_column_text]<\/p>\n<div id=\"content\" class=\"site-content\">\n<div id=\"primary\" class=\"content-area\">\n<article id=\"post-26\" class=\"post-26 page type-page status-publish hentry\" target=\"_blank\" rel=\"noopener\">\n<div class=\"entry-content\">\n<p>La colecci\u00f3n de impresos de los siglos XVII y XVIII est\u00e1 compuesta aproximadamente por unos doce mil vol\u00famenes de obras religiosas, cient\u00edficas y literarias, impresas en los m\u00e1s importantes talleres europeos y americanos. En ella se integran notables bibliotecas personales como las de Antonio Mar\u00eda de Lugo-Vi\u00f1a y Molina, dignidad de la Catedral de Las Palmas de Gran Canaria o la de Fernando de la Guerra, ilustrado canario perteneciente a la Tertulia de Nava.<\/p>\n<p><img loading=\"lazy\" decoding=\"async\" class=\"wp-image-695 size-medium alignright\" src=\"http:\/\/www.ull.es\/eventos\/fondo-antiguo\/wp-content\/uploads\/sites\/9\/2023\/06\/Cavanilles-Plantas-230x300.jpg\" alt=\"\" width=\"230\" height=\"300\" srcset=\"https:\/\/www.ull.es\/eventos\/fondo-antiguo\/wp-content\/uploads\/sites\/9\/2023\/06\/Cavanilles-Plantas-230x300.jpg 230w, https:\/\/www.ull.es\/eventos\/fondo-antiguo\/wp-content\/uploads\/sites\/9\/2023\/06\/Cavanilles-Plantas-786x1024.jpg 786w, https:\/\/www.ull.es\/eventos\/fondo-antiguo\/wp-content\/uploads\/sites\/9\/2023\/06\/Cavanilles-Plantas-768x1001.jpg 768w, https:\/\/www.ull.es\/eventos\/fondo-antiguo\/wp-content\/uploads\/sites\/9\/2023\/06\/Cavanilles-Plantas-375x489.jpg 375w, https:\/\/www.ull.es\/eventos\/fondo-antiguo\/wp-content\/uploads\/sites\/9\/2023\/06\/Cavanilles-Plantas-750x977.jpg 750w, https:\/\/www.ull.es\/eventos\/fondo-antiguo\/wp-content\/uploads\/sites\/9\/2023\/06\/Cavanilles-Plantas.jpg 1000w\" sizes=\"(max-width: 230px) 100vw, 230px\" \/><\/p>\n<p>Entre las obras que se custodian cabe destacar la <a href=\"http:\/\/absysnet.bbtk.ull.es\/cgi-bin\/abnetopac?TITN=489838\" target=\"_blank\" rel=\"noopener\"><i>Conjuraci\u00f3n de Catilina<\/i><\/a>, impresa por Joaqu\u00edn Ibarra en 1772 y considerado el mejor libro impreso en Espa\u00f1a en el siglo XVIII, el ejemplar procede de la biblioteca de Antonio Pascual de Borb\u00f3n, hermano de Carlos IV y conserva una preciosa encuadernaci\u00f3n neocl\u00e1sica.<\/p>\n<p>Otras obras como \u00a0<a href=\"https:\/\/www.ull.es\/eventos\/fondo-antiguo\/la-cara-como-espejo-del-alma\/\" target=\"_blank\" rel=\"noopener\"><i>Ritratti et elogii di capitani illustri che ne\u2019 secoli moderni hanno gloriosamente guerreggiato<\/i><\/a>, impreso en Roma por Mascardi en 1646 o una Biblia luterana impresa en Altdorf en <a href=\"https:\/\/absysnet.bbtk.ull.es\/cgi-bin\/abnetopac?TITN=569329\" target=\"_blank\" rel=\"noopener\">1751<\/a>, otra <a href=\"https:\/\/www.ull.es\/eventos\/fondo-antiguo\/un-claude-mellan-en-la-biblioteca\/\" target=\"_blank\" rel=\"noopener\">griega<\/a> impresa en Par\u00eds en 1642 con un precioso frontispicio de Claude Mellan y otra impresa en Oxford en <a href=\"https:\/\/absysnet.bbtk.ull.es\/cgi-bin\/abnetopac?TITN=527241\" target=\"_blank\" rel=\"noopener\">1772<\/a>, as\u00ed como la <a href=\"https:\/\/www.ull.es\/eventos\/fondo-antiguo\/una-biblia-sefardi\/\" target=\"_blank\" rel=\"noopener\">Biblia sefard\u00ed<\/a> publicada en Amsterdam en 1762.<\/p>\n<p>La colecci\u00f3n est\u00e1 en proceso de catalogaci\u00f3n automatizada, pero se dispone de un cat\u00e1logo manual para su consulta.<\/p>\n<p>La biblioteca re\u00fane adem\u00e1s una importante colecci\u00f3n de primeros impresos canarios, as\u00ed como la primera publicaci\u00f3n peri\u00f3dica publicada en las Islas, el <a href=\"http:\/\/absysnet.bbtk.ull.es\/cgi-bin\/abnetopac?TITN=352180\" target=\"_blank\" rel=\"noopener\"><i>Semanario Enciclop\u00e9dico Elementar<\/i><\/a> de Amat y Tortosa.<\/p>\n<p>Entre las publicaciones peri\u00f3dicas impresas fuera del archipi\u00e9lago pueden rese\u00f1arse el <a href=\"http:\/\/absysnet.bbtk.ull.es\/cgi-bin\/abnetopac?TITN=489741\" target=\"_blank\" rel=\"noopener\"><i>Calendario manual y gu\u00eda de forasteros en Madrid<\/i><\/a><i>,<\/i> algunos de sus vol\u00famenes poseen cuidadas encuadernaciones art\u00edsticas o <a href=\"http:\/\/absysnet.bbtk.ull.es\/cgi-bin\/abnetopac?TITN=286377\" target=\"_blank\" rel=\"noopener\"><i>The Spectator<\/i><\/a> 1711-1712, del que se conserva una edici\u00f3n inglesa y otra holandesa.<\/p>\n<\/div>\n<\/article>\n<\/div>\n<\/div>\n<footer id=\"colophon\" class=\"site-footer\" role=\"contentinfo\">\n<section class=\"pie footer-left-widget\"><\/section>\n<section class=\"pie footer-center-widget\"><\/section>\n<section class=\"pie footer-right-widget\"><\/section>\n<\/footer>\n<p>[\/vc_column_text][\/vc_column][vc_column width=\u00bb1\/3&#8243;][\/vc_column][\/vc_row]<\/p>\n","protected":false},"excerpt":{"rendered":"<p>[vc_row full_width=\u00bbstretch_row\u00bb css=\u00bb.vc_custom_1651236665764{background-position: center !important;background-repeat: no-repeat !important;background-size: cover !important;}\u00bb][vc_column][vc_empty_space][vc_single_image image=\u00bb791&#8243; img_size=\u00bbfull\u00bb][vc_empty_space height=\u00bb64px\u00bb][vc_raw_html]JTNDaDElMjBjbGFzcyUzRCUyMnRpdHVsby1wYWdpbmElMjIlM0VJbXByZXNvcyUyMGRlJTIwbG9zJTIwc2lnbG9zJTIwWFZJSS1YVklJSSUzQyUyRmgxJTNF[\/vc_raw_html][\/vc_column][\/vc_row][vc_row equal_height=\u00bbyes\u00bb][vc_column width=\u00bb2\/3&#8243;][vc_column_text] La colecci\u00f3n de impresos de los siglos XVII y XVIII est\u00e1 compuesta aproximadamente por unos doce mil vol\u00famenes de obras religiosas, cient\u00edficas y literarias, impresas en los m\u00e1s importantes talleres europeos y americanos. En ella se integran notables bibliotecas personales como&#8230;<\/p>\n","protected":false},"author":8,"featured_media":0,"parent":0,"menu_order":0,"comment_status":"closed","ping_status":"closed","template":"templates\/template-no-title.php","meta":{"footnotes":""},"class_list":["post-36","page","type-page","status-publish","hentry"],"_links":{"self":[{"href":"https:\/\/www.ull.es\/eventos\/fondo-antiguo\/wp-json\/wp\/v2\/pages\/36"}],"collection":[{"href":"https:\/\/www.ull.es\/eventos\/fondo-antiguo\/wp-json\/wp\/v2\/pages"}],"about":[{"href":"https:\/\/www.ull.es\/eventos\/fondo-antiguo\/wp-json\/wp\/v2\/types\/page"}],"author":[{"embeddable":true,"href":"https:\/\/www.ull.es\/eventos\/fondo-antiguo\/wp-json\/wp\/v2\/users\/8"}],"replies":[{"embeddable":true,"href":"https:\/\/www.ull.es\/eventos\/fondo-antiguo\/wp-json\/wp\/v2\/comments?post=36"}],"version-history":[{"count":11,"href":"https:\/\/www.ull.es\/eventos\/fondo-antiguo\/wp-json\/wp\/v2\/pages\/36\/revisions"}],"predecessor-version":[{"id":503,"href":"https:\/\/www.ull.es\/eventos\/fondo-antiguo\/wp-json\/wp\/v2\/pages\/36\/revisions\/503"}],"wp:attachment":[{"href":"https:\/\/www.ull.es\/eventos\/fondo-antiguo\/wp-json\/wp\/v2\/media?parent=36"}],"curies":[{"name":"wp","href":"https:\/\/api.w.org\/{rel}","templated":true}]}}