{"id":38,"date":"2019-05-07T15:40:25","date_gmt":"2019-05-07T13:40:25","guid":{"rendered":"http:\/\/www.ull.es\/eventos\/fondo-antiguo\/?page_id=38"},"modified":"2023-06-26T12:38:04","modified_gmt":"2023-06-26T10:38:04","slug":"impresos-del-siglo-xix","status":"publish","type":"page","link":"https:\/\/www.ull.es\/eventos\/fondo-antiguo\/impresos-del-siglo-xix\/","title":{"rendered":"Impresos del siglo XIX"},"content":{"rendered":"<p>[vc_row full_width=\u00bbstretch_row\u00bb css=\u00bb.vc_custom_1651236739054{background-position: center !important;background-repeat: no-repeat !important;background-size: cover !important;}\u00bb][vc_column][vc_empty_space][vc_single_image image=\u00bb791&#8243; img_size=\u00bbfull\u00bb css=\u00bb.vc_custom_1687775851385{background-position: center !important;background-repeat: no-repeat !important;background-size: cover !important;}\u00bb][vc_empty_space height=\u00bb64px\u00bb][vc_raw_html]JTNDaDElMjBjbGFzcyUzRCUyMnRpdHVsby1wYWdpbmElMjIlM0VJbXByZXNvcyUyMGRlbCUyMHNpZ2xvJTIwWElYJTNDJTJGaDElM0U=[\/vc_raw_html][\/vc_column][\/vc_row][vc_row equal_height=\u00bbyes\u00bb][vc_column width=\u00bb2\/3&#8243;][vc_column_text]<\/p>\n<div id=\"content\" class=\"site-content\">\n<div id=\"primary\" class=\"content-area\">\n<article id=\"post-26\" class=\"post-26 page type-page status-publish hentry\" target=\"_blank\" rel=\"noopener\">\n<div class=\"entry-content\">\n<p>La biblioteca re\u00fane una colecci\u00f3n de aproximadamente ocho mil vol\u00famenes de obras impresas en el siglo XIX tanto en Espa\u00f1a como en el resto del mundo.<\/p>\n<p><img loading=\"lazy\" decoding=\"async\" class=\"alignleft wp-image-699 size-full-content\" src=\"http:\/\/www.ull.es\/eventos\/fondo-antiguo\/wp-content\/uploads\/sites\/9\/2023\/06\/RCAN-14_fig.-11-750x461.jpg\" alt=\"\" width=\"750\" height=\"461\" srcset=\"https:\/\/www.ull.es\/eventos\/fondo-antiguo\/wp-content\/uploads\/sites\/9\/2023\/06\/RCAN-14_fig.-11-750x461.jpg 750w, https:\/\/www.ull.es\/eventos\/fondo-antiguo\/wp-content\/uploads\/sites\/9\/2023\/06\/RCAN-14_fig.-11-300x184.jpg 300w, https:\/\/www.ull.es\/eventos\/fondo-antiguo\/wp-content\/uploads\/sites\/9\/2023\/06\/RCAN-14_fig.-11-768x472.jpg 768w, https:\/\/www.ull.es\/eventos\/fondo-antiguo\/wp-content\/uploads\/sites\/9\/2023\/06\/RCAN-14_fig.-11-375x230.jpg 375w, https:\/\/www.ull.es\/eventos\/fondo-antiguo\/wp-content\/uploads\/sites\/9\/2023\/06\/RCAN-14_fig.-11.jpg 900w\" sizes=\"(max-width: 750px) 100vw, 750px\" \/>Entre las obras m\u00e1s significativas se pueden enumerar la <a href=\"http:\/\/absysnet.bbtk.ull.es\/cgi-bin\/abnetopac?TITN=411604\" target=\"_blank\" rel=\"noopener\" target=\"_blank\" rel=\"noopener\"><i>Divina Comedia<\/i><\/a> de Dante y el <a href=\"http:\/\/absysnetweb.bbtk.ull.es\/cgi-bin\/abnetopac?TITN=412598\" target=\"_blank\" rel=\"noopener\" target=\"_blank\" rel=\"noopener\"><i>Para\u00edso perdido<\/i><\/a> de Milton, ambas ilustrada por Gustavo Dor\u00e9, o los textos de importantes cient\u00edficos y viajeros que recogieron sus periplos por las islas como Philippe Barker Web y Sabin Berthelot en la <a href=\"http:\/\/absysnet.bbtk.ull.es\/cgi-bin\/abnetopac?TITN=242271\" target=\"_blank\" rel=\"noopener\" target=\"_blank\" rel=\"noopener\"><i>Histoire naturelle des \u00eeles Canaries<\/i> <\/a>(Par\u00eds, 1833-1844), con preciosos grabados del Archipi\u00e9lago,\u00a0 o la obra acerca de la teor\u00eda electrofisiol\u00f3gica y de los impulsos nerviosos,\u00a0 <a href=\"https:\/\/www.ull.es\/eventos\/fondo-antiguo\/el-misterio-del-cuerpo-y-la-chispa-de-la-vida\/\" target=\"_blank\" rel=\"noopener\" target=\"_blank\" rel=\"noopener\"><i>Opere edite ed inedite del professore Luigi Galvani\u00a0 raccolte e publicate per cura dell\u2019Accademia delle scienze dell\u2019Istituto di Bologn<\/i>a<\/a>, publicado en Bolonia en 1841.<\/p>\n<p>Este fue el siglo del gran desarrollo de las publicaciones peri\u00f3dicas. De ellas se conservan\u00a0<em><a href=\"http:\/\/absysnet.bbtk.ull.es\/cgi-bin\/abnetopac?TITN=447187\" target=\"_blank\" rel=\"noopener\" target=\"_blank\" rel=\"noopener\">The Illustrated London News\u00a0<\/a><\/em>y una importante colecci\u00f3n de revistas y peri\u00f3dicos canarios entre los que destacan<em><a href=\"http:\/\/absysnet.bbtk.ull.es\/cgi-bin\/abnetopac?TITN=291221\" target=\"_blank\" rel=\"noopener\" target=\"_blank\" rel=\"noopener\">\u00a0La\u00a0Ilustraci\u00f3n de Canarias<\/a><\/em>\u00a0(1882) y\u00a0<em><a href=\"http:\/\/absysnet.bbtk.ull.es\/cgi-bin\/abnetopac?TITN=362674\" target=\"_blank\" rel=\"noopener\" target=\"_blank\" rel=\"noopener\">El Atlante<\/a><\/em>\u00a0(1837).<\/p>\n<\/div>\n<\/article>\n<\/div>\n<\/div>\n<footer id=\"colophon\" class=\"site-footer\" role=\"contentinfo\">\n<section class=\"pie footer-left-widget\"><\/section>\n<section class=\"pie footer-center-widget\"><\/section>\n<section class=\"pie footer-right-widget\"><\/section>\n<\/footer>\n<p>[\/vc_column_text][\/vc_column][vc_column width=\u00bb1\/3&#8243;][\/vc_column][\/vc_row]<\/p>\n","protected":false},"excerpt":{"rendered":"<p>[vc_row full_width=\u00bbstretch_row\u00bb css=\u00bb.vc_custom_1651236739054{background-position: center !important;background-repeat: no-repeat !important;background-size: cover !important;}\u00bb][vc_column][vc_empty_space][vc_single_image image=\u00bb791&#8243; img_size=\u00bbfull\u00bb css=\u00bb.vc_custom_1687775851385{background-position: center !important;background-repeat: no-repeat !important;background-size: cover !important;}\u00bb][vc_empty_space height=\u00bb64px\u00bb][vc_raw_html]JTNDaDElMjBjbGFzcyUzRCUyMnRpdHVsby1wYWdpbmElMjIlM0VJbXByZXNvcyUyMGRlbCUyMHNpZ2xvJTIwWElYJTNDJTJGaDElM0U=[\/vc_raw_html][\/vc_column][\/vc_row][vc_row equal_height=\u00bbyes\u00bb][vc_column width=\u00bb2\/3&#8243;][vc_column_text] La biblioteca re\u00fane una colecci\u00f3n de aproximadamente ocho mil vol\u00famenes de obras impresas en el siglo XIX tanto en Espa\u00f1a como en el resto del mundo. Entre las obras m\u00e1s significativas se pueden enumerar&#8230;<\/p>\n","protected":false},"author":8,"featured_media":0,"parent":0,"menu_order":0,"comment_status":"closed","ping_status":"closed","template":"templates\/template-frontpage.php","meta":{"footnotes":""},"class_list":["post-38","page","type-page","status-publish","hentry"],"_links":{"self":[{"href":"https:\/\/www.ull.es\/eventos\/fondo-antiguo\/wp-json\/wp\/v2\/pages\/38"}],"collection":[{"href":"https:\/\/www.ull.es\/eventos\/fondo-antiguo\/wp-json\/wp\/v2\/pages"}],"about":[{"href":"https:\/\/www.ull.es\/eventos\/fondo-antiguo\/wp-json\/wp\/v2\/types\/page"}],"author":[{"embeddable":true,"href":"https:\/\/www.ull.es\/eventos\/fondo-antiguo\/wp-json\/wp\/v2\/users\/8"}],"replies":[{"embeddable":true,"href":"https:\/\/www.ull.es\/eventos\/fondo-antiguo\/wp-json\/wp\/v2\/comments?post=38"}],"version-history":[{"count":10,"href":"https:\/\/www.ull.es\/eventos\/fondo-antiguo\/wp-json\/wp\/v2\/pages\/38\/revisions"}],"predecessor-version":[{"id":824,"href":"https:\/\/www.ull.es\/eventos\/fondo-antiguo\/wp-json\/wp\/v2\/pages\/38\/revisions\/824"}],"wp:attachment":[{"href":"https:\/\/www.ull.es\/eventos\/fondo-antiguo\/wp-json\/wp\/v2\/media?parent=38"}],"curies":[{"name":"wp","href":"https:\/\/api.w.org\/{rel}","templated":true}]}}