{"id":42,"date":"2019-05-07T15:41:17","date_gmt":"2019-05-07T13:41:17","guid":{"rendered":"http:\/\/www.ull.es\/eventos\/fondo-antiguo\/?page_id=42"},"modified":"2025-06-12T15:37:01","modified_gmt":"2025-06-12T13:37:01","slug":"consulta","status":"publish","type":"page","link":"https:\/\/www.ull.es\/eventos\/fondo-antiguo\/consulta\/","title":{"rendered":"Consulta"},"content":{"rendered":"<p>[vc_row full_width=\u00bbstretch_row\u00bb css=\u00bb.vc_custom_1651231593359{background-position: center !important;background-repeat: no-repeat !important;background-size: cover !important;}\u00bb][vc_column][vc_empty_space][vc_single_image image=\u00bb791&#8243; img_size=\u00bbfull\u00bb][vc_empty_space height=\u00bb64px\u00bb][vc_raw_html]JTNDaDElMjBjbGFzcyUzRCUyMnRpdHVsby1wYWdpbmElMjIlM0VDb25zdWx0YSUzQyUyRmgxJTNF[\/vc_raw_html][\/vc_column][\/vc_row][vc_row equal_height=\u00bbyes\u00bb][vc_column width=\u00bb2\/3&#8243;][vc_column_text]<\/p>\n<div id=\"content\" class=\"site-content\">\n<div id=\"primary\" class=\"content-area\">\n<article id=\"post-26\" class=\"post-26 page type-page status-publish hentry\" target=\"_blank\" rel=\"noopener\">\n<div class=\"entry-content\">\n<p>En Fondo Antiguo se consulta en la primera planta de la Biblioteca General y de Humanidades del Campus de Guajara.<\/p>\n<p>Se consideran usuarios todos los miembros de la Comunidad Universitaria y, en general cuantos, estando interesados en la consulta de sus fondos o en la utilizaci\u00f3n de sus servicios, reciban la correspondiente autorizaci\u00f3n.<\/p>\n<p>Las personas que sean miembros de la Comunidad Universitaria (PDI, PAS o alumnado) pueden consultar el fondo presentando la tarjeta universitaria.<\/p>\n<p>Las personas que sean usuarios o investigadores externos deber\u00e1n \u00a0solicitar el carnet de lector para usuario externo y presentar:<\/p>\n<p>\u2013\u00a0Una fotograf\u00eda reciente<\/p>\n<p>\u2013\u00a0\u00a0Fotocopia del DNI<\/p>\n<p>\u2013\u00a0Aval, en impreso oficial, firmado por un profesor o PAS, que acredite al investigador.<\/p>\n<p>El impreso de solicitud se solicitar\u00e1 y entregar\u00e1, con los dem\u00e1s documentos, en el mostrador de la planta 0 de la Biblioteca General y de Humanidades del Campus de Guajara.<\/p>\n<p>Algunos fondos pueden consultarse en l\u00ednea desde <a href=\"https:\/\/hermes.bbtk.ull.es\/index.vm?view=biblioteca&amp;lang=es\" target=\"_blank\" rel=\"noopener\" target=\"_blank\" rel=\"noopener\">Mares\u00eda<\/a><em>.<\/em><\/p>\n<p>La Biblioteca dispone de\u00a0<a href=\"http:\/\/www.bbtk.ull.es\/view\/institucional\/bbtk\/PROA\/es\" target=\"_blank\" rel=\"noopener\" target=\"_blank\" rel=\"noopener\">wifi, pr\u00e9stamo de ordenadores y pr\u00e9stamo de dispositivos de memoria USB<\/a>; tambi\u00e9n se puede acceder con port\u00e1tiles.<\/p>\n<\/div>\n<\/article>\n<\/div>\n<\/div>\n<footer id=\"colophon\" class=\"site-footer\" role=\"contentinfo\">\n<section class=\"pie footer-left-widget\"><\/section>\n<section class=\"pie footer-center-widget\"><\/section>\n<section class=\"pie footer-right-widget\"><\/section>\n<\/footer>\n<p>[\/vc_column_text][\/vc_column][vc_column width=\u00bb1\/3&#8243;][\/vc_column][\/vc_row]<\/p>\n","protected":false},"excerpt":{"rendered":"<p>[vc_row full_width=\u00bbstretch_row\u00bb css=\u00bb.vc_custom_1651231593359{background-position: center !important;background-repeat: no-repeat !important;background-size: cover !important;}\u00bb][vc_column][vc_empty_space][vc_single_image image=\u00bb791&#8243; img_size=\u00bbfull\u00bb][vc_empty_space height=\u00bb64px\u00bb][vc_raw_html]JTNDaDElMjBjbGFzcyUzRCUyMnRpdHVsby1wYWdpbmElMjIlM0VDb25zdWx0YSUzQyUyRmgxJTNF[\/vc_raw_html][\/vc_column][\/vc_row][vc_row equal_height=\u00bbyes\u00bb][vc_column width=\u00bb2\/3&#8243;][vc_column_text] En Fondo Antiguo se consulta en la primera planta de la Biblioteca General y de Humanidades del Campus de Guajara. Se consideran usuarios todos los miembros de la Comunidad Universitaria y, en general cuantos, estando interesados en la consulta de sus&#8230;<\/p>\n","protected":false},"author":8,"featured_media":0,"parent":0,"menu_order":0,"comment_status":"closed","ping_status":"closed","template":"templates\/template-frontpage.php","meta":{"footnotes":""},"class_list":["post-42","page","type-page","status-publish","hentry"],"_links":{"self":[{"href":"https:\/\/www.ull.es\/eventos\/fondo-antiguo\/wp-json\/wp\/v2\/pages\/42"}],"collection":[{"href":"https:\/\/www.ull.es\/eventos\/fondo-antiguo\/wp-json\/wp\/v2\/pages"}],"about":[{"href":"https:\/\/www.ull.es\/eventos\/fondo-antiguo\/wp-json\/wp\/v2\/types\/page"}],"author":[{"embeddable":true,"href":"https:\/\/www.ull.es\/eventos\/fondo-antiguo\/wp-json\/wp\/v2\/users\/8"}],"replies":[{"embeddable":true,"href":"https:\/\/www.ull.es\/eventos\/fondo-antiguo\/wp-json\/wp\/v2\/comments?post=42"}],"version-history":[{"count":9,"href":"https:\/\/www.ull.es\/eventos\/fondo-antiguo\/wp-json\/wp\/v2\/pages\/42\/revisions"}],"predecessor-version":[{"id":1019,"href":"https:\/\/www.ull.es\/eventos\/fondo-antiguo\/wp-json\/wp\/v2\/pages\/42\/revisions\/1019"}],"wp:attachment":[{"href":"https:\/\/www.ull.es\/eventos\/fondo-antiguo\/wp-json\/wp\/v2\/media?parent=42"}],"curies":[{"name":"wp","href":"https:\/\/api.w.org\/{rel}","templated":true}]}}